{"id":11225,"date":"2022-09-22T12:40:12","date_gmt":"2022-09-22T10:40:12","guid":{"rendered":"https:\/\/cabol.eu\/produkte\/andere-hydraulische-und-elektrohydraulische-loesungen\/extractor\/"},"modified":"2025-08-07T11:46:27","modified_gmt":"2025-08-07T09:46:27","slug":"extractor","status":"publish","type":"page","link":"https:\/\/cabol.eu\/de\/produkte\/andere-hydraulische-und-elektrohydraulische-loesungen\/extractor\/","title":{"rendered":"Extractor"},"content":{"rendered":"\n<p>Der Extractor wurde entwickelt, um den Bediener bei Extraktionsarbeiten zu unterst\u00fctzen<\/p>\n\n\n\n<p>minderwertiges Pad\/Marke.<\/p>\n\n\n\n<p>Jede Art von Stromversorgung auf Anfrage.<\/p>\n\n\n\n<p>Die Verbindung zu den Hubzylindern erfolgt m\u00fchelos \u00fcber die Druckknopfleiste.<\/p>\n\n\n\n<p>Die R\u00fcckkehr in die Ausgangsposition wird \u00fcber das \u00d6lsteuerger\u00e4t gesteuert<\/p>\n\n\n\n<p>Druckknopfsteuerung oder manueller Verteiler, der den Vorgang beschleunigt.<\/p>\n","protected":false},"excerpt":{"rendered":"<p>Der Extractor wurde entwickelt, um den Bediener bei Extraktionsarbeiten zu unterst\u00fctzen minderwertiges Pad\/Marke. Jede Art von Stromversorgung auf Anfrage. Die Verbindung zu den Hubzylindern erfolgt m\u00fchelos \u00fcber die Druckknopfleiste. Die R\u00fcckkehr in die Ausgangsposition wird \u00fcber das \u00d6lsteuerger\u00e4t gesteuert Druckknopfsteuerung oder manueller Verteiler, der den Vorgang beschleunigt.<\/p>\n","protected":false},"author":1,"featured_media":11215,"parent":5410,"menu_order":0,"comment_status":"closed","ping_status":"closed","template":"","meta":{"_et_pb_use_builder":"off","_et_pb_old_content":"<!-- wp:paragraph -->\n<p>Extractor \u00e8 stato pensato per aiutare l\u2019operatore durante gli interventi di estrazione tampone\/marca inferiori.<br>Alimentato a batteria e quindi senza la necessit\u00e0 di cavi elettrici si collega ai cilindri di sollevamento e senza fatica si inizia l'estrazione.<br>Il ritorno alla posizione iniziale \u00e8 agevolato dalla aspirazione dell'olio tramite decompressione che facilita e velocizza l'operazione.<\/p>\n<!-- \/wp:paragraph -->\n\n<!-- wp:list -->\n<ul><li>Pressione di spinta 100 Bar<\/li><li>Vuoto di aspirazione -0,50 Bar<\/li><li>Alimentazione a batteria 12 Volt<\/li><li>Controllo pressione olio<\/li><li>Controllo carica batterie<\/li><li>Cavo per ricarica batterie<\/li><li>Peso complessivo Kg 15<\/li><\/ul>\n<!-- \/wp:list -->","_et_gb_content_width":""},"categories":[58,67],"tags":[],"acf":[],"yoast_head":"<!-- This site is optimized with the Yoast SEO plugin v18.5.1 - https:\/\/yoast.com\/wordpress\/plugins\/seo\/ -->\n<title>Extractor - Cabol<\/title>\n<meta name=\"description\" content=\"Der Extraktor wurde entwickelt, um den Bediener bei der Extraktion von Tupfern\/Markierungen zu unterst\u00fctzen.\" \/>\n<meta name=\"robots\" content=\"index, follow, max-snippet:-1, max-image-preview:large, max-video-preview:-1\" \/>\n<link rel=\"canonical\" href=\"https:\/\/cabol.eu\/de\/produkte\/andere-hydraulische-und-elektrohydraulische-loesungen\/extractor\/\" \/>\n<meta property=\"og:locale\" content=\"de_DE\" \/>\n<meta property=\"og:type\" content=\"article\" \/>\n<meta property=\"og:title\" content=\"Extractor - Cabol\" \/>\n<meta property=\"og:description\" content=\"Der Extraktor wurde entwickelt, um den Bediener bei der Extraktion von Tupfern\/Markierungen zu unterst\u00fctzen.\" \/>\n<meta property=\"og:url\" content=\"https:\/\/cabol.eu\/de\/produkte\/andere-hydraulische-und-elektrohydraulische-loesungen\/extractor\/\" \/>\n<meta property=\"og:site_name\" content=\"Cabol\" \/>\n<meta property=\"article:modified_time\" content=\"2025-08-07T09:46:27+00:00\" \/>\n<meta property=\"og:image\" content=\"https:\/\/cabol.eu\/wp-content\/uploads\/2024\/09\/Cabol_Extractor-2024_copertina.jpg\" \/>\n\t<meta property=\"og:image:width\" content=\"1200\" \/>\n\t<meta property=\"og:image:height\" content=\"800\" \/>\n\t<meta property=\"og:image:type\" content=\"image\/jpeg\" \/>\n<meta name=\"twitter:card\" content=\"summary_large_image\" \/>\n<meta name=\"twitter:label1\" content=\"Est. reading time\" \/>\n\t<meta name=\"twitter:data1\" content=\"1 minute\" \/>\n<script type=\"application\/ld+json\" class=\"yoast-schema-graph\">{\"@context\":\"https:\/\/schema.org\",\"@graph\":[{\"@type\":\"Organization\",\"@id\":\"https:\/\/cabol.eu\/#organization\",\"name\":\"Cabol\",\"url\":\"https:\/\/cabol.eu\/\",\"sameAs\":[\"https:\/\/www.instagram.com\/cabolfluidengineering?igsh=MTVjYXUyb2ttcXg3bw==&amp;utm_source=qr\",\"https:\/\/www.linkedin.com\/company\/cabol-fluid-engineering\/?viewAsMember=true\",\"https:\/\/www.youtube.com\/@cabolfluidengineering9499\"],\"logo\":{\"@type\":\"ImageObject\",\"@id\":\"https:\/\/cabol.eu\/#logo\",\"inLanguage\":\"de-DE\",\"url\":\"https:\/\/cabol.eu\/cabol2021\/wp-content\/uploads\/2021\/03\/logo-cabol.png\",\"contentUrl\":\"https:\/\/cabol.eu\/cabol2021\/wp-content\/uploads\/2021\/03\/logo-cabol.png\",\"width\":800,\"height\":280,\"caption\":\"Cabol\"},\"image\":{\"@id\":\"https:\/\/cabol.eu\/#logo\"}},{\"@type\":\"WebSite\",\"@id\":\"https:\/\/cabol.eu\/#website\",\"url\":\"https:\/\/cabol.eu\/\",\"name\":\"Cabol\",\"description\":\"Fluid Engineering\",\"publisher\":{\"@id\":\"https:\/\/cabol.eu\/#organization\"},\"potentialAction\":[{\"@type\":\"SearchAction\",\"target\":{\"@type\":\"EntryPoint\",\"urlTemplate\":\"https:\/\/cabol.eu\/?s={search_term_string}\"},\"query-input\":\"required name=search_term_string\"}],\"inLanguage\":\"de-DE\"},{\"@type\":\"ImageObject\",\"@id\":\"https:\/\/cabol.eu\/de\/produkte\/andere-hydraulische-und-elektrohydraulische-loesungen\/extractor\/#primaryimage\",\"inLanguage\":\"de-DE\",\"url\":\"https:\/\/cabol.eu\/wp-content\/uploads\/2024\/09\/Cabol_Extractor-2024_copertina.jpg\",\"contentUrl\":\"https:\/\/cabol.eu\/wp-content\/uploads\/2024\/09\/Cabol_Extractor-2024_copertina.jpg\",\"width\":1200,\"height\":800,\"caption\":\"Cabol Extractor\"},{\"@type\":\"WebPage\",\"@id\":\"https:\/\/cabol.eu\/de\/produkte\/andere-hydraulische-und-elektrohydraulische-loesungen\/extractor\/#webpage\",\"url\":\"https:\/\/cabol.eu\/de\/produkte\/andere-hydraulische-und-elektrohydraulische-loesungen\/extractor\/\",\"name\":\"Extractor - Cabol\",\"isPartOf\":{\"@id\":\"https:\/\/cabol.eu\/#website\"},\"primaryImageOfPage\":{\"@id\":\"https:\/\/cabol.eu\/de\/produkte\/andere-hydraulische-und-elektrohydraulische-loesungen\/extractor\/#primaryimage\"},\"datePublished\":\"2022-09-22T10:40:12+00:00\",\"dateModified\":\"2025-08-07T09:46:27+00:00\",\"description\":\"Der Extraktor wurde entwickelt, um den Bediener bei der Extraktion von Tupfern\/Markierungen zu unterst\u00fctzen.\",\"breadcrumb\":{\"@id\":\"https:\/\/cabol.eu\/de\/produkte\/andere-hydraulische-und-elektrohydraulische-loesungen\/extractor\/#breadcrumb\"},\"inLanguage\":\"de-DE\",\"potentialAction\":[{\"@type\":\"ReadAction\",\"target\":[\"https:\/\/cabol.eu\/de\/produkte\/andere-hydraulische-und-elektrohydraulische-loesungen\/extractor\/\"]}]},{\"@type\":\"BreadcrumbList\",\"@id\":\"https:\/\/cabol.eu\/de\/produkte\/andere-hydraulische-und-elektrohydraulische-loesungen\/extractor\/#breadcrumb\",\"itemListElement\":[{\"@type\":\"ListItem\",\"position\":1,\"name\":\"Home\",\"item\":\"https:\/\/cabol.eu\/de\/\"},{\"@type\":\"ListItem\",\"position\":2,\"name\":\"Produkte\",\"item\":\"https:\/\/cabol.eu\/de\/produkte\/\"},{\"@type\":\"ListItem\",\"position\":3,\"name\":\"Andere hydraulische und elektrohydraulische L\u00f6sungen\",\"item\":\"https:\/\/cabol.eu\/de\/produkte\/andere-hydraulische-und-elektrohydraulische-loesungen\/\"},{\"@type\":\"ListItem\",\"position\":4,\"name\":\"Extractor\"}]}]}<\/script>\n<!-- \/ Yoast SEO plugin. -->","yoast_head_json":{"title":"Extractor - Cabol","description":"Der Extraktor wurde entwickelt, um den Bediener bei der Extraktion von Tupfern\/Markierungen zu unterst\u00fctzen.","robots":{"index":"index","follow":"follow","max-snippet":"max-snippet:-1","max-image-preview":"max-image-preview:large","max-video-preview":"max-video-preview:-1"},"canonical":"https:\/\/cabol.eu\/de\/produkte\/andere-hydraulische-und-elektrohydraulische-loesungen\/extractor\/","og_locale":"de_DE","og_type":"article","og_title":"Extractor - Cabol","og_description":"Der Extraktor wurde entwickelt, um den Bediener bei der Extraktion von Tupfern\/Markierungen zu unterst\u00fctzen.","og_url":"https:\/\/cabol.eu\/de\/produkte\/andere-hydraulische-und-elektrohydraulische-loesungen\/extractor\/","og_site_name":"Cabol","article_modified_time":"2025-08-07T09:46:27+00:00","og_image":[{"width":1200,"height":800,"url":"https:\/\/cabol.eu\/wp-content\/uploads\/2024\/09\/Cabol_Extractor-2024_copertina.jpg","type":"image\/jpeg"}],"twitter_card":"summary_large_image","twitter_misc":{"Est. reading time":"1 minute"},"schema":{"@context":"https:\/\/schema.org","@graph":[{"@type":"Organization","@id":"https:\/\/cabol.eu\/#organization","name":"Cabol","url":"https:\/\/cabol.eu\/","sameAs":["https:\/\/www.instagram.com\/cabolfluidengineering?igsh=MTVjYXUyb2ttcXg3bw==&amp;utm_source=qr","https:\/\/www.linkedin.com\/company\/cabol-fluid-engineering\/?viewAsMember=true","https:\/\/www.youtube.com\/@cabolfluidengineering9499"],"logo":{"@type":"ImageObject","@id":"https:\/\/cabol.eu\/#logo","inLanguage":"de-DE","url":"https:\/\/cabol.eu\/cabol2021\/wp-content\/uploads\/2021\/03\/logo-cabol.png","contentUrl":"https:\/\/cabol.eu\/cabol2021\/wp-content\/uploads\/2021\/03\/logo-cabol.png","width":800,"height":280,"caption":"Cabol"},"image":{"@id":"https:\/\/cabol.eu\/#logo"}},{"@type":"WebSite","@id":"https:\/\/cabol.eu\/#website","url":"https:\/\/cabol.eu\/","name":"Cabol","description":"Fluid Engineering","publisher":{"@id":"https:\/\/cabol.eu\/#organization"},"potentialAction":[{"@type":"SearchAction","target":{"@type":"EntryPoint","urlTemplate":"https:\/\/cabol.eu\/?s={search_term_string}"},"query-input":"required name=search_term_string"}],"inLanguage":"de-DE"},{"@type":"ImageObject","@id":"https:\/\/cabol.eu\/de\/produkte\/andere-hydraulische-und-elektrohydraulische-loesungen\/extractor\/#primaryimage","inLanguage":"de-DE","url":"https:\/\/cabol.eu\/wp-content\/uploads\/2024\/09\/Cabol_Extractor-2024_copertina.jpg","contentUrl":"https:\/\/cabol.eu\/wp-content\/uploads\/2024\/09\/Cabol_Extractor-2024_copertina.jpg","width":1200,"height":800,"caption":"Cabol Extractor"},{"@type":"WebPage","@id":"https:\/\/cabol.eu\/de\/produkte\/andere-hydraulische-und-elektrohydraulische-loesungen\/extractor\/#webpage","url":"https:\/\/cabol.eu\/de\/produkte\/andere-hydraulische-und-elektrohydraulische-loesungen\/extractor\/","name":"Extractor - Cabol","isPartOf":{"@id":"https:\/\/cabol.eu\/#website"},"primaryImageOfPage":{"@id":"https:\/\/cabol.eu\/de\/produkte\/andere-hydraulische-und-elektrohydraulische-loesungen\/extractor\/#primaryimage"},"datePublished":"2022-09-22T10:40:12+00:00","dateModified":"2025-08-07T09:46:27+00:00","description":"Der Extraktor wurde entwickelt, um den Bediener bei der Extraktion von Tupfern\/Markierungen zu unterst\u00fctzen.","breadcrumb":{"@id":"https:\/\/cabol.eu\/de\/produkte\/andere-hydraulische-und-elektrohydraulische-loesungen\/extractor\/#breadcrumb"},"inLanguage":"de-DE","potentialAction":[{"@type":"ReadAction","target":["https:\/\/cabol.eu\/de\/produkte\/andere-hydraulische-und-elektrohydraulische-loesungen\/extractor\/"]}]},{"@type":"BreadcrumbList","@id":"https:\/\/cabol.eu\/de\/produkte\/andere-hydraulische-und-elektrohydraulische-loesungen\/extractor\/#breadcrumb","itemListElement":[{"@type":"ListItem","position":1,"name":"Home","item":"https:\/\/cabol.eu\/de\/"},{"@type":"ListItem","position":2,"name":"Produkte","item":"https:\/\/cabol.eu\/de\/produkte\/"},{"@type":"ListItem","position":3,"name":"Andere hydraulische und elektrohydraulische L\u00f6sungen","item":"https:\/\/cabol.eu\/de\/produkte\/andere-hydraulische-und-elektrohydraulische-loesungen\/"},{"@type":"ListItem","position":4,"name":"Extractor"}]}]}},"_links":{"self":[{"href":"https:\/\/cabol.eu\/de\/wp-json\/wp\/v2\/pages\/11225"}],"collection":[{"href":"https:\/\/cabol.eu\/de\/wp-json\/wp\/v2\/pages"}],"about":[{"href":"https:\/\/cabol.eu\/de\/wp-json\/wp\/v2\/types\/page"}],"author":[{"embeddable":true,"href":"https:\/\/cabol.eu\/de\/wp-json\/wp\/v2\/users\/1"}],"replies":[{"embeddable":true,"href":"https:\/\/cabol.eu\/de\/wp-json\/wp\/v2\/comments?post=11225"}],"version-history":[{"count":4,"href":"https:\/\/cabol.eu\/de\/wp-json\/wp\/v2\/pages\/11225\/revisions"}],"predecessor-version":[{"id":11236,"href":"https:\/\/cabol.eu\/de\/wp-json\/wp\/v2\/pages\/11225\/revisions\/11236"}],"up":[{"embeddable":true,"href":"https:\/\/cabol.eu\/de\/wp-json\/wp\/v2\/pages\/5410"}],"wp:featuredmedia":[{"embeddable":true,"href":"https:\/\/cabol.eu\/de\/wp-json\/wp\/v2\/media\/11215"}],"wp:attachment":[{"href":"https:\/\/cabol.eu\/de\/wp-json\/wp\/v2\/media?parent=11225"}],"wp:term":[{"taxonomy":"category","embeddable":true,"href":"https:\/\/cabol.eu\/de\/wp-json\/wp\/v2\/categories?post=11225"},{"taxonomy":"post_tag","embeddable":true,"href":"https:\/\/cabol.eu\/de\/wp-json\/wp\/v2\/tags?post=11225"}],"curies":[{"name":"wp","href":"https:\/\/api.w.org\/{rel}","templated":true}]}}