{"id":11600,"date":"2024-10-09T16:51:44","date_gmt":"2024-10-09T14:51:44","guid":{"rendered":"https:\/\/cabol.eu\/?page_id=11600"},"modified":"2025-08-07T12:54:28","modified_gmt":"2025-08-07T10:54:28","slug":"tu-tauchhydraulikzylinder-fuer-keramikformen-mit-unterer-matrizenbewegung","status":"publish","type":"page","link":"https:\/\/cabol.eu\/de\/produkte\/hydraulische-zylinder\/tu-tauchhydraulikzylinder-fuer-keramikformen-mit-unterer-matrizenbewegung\/","title":{"rendered":"TU \u2013 Tauchhydraulikzylinder f\u00fcr Keramikformen"},"content":{"rendered":"\n<p>Diese Hydraulikzylinder sind kompakt und leistungsf\u00e4hig unter Druck arbeiten bis 110 bar. Sie k\u00f6nnen integriert werden unteren Boden der Form. Das haben sie im Allgemeinen Rennen gehen von 10 mm bis 130 mm.<\/p>\n","protected":false},"excerpt":{"rendered":"<p>Diese Hydraulikzylinder sind kompakt und leistungsf\u00e4hig unter Druck arbeiten bis 110 bar. Sie k\u00f6nnen integriert werden unteren Boden der Form. Das haben sie im Allgemeinen Rennen gehen von 10 mm bis 130 mm.<\/p>\n","protected":false},"author":1,"featured_media":11376,"parent":2004,"menu_order":0,"comment_status":"closed","ping_status":"closed","template":"","meta":{"_et_pb_use_builder":"off","_et_pb_old_content":"","_et_gb_content_width":""},"categories":[58],"tags":[],"acf":[],"yoast_head":"<!-- This site is optimized with the Yoast SEO plugin v18.5.1 - https:\/\/yoast.com\/wordpress\/plugins\/seo\/ -->\n<title>TU \u2013 Tauchhydraulikzylinder f\u00fcr Keramikformen - Cabol<\/title>\n<meta name=\"description\" content=\"TU Kompakte Tauchzylinder f\u00fcr Keramikformen Cabol srl. Mit Betriebsdr\u00fccken bis zu 110 bar\" \/>\n<meta name=\"robots\" content=\"index, follow, max-snippet:-1, max-image-preview:large, max-video-preview:-1\" \/>\n<link rel=\"canonical\" href=\"https:\/\/cabol.eu\/de\/produkte\/hydraulische-zylinder\/tu-tauchhydraulikzylinder-fuer-keramikformen-mit-unterer-matrizenbewegung\/\" \/>\n<meta property=\"og:locale\" content=\"de_DE\" \/>\n<meta property=\"og:type\" content=\"article\" \/>\n<meta property=\"og:title\" content=\"TU \u2013 Tauchhydraulikzylinder f\u00fcr Keramikformen - Cabol\" \/>\n<meta property=\"og:description\" content=\"TU Kompakte Tauchzylinder f\u00fcr Keramikformen Cabol srl. Mit Betriebsdr\u00fccken bis zu 110 bar\" \/>\n<meta property=\"og:url\" content=\"https:\/\/cabol.eu\/de\/produkte\/hydraulische-zylinder\/tu-tauchhydraulikzylinder-fuer-keramikformen-mit-unterer-matrizenbewegung\/\" \/>\n<meta property=\"og:site_name\" content=\"Cabol\" \/>\n<meta property=\"article:modified_time\" content=\"2025-08-07T10:54:28+00:00\" \/>\n<meta property=\"og:image\" content=\"https:\/\/cabol.eu\/wp-content\/uploads\/2024\/10\/Cabol-Ceramica-2024_TU-Cilindri_Tuffanti.jpg\" \/>\n\t<meta property=\"og:image:width\" content=\"800\" \/>\n\t<meta property=\"og:image:height\" content=\"600\" \/>\n\t<meta property=\"og:image:type\" content=\"image\/jpeg\" \/>\n<meta name=\"twitter:card\" content=\"summary_large_image\" \/>\n<meta name=\"twitter:label1\" content=\"Est. reading time\" \/>\n\t<meta name=\"twitter:data1\" content=\"1 minute\" \/>\n<script type=\"application\/ld+json\" class=\"yoast-schema-graph\">{\"@context\":\"https:\/\/schema.org\",\"@graph\":[{\"@type\":\"Organization\",\"@id\":\"https:\/\/cabol.eu\/#organization\",\"name\":\"Cabol\",\"url\":\"https:\/\/cabol.eu\/\",\"sameAs\":[\"https:\/\/www.instagram.com\/cabolfluidengineering?igsh=MTVjYXUyb2ttcXg3bw==&amp;utm_source=qr\",\"https:\/\/www.linkedin.com\/company\/cabol-fluid-engineering\/?viewAsMember=true\",\"https:\/\/www.youtube.com\/@cabolfluidengineering9499\"],\"logo\":{\"@type\":\"ImageObject\",\"@id\":\"https:\/\/cabol.eu\/#logo\",\"inLanguage\":\"de-DE\",\"url\":\"https:\/\/cabol.eu\/cabol2021\/wp-content\/uploads\/2021\/03\/logo-cabol.png\",\"contentUrl\":\"https:\/\/cabol.eu\/cabol2021\/wp-content\/uploads\/2021\/03\/logo-cabol.png\",\"width\":800,\"height\":280,\"caption\":\"Cabol\"},\"image\":{\"@id\":\"https:\/\/cabol.eu\/#logo\"}},{\"@type\":\"WebSite\",\"@id\":\"https:\/\/cabol.eu\/#website\",\"url\":\"https:\/\/cabol.eu\/\",\"name\":\"Cabol\",\"description\":\"Fluid Engineering\",\"publisher\":{\"@id\":\"https:\/\/cabol.eu\/#organization\"},\"potentialAction\":[{\"@type\":\"SearchAction\",\"target\":{\"@type\":\"EntryPoint\",\"urlTemplate\":\"https:\/\/cabol.eu\/?s={search_term_string}\"},\"query-input\":\"required name=search_term_string\"}],\"inLanguage\":\"de-DE\"},{\"@type\":\"ImageObject\",\"@id\":\"https:\/\/cabol.eu\/de\/produkte\/hydraulische-zylinder\/tu-tauchhydraulikzylinder-fuer-keramikformen-mit-unterer-matrizenbewegung\/#primaryimage\",\"inLanguage\":\"de-DE\",\"url\":\"https:\/\/cabol.eu\/wp-content\/uploads\/2024\/10\/Cabol-Ceramica-2024_TU-Cilindri_Tuffanti.jpg\",\"contentUrl\":\"https:\/\/cabol.eu\/wp-content\/uploads\/2024\/10\/Cabol-Ceramica-2024_TU-Cilindri_Tuffanti.jpg\",\"width\":800,\"height\":600,\"caption\":\"TU cilindri idraulici tuffanti ceramica cabol srl\"},{\"@type\":\"WebPage\",\"@id\":\"https:\/\/cabol.eu\/de\/produkte\/hydraulische-zylinder\/tu-tauchhydraulikzylinder-fuer-keramikformen-mit-unterer-matrizenbewegung\/#webpage\",\"url\":\"https:\/\/cabol.eu\/de\/produkte\/hydraulische-zylinder\/tu-tauchhydraulikzylinder-fuer-keramikformen-mit-unterer-matrizenbewegung\/\",\"name\":\"TU \u2013 Tauchhydraulikzylinder f\u00fcr Keramikformen - Cabol\",\"isPartOf\":{\"@id\":\"https:\/\/cabol.eu\/#website\"},\"primaryImageOfPage\":{\"@id\":\"https:\/\/cabol.eu\/de\/produkte\/hydraulische-zylinder\/tu-tauchhydraulikzylinder-fuer-keramikformen-mit-unterer-matrizenbewegung\/#primaryimage\"},\"datePublished\":\"2024-10-09T14:51:44+00:00\",\"dateModified\":\"2025-08-07T10:54:28+00:00\",\"description\":\"TU Kompakte Tauchzylinder f\u00fcr Keramikformen Cabol srl. Mit Betriebsdr\u00fccken bis zu 110 bar\",\"breadcrumb\":{\"@id\":\"https:\/\/cabol.eu\/de\/produkte\/hydraulische-zylinder\/tu-tauchhydraulikzylinder-fuer-keramikformen-mit-unterer-matrizenbewegung\/#breadcrumb\"},\"inLanguage\":\"de-DE\",\"potentialAction\":[{\"@type\":\"ReadAction\",\"target\":[\"https:\/\/cabol.eu\/de\/produkte\/hydraulische-zylinder\/tu-tauchhydraulikzylinder-fuer-keramikformen-mit-unterer-matrizenbewegung\/\"]}]},{\"@type\":\"BreadcrumbList\",\"@id\":\"https:\/\/cabol.eu\/de\/produkte\/hydraulische-zylinder\/tu-tauchhydraulikzylinder-fuer-keramikformen-mit-unterer-matrizenbewegung\/#breadcrumb\",\"itemListElement\":[{\"@type\":\"ListItem\",\"position\":1,\"name\":\"Home\",\"item\":\"https:\/\/cabol.eu\/de\/\"},{\"@type\":\"ListItem\",\"position\":2,\"name\":\"Produkte\",\"item\":\"https:\/\/cabol.eu\/de\/produkte\/\"},{\"@type\":\"ListItem\",\"position\":3,\"name\":\"Hydraulische Zylinder\",\"item\":\"https:\/\/cabol.eu\/de\/produkte\/hydraulische-zylinder\/\"},{\"@type\":\"ListItem\",\"position\":4,\"name\":\"TU \u2013 Tauchhydraulikzylinder f\u00fcr Keramikformen\"}]}]}<\/script>\n<!-- \/ Yoast SEO plugin. -->","yoast_head_json":{"title":"TU \u2013 Tauchhydraulikzylinder f\u00fcr Keramikformen - Cabol","description":"TU Kompakte Tauchzylinder f\u00fcr Keramikformen Cabol srl. Mit Betriebsdr\u00fccken bis zu 110 bar","robots":{"index":"index","follow":"follow","max-snippet":"max-snippet:-1","max-image-preview":"max-image-preview:large","max-video-preview":"max-video-preview:-1"},"canonical":"https:\/\/cabol.eu\/de\/produkte\/hydraulische-zylinder\/tu-tauchhydraulikzylinder-fuer-keramikformen-mit-unterer-matrizenbewegung\/","og_locale":"de_DE","og_type":"article","og_title":"TU \u2013 Tauchhydraulikzylinder f\u00fcr Keramikformen - Cabol","og_description":"TU Kompakte Tauchzylinder f\u00fcr Keramikformen Cabol srl. Mit Betriebsdr\u00fccken bis zu 110 bar","og_url":"https:\/\/cabol.eu\/de\/produkte\/hydraulische-zylinder\/tu-tauchhydraulikzylinder-fuer-keramikformen-mit-unterer-matrizenbewegung\/","og_site_name":"Cabol","article_modified_time":"2025-08-07T10:54:28+00:00","og_image":[{"width":800,"height":600,"url":"https:\/\/cabol.eu\/wp-content\/uploads\/2024\/10\/Cabol-Ceramica-2024_TU-Cilindri_Tuffanti.jpg","type":"image\/jpeg"}],"twitter_card":"summary_large_image","twitter_misc":{"Est. reading time":"1 minute"},"schema":{"@context":"https:\/\/schema.org","@graph":[{"@type":"Organization","@id":"https:\/\/cabol.eu\/#organization","name":"Cabol","url":"https:\/\/cabol.eu\/","sameAs":["https:\/\/www.instagram.com\/cabolfluidengineering?igsh=MTVjYXUyb2ttcXg3bw==&amp;utm_source=qr","https:\/\/www.linkedin.com\/company\/cabol-fluid-engineering\/?viewAsMember=true","https:\/\/www.youtube.com\/@cabolfluidengineering9499"],"logo":{"@type":"ImageObject","@id":"https:\/\/cabol.eu\/#logo","inLanguage":"de-DE","url":"https:\/\/cabol.eu\/cabol2021\/wp-content\/uploads\/2021\/03\/logo-cabol.png","contentUrl":"https:\/\/cabol.eu\/cabol2021\/wp-content\/uploads\/2021\/03\/logo-cabol.png","width":800,"height":280,"caption":"Cabol"},"image":{"@id":"https:\/\/cabol.eu\/#logo"}},{"@type":"WebSite","@id":"https:\/\/cabol.eu\/#website","url":"https:\/\/cabol.eu\/","name":"Cabol","description":"Fluid Engineering","publisher":{"@id":"https:\/\/cabol.eu\/#organization"},"potentialAction":[{"@type":"SearchAction","target":{"@type":"EntryPoint","urlTemplate":"https:\/\/cabol.eu\/?s={search_term_string}"},"query-input":"required name=search_term_string"}],"inLanguage":"de-DE"},{"@type":"ImageObject","@id":"https:\/\/cabol.eu\/de\/produkte\/hydraulische-zylinder\/tu-tauchhydraulikzylinder-fuer-keramikformen-mit-unterer-matrizenbewegung\/#primaryimage","inLanguage":"de-DE","url":"https:\/\/cabol.eu\/wp-content\/uploads\/2024\/10\/Cabol-Ceramica-2024_TU-Cilindri_Tuffanti.jpg","contentUrl":"https:\/\/cabol.eu\/wp-content\/uploads\/2024\/10\/Cabol-Ceramica-2024_TU-Cilindri_Tuffanti.jpg","width":800,"height":600,"caption":"TU cilindri idraulici tuffanti ceramica cabol srl"},{"@type":"WebPage","@id":"https:\/\/cabol.eu\/de\/produkte\/hydraulische-zylinder\/tu-tauchhydraulikzylinder-fuer-keramikformen-mit-unterer-matrizenbewegung\/#webpage","url":"https:\/\/cabol.eu\/de\/produkte\/hydraulische-zylinder\/tu-tauchhydraulikzylinder-fuer-keramikformen-mit-unterer-matrizenbewegung\/","name":"TU \u2013 Tauchhydraulikzylinder f\u00fcr Keramikformen - Cabol","isPartOf":{"@id":"https:\/\/cabol.eu\/#website"},"primaryImageOfPage":{"@id":"https:\/\/cabol.eu\/de\/produkte\/hydraulische-zylinder\/tu-tauchhydraulikzylinder-fuer-keramikformen-mit-unterer-matrizenbewegung\/#primaryimage"},"datePublished":"2024-10-09T14:51:44+00:00","dateModified":"2025-08-07T10:54:28+00:00","description":"TU Kompakte Tauchzylinder f\u00fcr Keramikformen Cabol srl. Mit Betriebsdr\u00fccken bis zu 110 bar","breadcrumb":{"@id":"https:\/\/cabol.eu\/de\/produkte\/hydraulische-zylinder\/tu-tauchhydraulikzylinder-fuer-keramikformen-mit-unterer-matrizenbewegung\/#breadcrumb"},"inLanguage":"de-DE","potentialAction":[{"@type":"ReadAction","target":["https:\/\/cabol.eu\/de\/produkte\/hydraulische-zylinder\/tu-tauchhydraulikzylinder-fuer-keramikformen-mit-unterer-matrizenbewegung\/"]}]},{"@type":"BreadcrumbList","@id":"https:\/\/cabol.eu\/de\/produkte\/hydraulische-zylinder\/tu-tauchhydraulikzylinder-fuer-keramikformen-mit-unterer-matrizenbewegung\/#breadcrumb","itemListElement":[{"@type":"ListItem","position":1,"name":"Home","item":"https:\/\/cabol.eu\/de\/"},{"@type":"ListItem","position":2,"name":"Produkte","item":"https:\/\/cabol.eu\/de\/produkte\/"},{"@type":"ListItem","position":3,"name":"Hydraulische Zylinder","item":"https:\/\/cabol.eu\/de\/produkte\/hydraulische-zylinder\/"},{"@type":"ListItem","position":4,"name":"TU \u2013 Tauchhydraulikzylinder f\u00fcr Keramikformen"}]}]}},"_links":{"self":[{"href":"https:\/\/cabol.eu\/de\/wp-json\/wp\/v2\/pages\/11600"}],"collection":[{"href":"https:\/\/cabol.eu\/de\/wp-json\/wp\/v2\/pages"}],"about":[{"href":"https:\/\/cabol.eu\/de\/wp-json\/wp\/v2\/types\/page"}],"author":[{"embeddable":true,"href":"https:\/\/cabol.eu\/de\/wp-json\/wp\/v2\/users\/1"}],"replies":[{"embeddable":true,"href":"https:\/\/cabol.eu\/de\/wp-json\/wp\/v2\/comments?post=11600"}],"version-history":[{"count":2,"href":"https:\/\/cabol.eu\/de\/wp-json\/wp\/v2\/pages\/11600\/revisions"}],"predecessor-version":[{"id":11603,"href":"https:\/\/cabol.eu\/de\/wp-json\/wp\/v2\/pages\/11600\/revisions\/11603"}],"up":[{"embeddable":true,"href":"https:\/\/cabol.eu\/de\/wp-json\/wp\/v2\/pages\/2004"}],"wp:featuredmedia":[{"embeddable":true,"href":"https:\/\/cabol.eu\/de\/wp-json\/wp\/v2\/media\/11376"}],"wp:attachment":[{"href":"https:\/\/cabol.eu\/de\/wp-json\/wp\/v2\/media?parent=11600"}],"wp:term":[{"taxonomy":"category","embeddable":true,"href":"https:\/\/cabol.eu\/de\/wp-json\/wp\/v2\/categories?post=11600"},{"taxonomy":"post_tag","embeddable":true,"href":"https:\/\/cabol.eu\/de\/wp-json\/wp\/v2\/tags?post=11600"}],"curies":[{"name":"wp","href":"https:\/\/api.w.org\/{rel}","templated":true}]}}