{"id":11609,"date":"2024-10-09T17:16:29","date_gmt":"2024-10-09T15:16:29","guid":{"rendered":"https:\/\/cabol.eu\/?page_id=11609"},"modified":"2025-08-07T12:29:06","modified_gmt":"2025-08-07T10:29:06","slug":"tuserm-hydraulikzylinder-fuer-keramikformen-mit-federrueckzug-pad-auswerfer-oder-bewegung","status":"publish","type":"page","link":"https:\/\/cabol.eu\/de\/produkte\/hydraulische-zylinder\/tuserm-hydraulikzylinder-fuer-keramikformen-mit-federrueckzug-pad-auswerfer-oder-bewegung\/","title":{"rendered":"TUSERM \u2013 Hydraulikzylinder f\u00fcr Keramikformen"},"content":{"rendered":"\n<p>In Formen werden hydraulische Zylinder mit Federr\u00fcckstellung verwendet Keramik zum Bewegen des unteren Stempels. Verf\u00fcgbar in zwei Modelle mit Bohrungen von 50 und 70 mm und H\u00fcben von 65 bis 240 mm, Sie k\u00f6nnen bis zu 100 bar betrieben werden und sind integrierbar direkt in die Maschinenstruktur. <\/p>\n\n\n\n<p>Sie sind kompakt, arbeiten bis zu 100 bar und sind integrierbar direkt in die Maschinenstruktur. Sie sind in begrenzten R\u00e4umen unverzichtbar.<\/p>\n","protected":false},"excerpt":{"rendered":"<p>In Formen werden hydraulische Zylinder mit Federr\u00fcckstellung verwendet Keramik zum Bewegen des unteren Stempels. Verf\u00fcgbar in zwei Modelle mit Bohrungen von 50 und 70 mm und H\u00fcben von 65 bis 240 mm, Sie k\u00f6nnen bis zu 100 bar betrieben werden und sind integrierbar direkt in die Maschinenstruktur. Sie sind kompakt, arbeiten bis zu 100 bar [&hellip;]<\/p>\n","protected":false},"author":1,"featured_media":11392,"parent":2004,"menu_order":0,"comment_status":"closed","ping_status":"closed","template":"","meta":{"_et_pb_use_builder":"off","_et_pb_old_content":"","_et_gb_content_width":""},"categories":[58],"tags":[],"acf":[],"yoast_head":"<!-- This site is optimized with the Yoast SEO plugin v18.5.1 - https:\/\/yoast.com\/wordpress\/plugins\/seo\/ -->\n<title>TUSERM \u2013 Hydraulikzylinder f\u00fcr Keramikformen - Cabol<\/title>\n<meta name=\"description\" content=\"TUSERM Kompakte Hydraulikzylinder f\u00fcr Formen in der Keramikindustrie, mit Federr\u00fcckstellung zum Bewegen der unteren Matrize\" \/>\n<meta name=\"robots\" content=\"index, follow, max-snippet:-1, max-image-preview:large, max-video-preview:-1\" \/>\n<link rel=\"canonical\" href=\"https:\/\/cabol.eu\/de\/produkte\/hydraulische-zylinder\/tuserm-hydraulikzylinder-fuer-keramikformen-mit-federrueckzug-pad-auswerfer-oder-bewegung\/\" \/>\n<meta property=\"og:locale\" content=\"de_DE\" \/>\n<meta property=\"og:type\" content=\"article\" \/>\n<meta property=\"og:title\" content=\"TUSERM \u2013 Hydraulikzylinder f\u00fcr Keramikformen - Cabol\" \/>\n<meta property=\"og:description\" content=\"TUSERM Kompakte Hydraulikzylinder f\u00fcr Formen in der Keramikindustrie, mit Federr\u00fcckstellung zum Bewegen der unteren Matrize\" \/>\n<meta property=\"og:url\" content=\"https:\/\/cabol.eu\/de\/produkte\/hydraulische-zylinder\/tuserm-hydraulikzylinder-fuer-keramikformen-mit-federrueckzug-pad-auswerfer-oder-bewegung\/\" \/>\n<meta property=\"og:site_name\" content=\"Cabol\" \/>\n<meta property=\"article:modified_time\" content=\"2025-08-07T10:29:06+00:00\" \/>\n<meta property=\"og:image\" content=\"https:\/\/cabol.eu\/wp-content\/uploads\/2024\/10\/Cabol-Ceramica-2024_TUSERM-Cilindri_Idraulici_Stampi.jpg\" \/>\n\t<meta property=\"og:image:width\" content=\"800\" \/>\n\t<meta property=\"og:image:height\" content=\"600\" \/>\n\t<meta property=\"og:image:type\" content=\"image\/jpeg\" \/>\n<meta name=\"twitter:card\" content=\"summary_large_image\" \/>\n<meta name=\"twitter:label1\" content=\"Est. reading time\" \/>\n\t<meta name=\"twitter:data1\" content=\"1 minute\" \/>\n<script type=\"application\/ld+json\" class=\"yoast-schema-graph\">{\"@context\":\"https:\/\/schema.org\",\"@graph\":[{\"@type\":\"Organization\",\"@id\":\"https:\/\/cabol.eu\/#organization\",\"name\":\"Cabol\",\"url\":\"https:\/\/cabol.eu\/\",\"sameAs\":[\"https:\/\/www.instagram.com\/cabolfluidengineering?igsh=MTVjYXUyb2ttcXg3bw==&amp;utm_source=qr\",\"https:\/\/www.linkedin.com\/company\/cabol-fluid-engineering\/?viewAsMember=true\",\"https:\/\/www.youtube.com\/@cabolfluidengineering9499\"],\"logo\":{\"@type\":\"ImageObject\",\"@id\":\"https:\/\/cabol.eu\/#logo\",\"inLanguage\":\"de-DE\",\"url\":\"https:\/\/cabol.eu\/cabol2021\/wp-content\/uploads\/2021\/03\/logo-cabol.png\",\"contentUrl\":\"https:\/\/cabol.eu\/cabol2021\/wp-content\/uploads\/2021\/03\/logo-cabol.png\",\"width\":800,\"height\":280,\"caption\":\"Cabol\"},\"image\":{\"@id\":\"https:\/\/cabol.eu\/#logo\"}},{\"@type\":\"WebSite\",\"@id\":\"https:\/\/cabol.eu\/#website\",\"url\":\"https:\/\/cabol.eu\/\",\"name\":\"Cabol\",\"description\":\"Fluid Engineering\",\"publisher\":{\"@id\":\"https:\/\/cabol.eu\/#organization\"},\"potentialAction\":[{\"@type\":\"SearchAction\",\"target\":{\"@type\":\"EntryPoint\",\"urlTemplate\":\"https:\/\/cabol.eu\/?s={search_term_string}\"},\"query-input\":\"required name=search_term_string\"}],\"inLanguage\":\"de-DE\"},{\"@type\":\"ImageObject\",\"@id\":\"https:\/\/cabol.eu\/de\/produkte\/hydraulische-zylinder\/tuserm-hydraulikzylinder-fuer-keramikformen-mit-federrueckzug-pad-auswerfer-oder-bewegung\/#primaryimage\",\"inLanguage\":\"de-DE\",\"url\":\"https:\/\/cabol.eu\/wp-content\/uploads\/2024\/10\/Cabol-Ceramica-2024_TUSERM-Cilindri_Idraulici_Stampi.jpg\",\"contentUrl\":\"https:\/\/cabol.eu\/wp-content\/uploads\/2024\/10\/Cabol-Ceramica-2024_TUSERM-Cilindri_Idraulici_Stampi.jpg\",\"width\":800,\"height\":600,\"caption\":\"TUSERM cilindri idraulici stampi ceramica\"},{\"@type\":\"WebPage\",\"@id\":\"https:\/\/cabol.eu\/de\/produkte\/hydraulische-zylinder\/tuserm-hydraulikzylinder-fuer-keramikformen-mit-federrueckzug-pad-auswerfer-oder-bewegung\/#webpage\",\"url\":\"https:\/\/cabol.eu\/de\/produkte\/hydraulische-zylinder\/tuserm-hydraulikzylinder-fuer-keramikformen-mit-federrueckzug-pad-auswerfer-oder-bewegung\/\",\"name\":\"TUSERM \u2013 Hydraulikzylinder f\u00fcr Keramikformen - Cabol\",\"isPartOf\":{\"@id\":\"https:\/\/cabol.eu\/#website\"},\"primaryImageOfPage\":{\"@id\":\"https:\/\/cabol.eu\/de\/produkte\/hydraulische-zylinder\/tuserm-hydraulikzylinder-fuer-keramikformen-mit-federrueckzug-pad-auswerfer-oder-bewegung\/#primaryimage\"},\"datePublished\":\"2024-10-09T15:16:29+00:00\",\"dateModified\":\"2025-08-07T10:29:06+00:00\",\"description\":\"TUSERM Kompakte Hydraulikzylinder f\u00fcr Formen in der Keramikindustrie, mit Federr\u00fcckstellung zum Bewegen der unteren Matrize\",\"breadcrumb\":{\"@id\":\"https:\/\/cabol.eu\/de\/produkte\/hydraulische-zylinder\/tuserm-hydraulikzylinder-fuer-keramikformen-mit-federrueckzug-pad-auswerfer-oder-bewegung\/#breadcrumb\"},\"inLanguage\":\"de-DE\",\"potentialAction\":[{\"@type\":\"ReadAction\",\"target\":[\"https:\/\/cabol.eu\/de\/produkte\/hydraulische-zylinder\/tuserm-hydraulikzylinder-fuer-keramikformen-mit-federrueckzug-pad-auswerfer-oder-bewegung\/\"]}]},{\"@type\":\"BreadcrumbList\",\"@id\":\"https:\/\/cabol.eu\/de\/produkte\/hydraulische-zylinder\/tuserm-hydraulikzylinder-fuer-keramikformen-mit-federrueckzug-pad-auswerfer-oder-bewegung\/#breadcrumb\",\"itemListElement\":[{\"@type\":\"ListItem\",\"position\":1,\"name\":\"Home\",\"item\":\"https:\/\/cabol.eu\/de\/\"},{\"@type\":\"ListItem\",\"position\":2,\"name\":\"Produkte\",\"item\":\"https:\/\/cabol.eu\/de\/produkte\/\"},{\"@type\":\"ListItem\",\"position\":3,\"name\":\"Hydraulische Zylinder\",\"item\":\"https:\/\/cabol.eu\/de\/produkte\/hydraulische-zylinder\/\"},{\"@type\":\"ListItem\",\"position\":4,\"name\":\"TUSERM \u2013 Hydraulikzylinder f\u00fcr Keramikformen\"}]}]}<\/script>\n<!-- \/ Yoast SEO plugin. -->","yoast_head_json":{"title":"TUSERM \u2013 Hydraulikzylinder f\u00fcr Keramikformen - Cabol","description":"TUSERM Kompakte Hydraulikzylinder f\u00fcr Formen in der Keramikindustrie, mit Federr\u00fcckstellung zum Bewegen der unteren Matrize","robots":{"index":"index","follow":"follow","max-snippet":"max-snippet:-1","max-image-preview":"max-image-preview:large","max-video-preview":"max-video-preview:-1"},"canonical":"https:\/\/cabol.eu\/de\/produkte\/hydraulische-zylinder\/tuserm-hydraulikzylinder-fuer-keramikformen-mit-federrueckzug-pad-auswerfer-oder-bewegung\/","og_locale":"de_DE","og_type":"article","og_title":"TUSERM \u2013 Hydraulikzylinder f\u00fcr Keramikformen - Cabol","og_description":"TUSERM Kompakte Hydraulikzylinder f\u00fcr Formen in der Keramikindustrie, mit Federr\u00fcckstellung zum Bewegen der unteren Matrize","og_url":"https:\/\/cabol.eu\/de\/produkte\/hydraulische-zylinder\/tuserm-hydraulikzylinder-fuer-keramikformen-mit-federrueckzug-pad-auswerfer-oder-bewegung\/","og_site_name":"Cabol","article_modified_time":"2025-08-07T10:29:06+00:00","og_image":[{"width":800,"height":600,"url":"https:\/\/cabol.eu\/wp-content\/uploads\/2024\/10\/Cabol-Ceramica-2024_TUSERM-Cilindri_Idraulici_Stampi.jpg","type":"image\/jpeg"}],"twitter_card":"summary_large_image","twitter_misc":{"Est. reading time":"1 minute"},"schema":{"@context":"https:\/\/schema.org","@graph":[{"@type":"Organization","@id":"https:\/\/cabol.eu\/#organization","name":"Cabol","url":"https:\/\/cabol.eu\/","sameAs":["https:\/\/www.instagram.com\/cabolfluidengineering?igsh=MTVjYXUyb2ttcXg3bw==&amp;utm_source=qr","https:\/\/www.linkedin.com\/company\/cabol-fluid-engineering\/?viewAsMember=true","https:\/\/www.youtube.com\/@cabolfluidengineering9499"],"logo":{"@type":"ImageObject","@id":"https:\/\/cabol.eu\/#logo","inLanguage":"de-DE","url":"https:\/\/cabol.eu\/cabol2021\/wp-content\/uploads\/2021\/03\/logo-cabol.png","contentUrl":"https:\/\/cabol.eu\/cabol2021\/wp-content\/uploads\/2021\/03\/logo-cabol.png","width":800,"height":280,"caption":"Cabol"},"image":{"@id":"https:\/\/cabol.eu\/#logo"}},{"@type":"WebSite","@id":"https:\/\/cabol.eu\/#website","url":"https:\/\/cabol.eu\/","name":"Cabol","description":"Fluid Engineering","publisher":{"@id":"https:\/\/cabol.eu\/#organization"},"potentialAction":[{"@type":"SearchAction","target":{"@type":"EntryPoint","urlTemplate":"https:\/\/cabol.eu\/?s={search_term_string}"},"query-input":"required name=search_term_string"}],"inLanguage":"de-DE"},{"@type":"ImageObject","@id":"https:\/\/cabol.eu\/de\/produkte\/hydraulische-zylinder\/tuserm-hydraulikzylinder-fuer-keramikformen-mit-federrueckzug-pad-auswerfer-oder-bewegung\/#primaryimage","inLanguage":"de-DE","url":"https:\/\/cabol.eu\/wp-content\/uploads\/2024\/10\/Cabol-Ceramica-2024_TUSERM-Cilindri_Idraulici_Stampi.jpg","contentUrl":"https:\/\/cabol.eu\/wp-content\/uploads\/2024\/10\/Cabol-Ceramica-2024_TUSERM-Cilindri_Idraulici_Stampi.jpg","width":800,"height":600,"caption":"TUSERM cilindri idraulici stampi ceramica"},{"@type":"WebPage","@id":"https:\/\/cabol.eu\/de\/produkte\/hydraulische-zylinder\/tuserm-hydraulikzylinder-fuer-keramikformen-mit-federrueckzug-pad-auswerfer-oder-bewegung\/#webpage","url":"https:\/\/cabol.eu\/de\/produkte\/hydraulische-zylinder\/tuserm-hydraulikzylinder-fuer-keramikformen-mit-federrueckzug-pad-auswerfer-oder-bewegung\/","name":"TUSERM \u2013 Hydraulikzylinder f\u00fcr Keramikformen - Cabol","isPartOf":{"@id":"https:\/\/cabol.eu\/#website"},"primaryImageOfPage":{"@id":"https:\/\/cabol.eu\/de\/produkte\/hydraulische-zylinder\/tuserm-hydraulikzylinder-fuer-keramikformen-mit-federrueckzug-pad-auswerfer-oder-bewegung\/#primaryimage"},"datePublished":"2024-10-09T15:16:29+00:00","dateModified":"2025-08-07T10:29:06+00:00","description":"TUSERM Kompakte Hydraulikzylinder f\u00fcr Formen in der Keramikindustrie, mit Federr\u00fcckstellung zum Bewegen der unteren Matrize","breadcrumb":{"@id":"https:\/\/cabol.eu\/de\/produkte\/hydraulische-zylinder\/tuserm-hydraulikzylinder-fuer-keramikformen-mit-federrueckzug-pad-auswerfer-oder-bewegung\/#breadcrumb"},"inLanguage":"de-DE","potentialAction":[{"@type":"ReadAction","target":["https:\/\/cabol.eu\/de\/produkte\/hydraulische-zylinder\/tuserm-hydraulikzylinder-fuer-keramikformen-mit-federrueckzug-pad-auswerfer-oder-bewegung\/"]}]},{"@type":"BreadcrumbList","@id":"https:\/\/cabol.eu\/de\/produkte\/hydraulische-zylinder\/tuserm-hydraulikzylinder-fuer-keramikformen-mit-federrueckzug-pad-auswerfer-oder-bewegung\/#breadcrumb","itemListElement":[{"@type":"ListItem","position":1,"name":"Home","item":"https:\/\/cabol.eu\/de\/"},{"@type":"ListItem","position":2,"name":"Produkte","item":"https:\/\/cabol.eu\/de\/produkte\/"},{"@type":"ListItem","position":3,"name":"Hydraulische Zylinder","item":"https:\/\/cabol.eu\/de\/produkte\/hydraulische-zylinder\/"},{"@type":"ListItem","position":4,"name":"TUSERM \u2013 Hydraulikzylinder f\u00fcr Keramikformen"}]}]}},"_links":{"self":[{"href":"https:\/\/cabol.eu\/de\/wp-json\/wp\/v2\/pages\/11609"}],"collection":[{"href":"https:\/\/cabol.eu\/de\/wp-json\/wp\/v2\/pages"}],"about":[{"href":"https:\/\/cabol.eu\/de\/wp-json\/wp\/v2\/types\/page"}],"author":[{"embeddable":true,"href":"https:\/\/cabol.eu\/de\/wp-json\/wp\/v2\/users\/1"}],"replies":[{"embeddable":true,"href":"https:\/\/cabol.eu\/de\/wp-json\/wp\/v2\/comments?post=11609"}],"version-history":[{"count":2,"href":"https:\/\/cabol.eu\/de\/wp-json\/wp\/v2\/pages\/11609\/revisions"}],"predecessor-version":[{"id":11612,"href":"https:\/\/cabol.eu\/de\/wp-json\/wp\/v2\/pages\/11609\/revisions\/11612"}],"up":[{"embeddable":true,"href":"https:\/\/cabol.eu\/de\/wp-json\/wp\/v2\/pages\/2004"}],"wp:featuredmedia":[{"embeddable":true,"href":"https:\/\/cabol.eu\/de\/wp-json\/wp\/v2\/media\/11392"}],"wp:attachment":[{"href":"https:\/\/cabol.eu\/de\/wp-json\/wp\/v2\/media?parent=11609"}],"wp:term":[{"taxonomy":"category","embeddable":true,"href":"https:\/\/cabol.eu\/de\/wp-json\/wp\/v2\/categories?post=11609"},{"taxonomy":"post_tag","embeddable":true,"href":"https:\/\/cabol.eu\/de\/wp-json\/wp\/v2\/tags?post=11609"}],"curies":[{"name":"wp","href":"https:\/\/api.w.org\/{rel}","templated":true}]}}