{"id":11633,"date":"2024-10-09T17:47:20","date_gmt":"2024-10-09T15:47:20","guid":{"rendered":"https:\/\/cabol.eu\/?page_id=11633"},"modified":"2025-08-07T16:01:43","modified_gmt":"2025-08-07T14:01:43","slug":"dermas-doppeltwirkende-hydraulikzylinder-fuer-keramikformen-mit-bewegung-der-unteren-matrize","status":"publish","type":"page","link":"https:\/\/cabol.eu\/de\/produkte\/hydraulische-zylinder\/dermas-doppeltwirkende-hydraulikzylinder-fuer-keramikformen-mit-bewegung-der-unteren-matrize\/","title":{"rendered":"DERMAS \u2013 Doppeltwirkende Hydraulikzylinder"},"content":{"rendered":"\n<p>Dabei kommen doppelt wirkende Hydraulikzylinder zum Einsatz in den Pressformen der keramischen Industrie f\u00fcr untere Matrizenbewegung \u00fcber Verbindung internes Hydrauliksystem an der Basis der Form.<br><\/p>\n\n\n\n<p>Arbeitsdruck: 110 bar<br><\/p>\n\n\n\n<p>Bohrung: 50 mm<br><\/p>\n\n\n\n<p>H\u00fcbe bis 65 mm<\/p>\n","protected":false},"excerpt":{"rendered":"<p>Dabei kommen doppelt wirkende Hydraulikzylinder zum Einsatz in den Pressformen der keramischen Industrie f\u00fcr untere Matrizenbewegung \u00fcber Verbindung internes Hydrauliksystem an der Basis der Form. Arbeitsdruck: 110 bar Bohrung: 50 mm H\u00fcbe bis 65 mm<\/p>\n","protected":false},"author":1,"featured_media":11565,"parent":2004,"menu_order":0,"comment_status":"closed","ping_status":"closed","template":"","meta":{"_et_pb_use_builder":"off","_et_pb_old_content":"","_et_gb_content_width":""},"categories":[58],"tags":[],"acf":[],"yoast_head":"<!-- This site is optimized with the Yoast SEO plugin v18.5.1 - https:\/\/yoast.com\/wordpress\/plugins\/seo\/ -->\n<title>DERMAS \u2013 Doppeltwirkende Hydraulikzylinder - Cabol<\/title>\n<meta name=\"description\" content=\"Doppeltwirkende Hydraulikzylinder DERMAS von Cabol srl f\u00fcr die Bewegung der unteren Matrizen von Pressformen f\u00fcr Keramik\" \/>\n<meta name=\"robots\" content=\"index, follow, max-snippet:-1, max-image-preview:large, max-video-preview:-1\" \/>\n<link rel=\"canonical\" href=\"https:\/\/cabol.eu\/de\/produkte\/hydraulische-zylinder\/dermas-doppeltwirkende-hydraulikzylinder-fuer-keramikformen-mit-bewegung-der-unteren-matrize\/\" \/>\n<meta property=\"og:locale\" content=\"de_DE\" \/>\n<meta property=\"og:type\" content=\"article\" \/>\n<meta property=\"og:title\" content=\"DERMAS \u2013 Doppeltwirkende Hydraulikzylinder - Cabol\" \/>\n<meta property=\"og:description\" content=\"Doppeltwirkende Hydraulikzylinder DERMAS von Cabol srl f\u00fcr die Bewegung der unteren Matrizen von Pressformen f\u00fcr Keramik\" \/>\n<meta property=\"og:url\" content=\"https:\/\/cabol.eu\/de\/produkte\/hydraulische-zylinder\/dermas-doppeltwirkende-hydraulikzylinder-fuer-keramikformen-mit-bewegung-der-unteren-matrize\/\" \/>\n<meta property=\"og:site_name\" content=\"Cabol\" \/>\n<meta property=\"article:modified_time\" content=\"2025-08-07T14:01:43+00:00\" \/>\n<meta property=\"og:image\" content=\"https:\/\/cabol.eu\/wp-content\/uploads\/2024\/10\/Cabol-Ceramica-2024_DERMAS-Cilindri_idraulici-Doppio-Effetto.jpg\" \/>\n\t<meta property=\"og:image:width\" content=\"800\" \/>\n\t<meta property=\"og:image:height\" content=\"600\" \/>\n\t<meta property=\"og:image:type\" content=\"image\/jpeg\" \/>\n<meta name=\"twitter:card\" content=\"summary_large_image\" \/>\n<meta name=\"twitter:label1\" content=\"Est. reading time\" \/>\n\t<meta name=\"twitter:data1\" content=\"1 minute\" \/>\n<script type=\"application\/ld+json\" class=\"yoast-schema-graph\">{\"@context\":\"https:\/\/schema.org\",\"@graph\":[{\"@type\":\"Organization\",\"@id\":\"https:\/\/cabol.eu\/#organization\",\"name\":\"Cabol\",\"url\":\"https:\/\/cabol.eu\/\",\"sameAs\":[\"https:\/\/www.instagram.com\/cabolfluidengineering?igsh=MTVjYXUyb2ttcXg3bw==&amp;utm_source=qr\",\"https:\/\/www.linkedin.com\/company\/cabol-fluid-engineering\/?viewAsMember=true\",\"https:\/\/www.youtube.com\/@cabolfluidengineering9499\"],\"logo\":{\"@type\":\"ImageObject\",\"@id\":\"https:\/\/cabol.eu\/#logo\",\"inLanguage\":\"de-DE\",\"url\":\"https:\/\/cabol.eu\/cabol2021\/wp-content\/uploads\/2021\/03\/logo-cabol.png\",\"contentUrl\":\"https:\/\/cabol.eu\/cabol2021\/wp-content\/uploads\/2021\/03\/logo-cabol.png\",\"width\":800,\"height\":280,\"caption\":\"Cabol\"},\"image\":{\"@id\":\"https:\/\/cabol.eu\/#logo\"}},{\"@type\":\"WebSite\",\"@id\":\"https:\/\/cabol.eu\/#website\",\"url\":\"https:\/\/cabol.eu\/\",\"name\":\"Cabol\",\"description\":\"Fluid Engineering\",\"publisher\":{\"@id\":\"https:\/\/cabol.eu\/#organization\"},\"potentialAction\":[{\"@type\":\"SearchAction\",\"target\":{\"@type\":\"EntryPoint\",\"urlTemplate\":\"https:\/\/cabol.eu\/?s={search_term_string}\"},\"query-input\":\"required name=search_term_string\"}],\"inLanguage\":\"de-DE\"},{\"@type\":\"ImageObject\",\"@id\":\"https:\/\/cabol.eu\/de\/produkte\/hydraulische-zylinder\/dermas-doppeltwirkende-hydraulikzylinder-fuer-keramikformen-mit-bewegung-der-unteren-matrize\/#primaryimage\",\"inLanguage\":\"de-DE\",\"url\":\"https:\/\/cabol.eu\/wp-content\/uploads\/2024\/10\/Cabol-Ceramica-2024_DERMAS-Cilindri_idraulici-Doppio-Effetto.jpg\",\"contentUrl\":\"https:\/\/cabol.eu\/wp-content\/uploads\/2024\/10\/Cabol-Ceramica-2024_DERMAS-Cilindri_idraulici-Doppio-Effetto.jpg\",\"width\":800,\"height\":600,\"caption\":\"Cilindri idraulici doppio effetto Cabol srl\"},{\"@type\":\"WebPage\",\"@id\":\"https:\/\/cabol.eu\/de\/produkte\/hydraulische-zylinder\/dermas-doppeltwirkende-hydraulikzylinder-fuer-keramikformen-mit-bewegung-der-unteren-matrize\/#webpage\",\"url\":\"https:\/\/cabol.eu\/de\/produkte\/hydraulische-zylinder\/dermas-doppeltwirkende-hydraulikzylinder-fuer-keramikformen-mit-bewegung-der-unteren-matrize\/\",\"name\":\"DERMAS \u2013 Doppeltwirkende Hydraulikzylinder - Cabol\",\"isPartOf\":{\"@id\":\"https:\/\/cabol.eu\/#website\"},\"primaryImageOfPage\":{\"@id\":\"https:\/\/cabol.eu\/de\/produkte\/hydraulische-zylinder\/dermas-doppeltwirkende-hydraulikzylinder-fuer-keramikformen-mit-bewegung-der-unteren-matrize\/#primaryimage\"},\"datePublished\":\"2024-10-09T15:47:20+00:00\",\"dateModified\":\"2025-08-07T14:01:43+00:00\",\"description\":\"Doppeltwirkende Hydraulikzylinder DERMAS von Cabol srl f\u00fcr die Bewegung der unteren Matrizen von Pressformen f\u00fcr Keramik\",\"breadcrumb\":{\"@id\":\"https:\/\/cabol.eu\/de\/produkte\/hydraulische-zylinder\/dermas-doppeltwirkende-hydraulikzylinder-fuer-keramikformen-mit-bewegung-der-unteren-matrize\/#breadcrumb\"},\"inLanguage\":\"de-DE\",\"potentialAction\":[{\"@type\":\"ReadAction\",\"target\":[\"https:\/\/cabol.eu\/de\/produkte\/hydraulische-zylinder\/dermas-doppeltwirkende-hydraulikzylinder-fuer-keramikformen-mit-bewegung-der-unteren-matrize\/\"]}]},{\"@type\":\"BreadcrumbList\",\"@id\":\"https:\/\/cabol.eu\/de\/produkte\/hydraulische-zylinder\/dermas-doppeltwirkende-hydraulikzylinder-fuer-keramikformen-mit-bewegung-der-unteren-matrize\/#breadcrumb\",\"itemListElement\":[{\"@type\":\"ListItem\",\"position\":1,\"name\":\"Home\",\"item\":\"https:\/\/cabol.eu\/de\/\"},{\"@type\":\"ListItem\",\"position\":2,\"name\":\"Produkte\",\"item\":\"https:\/\/cabol.eu\/de\/produkte\/\"},{\"@type\":\"ListItem\",\"position\":3,\"name\":\"Hydraulische Zylinder\",\"item\":\"https:\/\/cabol.eu\/de\/produkte\/hydraulische-zylinder\/\"},{\"@type\":\"ListItem\",\"position\":4,\"name\":\"DERMAS \u2013 Doppeltwirkende Hydraulikzylinder\"}]}]}<\/script>\n<!-- \/ Yoast SEO plugin. -->","yoast_head_json":{"title":"DERMAS \u2013 Doppeltwirkende Hydraulikzylinder - Cabol","description":"Doppeltwirkende Hydraulikzylinder DERMAS von Cabol srl f\u00fcr die Bewegung der unteren Matrizen von Pressformen f\u00fcr Keramik","robots":{"index":"index","follow":"follow","max-snippet":"max-snippet:-1","max-image-preview":"max-image-preview:large","max-video-preview":"max-video-preview:-1"},"canonical":"https:\/\/cabol.eu\/de\/produkte\/hydraulische-zylinder\/dermas-doppeltwirkende-hydraulikzylinder-fuer-keramikformen-mit-bewegung-der-unteren-matrize\/","og_locale":"de_DE","og_type":"article","og_title":"DERMAS \u2013 Doppeltwirkende Hydraulikzylinder - Cabol","og_description":"Doppeltwirkende Hydraulikzylinder DERMAS von Cabol srl f\u00fcr die Bewegung der unteren Matrizen von Pressformen f\u00fcr Keramik","og_url":"https:\/\/cabol.eu\/de\/produkte\/hydraulische-zylinder\/dermas-doppeltwirkende-hydraulikzylinder-fuer-keramikformen-mit-bewegung-der-unteren-matrize\/","og_site_name":"Cabol","article_modified_time":"2025-08-07T14:01:43+00:00","og_image":[{"width":800,"height":600,"url":"https:\/\/cabol.eu\/wp-content\/uploads\/2024\/10\/Cabol-Ceramica-2024_DERMAS-Cilindri_idraulici-Doppio-Effetto.jpg","type":"image\/jpeg"}],"twitter_card":"summary_large_image","twitter_misc":{"Est. reading time":"1 minute"},"schema":{"@context":"https:\/\/schema.org","@graph":[{"@type":"Organization","@id":"https:\/\/cabol.eu\/#organization","name":"Cabol","url":"https:\/\/cabol.eu\/","sameAs":["https:\/\/www.instagram.com\/cabolfluidengineering?igsh=MTVjYXUyb2ttcXg3bw==&amp;utm_source=qr","https:\/\/www.linkedin.com\/company\/cabol-fluid-engineering\/?viewAsMember=true","https:\/\/www.youtube.com\/@cabolfluidengineering9499"],"logo":{"@type":"ImageObject","@id":"https:\/\/cabol.eu\/#logo","inLanguage":"de-DE","url":"https:\/\/cabol.eu\/cabol2021\/wp-content\/uploads\/2021\/03\/logo-cabol.png","contentUrl":"https:\/\/cabol.eu\/cabol2021\/wp-content\/uploads\/2021\/03\/logo-cabol.png","width":800,"height":280,"caption":"Cabol"},"image":{"@id":"https:\/\/cabol.eu\/#logo"}},{"@type":"WebSite","@id":"https:\/\/cabol.eu\/#website","url":"https:\/\/cabol.eu\/","name":"Cabol","description":"Fluid Engineering","publisher":{"@id":"https:\/\/cabol.eu\/#organization"},"potentialAction":[{"@type":"SearchAction","target":{"@type":"EntryPoint","urlTemplate":"https:\/\/cabol.eu\/?s={search_term_string}"},"query-input":"required name=search_term_string"}],"inLanguage":"de-DE"},{"@type":"ImageObject","@id":"https:\/\/cabol.eu\/de\/produkte\/hydraulische-zylinder\/dermas-doppeltwirkende-hydraulikzylinder-fuer-keramikformen-mit-bewegung-der-unteren-matrize\/#primaryimage","inLanguage":"de-DE","url":"https:\/\/cabol.eu\/wp-content\/uploads\/2024\/10\/Cabol-Ceramica-2024_DERMAS-Cilindri_idraulici-Doppio-Effetto.jpg","contentUrl":"https:\/\/cabol.eu\/wp-content\/uploads\/2024\/10\/Cabol-Ceramica-2024_DERMAS-Cilindri_idraulici-Doppio-Effetto.jpg","width":800,"height":600,"caption":"Cilindri idraulici doppio effetto Cabol srl"},{"@type":"WebPage","@id":"https:\/\/cabol.eu\/de\/produkte\/hydraulische-zylinder\/dermas-doppeltwirkende-hydraulikzylinder-fuer-keramikformen-mit-bewegung-der-unteren-matrize\/#webpage","url":"https:\/\/cabol.eu\/de\/produkte\/hydraulische-zylinder\/dermas-doppeltwirkende-hydraulikzylinder-fuer-keramikformen-mit-bewegung-der-unteren-matrize\/","name":"DERMAS \u2013 Doppeltwirkende Hydraulikzylinder - Cabol","isPartOf":{"@id":"https:\/\/cabol.eu\/#website"},"primaryImageOfPage":{"@id":"https:\/\/cabol.eu\/de\/produkte\/hydraulische-zylinder\/dermas-doppeltwirkende-hydraulikzylinder-fuer-keramikformen-mit-bewegung-der-unteren-matrize\/#primaryimage"},"datePublished":"2024-10-09T15:47:20+00:00","dateModified":"2025-08-07T14:01:43+00:00","description":"Doppeltwirkende Hydraulikzylinder DERMAS von Cabol srl f\u00fcr die Bewegung der unteren Matrizen von Pressformen f\u00fcr Keramik","breadcrumb":{"@id":"https:\/\/cabol.eu\/de\/produkte\/hydraulische-zylinder\/dermas-doppeltwirkende-hydraulikzylinder-fuer-keramikformen-mit-bewegung-der-unteren-matrize\/#breadcrumb"},"inLanguage":"de-DE","potentialAction":[{"@type":"ReadAction","target":["https:\/\/cabol.eu\/de\/produkte\/hydraulische-zylinder\/dermas-doppeltwirkende-hydraulikzylinder-fuer-keramikformen-mit-bewegung-der-unteren-matrize\/"]}]},{"@type":"BreadcrumbList","@id":"https:\/\/cabol.eu\/de\/produkte\/hydraulische-zylinder\/dermas-doppeltwirkende-hydraulikzylinder-fuer-keramikformen-mit-bewegung-der-unteren-matrize\/#breadcrumb","itemListElement":[{"@type":"ListItem","position":1,"name":"Home","item":"https:\/\/cabol.eu\/de\/"},{"@type":"ListItem","position":2,"name":"Produkte","item":"https:\/\/cabol.eu\/de\/produkte\/"},{"@type":"ListItem","position":3,"name":"Hydraulische Zylinder","item":"https:\/\/cabol.eu\/de\/produkte\/hydraulische-zylinder\/"},{"@type":"ListItem","position":4,"name":"DERMAS \u2013 Doppeltwirkende Hydraulikzylinder"}]}]}},"_links":{"self":[{"href":"https:\/\/cabol.eu\/de\/wp-json\/wp\/v2\/pages\/11633"}],"collection":[{"href":"https:\/\/cabol.eu\/de\/wp-json\/wp\/v2\/pages"}],"about":[{"href":"https:\/\/cabol.eu\/de\/wp-json\/wp\/v2\/types\/page"}],"author":[{"embeddable":true,"href":"https:\/\/cabol.eu\/de\/wp-json\/wp\/v2\/users\/1"}],"replies":[{"embeddable":true,"href":"https:\/\/cabol.eu\/de\/wp-json\/wp\/v2\/comments?post=11633"}],"version-history":[{"count":2,"href":"https:\/\/cabol.eu\/de\/wp-json\/wp\/v2\/pages\/11633\/revisions"}],"predecessor-version":[{"id":11636,"href":"https:\/\/cabol.eu\/de\/wp-json\/wp\/v2\/pages\/11633\/revisions\/11636"}],"up":[{"embeddable":true,"href":"https:\/\/cabol.eu\/de\/wp-json\/wp\/v2\/pages\/2004"}],"wp:featuredmedia":[{"embeddable":true,"href":"https:\/\/cabol.eu\/de\/wp-json\/wp\/v2\/media\/11565"}],"wp:attachment":[{"href":"https:\/\/cabol.eu\/de\/wp-json\/wp\/v2\/media?parent=11633"}],"wp:term":[{"taxonomy":"category","embeddable":true,"href":"https:\/\/cabol.eu\/de\/wp-json\/wp\/v2\/categories?post=11633"},{"taxonomy":"post_tag","embeddable":true,"href":"https:\/\/cabol.eu\/de\/wp-json\/wp\/v2\/tags?post=11633"}],"curies":[{"name":"wp","href":"https:\/\/api.w.org\/{rel}","templated":true}]}}