{"id":1632,"date":"2021-12-17T08:42:42","date_gmt":"2021-12-17T07:42:42","guid":{"rendered":"https:\/\/cabol.eu\/das-unternehmen\/"},"modified":"2023-01-04T12:23:12","modified_gmt":"2023-01-04T11:23:12","slug":"das-unternehmen","status":"publish","type":"page","link":"https:\/\/cabol.eu\/de\/das-unternehmen\/","title":{"rendered":"Das Unternehmen"},"content":{"rendered":"        <div class=\"wp-block-getwid-custom-post-type custom-post-type-page has-layout-grid has-spacing-medium\">\n            <div class=\"wp-block-getwid-custom-post-type__wrapper getwid-columns getwid-columns-3\">\n                \t\t\t\t\t\t\t\t<div class='wp-block-getwid-custom-post-type__post'>\n\t\t\t\t\t\t\t\t\t\r\n<div class=\"wp-block-getwid-custom-post-type__post-wrapper\">\r\n            <div class=\"wp-block-getwid-custom-post-type__post-thumbnail\">\r\n            <a href=\"https:\/\/cabol.eu\/de\/das-unternehmen\/wer-wir-sind\/\"><img width=\"1200\" height=\"800\" src=\"https:\/\/cabol.eu\/wp-content\/uploads\/2021\/10\/banner-azienda-chi-siamo.jpg\" class=\"attachment-post-thumbnail size-post-thumbnail wp-post-image\" alt=\"\" loading=\"lazy\" srcset=\"https:\/\/cabol.eu\/wp-content\/uploads\/2021\/10\/banner-azienda-chi-siamo.jpg 1200w, https:\/\/cabol.eu\/wp-content\/uploads\/2021\/10\/banner-azienda-chi-siamo-980x653.jpg 980w, https:\/\/cabol.eu\/wp-content\/uploads\/2021\/10\/banner-azienda-chi-siamo-480x320.jpg 480w\" sizes=\"(min-width: 0px) and (max-width: 480px) 480px, (min-width: 481px) and (max-width: 980px) 980px, (min-width: 981px) 1200px, 100vw\" \/><\/a>\r\n        <\/div>\r\n        <div class=\"wp-block-getwid-custom-post-type__content-wrapper\">\r\n        <div class=\"wp-block-getwid-custom-post-type__post-header\">\r\n            <h3 class=\"wp-block-getwid-custom-post-type__post-title\"><a href=\"https:\/\/cabol.eu\/de\/das-unternehmen\/wer-wir-sind\/\">Wer wir sind<\/a><\/h3>        <\/div>\r\n        <div class=\"wp-block-getwid-custom-post-type__post-excerpt \"><p>Gegr\u00fcndet in Modena Auf dem Gebiet der Mechanik hat sich Modena weltweit einen Namen gemacht. Denn die Mechanik ist fest im Herzen und im Geist der Modeneser verankert.Mechanik ist mehr als nur Arbeit, mehr als nur eine Leidenschaft. Und es ist kein Zufall, dass Cabol genau in Modena gegr\u00fcndet wurde und sich zu einem f\u00fchrenden [&hellip;]<\/p>\n<\/div>\r\n    <\/div>\r\n<\/div>\r\n\t\t\t\t\t\t\t\t<\/div>\n\t\t\t\t\t\t\t\t\t\t\t\t\t\t\t<div class='wp-block-getwid-custom-post-type__post'>\n\t\t\t\t\t\t\t\t\t\r\n<div class=\"wp-block-getwid-custom-post-type__post-wrapper\">\r\n            <div class=\"wp-block-getwid-custom-post-type__post-thumbnail\">\r\n            <a href=\"https:\/\/cabol.eu\/de\/das-unternehmen\/planung\/\"><img width=\"1200\" height=\"800\" src=\"https:\/\/cabol.eu\/wp-content\/uploads\/2023\/03\/banner.Progettazione_.jpg\" class=\"attachment-post-thumbnail size-post-thumbnail wp-post-image\" alt=\"\" loading=\"lazy\" srcset=\"https:\/\/cabol.eu\/wp-content\/uploads\/2023\/03\/banner.Progettazione_.jpg 1200w, https:\/\/cabol.eu\/wp-content\/uploads\/2023\/03\/banner.Progettazione_-980x653.jpg 980w, https:\/\/cabol.eu\/wp-content\/uploads\/2023\/03\/banner.Progettazione_-480x320.jpg 480w\" sizes=\"(min-width: 0px) and (max-width: 480px) 480px, (min-width: 481px) and (max-width: 980px) 980px, (min-width: 981px) 1200px, 100vw\" \/><\/a>\r\n        <\/div>\r\n        <div class=\"wp-block-getwid-custom-post-type__content-wrapper\">\r\n        <div class=\"wp-block-getwid-custom-post-type__post-header\">\r\n            <h3 class=\"wp-block-getwid-custom-post-type__post-title\"><a href=\"https:\/\/cabol.eu\/de\/das-unternehmen\/planung\/\">Planung<\/a><\/h3>        <\/div>\r\n        <div class=\"wp-block-getwid-custom-post-type__post-excerpt \"><p>Die Forschung ist die treibende Kraft hinter den Aktivit\u00e4ten des Unternehmens. Denn Cabol hat seine Unternehmenspolitik darauf ausgerichtet, kontinuierlich revolution\u00e4re L\u00f6sungen, Produkte und Vorschl\u00e4ge anzubieten, die den Anforderungen des Marktes vorweggreifen und neue Qualit\u00e4tsstandards schaffen. Die technische Abteilung ist das pulsierende Herz des Unternehmens und komplett mit einer 3D-Konstruktionssoftware ausgestattet. Die innovative Mentalit\u00e4t seiner Planer [&hellip;]<\/p>\n<\/div>\r\n    <\/div>\r\n<\/div>\r\n\t\t\t\t\t\t\t\t<\/div>\n\t\t\t\t\t\t\t\t\t\t\t\t\t\t\t<div class='wp-block-getwid-custom-post-type__post'>\n\t\t\t\t\t\t\t\t\t\r\n<div class=\"wp-block-getwid-custom-post-type__post-wrapper\">\r\n            <div class=\"wp-block-getwid-custom-post-type__post-thumbnail\">\r\n            <a href=\"https:\/\/cabol.eu\/de\/das-unternehmen\/montage-und-test\/\"><img width=\"1200\" height=\"800\" src=\"https:\/\/cabol.eu\/wp-content\/uploads\/2022\/09\/banner-Assemblaggio.jpg\" class=\"attachment-post-thumbnail size-post-thumbnail wp-post-image\" alt=\"\" loading=\"lazy\" srcset=\"https:\/\/cabol.eu\/wp-content\/uploads\/2022\/09\/banner-Assemblaggio.jpg 1200w, https:\/\/cabol.eu\/wp-content\/uploads\/2022\/09\/banner-Assemblaggio-980x653.jpg 980w, https:\/\/cabol.eu\/wp-content\/uploads\/2022\/09\/banner-Assemblaggio-480x320.jpg 480w\" sizes=\"(min-width: 0px) and (max-width: 480px) 480px, (min-width: 481px) and (max-width: 980px) 980px, (min-width: 981px) 1200px, 100vw\" \/><\/a>\r\n        <\/div>\r\n        <div class=\"wp-block-getwid-custom-post-type__content-wrapper\">\r\n        <div class=\"wp-block-getwid-custom-post-type__post-header\">\r\n            <h3 class=\"wp-block-getwid-custom-post-type__post-title\"><a href=\"https:\/\/cabol.eu\/de\/das-unternehmen\/montage-und-test\/\">Montage und Test<\/a><\/h3>        <\/div>\r\n        <div class=\"wp-block-getwid-custom-post-type__post-excerpt \"><p>Der neue, vollklimatisierte Bereich umfasst Montageinseln, Pr\u00fcfst\u00e4nde und neue Vorrichtungen f\u00fcr die Montage von Zylindern und Servozylindern unter optimalen Bedingungen, mit entsprechender \u00dcbersicht und ausreichendem Platz. Durch den Pr\u00fcfstand ist Cabol in der Lage, Hochleistungs-Servozylinder mit Hilfe von drei Hydraulikpumpen zu testen, die F\u00f6rdermengen von bis zu 60 l\/min und Druckverh\u00e4ltnisse von 700 bar erbringen [&hellip;]<\/p>\n<\/div>\r\n    <\/div>\r\n<\/div>\r\n\t\t\t\t\t\t\t\t<\/div>\n\t\t\t\t\t\t\t\t\t\t\t\t\t\t\t<div class='wp-block-getwid-custom-post-type__post'>\n\t\t\t\t\t\t\t\t\t\r\n<div class=\"wp-block-getwid-custom-post-type__post-wrapper\">\r\n            <div class=\"wp-block-getwid-custom-post-type__post-thumbnail\">\r\n            <a href=\"https:\/\/cabol.eu\/de\/das-unternehmen\/technologie\/\"><img width=\"1200\" height=\"800\" src=\"https:\/\/cabol.eu\/wp-content\/uploads\/2021\/10\/banner-azienda-tecnologia.jpg\" class=\"attachment-post-thumbnail size-post-thumbnail wp-post-image\" alt=\"\" loading=\"lazy\" srcset=\"https:\/\/cabol.eu\/wp-content\/uploads\/2021\/10\/banner-azienda-tecnologia.jpg 1200w, https:\/\/cabol.eu\/wp-content\/uploads\/2021\/10\/banner-azienda-tecnologia-980x653.jpg 980w, https:\/\/cabol.eu\/wp-content\/uploads\/2021\/10\/banner-azienda-tecnologia-480x320.jpg 480w\" sizes=\"(min-width: 0px) and (max-width: 480px) 480px, (min-width: 481px) and (max-width: 980px) 980px, (min-width: 981px) 1200px, 100vw\" \/><\/a>\r\n        <\/div>\r\n        <div class=\"wp-block-getwid-custom-post-type__content-wrapper\">\r\n        <div class=\"wp-block-getwid-custom-post-type__post-header\">\r\n            <h3 class=\"wp-block-getwid-custom-post-type__post-title\"><a href=\"https:\/\/cabol.eu\/de\/das-unternehmen\/technologie\/\">Technologie<\/a><\/h3>        <\/div>\r\n        <div class=\"wp-block-getwid-custom-post-type__post-excerpt \"><p>Seit Beginn seiner unternehmerischen T\u00e4tigkeit stellt Cabol Produkte unter dem eigenen Markennamen her und hat sich im Laufe der Jahre den Anforderungen des Marktes entsprechend angepasst, durch eine schrittweise Einf\u00fchrung immer leistungsf\u00e4higerer Technologien, wie moderne vertikale und horizontale Bearbeitungszentren zum Drehen, Bohren, Fr\u00e4sen, L\u00e4ppen, Schleifen etc. Um maximale Qualit\u00e4t zu gew\u00e4hrleisten, erfolgen au\u00dferdem in jeder [&hellip;]<\/p>\n<\/div>\r\n    <\/div>\r\n<\/div>\r\n\t\t\t\t\t\t\t\t<\/div>\n\t\t\t\t\t\t\t\t\t\t\t\t\t\t\t<div class='wp-block-getwid-custom-post-type__post'>\n\t\t\t\t\t\t\t\t\t\r\n<div class=\"wp-block-getwid-custom-post-type__post-wrapper\">\r\n            <div class=\"wp-block-getwid-custom-post-type__post-thumbnail\">\r\n            <a href=\"https:\/\/cabol.eu\/de\/das-unternehmen\/qualitaet\/\"><img width=\"1200\" height=\"800\" src=\"https:\/\/cabol.eu\/wp-content\/uploads\/2021\/10\/banner-azienda-qualita.jpg\" class=\"attachment-post-thumbnail size-post-thumbnail wp-post-image\" alt=\"\" loading=\"lazy\" srcset=\"https:\/\/cabol.eu\/wp-content\/uploads\/2021\/10\/banner-azienda-qualita.jpg 1200w, https:\/\/cabol.eu\/wp-content\/uploads\/2021\/10\/banner-azienda-qualita-980x653.jpg 980w, https:\/\/cabol.eu\/wp-content\/uploads\/2021\/10\/banner-azienda-qualita-480x320.jpg 480w\" sizes=\"(min-width: 0px) and (max-width: 480px) 480px, (min-width: 481px) and (max-width: 980px) 980px, (min-width: 981px) 1200px, 100vw\" \/><\/a>\r\n        <\/div>\r\n        <div class=\"wp-block-getwid-custom-post-type__content-wrapper\">\r\n        <div class=\"wp-block-getwid-custom-post-type__post-header\">\r\n            <h3 class=\"wp-block-getwid-custom-post-type__post-title\"><a href=\"https:\/\/cabol.eu\/de\/das-unternehmen\/qualitaet\/\">Qualit\u00e4t<\/a><\/h3>        <\/div>\r\n        <div class=\"wp-block-getwid-custom-post-type__post-excerpt \"><p>Die Kontinuit\u00e4t bei den Ergebnissen, die erfreulicherweise nicht von den schwankenden Markttrends beeinflusst wurde, l\u00e4sst sich darauf zur\u00fcckzuf\u00fchren, dass die unternehmerische Strategie von Cabol schon immer auf Qualit\u00e4t ausgerichtet war. Das qualitative Niveau an sich ist bereits schon eine Garantie f\u00fcr den Kunden. Sie basiert auf der Auswahl der Rohstoffe und der Qualit\u00e4tskontrolle in jeder [&hellip;]<\/p>\n<\/div>\r\n    <\/div>\r\n<\/div>\r\n\t\t\t\t\t\t\t\t<\/div>\n\t\t\t\t\t\t\t            <\/div>\n\n                    <\/div>\n        ","protected":false},"excerpt":{"rendered":"","protected":false},"author":1,"featured_media":1684,"parent":0,"menu_order":0,"comment_status":"closed","ping_status":"closed","template":"","meta":{"_et_pb_use_builder":"off","_et_pb_old_content":"","_et_gb_content_width":""},"categories":[],"tags":[],"acf":[],"yoast_head":"<!-- This site is optimized with the Yoast SEO plugin v18.5.1 - https:\/\/yoast.com\/wordpress\/plugins\/seo\/ -->\n<title>Das Unternehmen - Cabol<\/title>\n<meta name=\"robots\" content=\"index, follow, max-snippet:-1, max-image-preview:large, max-video-preview:-1\" \/>\n<link rel=\"canonical\" href=\"https:\/\/cabol.eu\/de\/das-unternehmen\/\" \/>\n<meta property=\"og:locale\" content=\"de_DE\" \/>\n<meta property=\"og:type\" content=\"article\" \/>\n<meta property=\"og:title\" content=\"Das Unternehmen - Cabol\" \/>\n<meta property=\"og:url\" content=\"https:\/\/cabol.eu\/de\/das-unternehmen\/\" \/>\n<meta property=\"og:site_name\" content=\"Cabol\" \/>\n<meta property=\"article:modified_time\" content=\"2023-01-04T11:23:12+00:00\" \/>\n<meta property=\"og:image\" content=\"https:\/\/cabol.eu\/wp-content\/uploads\/2021\/10\/banner-azienda.jpg\" \/>\n\t<meta property=\"og:image:width\" content=\"1200\" \/>\n\t<meta property=\"og:image:height\" content=\"800\" \/>\n\t<meta property=\"og:image:type\" content=\"image\/jpeg\" \/>\n<meta name=\"twitter:card\" content=\"summary_large_image\" \/>\n<script type=\"application\/ld+json\" class=\"yoast-schema-graph\">{\"@context\":\"https:\/\/schema.org\",\"@graph\":[{\"@type\":\"Organization\",\"@id\":\"https:\/\/cabol.eu\/#organization\",\"name\":\"Cabol\",\"url\":\"https:\/\/cabol.eu\/\",\"sameAs\":[\"https:\/\/www.instagram.com\/cabolfluidengineering?igsh=MTVjYXUyb2ttcXg3bw==&amp;utm_source=qr\",\"https:\/\/www.linkedin.com\/company\/cabol-fluid-engineering\/?viewAsMember=true\",\"https:\/\/www.youtube.com\/@cabolfluidengineering9499\"],\"logo\":{\"@type\":\"ImageObject\",\"@id\":\"https:\/\/cabol.eu\/#logo\",\"inLanguage\":\"de-DE\",\"url\":\"https:\/\/cabol.eu\/cabol2021\/wp-content\/uploads\/2021\/03\/logo-cabol.png\",\"contentUrl\":\"https:\/\/cabol.eu\/cabol2021\/wp-content\/uploads\/2021\/03\/logo-cabol.png\",\"width\":800,\"height\":280,\"caption\":\"Cabol\"},\"image\":{\"@id\":\"https:\/\/cabol.eu\/#logo\"}},{\"@type\":\"WebSite\",\"@id\":\"https:\/\/cabol.eu\/#website\",\"url\":\"https:\/\/cabol.eu\/\",\"name\":\"Cabol\",\"description\":\"Fluid Engineering\",\"publisher\":{\"@id\":\"https:\/\/cabol.eu\/#organization\"},\"potentialAction\":[{\"@type\":\"SearchAction\",\"target\":{\"@type\":\"EntryPoint\",\"urlTemplate\":\"https:\/\/cabol.eu\/?s={search_term_string}\"},\"query-input\":\"required name=search_term_string\"}],\"inLanguage\":\"de-DE\"},{\"@type\":\"ImageObject\",\"@id\":\"https:\/\/cabol.eu\/de\/das-unternehmen\/#primaryimage\",\"inLanguage\":\"de-DE\",\"url\":\"https:\/\/cabol.eu\/wp-content\/uploads\/2021\/10\/banner-azienda.jpg\",\"contentUrl\":\"https:\/\/cabol.eu\/wp-content\/uploads\/2021\/10\/banner-azienda.jpg\",\"width\":1200,\"height\":800},{\"@type\":\"WebPage\",\"@id\":\"https:\/\/cabol.eu\/de\/das-unternehmen\/#webpage\",\"url\":\"https:\/\/cabol.eu\/de\/das-unternehmen\/\",\"name\":\"Das Unternehmen - Cabol\",\"isPartOf\":{\"@id\":\"https:\/\/cabol.eu\/#website\"},\"primaryImageOfPage\":{\"@id\":\"https:\/\/cabol.eu\/de\/das-unternehmen\/#primaryimage\"},\"datePublished\":\"2021-12-17T07:42:42+00:00\",\"dateModified\":\"2023-01-04T11:23:12+00:00\",\"breadcrumb\":{\"@id\":\"https:\/\/cabol.eu\/de\/das-unternehmen\/#breadcrumb\"},\"inLanguage\":\"de-DE\",\"potentialAction\":[{\"@type\":\"ReadAction\",\"target\":[\"https:\/\/cabol.eu\/de\/das-unternehmen\/\"]}]},{\"@type\":\"BreadcrumbList\",\"@id\":\"https:\/\/cabol.eu\/de\/das-unternehmen\/#breadcrumb\",\"itemListElement\":[{\"@type\":\"ListItem\",\"position\":1,\"name\":\"Home\",\"item\":\"https:\/\/cabol.eu\/de\/\"},{\"@type\":\"ListItem\",\"position\":2,\"name\":\"Das Unternehmen\"}]}]}<\/script>\n<!-- \/ Yoast SEO plugin. -->","yoast_head_json":{"title":"Das Unternehmen - Cabol","robots":{"index":"index","follow":"follow","max-snippet":"max-snippet:-1","max-image-preview":"max-image-preview:large","max-video-preview":"max-video-preview:-1"},"canonical":"https:\/\/cabol.eu\/de\/das-unternehmen\/","og_locale":"de_DE","og_type":"article","og_title":"Das Unternehmen - Cabol","og_url":"https:\/\/cabol.eu\/de\/das-unternehmen\/","og_site_name":"Cabol","article_modified_time":"2023-01-04T11:23:12+00:00","og_image":[{"width":1200,"height":800,"url":"https:\/\/cabol.eu\/wp-content\/uploads\/2021\/10\/banner-azienda.jpg","type":"image\/jpeg"}],"twitter_card":"summary_large_image","schema":{"@context":"https:\/\/schema.org","@graph":[{"@type":"Organization","@id":"https:\/\/cabol.eu\/#organization","name":"Cabol","url":"https:\/\/cabol.eu\/","sameAs":["https:\/\/www.instagram.com\/cabolfluidengineering?igsh=MTVjYXUyb2ttcXg3bw==&amp;utm_source=qr","https:\/\/www.linkedin.com\/company\/cabol-fluid-engineering\/?viewAsMember=true","https:\/\/www.youtube.com\/@cabolfluidengineering9499"],"logo":{"@type":"ImageObject","@id":"https:\/\/cabol.eu\/#logo","inLanguage":"de-DE","url":"https:\/\/cabol.eu\/cabol2021\/wp-content\/uploads\/2021\/03\/logo-cabol.png","contentUrl":"https:\/\/cabol.eu\/cabol2021\/wp-content\/uploads\/2021\/03\/logo-cabol.png","width":800,"height":280,"caption":"Cabol"},"image":{"@id":"https:\/\/cabol.eu\/#logo"}},{"@type":"WebSite","@id":"https:\/\/cabol.eu\/#website","url":"https:\/\/cabol.eu\/","name":"Cabol","description":"Fluid Engineering","publisher":{"@id":"https:\/\/cabol.eu\/#organization"},"potentialAction":[{"@type":"SearchAction","target":{"@type":"EntryPoint","urlTemplate":"https:\/\/cabol.eu\/?s={search_term_string}"},"query-input":"required name=search_term_string"}],"inLanguage":"de-DE"},{"@type":"ImageObject","@id":"https:\/\/cabol.eu\/de\/das-unternehmen\/#primaryimage","inLanguage":"de-DE","url":"https:\/\/cabol.eu\/wp-content\/uploads\/2021\/10\/banner-azienda.jpg","contentUrl":"https:\/\/cabol.eu\/wp-content\/uploads\/2021\/10\/banner-azienda.jpg","width":1200,"height":800},{"@type":"WebPage","@id":"https:\/\/cabol.eu\/de\/das-unternehmen\/#webpage","url":"https:\/\/cabol.eu\/de\/das-unternehmen\/","name":"Das Unternehmen - Cabol","isPartOf":{"@id":"https:\/\/cabol.eu\/#website"},"primaryImageOfPage":{"@id":"https:\/\/cabol.eu\/de\/das-unternehmen\/#primaryimage"},"datePublished":"2021-12-17T07:42:42+00:00","dateModified":"2023-01-04T11:23:12+00:00","breadcrumb":{"@id":"https:\/\/cabol.eu\/de\/das-unternehmen\/#breadcrumb"},"inLanguage":"de-DE","potentialAction":[{"@type":"ReadAction","target":["https:\/\/cabol.eu\/de\/das-unternehmen\/"]}]},{"@type":"BreadcrumbList","@id":"https:\/\/cabol.eu\/de\/das-unternehmen\/#breadcrumb","itemListElement":[{"@type":"ListItem","position":1,"name":"Home","item":"https:\/\/cabol.eu\/de\/"},{"@type":"ListItem","position":2,"name":"Das Unternehmen"}]}]}},"_links":{"self":[{"href":"https:\/\/cabol.eu\/de\/wp-json\/wp\/v2\/pages\/1632"}],"collection":[{"href":"https:\/\/cabol.eu\/de\/wp-json\/wp\/v2\/pages"}],"about":[{"href":"https:\/\/cabol.eu\/de\/wp-json\/wp\/v2\/types\/page"}],"author":[{"embeddable":true,"href":"https:\/\/cabol.eu\/de\/wp-json\/wp\/v2\/users\/1"}],"replies":[{"embeddable":true,"href":"https:\/\/cabol.eu\/de\/wp-json\/wp\/v2\/comments?post=1632"}],"version-history":[{"count":5,"href":"https:\/\/cabol.eu\/de\/wp-json\/wp\/v2\/pages\/1632\/revisions"}],"predecessor-version":[{"id":1728,"href":"https:\/\/cabol.eu\/de\/wp-json\/wp\/v2\/pages\/1632\/revisions\/1728"}],"wp:featuredmedia":[{"embeddable":true,"href":"https:\/\/cabol.eu\/de\/wp-json\/wp\/v2\/media\/1684"}],"wp:attachment":[{"href":"https:\/\/cabol.eu\/de\/wp-json\/wp\/v2\/media?parent=1632"}],"wp:term":[{"taxonomy":"category","embeddable":true,"href":"https:\/\/cabol.eu\/de\/wp-json\/wp\/v2\/categories?post=1632"},{"taxonomy":"post_tag","embeddable":true,"href":"https:\/\/cabol.eu\/de\/wp-json\/wp\/v2\/tags?post=1632"}],"curies":[{"name":"wp","href":"https:\/\/api.w.org\/{rel}","templated":true}]}}