{"id":1955,"date":"2021-12-17T12:10:13","date_gmt":"2021-12-17T11:10:13","guid":{"rendered":"https:\/\/cabol.eu\/einsatzbereiche\/"},"modified":"2025-08-07T16:40:49","modified_gmt":"2025-08-07T14:40:49","slug":"einsatzbereiche","status":"publish","type":"page","link":"https:\/\/cabol.eu\/de\/einsatzbereiche\/","title":{"rendered":"Einsatzbereiche"},"content":{"rendered":"        <div class=\"wp-block-getwid-custom-post-type custom-post-type-page has-layout-grid has-spacing-medium\">\n            <div class=\"wp-block-getwid-custom-post-type__wrapper getwid-columns getwid-columns-3\">\n                \t\t\t\t\t\t\t\t<div class='wp-block-getwid-custom-post-type__post'>\n\t\t\t\t\t\t\t\t\t\r\n<div class=\"wp-block-getwid-custom-post-type__post-wrapper\">\r\n            <div class=\"wp-block-getwid-custom-post-type__post-thumbnail\">\r\n            <a href=\"https:\/\/cabol.eu\/de\/einsatzbereiche\/keramik-industrie\/\"><img width=\"1200\" height=\"800\" src=\"https:\/\/cabol.eu\/wp-content\/uploads\/2021\/10\/banner-industria-ceramica.jpg\" class=\"attachment-post-thumbnail size-post-thumbnail wp-post-image\" alt=\"Cabol srl settore applicazione Industria Ceramica\" loading=\"lazy\" srcset=\"https:\/\/cabol.eu\/wp-content\/uploads\/2021\/10\/banner-industria-ceramica.jpg 1200w, https:\/\/cabol.eu\/wp-content\/uploads\/2021\/10\/banner-industria-ceramica-980x653.jpg 980w, https:\/\/cabol.eu\/wp-content\/uploads\/2021\/10\/banner-industria-ceramica-480x320.jpg 480w\" sizes=\"(min-width: 0px) and (max-width: 480px) 480px, (min-width: 481px) and (max-width: 980px) 980px, (min-width: 981px) 1200px, 100vw\" \/><\/a>\r\n        <\/div>\r\n        <div class=\"wp-block-getwid-custom-post-type__content-wrapper\">\r\n        <div class=\"wp-block-getwid-custom-post-type__post-header\">\r\n            <h3 class=\"wp-block-getwid-custom-post-type__post-title\"><a href=\"https:\/\/cabol.eu\/de\/einsatzbereiche\/keramik-industrie\/\">Keramik-Industrie<\/a><\/h3>        <\/div>\r\n        <div class=\"wp-block-getwid-custom-post-type__post-excerpt \"><\/div>\r\n    <\/div>\r\n<\/div>\r\n\t\t\t\t\t\t\t\t<\/div>\n\t\t\t\t\t\t\t\t\t\t\t\t\t\t\t<div class='wp-block-getwid-custom-post-type__post'>\n\t\t\t\t\t\t\t\t\t\r\n<div class=\"wp-block-getwid-custom-post-type__post-wrapper\">\r\n            <div class=\"wp-block-getwid-custom-post-type__post-thumbnail\">\r\n            <a href=\"https:\/\/cabol.eu\/de\/einsatzbereiche\/metallbearbeitungsmaschinen\/\"><img width=\"1200\" height=\"800\" src=\"https:\/\/cabol.eu\/wp-content\/uploads\/2021\/10\/banner-macchine-lavorazione-metalli.jpg\" class=\"attachment-post-thumbnail size-post-thumbnail wp-post-image\" alt=\"settore Cabol macchine lavorazione metalli\" loading=\"lazy\" srcset=\"https:\/\/cabol.eu\/wp-content\/uploads\/2021\/10\/banner-macchine-lavorazione-metalli.jpg 1200w, https:\/\/cabol.eu\/wp-content\/uploads\/2021\/10\/banner-macchine-lavorazione-metalli-980x653.jpg 980w, https:\/\/cabol.eu\/wp-content\/uploads\/2021\/10\/banner-macchine-lavorazione-metalli-480x320.jpg 480w\" sizes=\"(min-width: 0px) and (max-width: 480px) 480px, (min-width: 481px) and (max-width: 980px) 980px, (min-width: 981px) 1200px, 100vw\" \/><\/a>\r\n        <\/div>\r\n        <div class=\"wp-block-getwid-custom-post-type__content-wrapper\">\r\n        <div class=\"wp-block-getwid-custom-post-type__post-header\">\r\n            <h3 class=\"wp-block-getwid-custom-post-type__post-title\"><a href=\"https:\/\/cabol.eu\/de\/einsatzbereiche\/metallbearbeitungsmaschinen\/\">Metallbear&shy;beitungs&shy;maschinen<\/a><\/h3>        <\/div>\r\n        <div class=\"wp-block-getwid-custom-post-type__post-excerpt \"><\/div>\r\n    <\/div>\r\n<\/div>\r\n\t\t\t\t\t\t\t\t<\/div>\n\t\t\t\t\t\t\t\t\t\t\t\t\t\t\t<div class='wp-block-getwid-custom-post-type__post'>\n\t\t\t\t\t\t\t\t\t\r\n<div class=\"wp-block-getwid-custom-post-type__post-wrapper\">\r\n            <div class=\"wp-block-getwid-custom-post-type__post-thumbnail\">\r\n            <a href=\"https:\/\/cabol.eu\/de\/einsatzbereiche\/test-und-simulatoren\/\"><img width=\"1200\" height=\"800\" src=\"https:\/\/cabol.eu\/wp-content\/uploads\/2021\/10\/banner-test-e-simulatori.jpg\" class=\"attachment-post-thumbnail size-post-thumbnail wp-post-image\" alt=\"Cabol settore test e simulatori\" loading=\"lazy\" srcset=\"https:\/\/cabol.eu\/wp-content\/uploads\/2021\/10\/banner-test-e-simulatori.jpg 1200w, https:\/\/cabol.eu\/wp-content\/uploads\/2021\/10\/banner-test-e-simulatori-980x653.jpg 980w, https:\/\/cabol.eu\/wp-content\/uploads\/2021\/10\/banner-test-e-simulatori-480x320.jpg 480w\" sizes=\"(min-width: 0px) and (max-width: 480px) 480px, (min-width: 481px) and (max-width: 980px) 980px, (min-width: 981px) 1200px, 100vw\" \/><\/a>\r\n        <\/div>\r\n        <div class=\"wp-block-getwid-custom-post-type__content-wrapper\">\r\n        <div class=\"wp-block-getwid-custom-post-type__post-header\">\r\n            <h3 class=\"wp-block-getwid-custom-post-type__post-title\"><a href=\"https:\/\/cabol.eu\/de\/einsatzbereiche\/test-und-simulatoren\/\">Test und Simulatoren<\/a><\/h3>        <\/div>\r\n        <div class=\"wp-block-getwid-custom-post-type__post-excerpt \"><\/div>\r\n    <\/div>\r\n<\/div>\r\n\t\t\t\t\t\t\t\t<\/div>\n\t\t\t\t\t\t\t\t\t\t\t\t\t\t\t<div class='wp-block-getwid-custom-post-type__post'>\n\t\t\t\t\t\t\t\t\t\r\n<div class=\"wp-block-getwid-custom-post-type__post-wrapper\">\r\n            <div class=\"wp-block-getwid-custom-post-type__post-thumbnail\">\r\n            <a href=\"https:\/\/cabol.eu\/de\/einsatzbereiche\/biomedizin\/\"><img width=\"1200\" height=\"800\" src=\"https:\/\/cabol.eu\/wp-content\/uploads\/2021\/12\/banner-biomedicale.jpg\" class=\"attachment-post-thumbnail size-post-thumbnail wp-post-image\" alt=\"Settore Biomedicale Cabol\" loading=\"lazy\" srcset=\"https:\/\/cabol.eu\/wp-content\/uploads\/2021\/12\/banner-biomedicale.jpg 1200w, https:\/\/cabol.eu\/wp-content\/uploads\/2021\/12\/banner-biomedicale-980x653.jpg 980w, https:\/\/cabol.eu\/wp-content\/uploads\/2021\/12\/banner-biomedicale-480x320.jpg 480w\" sizes=\"(min-width: 0px) and (max-width: 480px) 480px, (min-width: 481px) and (max-width: 980px) 980px, (min-width: 981px) 1200px, 100vw\" \/><\/a>\r\n        <\/div>\r\n        <div class=\"wp-block-getwid-custom-post-type__content-wrapper\">\r\n        <div class=\"wp-block-getwid-custom-post-type__post-header\">\r\n            <h3 class=\"wp-block-getwid-custom-post-type__post-title\"><a href=\"https:\/\/cabol.eu\/de\/einsatzbereiche\/biomedizin\/\">Biomedizin<\/a><\/h3>        <\/div>\r\n        <div class=\"wp-block-getwid-custom-post-type__post-excerpt \"><\/div>\r\n    <\/div>\r\n<\/div>\r\n\t\t\t\t\t\t\t\t<\/div>\n\t\t\t\t\t\t\t\t\t\t\t\t\t\t\t<div class='wp-block-getwid-custom-post-type__post'>\n\t\t\t\t\t\t\t\t\t\r\n<div class=\"wp-block-getwid-custom-post-type__post-wrapper\">\r\n            <div class=\"wp-block-getwid-custom-post-type__post-thumbnail\">\r\n            <a href=\"https:\/\/cabol.eu\/de\/einsatzbereiche\/schiffswerften-und-militaersektor\/\"><img width=\"1200\" height=\"800\" src=\"https:\/\/cabol.eu\/wp-content\/uploads\/2021\/12\/banner-cantieri-navali-e-settore-militare.jpg\" class=\"attachment-post-thumbnail size-post-thumbnail wp-post-image\" alt=\"Cabol settore navale e militare\" loading=\"lazy\" srcset=\"https:\/\/cabol.eu\/wp-content\/uploads\/2021\/12\/banner-cantieri-navali-e-settore-militare.jpg 1200w, https:\/\/cabol.eu\/wp-content\/uploads\/2021\/12\/banner-cantieri-navali-e-settore-militare-980x653.jpg 980w, https:\/\/cabol.eu\/wp-content\/uploads\/2021\/12\/banner-cantieri-navali-e-settore-militare-480x320.jpg 480w\" sizes=\"(min-width: 0px) and (max-width: 480px) 480px, (min-width: 481px) and (max-width: 980px) 980px, (min-width: 981px) 1200px, 100vw\" \/><\/a>\r\n        <\/div>\r\n        <div class=\"wp-block-getwid-custom-post-type__content-wrapper\">\r\n        <div class=\"wp-block-getwid-custom-post-type__post-header\">\r\n            <h3 class=\"wp-block-getwid-custom-post-type__post-title\"><a href=\"https:\/\/cabol.eu\/de\/einsatzbereiche\/schiffswerften-und-militaersektor\/\">Schiffswerften und Milit\u00e4rsektor<\/a><\/h3>        <\/div>\r\n        <div class=\"wp-block-getwid-custom-post-type__post-excerpt \"><\/div>\r\n    <\/div>\r\n<\/div>\r\n\t\t\t\t\t\t\t\t<\/div>\n\t\t\t\t\t\t\t\t\t\t\t\t\t\t\t<div class='wp-block-getwid-custom-post-type__post'>\n\t\t\t\t\t\t\t\t\t\r\n<div class=\"wp-block-getwid-custom-post-type__post-wrapper\">\r\n            <div class=\"wp-block-getwid-custom-post-type__post-thumbnail\">\r\n            <a href=\"https:\/\/cabol.eu\/de\/einsatzbereiche\/eisenbahntechnik\/\"><img width=\"1200\" height=\"800\" src=\"https:\/\/cabol.eu\/wp-content\/uploads\/2021\/12\/banner-macchinari-ferroviari.jpg\" class=\"attachment-post-thumbnail size-post-thumbnail wp-post-image\" alt=\"Cabol srl settore macchinari ferroviari\" loading=\"lazy\" srcset=\"https:\/\/cabol.eu\/wp-content\/uploads\/2021\/12\/banner-macchinari-ferroviari.jpg 1200w, https:\/\/cabol.eu\/wp-content\/uploads\/2021\/12\/banner-macchinari-ferroviari-980x653.jpg 980w, https:\/\/cabol.eu\/wp-content\/uploads\/2021\/12\/banner-macchinari-ferroviari-480x320.jpg 480w\" sizes=\"(min-width: 0px) and (max-width: 480px) 480px, (min-width: 481px) and (max-width: 980px) 980px, (min-width: 981px) 1200px, 100vw\" \/><\/a>\r\n        <\/div>\r\n        <div class=\"wp-block-getwid-custom-post-type__content-wrapper\">\r\n        <div class=\"wp-block-getwid-custom-post-type__post-header\">\r\n            <h3 class=\"wp-block-getwid-custom-post-type__post-title\"><a href=\"https:\/\/cabol.eu\/de\/einsatzbereiche\/eisenbahntechnik\/\">Eisenbahntechnik<\/a><\/h3>        <\/div>\r\n        <div class=\"wp-block-getwid-custom-post-type__post-excerpt \"><\/div>\r\n    <\/div>\r\n<\/div>\r\n\t\t\t\t\t\t\t\t<\/div>\n\t\t\t\t\t\t\t\t\t\t\t\t\t\t\t<div class='wp-block-getwid-custom-post-type__post'>\n\t\t\t\t\t\t\t\t\t\r\n<div class=\"wp-block-getwid-custom-post-type__post-wrapper\">\r\n            <div class=\"wp-block-getwid-custom-post-type__post-thumbnail\">\r\n            <a href=\"https:\/\/cabol.eu\/de\/einsatzbereiche\/kunststoffverarbeitungsmaschinen\/\"><img width=\"1200\" height=\"800\" src=\"https:\/\/cabol.eu\/wp-content\/uploads\/2021\/10\/banner-macchine-lavorazione-plastica.jpg\" class=\"attachment-post-thumbnail size-post-thumbnail wp-post-image\" alt=\"cabol settore macchine lavorazione plastica\" loading=\"lazy\" srcset=\"https:\/\/cabol.eu\/wp-content\/uploads\/2021\/10\/banner-macchine-lavorazione-plastica.jpg 1200w, https:\/\/cabol.eu\/wp-content\/uploads\/2021\/10\/banner-macchine-lavorazione-plastica-980x653.jpg 980w, https:\/\/cabol.eu\/wp-content\/uploads\/2021\/10\/banner-macchine-lavorazione-plastica-480x320.jpg 480w\" sizes=\"(min-width: 0px) and (max-width: 480px) 480px, (min-width: 481px) and (max-width: 980px) 980px, (min-width: 981px) 1200px, 100vw\" \/><\/a>\r\n        <\/div>\r\n        <div class=\"wp-block-getwid-custom-post-type__content-wrapper\">\r\n        <div class=\"wp-block-getwid-custom-post-type__post-header\">\r\n            <h3 class=\"wp-block-getwid-custom-post-type__post-title\"><a href=\"https:\/\/cabol.eu\/de\/einsatzbereiche\/kunststoffverarbeitungsmaschinen\/\">Kunststoff&shy;verarbeitungs&shy;maschinen<\/a><\/h3>        <\/div>\r\n        <div class=\"wp-block-getwid-custom-post-type__post-excerpt \"><\/div>\r\n    <\/div>\r\n<\/div>\r\n\t\t\t\t\t\t\t\t<\/div>\n\t\t\t\t\t\t\t\t\t\t\t\t\t\t\t<div class='wp-block-getwid-custom-post-type__post'>\n\t\t\t\t\t\t\t\t\t\r\n<div class=\"wp-block-getwid-custom-post-type__post-wrapper\">\r\n            <div class=\"wp-block-getwid-custom-post-type__post-thumbnail\">\r\n            <a href=\"https:\/\/cabol.eu\/de\/einsatzbereiche\/energie\/\"><img width=\"1200\" height=\"800\" src=\"https:\/\/cabol.eu\/wp-content\/uploads\/2021\/12\/banner-energia.jpg\" class=\"attachment-post-thumbnail size-post-thumbnail wp-post-image\" alt=\"Cabol Settore energia\" loading=\"lazy\" srcset=\"https:\/\/cabol.eu\/wp-content\/uploads\/2021\/12\/banner-energia.jpg 1200w, https:\/\/cabol.eu\/wp-content\/uploads\/2021\/12\/banner-energia-980x653.jpg 980w, https:\/\/cabol.eu\/wp-content\/uploads\/2021\/12\/banner-energia-480x320.jpg 480w\" sizes=\"(min-width: 0px) and (max-width: 480px) 480px, (min-width: 481px) and (max-width: 980px) 980px, (min-width: 981px) 1200px, 100vw\" \/><\/a>\r\n        <\/div>\r\n        <div class=\"wp-block-getwid-custom-post-type__content-wrapper\">\r\n        <div class=\"wp-block-getwid-custom-post-type__post-header\">\r\n            <h3 class=\"wp-block-getwid-custom-post-type__post-title\"><a href=\"https:\/\/cabol.eu\/de\/einsatzbereiche\/energie\/\">Energie<\/a><\/h3>        <\/div>\r\n        <div class=\"wp-block-getwid-custom-post-type__post-excerpt \"><\/div>\r\n    <\/div>\r\n<\/div>\r\n\t\t\t\t\t\t\t\t<\/div>\n\t\t\t\t\t\t\t\t\t\t\t\t\t\t\t<div class='wp-block-getwid-custom-post-type__post'>\n\t\t\t\t\t\t\t\t\t\r\n<div class=\"wp-block-getwid-custom-post-type__post-wrapper\">\r\n            <div class=\"wp-block-getwid-custom-post-type__post-thumbnail\">\r\n            <a href=\"https:\/\/cabol.eu\/de\/einsatzbereiche\/karussells-fuer-parks\/\"><img width=\"1200\" height=\"800\" src=\"https:\/\/cabol.eu\/wp-content\/uploads\/2021\/12\/banner-giostre-per-parchi-divertimenti.jpg\" class=\"attachment-post-thumbnail size-post-thumbnail wp-post-image\" alt=\"Cabol settore giostre per parchi divertimenti\" loading=\"lazy\" srcset=\"https:\/\/cabol.eu\/wp-content\/uploads\/2021\/12\/banner-giostre-per-parchi-divertimenti.jpg 1200w, https:\/\/cabol.eu\/wp-content\/uploads\/2021\/12\/banner-giostre-per-parchi-divertimenti-980x653.jpg 980w, https:\/\/cabol.eu\/wp-content\/uploads\/2021\/12\/banner-giostre-per-parchi-divertimenti-480x320.jpg 480w\" sizes=\"(min-width: 0px) and (max-width: 480px) 480px, (min-width: 481px) and (max-width: 980px) 980px, (min-width: 981px) 1200px, 100vw\" \/><\/a>\r\n        <\/div>\r\n        <div class=\"wp-block-getwid-custom-post-type__content-wrapper\">\r\n        <div class=\"wp-block-getwid-custom-post-type__post-header\">\r\n            <h3 class=\"wp-block-getwid-custom-post-type__post-title\"><a href=\"https:\/\/cabol.eu\/de\/einsatzbereiche\/karussells-fuer-parks\/\">Karussells f\u00fcr Parks<\/a><\/h3>        <\/div>\r\n        <div class=\"wp-block-getwid-custom-post-type__post-excerpt \"><\/div>\r\n    <\/div>\r\n<\/div>\r\n\t\t\t\t\t\t\t\t<\/div>\n\t\t\t\t\t\t\t\t\t\t\t\t\t\t\t<div class='wp-block-getwid-custom-post-type__post'>\n\t\t\t\t\t\t\t\t\t\r\n<div class=\"wp-block-getwid-custom-post-type__post-wrapper\">\r\n            <div class=\"wp-block-getwid-custom-post-type__post-thumbnail\">\r\n            <a href=\"https:\/\/cabol.eu\/de\/einsatzbereiche\/weitere-einsatzbereiche\/\"><img width=\"1200\" height=\"800\" src=\"https:\/\/cabol.eu\/wp-content\/uploads\/2021\/12\/banner-altre-applicazioni.jpg\" class=\"attachment-post-thumbnail size-post-thumbnail wp-post-image\" alt=\"Cabol settore altre applicazioni\" loading=\"lazy\" srcset=\"https:\/\/cabol.eu\/wp-content\/uploads\/2021\/12\/banner-altre-applicazioni.jpg 1200w, https:\/\/cabol.eu\/wp-content\/uploads\/2021\/12\/banner-altre-applicazioni-980x653.jpg 980w, https:\/\/cabol.eu\/wp-content\/uploads\/2021\/12\/banner-altre-applicazioni-480x320.jpg 480w\" sizes=\"(min-width: 0px) and (max-width: 480px) 480px, (min-width: 481px) and (max-width: 980px) 980px, (min-width: 981px) 1200px, 100vw\" \/><\/a>\r\n        <\/div>\r\n        <div class=\"wp-block-getwid-custom-post-type__content-wrapper\">\r\n        <div class=\"wp-block-getwid-custom-post-type__post-header\">\r\n            <h3 class=\"wp-block-getwid-custom-post-type__post-title\"><a href=\"https:\/\/cabol.eu\/de\/einsatzbereiche\/weitere-einsatzbereiche\/\">Weitere Einsatzbereiche<\/a><\/h3>        <\/div>\r\n        <div class=\"wp-block-getwid-custom-post-type__post-excerpt \"><\/div>\r\n    <\/div>\r\n<\/div>\r\n\t\t\t\t\t\t\t\t<\/div>\n\t\t\t\t\t\t\t            <\/div>\n\n                    <\/div>\n        ","protected":false},"excerpt":{"rendered":"","protected":false},"author":1,"featured_media":1647,"parent":0,"menu_order":0,"comment_status":"closed","ping_status":"closed","template":"","meta":{"_et_pb_use_builder":"","_et_pb_old_content":"","_et_gb_content_width":""},"categories":[],"tags":[],"acf":[],"yoast_head":"<!-- This site is optimized with the Yoast SEO plugin v18.5.1 - https:\/\/yoast.com\/wordpress\/plugins\/seo\/ -->\n<title>Einsatzbereiche - Cabol<\/title>\n<meta name=\"description\" content=\"Hydraulische und elektrohydraulische L\u00f6sungen von Cabol f\u00fcr die Keramik-, Energie-, Biomedizin-, Marine-, Milit\u00e4r- und andere Branchen. Ma\u00dfgeschneiderte Effizienz und Innovation.\" \/>\n<meta name=\"robots\" content=\"index, follow, max-snippet:-1, max-image-preview:large, max-video-preview:-1\" \/>\n<link rel=\"canonical\" href=\"https:\/\/cabol.eu\/de\/einsatzbereiche\/\" \/>\n<meta property=\"og:locale\" content=\"de_DE\" \/>\n<meta property=\"og:type\" content=\"article\" \/>\n<meta property=\"og:title\" content=\"Einsatzbereiche - Cabol\" \/>\n<meta property=\"og:description\" content=\"Hydraulische und elektrohydraulische L\u00f6sungen von Cabol f\u00fcr die Keramik-, Energie-, Biomedizin-, Marine-, Milit\u00e4r- und andere Branchen. Ma\u00dfgeschneiderte Effizienz und Innovation.\" \/>\n<meta property=\"og:url\" content=\"https:\/\/cabol.eu\/de\/einsatzbereiche\/\" \/>\n<meta property=\"og:site_name\" content=\"Cabol\" \/>\n<meta property=\"article:modified_time\" content=\"2025-08-07T14:40:49+00:00\" \/>\n<meta property=\"og:image\" content=\"https:\/\/cabol.eu\/wp-content\/uploads\/2021\/10\/banner-settori.jpg\" \/>\n\t<meta property=\"og:image:width\" content=\"1200\" \/>\n\t<meta property=\"og:image:height\" content=\"800\" \/>\n\t<meta property=\"og:image:type\" content=\"image\/jpeg\" \/>\n<meta name=\"twitter:card\" content=\"summary_large_image\" \/>\n<script type=\"application\/ld+json\" class=\"yoast-schema-graph\">{\"@context\":\"https:\/\/schema.org\",\"@graph\":[{\"@type\":\"Organization\",\"@id\":\"https:\/\/cabol.eu\/#organization\",\"name\":\"Cabol\",\"url\":\"https:\/\/cabol.eu\/\",\"sameAs\":[\"https:\/\/www.instagram.com\/cabolfluidengineering?igsh=MTVjYXUyb2ttcXg3bw==&amp;utm_source=qr\",\"https:\/\/www.linkedin.com\/company\/cabol-fluid-engineering\/?viewAsMember=true\",\"https:\/\/www.youtube.com\/@cabolfluidengineering9499\"],\"logo\":{\"@type\":\"ImageObject\",\"@id\":\"https:\/\/cabol.eu\/#logo\",\"inLanguage\":\"de-DE\",\"url\":\"https:\/\/cabol.eu\/cabol2021\/wp-content\/uploads\/2021\/03\/logo-cabol.png\",\"contentUrl\":\"https:\/\/cabol.eu\/cabol2021\/wp-content\/uploads\/2021\/03\/logo-cabol.png\",\"width\":800,\"height\":280,\"caption\":\"Cabol\"},\"image\":{\"@id\":\"https:\/\/cabol.eu\/#logo\"}},{\"@type\":\"WebSite\",\"@id\":\"https:\/\/cabol.eu\/#website\",\"url\":\"https:\/\/cabol.eu\/\",\"name\":\"Cabol\",\"description\":\"Fluid Engineering\",\"publisher\":{\"@id\":\"https:\/\/cabol.eu\/#organization\"},\"potentialAction\":[{\"@type\":\"SearchAction\",\"target\":{\"@type\":\"EntryPoint\",\"urlTemplate\":\"https:\/\/cabol.eu\/?s={search_term_string}\"},\"query-input\":\"required name=search_term_string\"}],\"inLanguage\":\"de-DE\"},{\"@type\":\"ImageObject\",\"@id\":\"https:\/\/cabol.eu\/de\/einsatzbereiche\/#primaryimage\",\"inLanguage\":\"de-DE\",\"url\":\"https:\/\/cabol.eu\/wp-content\/uploads\/2021\/10\/banner-settori.jpg\",\"contentUrl\":\"https:\/\/cabol.eu\/wp-content\/uploads\/2021\/10\/banner-settori.jpg\",\"width\":1200,\"height\":800},{\"@type\":\"WebPage\",\"@id\":\"https:\/\/cabol.eu\/de\/einsatzbereiche\/#webpage\",\"url\":\"https:\/\/cabol.eu\/de\/einsatzbereiche\/\",\"name\":\"Einsatzbereiche - Cabol\",\"isPartOf\":{\"@id\":\"https:\/\/cabol.eu\/#website\"},\"primaryImageOfPage\":{\"@id\":\"https:\/\/cabol.eu\/de\/einsatzbereiche\/#primaryimage\"},\"datePublished\":\"2021-12-17T11:10:13+00:00\",\"dateModified\":\"2025-08-07T14:40:49+00:00\",\"description\":\"Hydraulische und elektrohydraulische L\u00f6sungen von Cabol f\u00fcr die Keramik-, Energie-, Biomedizin-, Marine-, Milit\u00e4r- und andere Branchen. Ma\u00dfgeschneiderte Effizienz und Innovation.\",\"breadcrumb\":{\"@id\":\"https:\/\/cabol.eu\/de\/einsatzbereiche\/#breadcrumb\"},\"inLanguage\":\"de-DE\",\"potentialAction\":[{\"@type\":\"ReadAction\",\"target\":[\"https:\/\/cabol.eu\/de\/einsatzbereiche\/\"]}]},{\"@type\":\"BreadcrumbList\",\"@id\":\"https:\/\/cabol.eu\/de\/einsatzbereiche\/#breadcrumb\",\"itemListElement\":[{\"@type\":\"ListItem\",\"position\":1,\"name\":\"Home\",\"item\":\"https:\/\/cabol.eu\/de\/\"},{\"@type\":\"ListItem\",\"position\":2,\"name\":\"Einsatzbereiche\"}]}]}<\/script>\n<!-- \/ Yoast SEO plugin. -->","yoast_head_json":{"title":"Einsatzbereiche - Cabol","description":"Hydraulische und elektrohydraulische L\u00f6sungen von Cabol f\u00fcr die Keramik-, Energie-, Biomedizin-, Marine-, Milit\u00e4r- und andere Branchen. Ma\u00dfgeschneiderte Effizienz und Innovation.","robots":{"index":"index","follow":"follow","max-snippet":"max-snippet:-1","max-image-preview":"max-image-preview:large","max-video-preview":"max-video-preview:-1"},"canonical":"https:\/\/cabol.eu\/de\/einsatzbereiche\/","og_locale":"de_DE","og_type":"article","og_title":"Einsatzbereiche - Cabol","og_description":"Hydraulische und elektrohydraulische L\u00f6sungen von Cabol f\u00fcr die Keramik-, Energie-, Biomedizin-, Marine-, Milit\u00e4r- und andere Branchen. Ma\u00dfgeschneiderte Effizienz und Innovation.","og_url":"https:\/\/cabol.eu\/de\/einsatzbereiche\/","og_site_name":"Cabol","article_modified_time":"2025-08-07T14:40:49+00:00","og_image":[{"width":1200,"height":800,"url":"https:\/\/cabol.eu\/wp-content\/uploads\/2021\/10\/banner-settori.jpg","type":"image\/jpeg"}],"twitter_card":"summary_large_image","schema":{"@context":"https:\/\/schema.org","@graph":[{"@type":"Organization","@id":"https:\/\/cabol.eu\/#organization","name":"Cabol","url":"https:\/\/cabol.eu\/","sameAs":["https:\/\/www.instagram.com\/cabolfluidengineering?igsh=MTVjYXUyb2ttcXg3bw==&amp;utm_source=qr","https:\/\/www.linkedin.com\/company\/cabol-fluid-engineering\/?viewAsMember=true","https:\/\/www.youtube.com\/@cabolfluidengineering9499"],"logo":{"@type":"ImageObject","@id":"https:\/\/cabol.eu\/#logo","inLanguage":"de-DE","url":"https:\/\/cabol.eu\/cabol2021\/wp-content\/uploads\/2021\/03\/logo-cabol.png","contentUrl":"https:\/\/cabol.eu\/cabol2021\/wp-content\/uploads\/2021\/03\/logo-cabol.png","width":800,"height":280,"caption":"Cabol"},"image":{"@id":"https:\/\/cabol.eu\/#logo"}},{"@type":"WebSite","@id":"https:\/\/cabol.eu\/#website","url":"https:\/\/cabol.eu\/","name":"Cabol","description":"Fluid Engineering","publisher":{"@id":"https:\/\/cabol.eu\/#organization"},"potentialAction":[{"@type":"SearchAction","target":{"@type":"EntryPoint","urlTemplate":"https:\/\/cabol.eu\/?s={search_term_string}"},"query-input":"required name=search_term_string"}],"inLanguage":"de-DE"},{"@type":"ImageObject","@id":"https:\/\/cabol.eu\/de\/einsatzbereiche\/#primaryimage","inLanguage":"de-DE","url":"https:\/\/cabol.eu\/wp-content\/uploads\/2021\/10\/banner-settori.jpg","contentUrl":"https:\/\/cabol.eu\/wp-content\/uploads\/2021\/10\/banner-settori.jpg","width":1200,"height":800},{"@type":"WebPage","@id":"https:\/\/cabol.eu\/de\/einsatzbereiche\/#webpage","url":"https:\/\/cabol.eu\/de\/einsatzbereiche\/","name":"Einsatzbereiche - Cabol","isPartOf":{"@id":"https:\/\/cabol.eu\/#website"},"primaryImageOfPage":{"@id":"https:\/\/cabol.eu\/de\/einsatzbereiche\/#primaryimage"},"datePublished":"2021-12-17T11:10:13+00:00","dateModified":"2025-08-07T14:40:49+00:00","description":"Hydraulische und elektrohydraulische L\u00f6sungen von Cabol f\u00fcr die Keramik-, Energie-, Biomedizin-, Marine-, Milit\u00e4r- und andere Branchen. Ma\u00dfgeschneiderte Effizienz und Innovation.","breadcrumb":{"@id":"https:\/\/cabol.eu\/de\/einsatzbereiche\/#breadcrumb"},"inLanguage":"de-DE","potentialAction":[{"@type":"ReadAction","target":["https:\/\/cabol.eu\/de\/einsatzbereiche\/"]}]},{"@type":"BreadcrumbList","@id":"https:\/\/cabol.eu\/de\/einsatzbereiche\/#breadcrumb","itemListElement":[{"@type":"ListItem","position":1,"name":"Home","item":"https:\/\/cabol.eu\/de\/"},{"@type":"ListItem","position":2,"name":"Einsatzbereiche"}]}]}},"_links":{"self":[{"href":"https:\/\/cabol.eu\/de\/wp-json\/wp\/v2\/pages\/1955"}],"collection":[{"href":"https:\/\/cabol.eu\/de\/wp-json\/wp\/v2\/pages"}],"about":[{"href":"https:\/\/cabol.eu\/de\/wp-json\/wp\/v2\/types\/page"}],"author":[{"embeddable":true,"href":"https:\/\/cabol.eu\/de\/wp-json\/wp\/v2\/users\/1"}],"replies":[{"embeddable":true,"href":"https:\/\/cabol.eu\/de\/wp-json\/wp\/v2\/comments?post=1955"}],"version-history":[{"count":1,"href":"https:\/\/cabol.eu\/de\/wp-json\/wp\/v2\/pages\/1955\/revisions"}],"predecessor-version":[{"id":1956,"href":"https:\/\/cabol.eu\/de\/wp-json\/wp\/v2\/pages\/1955\/revisions\/1956"}],"wp:featuredmedia":[{"embeddable":true,"href":"https:\/\/cabol.eu\/de\/wp-json\/wp\/v2\/media\/1647"}],"wp:attachment":[{"href":"https:\/\/cabol.eu\/de\/wp-json\/wp\/v2\/media?parent=1955"}],"wp:term":[{"taxonomy":"category","embeddable":true,"href":"https:\/\/cabol.eu\/de\/wp-json\/wp\/v2\/categories?post=1955"},{"taxonomy":"post_tag","embeddable":true,"href":"https:\/\/cabol.eu\/de\/wp-json\/wp\/v2\/tags?post=1955"}],"curies":[{"name":"wp","href":"https:\/\/api.w.org\/{rel}","templated":true}]}}