{"id":1961,"date":"2021-12-17T12:11:37","date_gmt":"2021-12-17T11:11:37","guid":{"rendered":"https:\/\/cabol.eu\/einsatzbereiche\/test-und-simulatoren\/"},"modified":"2025-08-07T17:16:36","modified_gmt":"2025-08-07T15:16:36","slug":"test-und-simulatoren","status":"publish","type":"page","link":"https:\/\/cabol.eu\/de\/einsatzbereiche\/test-und-simulatoren\/","title":{"rendered":"Test und Simulatoren"},"content":{"rendered":"<div class=\"pt-cv-wrapper et_smooth_scroll_disabled\"><div class=\"pt-cv-view pt-cv-grid pt-cv-colsys\" id=\"pt-cv-view-a8a01c45m0\"><div data-id=\"pt-cv-page-1\" class=\"pt-cv-page\" data-cvc=\"3\"><div class=\"col-md-4 col-sm-6 col-xs-12 pt-cv-content-item pt-cv-1-col\"  data-pid=\"2026\"><div class='pt-cv-ifield'><a href=\"https:\/\/cabol.eu\/de\/produkte\/spielfreie-gelenklager-1\/spielfreie-gelenklager\/\" class=\"_self pt-cv-href-thumbnail pt-cv-thumb-default cvplbd\" target=\"_self\" ><img width=\"800\" height=\"600\" src=\"https:\/\/cabol.eu\/wp-content\/uploads\/2021\/10\/foto-snodi-sferici-gioco-nullo-01.jpg\" class=\"pt-cv-thumbnail img-none no-lazyload \" alt=\"Snodi sferici gioco nullo\" loading=\"lazy\" srcset=\"https:\/\/cabol.eu\/wp-content\/uploads\/2021\/10\/foto-snodi-sferici-gioco-nullo-01.jpg 800w, https:\/\/cabol.eu\/wp-content\/uploads\/2021\/10\/foto-snodi-sferici-gioco-nullo-01-480x360.jpg 480w\" sizes=\"(min-width: 0px) and (max-width: 480px) 480px, (min-width: 481px) 800px, 100vw\" \/><\/a>\n<h3 class=\"pt-cv-title\"><a href=\"https:\/\/cabol.eu\/de\/produkte\/spielfreie-gelenklager-1\/spielfreie-gelenklager\/\" class=\"_self cvplbd\" target=\"_self\" >Spielfreie Gelenklager<\/a><\/h3><\/div><\/div>\n<div class=\"col-md-4 col-sm-6 col-xs-12 pt-cv-content-item pt-cv-1-col\"  data-pid=\"2068\"><div class='pt-cv-ifield'><a href=\"https:\/\/cabol.eu\/de\/produkte\/doppeltwirkende-hydraulikzylinder\/hydrodynamische-schz\/\" class=\"_self pt-cv-href-thumbnail pt-cv-thumb-default cvplbd\" target=\"_self\" ><img width=\"800\" height=\"600\" src=\"https:\/\/cabol.eu\/wp-content\/uploads\/2021\/10\/foto-servocilindri-idrodinamici-schz-01.jpg\" class=\"pt-cv-thumbnail img-none no-lazyload \" alt=\"Servocilindri idrodinamici SCHZ\" loading=\"lazy\" srcset=\"https:\/\/cabol.eu\/wp-content\/uploads\/2021\/10\/foto-servocilindri-idrodinamici-schz-01.jpg 800w, https:\/\/cabol.eu\/wp-content\/uploads\/2021\/10\/foto-servocilindri-idrodinamici-schz-01-480x360.jpg 480w\" sizes=\"(min-width: 0px) and (max-width: 480px) 480px, (min-width: 481px) 800px, 100vw\" \/><\/a>\n<h3 class=\"pt-cv-title\"><a href=\"https:\/\/cabol.eu\/de\/produkte\/doppeltwirkende-hydraulikzylinder\/hydrodynamische-schz\/\" class=\"_self cvplbd\" target=\"_self\" >Hydrodynamische SCHZ-Servozylinder<\/a><\/h3><\/div><\/div>\n<div class=\"col-md-4 col-sm-6 col-xs-12 pt-cv-content-item pt-cv-1-col\"  data-pid=\"2070\"><div class='pt-cv-ifield'><a href=\"https:\/\/cabol.eu\/de\/produkte\/doppeltwirkende-hydraulikzylinder\/hydrostatische-schzi2\/\" class=\"_self pt-cv-href-thumbnail pt-cv-thumb-default cvplbd\" target=\"_self\" ><img width=\"800\" height=\"600\" src=\"https:\/\/cabol.eu\/wp-content\/uploads\/2021\/10\/foto-servocilindri-indrostatici-schzi2-01.jpg\" class=\"pt-cv-thumbnail img-none no-lazyload \" alt=\"Servocilindri idrostatici SCHZI2\" loading=\"lazy\" srcset=\"https:\/\/cabol.eu\/wp-content\/uploads\/2021\/10\/foto-servocilindri-indrostatici-schzi2-01.jpg 800w, https:\/\/cabol.eu\/wp-content\/uploads\/2021\/10\/foto-servocilindri-indrostatici-schzi2-01-480x360.jpg 480w\" sizes=\"(min-width: 0px) and (max-width: 480px) 480px, (min-width: 481px) 800px, 100vw\" \/><\/a>\n<h3 class=\"pt-cv-title\"><a href=\"https:\/\/cabol.eu\/de\/produkte\/doppeltwirkende-hydraulikzylinder\/hydrostatische-schzi2\/\" class=\"_self cvplbd\" target=\"_self\" >Hydrostatische SCHZI2-Servozylinder<\/a><\/h3><\/div><\/div>\n<div class=\"col-md-4 col-sm-6 col-xs-12 pt-cv-content-item pt-cv-1-col\"  data-pid=\"5281\"><div class='pt-cv-ifield'><a href=\"https:\/\/cabol.eu\/de\/produkte\/leistungsstarke-hydraulikaggregate\/leistungsstarke-hydraulikaggregate\/\" class=\"_self pt-cv-href-thumbnail pt-cv-thumb-default cvplbd\" target=\"_self\" ><img width=\"800\" height=\"600\" src=\"https:\/\/cabol.eu\/wp-content\/uploads\/2021\/12\/foto-centrali-oleodinamiche-di-potenza-01.jpg\" class=\"pt-cv-thumbnail img-none no-lazyload \" alt=\"Centrali oleodinamiche di potenza Cabol\" loading=\"lazy\" srcset=\"https:\/\/cabol.eu\/wp-content\/uploads\/2021\/12\/foto-centrali-oleodinamiche-di-potenza-01.jpg 800w, https:\/\/cabol.eu\/wp-content\/uploads\/2021\/12\/foto-centrali-oleodinamiche-di-potenza-01-480x360.jpg 480w\" sizes=\"(min-width: 0px) and (max-width: 480px) 480px, (min-width: 481px) 800px, 100vw\" \/><\/a>\n<h3 class=\"pt-cv-title\"><a href=\"https:\/\/cabol.eu\/de\/produkte\/leistungsstarke-hydraulikaggregate\/leistungsstarke-hydraulikaggregate\/\" class=\"_self cvplbd\" target=\"_self\" >Leistungsstarke Hydraulikaggregate<\/a><\/h3><\/div><\/div>\n<div class=\"col-md-4 col-sm-6 col-xs-12 pt-cv-content-item pt-cv-1-col\"  data-pid=\"5370\"><div class='pt-cv-ifield'><a href=\"https:\/\/cabol.eu\/de\/produkte\/doppeltwirkende-hydraulikzylinder\/servo-zylinder-schzi2\/\" class=\"_self pt-cv-href-thumbnail pt-cv-thumb-default cvplbd\" target=\"_self\" ><img width=\"1200\" height=\"800\" src=\"https:\/\/cabol.eu\/wp-content\/uploads\/2022\/06\/Servo-cilindro-maggio-3.jpg\" class=\"pt-cv-thumbnail img-none no-lazyload \" alt=\"Servocilindri SCHZI2\" loading=\"lazy\" srcset=\"https:\/\/cabol.eu\/wp-content\/uploads\/2022\/06\/Servo-cilindro-maggio-3.jpg 1200w, https:\/\/cabol.eu\/wp-content\/uploads\/2022\/06\/Servo-cilindro-maggio-3-980x653.jpg 980w, https:\/\/cabol.eu\/wp-content\/uploads\/2022\/06\/Servo-cilindro-maggio-3-480x320.jpg 480w\" sizes=\"(min-width: 0px) and (max-width: 480px) 480px, (min-width: 481px) and (max-width: 980px) 980px, (min-width: 981px) 1200px, 100vw\" \/><\/a>\n<h3 class=\"pt-cv-title\"><a href=\"https:\/\/cabol.eu\/de\/produkte\/doppeltwirkende-hydraulikzylinder\/servo-zylinder-schzi2\/\" class=\"_self cvplbd\" target=\"_self\" >Servo-Zylinder SCHZI2<\/a><\/h3><\/div><\/div>\n<div class=\"col-md-4 col-sm-6 col-xs-12 pt-cv-content-item pt-cv-1-col\"  data-pid=\"5382\"><div class='pt-cv-ifield'><a href=\"https:\/\/cabol.eu\/de\/produkte\/doppeltwirkende-hydraulikzylinder\/servozylinder-test-fuer-achsenzuege\/\" class=\"_self pt-cv-href-thumbnail pt-cv-thumb-default cvplbd\" target=\"_self\" ><img width=\"800\" height=\"600\" src=\"https:\/\/cabol.eu\/wp-content\/uploads\/2022\/07\/Cabol-servocilindro-test-assali-treni.jpg\" class=\"pt-cv-thumbnail img-none no-lazyload \" alt=\"Servocilindri Test per assali treni\" loading=\"lazy\" srcset=\"https:\/\/cabol.eu\/wp-content\/uploads\/2022\/07\/Cabol-servocilindro-test-assali-treni.jpg 800w, https:\/\/cabol.eu\/wp-content\/uploads\/2022\/07\/Cabol-servocilindro-test-assali-treni-480x360.jpg 480w\" sizes=\"(min-width: 0px) and (max-width: 480px) 480px, (min-width: 481px) 800px, 100vw\" \/><\/a>\n<h3 class=\"pt-cv-title\"><a href=\"https:\/\/cabol.eu\/de\/produkte\/doppeltwirkende-hydraulikzylinder\/servozylinder-test-fuer-achsenzuege\/\" class=\"_self cvplbd\" target=\"_self\" >Servozylinder Test f\u00fcr Achsenz\u00fcge<\/a><\/h3><\/div><\/div>\n<div class=\"col-md-4 col-sm-6 col-xs-12 pt-cv-content-item pt-cv-1-col\"  data-pid=\"5398\"><div class='pt-cv-ifield'><a href=\"https:\/\/cabol.eu\/de\/produkte\/hydraulikbloecke\/verteilerbloecke-fuer-hydraulische-servo-zylinder\/\" class=\"_self pt-cv-href-thumbnail pt-cv-thumb-default cvplbd\" target=\"_self\" ><img width=\"800\" height=\"600\" src=\"https:\/\/cabol.eu\/wp-content\/uploads\/2022\/07\/Blocchi-Manifold-per-cilindri-servocilindri-idraulici.jpg\" class=\"pt-cv-thumbnail img-none no-lazyload \" alt=\"Verteilerbl\u00f6cke f\u00fcr hydraulische Servo-Zylinder\" loading=\"lazy\" srcset=\"https:\/\/cabol.eu\/wp-content\/uploads\/2022\/07\/Blocchi-Manifold-per-cilindri-servocilindri-idraulici.jpg 800w, https:\/\/cabol.eu\/wp-content\/uploads\/2022\/07\/Blocchi-Manifold-per-cilindri-servocilindri-idraulici-480x360.jpg 480w\" sizes=\"(min-width: 0px) and (max-width: 480px) 480px, (min-width: 481px) 800px, 100vw\" \/><\/a>\n<h3 class=\"pt-cv-title\"><a href=\"https:\/\/cabol.eu\/de\/produkte\/hydraulikbloecke\/verteilerbloecke-fuer-hydraulische-servo-zylinder\/\" class=\"_self cvplbd\" target=\"_self\" >Verteilerbl\u00f6cke f\u00fcr hydraulische Servo-Zylinder<\/a><\/h3><\/div><\/div>\n<div class=\"col-md-4 col-sm-6 col-xs-12 pt-cv-content-item pt-cv-1-col\"  data-pid=\"5404\"><div class='pt-cv-ifield'><a href=\"https:\/\/cabol.eu\/de\/produkte\/hydraulikbloecke\/verteilerbloecke-fuer-hydraulikzylinder\/\" class=\"_self pt-cv-href-thumbnail pt-cv-thumb-default cvplbd\" target=\"_self\" ><img width=\"800\" height=\"600\" src=\"https:\/\/cabol.eu\/wp-content\/uploads\/2022\/07\/Blocchi-Manifold-per-cilindri-idraulici.jpg\" class=\"pt-cv-thumbnail img-none no-lazyload \" alt=\"Blocchi Manifold per cilindri idraulici\" loading=\"lazy\" srcset=\"https:\/\/cabol.eu\/wp-content\/uploads\/2022\/07\/Blocchi-Manifold-per-cilindri-idraulici.jpg 800w, https:\/\/cabol.eu\/wp-content\/uploads\/2022\/07\/Blocchi-Manifold-per-cilindri-idraulici-480x360.jpg 480w\" sizes=\"(min-width: 0px) and (max-width: 480px) 480px, (min-width: 481px) 800px, 100vw\" \/><\/a>\n<h3 class=\"pt-cv-title\"><a href=\"https:\/\/cabol.eu\/de\/produkte\/hydraulikbloecke\/verteilerbloecke-fuer-hydraulikzylinder\/\" class=\"_self cvplbd\" target=\"_self\" >Verteilerbl\u00f6cke f\u00fcr Hydraulikzylinder<\/a><\/h3><\/div><\/div>\n<div class=\"col-md-4 col-sm-6 col-xs-12 pt-cv-content-item pt-cv-1-col\"  data-pid=\"5412\"><div class='pt-cv-ifield'><a href=\"https:\/\/cabol.eu\/de\/produkte\/hydraulikbloecke\/oleodynamische-bloecke-fuer-hydraulikzylinder\/\" class=\"_self pt-cv-href-thumbnail pt-cv-thumb-default cvplbd\" target=\"_self\" ><img width=\"800\" height=\"600\" src=\"https:\/\/cabol.eu\/wp-content\/uploads\/2022\/07\/Blocchi-Oleodinamici-su-Cilindro-idraulico.jpg\" class=\"pt-cv-thumbnail img-none no-lazyload \" alt=\"Blocchi oleodinamici per cilindri idraulici\" loading=\"lazy\" srcset=\"https:\/\/cabol.eu\/wp-content\/uploads\/2022\/07\/Blocchi-Oleodinamici-su-Cilindro-idraulico.jpg 800w, https:\/\/cabol.eu\/wp-content\/uploads\/2022\/07\/Blocchi-Oleodinamici-su-Cilindro-idraulico-480x360.jpg 480w\" sizes=\"(min-width: 0px) and (max-width: 480px) 480px, (min-width: 481px) 800px, 100vw\" \/><\/a>\n<h3 class=\"pt-cv-title\"><a href=\"https:\/\/cabol.eu\/de\/produkte\/hydraulikbloecke\/oleodynamische-bloecke-fuer-hydraulikzylinder\/\" class=\"_self cvplbd\" target=\"_self\" >\u00d6ldynamische Bl\u00f6cke f\u00fcr Hydraulikzylinder<\/a><\/h3><\/div><\/div>\n<div class=\"col-md-4 col-sm-6 col-xs-12 pt-cv-content-item pt-cv-1-col\"  data-pid=\"5418\"><div class='pt-cv-ifield'><a href=\"https:\/\/cabol.eu\/de\/produkte\/hydraulikbloecke\/hydraulische-stahlbloecke\/\" class=\"_self pt-cv-href-thumbnail pt-cv-thumb-default cvplbd\" target=\"_self\" ><img width=\"800\" height=\"600\" src=\"https:\/\/cabol.eu\/wp-content\/uploads\/2022\/06\/Blocchi-Oleodinamici-in-acciaio.jpg\" class=\"pt-cv-thumbnail img-none no-lazyload \" alt=\"Blocchi oleodinamici in acciaio\" loading=\"lazy\" srcset=\"https:\/\/cabol.eu\/wp-content\/uploads\/2022\/06\/Blocchi-Oleodinamici-in-acciaio.jpg 800w, https:\/\/cabol.eu\/wp-content\/uploads\/2022\/06\/Blocchi-Oleodinamici-in-acciaio-480x360.jpg 480w\" sizes=\"(min-width: 0px) and (max-width: 480px) 480px, (min-width: 481px) 800px, 100vw\" \/><\/a>\n<h3 class=\"pt-cv-title\"><a href=\"https:\/\/cabol.eu\/de\/produkte\/hydraulikbloecke\/hydraulische-stahlbloecke\/\" class=\"_self cvplbd\" target=\"_self\" >Hydraulische Stahlbl\u00f6cke<\/a><\/h3><\/div><\/div>\n<div class=\"col-md-4 col-sm-6 col-xs-12 pt-cv-content-item pt-cv-1-col\"  data-pid=\"5467\"><div class='pt-cv-ifield'><a href=\"https:\/\/cabol.eu\/de\/produkte\/doppeltwirkende-hydraulikzylinder\/hydrodynamische-servo-zylinder-serie-schz\/\" class=\"_self pt-cv-href-thumbnail pt-cv-thumb-default cvplbd\" target=\"_self\" ><img width=\"800\" height=\"600\" src=\"https:\/\/cabol.eu\/wp-content\/uploads\/2022\/07\/SERVOCILINDRI-IDRODINAMICI-SERIE-SCHZ.jpg\" class=\"pt-cv-thumbnail img-none no-lazyload \" alt=\"Servocilindri idrodinamici serie SCHZ\" loading=\"lazy\" srcset=\"https:\/\/cabol.eu\/wp-content\/uploads\/2022\/07\/SERVOCILINDRI-IDRODINAMICI-SERIE-SCHZ.jpg 800w, https:\/\/cabol.eu\/wp-content\/uploads\/2022\/07\/SERVOCILINDRI-IDRODINAMICI-SERIE-SCHZ-480x360.jpg 480w\" sizes=\"(min-width: 0px) and (max-width: 480px) 480px, (min-width: 481px) 800px, 100vw\" \/><\/a>\n<h3 class=\"pt-cv-title\"><a href=\"https:\/\/cabol.eu\/de\/produkte\/doppeltwirkende-hydraulikzylinder\/hydrodynamische-servo-zylinder-serie-schz\/\" class=\"_self cvplbd\" target=\"_self\" >Hydrodynamische Servo-Zylinder Serie SCHZ<\/a><\/h3><\/div><\/div>\n<div class=\"col-md-4 col-sm-6 col-xs-12 pt-cv-content-item pt-cv-1-col\"  data-pid=\"5481\"><div class='pt-cv-ifield'><a href=\"https:\/\/cabol.eu\/de\/produkte\/doppeltwirkende-hydraulikzylinder\/hydrostatisch-servo-zylinder-schzi\/\" class=\"_self pt-cv-href-thumbnail pt-cv-thumb-default cvplbd\" target=\"_self\" ><img width=\"800\" height=\"600\" src=\"https:\/\/cabol.eu\/wp-content\/uploads\/2022\/07\/Servocilindro-idrostatico-SCHZI.jpg\" class=\"pt-cv-thumbnail img-none no-lazyload \" alt=\"Servocilindro Idraulico Cabol\" loading=\"lazy\" srcset=\"https:\/\/cabol.eu\/wp-content\/uploads\/2022\/07\/Servocilindro-idrostatico-SCHZI.jpg 800w, https:\/\/cabol.eu\/wp-content\/uploads\/2022\/07\/Servocilindro-idrostatico-SCHZI-480x360.jpg 480w\" sizes=\"(min-width: 0px) and (max-width: 480px) 480px, (min-width: 481px) 800px, 100vw\" \/><\/a>\n<h3 class=\"pt-cv-title\"><a href=\"https:\/\/cabol.eu\/de\/produkte\/doppeltwirkende-hydraulikzylinder\/hydrostatisch-servo-zylinder-schzi\/\" class=\"_self cvplbd\" target=\"_self\" >Hydrostatische Servo-Zylinder SCHZI<\/a><\/h3><\/div><\/div>\n<div class=\"col-md-4 col-sm-6 col-xs-12 pt-cv-content-item pt-cv-1-col\"  data-pid=\"5537\"><div class='pt-cv-ifield'><a href=\"https:\/\/cabol.eu\/de\/produkte\/spielfreie-gelenklager-1\/spielfreie-gelenklager-2\/\" class=\"_self pt-cv-href-thumbnail pt-cv-thumb-default cvplbd\" target=\"_self\" ><img width=\"800\" height=\"600\" src=\"https:\/\/cabol.eu\/wp-content\/uploads\/2022\/07\/SNODI-SFERICI-A-GIOCO-NULLO.jpg\" class=\"pt-cv-thumbnail img-none no-lazyload \" alt=\"Snodi sferici gioco nullo\" loading=\"lazy\" srcset=\"https:\/\/cabol.eu\/wp-content\/uploads\/2022\/07\/SNODI-SFERICI-A-GIOCO-NULLO.jpg 800w, https:\/\/cabol.eu\/wp-content\/uploads\/2022\/07\/SNODI-SFERICI-A-GIOCO-NULLO-480x360.jpg 480w\" sizes=\"(min-width: 0px) and (max-width: 480px) 480px, (min-width: 481px) 800px, 100vw\" \/><\/a>\n<h3 class=\"pt-cv-title\"><a href=\"https:\/\/cabol.eu\/de\/produkte\/spielfreie-gelenklager-1\/spielfreie-gelenklager-2\/\" class=\"_self cvplbd\" target=\"_self\" >Spielfreie Gelenklager<\/a><\/h3><\/div><\/div>\n<div class=\"col-md-4 col-sm-6 col-xs-12 pt-cv-content-item pt-cv-1-col\"  data-pid=\"5927\"><div class='pt-cv-ifield'><a href=\"https:\/\/cabol.eu\/de\/produkte\/doppeltwirkende-hydraulikzylinder\/hydraulische-servozylinder-fuer-erdbebensichere-pruefstaende\/\" class=\"_self pt-cv-href-thumbnail pt-cv-thumb-default cvplbd\" target=\"_self\" ><img width=\"800\" height=\"600\" src=\"https:\/\/cabol.eu\/wp-content\/uploads\/2022\/07\/Servocilindri_laboratorio-sismica.jpg\" class=\"pt-cv-thumbnail img-none no-lazyload \" alt=\"Servocilindri idraulici per banchi test anti-sismica\" loading=\"lazy\" srcset=\"https:\/\/cabol.eu\/wp-content\/uploads\/2022\/07\/Servocilindri_laboratorio-sismica.jpg 800w, https:\/\/cabol.eu\/wp-content\/uploads\/2022\/07\/Servocilindri_laboratorio-sismica-480x360.jpg 480w\" sizes=\"(min-width: 0px) and (max-width: 480px) 480px, (min-width: 481px) 800px, 100vw\" \/><\/a>\n<h3 class=\"pt-cv-title\"><a href=\"https:\/\/cabol.eu\/de\/produkte\/doppeltwirkende-hydraulikzylinder\/hydraulische-servozylinder-fuer-erdbebensichere-pruefstaende\/\" class=\"_self cvplbd\" target=\"_self\" >Hydraulische Servozylinder f\u00fcr erdbebensichere Pr\u00fcfst\u00e4nde<\/a><\/h3><\/div><\/div><\/div><\/div><\/div>\t\t\t<style type=\"text\/css\" id=\"pt-cv-inline-style-daeb30bgre\">#pt-cv-view-a8a01c45m0 .pt-cv-title a, #pt-cv-view-a8a01c45m0  .panel-title { color: #333333 !important; font-weight: 600 !important; display: block !important; text-align: center !important; clear: both !important; }\n#pt-cv-view-a8a01c45m0 .pt-cv-carousel-caption  { background-color: rgba(51,51,51,.6) !important; }\n#pt-cv-view-a8a01c45m0 .pt-cv-specialp { background-color: #CC3333 !important }\n#pt-cv-view-a8a01c45m0 .pt-cv-specialp * { color: #fff !important; }\n#pt-cv-view-a8a01c45m0 .pt-cv-pficon  { color: #bbb !important; }\n#pt-cv-view-a8a01c45m0 .pt-cv-readmore  { color: #ffffff !important; background-color: #00aeef !important; }\n#pt-cv-view-a8a01c45m0 .pt-cv-readmore:hover  { color: #ffffff !important; background-color: #00aeef !important; }\n#pt-cv-view-a8a01c45m0  + .pt-cv-pagination-wrapper .pt-cv-more , #pt-cv-view-a8a01c45m0  + .pt-cv-pagination-wrapper .pagination .active a { color: #ffffff !important; background-color: #00aeef !important; }<\/style>\r\n\t\t\t\n","protected":false},"excerpt":{"rendered":"","protected":false},"author":1,"featured_media":1650,"parent":1955,"menu_order":0,"comment_status":"closed","ping_status":"closed","template":"","meta":{"_et_pb_use_builder":"","_et_pb_old_content":"","_et_gb_content_width":""},"categories":[],"tags":[],"acf":[],"yoast_head":"<!-- This site is optimized with the Yoast SEO plugin v18.5.1 - https:\/\/yoast.com\/wordpress\/plugins\/seo\/ -->\n<title>Test und Simulatoren - Cabol<\/title>\n<meta name=\"description\" content=\"Entdecken Sie die hydraulischen, elektrohydraulischen und \u00f6ldynamischen L\u00f6sungen von Cabol srl f\u00fcr Tests und Simulatoren.\" \/>\n<meta name=\"robots\" content=\"index, follow, max-snippet:-1, max-image-preview:large, max-video-preview:-1\" \/>\n<link rel=\"canonical\" href=\"https:\/\/cabol.eu\/de\/einsatzbereiche\/test-und-simulatoren\/\" \/>\n<meta property=\"og:locale\" content=\"de_DE\" \/>\n<meta property=\"og:type\" content=\"article\" \/>\n<meta property=\"og:title\" content=\"Test und Simulatoren - Cabol\" \/>\n<meta property=\"og:description\" content=\"Entdecken Sie die hydraulischen, elektrohydraulischen und \u00f6ldynamischen L\u00f6sungen von Cabol srl f\u00fcr Tests und Simulatoren.\" \/>\n<meta property=\"og:url\" content=\"https:\/\/cabol.eu\/de\/einsatzbereiche\/test-und-simulatoren\/\" \/>\n<meta property=\"og:site_name\" content=\"Cabol\" \/>\n<meta property=\"article:modified_time\" content=\"2025-08-07T15:16:36+00:00\" \/>\n<meta property=\"og:image\" content=\"https:\/\/cabol.eu\/wp-content\/uploads\/2021\/10\/banner-test-e-simulatori.jpg\" \/>\n\t<meta property=\"og:image:width\" content=\"1200\" \/>\n\t<meta property=\"og:image:height\" content=\"800\" \/>\n\t<meta property=\"og:image:type\" content=\"image\/jpeg\" \/>\n<meta name=\"twitter:card\" content=\"summary_large_image\" \/>\n<meta name=\"twitter:label1\" content=\"Est. reading time\" \/>\n\t<meta name=\"twitter:data1\" content=\"1 minute\" \/>\n<script type=\"application\/ld+json\" class=\"yoast-schema-graph\">{\"@context\":\"https:\/\/schema.org\",\"@graph\":[{\"@type\":\"Organization\",\"@id\":\"https:\/\/cabol.eu\/#organization\",\"name\":\"Cabol\",\"url\":\"https:\/\/cabol.eu\/\",\"sameAs\":[\"https:\/\/www.instagram.com\/cabolfluidengineering?igsh=MTVjYXUyb2ttcXg3bw==&amp;utm_source=qr\",\"https:\/\/www.linkedin.com\/company\/cabol-fluid-engineering\/?viewAsMember=true\",\"https:\/\/www.youtube.com\/@cabolfluidengineering9499\"],\"logo\":{\"@type\":\"ImageObject\",\"@id\":\"https:\/\/cabol.eu\/#logo\",\"inLanguage\":\"de-DE\",\"url\":\"https:\/\/cabol.eu\/cabol2021\/wp-content\/uploads\/2021\/03\/logo-cabol.png\",\"contentUrl\":\"https:\/\/cabol.eu\/cabol2021\/wp-content\/uploads\/2021\/03\/logo-cabol.png\",\"width\":800,\"height\":280,\"caption\":\"Cabol\"},\"image\":{\"@id\":\"https:\/\/cabol.eu\/#logo\"}},{\"@type\":\"WebSite\",\"@id\":\"https:\/\/cabol.eu\/#website\",\"url\":\"https:\/\/cabol.eu\/\",\"name\":\"Cabol\",\"description\":\"Fluid Engineering\",\"publisher\":{\"@id\":\"https:\/\/cabol.eu\/#organization\"},\"potentialAction\":[{\"@type\":\"SearchAction\",\"target\":{\"@type\":\"EntryPoint\",\"urlTemplate\":\"https:\/\/cabol.eu\/?s={search_term_string}\"},\"query-input\":\"required name=search_term_string\"}],\"inLanguage\":\"de-DE\"},{\"@type\":\"ImageObject\",\"@id\":\"https:\/\/cabol.eu\/de\/einsatzbereiche\/test-und-simulatoren\/#primaryimage\",\"inLanguage\":\"de-DE\",\"url\":\"https:\/\/cabol.eu\/wp-content\/uploads\/2021\/10\/banner-test-e-simulatori.jpg\",\"contentUrl\":\"https:\/\/cabol.eu\/wp-content\/uploads\/2021\/10\/banner-test-e-simulatori.jpg\",\"width\":1200,\"height\":800,\"caption\":\"Cabol settore test e simulatori\"},{\"@type\":\"WebPage\",\"@id\":\"https:\/\/cabol.eu\/de\/einsatzbereiche\/test-und-simulatoren\/#webpage\",\"url\":\"https:\/\/cabol.eu\/de\/einsatzbereiche\/test-und-simulatoren\/\",\"name\":\"Test und Simulatoren - Cabol\",\"isPartOf\":{\"@id\":\"https:\/\/cabol.eu\/#website\"},\"primaryImageOfPage\":{\"@id\":\"https:\/\/cabol.eu\/de\/einsatzbereiche\/test-und-simulatoren\/#primaryimage\"},\"datePublished\":\"2021-12-17T11:11:37+00:00\",\"dateModified\":\"2025-08-07T15:16:36+00:00\",\"description\":\"Entdecken Sie die hydraulischen, elektrohydraulischen und \u00f6ldynamischen L\u00f6sungen von Cabol srl f\u00fcr Tests und Simulatoren.\",\"breadcrumb\":{\"@id\":\"https:\/\/cabol.eu\/de\/einsatzbereiche\/test-und-simulatoren\/#breadcrumb\"},\"inLanguage\":\"de-DE\",\"potentialAction\":[{\"@type\":\"ReadAction\",\"target\":[\"https:\/\/cabol.eu\/de\/einsatzbereiche\/test-und-simulatoren\/\"]}]},{\"@type\":\"BreadcrumbList\",\"@id\":\"https:\/\/cabol.eu\/de\/einsatzbereiche\/test-und-simulatoren\/#breadcrumb\",\"itemListElement\":[{\"@type\":\"ListItem\",\"position\":1,\"name\":\"Home\",\"item\":\"https:\/\/cabol.eu\/de\/\"},{\"@type\":\"ListItem\",\"position\":2,\"name\":\"Einsatzbereiche\",\"item\":\"https:\/\/cabol.eu\/de\/einsatzbereiche\/\"},{\"@type\":\"ListItem\",\"position\":3,\"name\":\"Test und Simulatoren\"}]}]}<\/script>\n<!-- \/ Yoast SEO plugin. -->","yoast_head_json":{"title":"Test und Simulatoren - Cabol","description":"Entdecken Sie die hydraulischen, elektrohydraulischen und \u00f6ldynamischen L\u00f6sungen von Cabol srl f\u00fcr Tests und Simulatoren.","robots":{"index":"index","follow":"follow","max-snippet":"max-snippet:-1","max-image-preview":"max-image-preview:large","max-video-preview":"max-video-preview:-1"},"canonical":"https:\/\/cabol.eu\/de\/einsatzbereiche\/test-und-simulatoren\/","og_locale":"de_DE","og_type":"article","og_title":"Test und Simulatoren - Cabol","og_description":"Entdecken Sie die hydraulischen, elektrohydraulischen und \u00f6ldynamischen L\u00f6sungen von Cabol srl f\u00fcr Tests und Simulatoren.","og_url":"https:\/\/cabol.eu\/de\/einsatzbereiche\/test-und-simulatoren\/","og_site_name":"Cabol","article_modified_time":"2025-08-07T15:16:36+00:00","og_image":[{"width":1200,"height":800,"url":"https:\/\/cabol.eu\/wp-content\/uploads\/2021\/10\/banner-test-e-simulatori.jpg","type":"image\/jpeg"}],"twitter_card":"summary_large_image","twitter_misc":{"Est. reading time":"1 minute"},"schema":{"@context":"https:\/\/schema.org","@graph":[{"@type":"Organization","@id":"https:\/\/cabol.eu\/#organization","name":"Cabol","url":"https:\/\/cabol.eu\/","sameAs":["https:\/\/www.instagram.com\/cabolfluidengineering?igsh=MTVjYXUyb2ttcXg3bw==&amp;utm_source=qr","https:\/\/www.linkedin.com\/company\/cabol-fluid-engineering\/?viewAsMember=true","https:\/\/www.youtube.com\/@cabolfluidengineering9499"],"logo":{"@type":"ImageObject","@id":"https:\/\/cabol.eu\/#logo","inLanguage":"de-DE","url":"https:\/\/cabol.eu\/cabol2021\/wp-content\/uploads\/2021\/03\/logo-cabol.png","contentUrl":"https:\/\/cabol.eu\/cabol2021\/wp-content\/uploads\/2021\/03\/logo-cabol.png","width":800,"height":280,"caption":"Cabol"},"image":{"@id":"https:\/\/cabol.eu\/#logo"}},{"@type":"WebSite","@id":"https:\/\/cabol.eu\/#website","url":"https:\/\/cabol.eu\/","name":"Cabol","description":"Fluid Engineering","publisher":{"@id":"https:\/\/cabol.eu\/#organization"},"potentialAction":[{"@type":"SearchAction","target":{"@type":"EntryPoint","urlTemplate":"https:\/\/cabol.eu\/?s={search_term_string}"},"query-input":"required name=search_term_string"}],"inLanguage":"de-DE"},{"@type":"ImageObject","@id":"https:\/\/cabol.eu\/de\/einsatzbereiche\/test-und-simulatoren\/#primaryimage","inLanguage":"de-DE","url":"https:\/\/cabol.eu\/wp-content\/uploads\/2021\/10\/banner-test-e-simulatori.jpg","contentUrl":"https:\/\/cabol.eu\/wp-content\/uploads\/2021\/10\/banner-test-e-simulatori.jpg","width":1200,"height":800,"caption":"Cabol settore test e simulatori"},{"@type":"WebPage","@id":"https:\/\/cabol.eu\/de\/einsatzbereiche\/test-und-simulatoren\/#webpage","url":"https:\/\/cabol.eu\/de\/einsatzbereiche\/test-und-simulatoren\/","name":"Test und Simulatoren - Cabol","isPartOf":{"@id":"https:\/\/cabol.eu\/#website"},"primaryImageOfPage":{"@id":"https:\/\/cabol.eu\/de\/einsatzbereiche\/test-und-simulatoren\/#primaryimage"},"datePublished":"2021-12-17T11:11:37+00:00","dateModified":"2025-08-07T15:16:36+00:00","description":"Entdecken Sie die hydraulischen, elektrohydraulischen und \u00f6ldynamischen L\u00f6sungen von Cabol srl f\u00fcr Tests und Simulatoren.","breadcrumb":{"@id":"https:\/\/cabol.eu\/de\/einsatzbereiche\/test-und-simulatoren\/#breadcrumb"},"inLanguage":"de-DE","potentialAction":[{"@type":"ReadAction","target":["https:\/\/cabol.eu\/de\/einsatzbereiche\/test-und-simulatoren\/"]}]},{"@type":"BreadcrumbList","@id":"https:\/\/cabol.eu\/de\/einsatzbereiche\/test-und-simulatoren\/#breadcrumb","itemListElement":[{"@type":"ListItem","position":1,"name":"Home","item":"https:\/\/cabol.eu\/de\/"},{"@type":"ListItem","position":2,"name":"Einsatzbereiche","item":"https:\/\/cabol.eu\/de\/einsatzbereiche\/"},{"@type":"ListItem","position":3,"name":"Test und Simulatoren"}]}]}},"_links":{"self":[{"href":"https:\/\/cabol.eu\/de\/wp-json\/wp\/v2\/pages\/1961"}],"collection":[{"href":"https:\/\/cabol.eu\/de\/wp-json\/wp\/v2\/pages"}],"about":[{"href":"https:\/\/cabol.eu\/de\/wp-json\/wp\/v2\/types\/page"}],"author":[{"embeddable":true,"href":"https:\/\/cabol.eu\/de\/wp-json\/wp\/v2\/users\/1"}],"replies":[{"embeddable":true,"href":"https:\/\/cabol.eu\/de\/wp-json\/wp\/v2\/comments?post=1961"}],"version-history":[{"count":1,"href":"https:\/\/cabol.eu\/de\/wp-json\/wp\/v2\/pages\/1961\/revisions"}],"predecessor-version":[{"id":1962,"href":"https:\/\/cabol.eu\/de\/wp-json\/wp\/v2\/pages\/1961\/revisions\/1962"}],"up":[{"embeddable":true,"href":"https:\/\/cabol.eu\/de\/wp-json\/wp\/v2\/pages\/1955"}],"wp:featuredmedia":[{"embeddable":true,"href":"https:\/\/cabol.eu\/de\/wp-json\/wp\/v2\/media\/1650"}],"wp:attachment":[{"href":"https:\/\/cabol.eu\/de\/wp-json\/wp\/v2\/media?parent=1961"}],"wp:term":[{"taxonomy":"category","embeddable":true,"href":"https:\/\/cabol.eu\/de\/wp-json\/wp\/v2\/categories?post=1961"},{"taxonomy":"post_tag","embeddable":true,"href":"https:\/\/cabol.eu\/de\/wp-json\/wp\/v2\/tags?post=1961"}],"curies":[{"name":"wp","href":"https:\/\/api.w.org\/{rel}","templated":true}]}}