{"id":1987,"date":"2021-12-17T12:25:30","date_gmt":"2021-12-17T11:25:30","guid":{"rendered":"https:\/\/cabol.eu\/das-unternehmen\/wer-wir-sind\/"},"modified":"2025-08-07T11:27:21","modified_gmt":"2025-08-07T09:27:21","slug":"wer-wir-sind","status":"publish","type":"page","link":"https:\/\/cabol.eu\/de\/das-unternehmen\/wer-wir-sind\/","title":{"rendered":"Wer wir sind"},"content":{"rendered":"\n<figure class=\"wp-block-video\"><video controls poster=\"\" preload=\"auto\" src=\"https:\/\/cabol.eu\/wp-content\/uploads\/2023\/01\/Cabol_Video-Azienda-2022_DE_WEB.mp4\"><\/video><\/figure>\n\n\n\n<h2>Gegr\u00fcndet in Modena<\/h2>\n\n\n\n<p>Auf dem Gebiet der Mechanik hat sich Modena weltweit einen Namen gemacht. Denn die Mechanik ist fest im Herzen und im Geist der Modeneser verankert.Mechanik ist mehr als nur Arbeit, mehr als nur eine Leidenschaft. Und es ist kein Zufall, dass Cabol genau in Modena gegr\u00fcndet wurde und sich zu einem f\u00fchrenden Unternehmen auf dem Gebiet der Hydraulik entwickelt hat.<\/p>\n\n\n\n<h2>Know-how und Qualit\u00e4t<\/h2>\n\n\n\n<p>Die Gr\u00fcndung des Unternehmens im Jahre 1980 basiert auf fr\u00fcheren Erfahrungen in der Hydraulikbranche, wodurch sich Cabol mit der Entwicklung und Produktion qualitativ hochwertiger Hydraulikaggregate und -zylinder von Anfang an der allgemeinen Aufmerksamkeit sicher sein konnte. Die Gesch\u00e4ftst\u00e4tigkeit erstreckt sich schon seit jeher \u00fcber die wichtigsten Industriezweige, wie beispielsweise Systeme f\u00fcr die Keramik-, Kunststoff-, Blech-, Holz- und Schifffahrtsbranche, sowie die Eisen- und Stahlindustrie und die Bef\u00f6rderungsbranche im Allgemeinen.Nach und nach hat Cabol auch in Bereichen, in denen fortschrittliche Hydraulik eingesetzt wird, ein betr\u00e4chtliches Know-how entwickelt, wie z.B. in Universit\u00e4tslabors, im biomedizinischen oder milit\u00e4rischen Bereich, oder auch bei Pr\u00fcfst\u00e4nden, wo Zylinder und Servozylinder mit speziellen technischen Eigenschaften und extrem hoher Leistung gefragt sind.<\/p>\n\n\n\n<h2>Non-Stop-Innovation<\/h2>\n\n\n\n<p>Innovation war schon immer der Leitfaden des Unternehmens, das sich auch heute noch in einer st\u00e4ndigen Wachstumsphase befindet, sowohl in Bezug auf den Umfang des Firmensitzes oder die Anzahl der Mitarbeiter, als auch auf viele neue Ideen, die kontinuierlich weiterentwickelt werden. Cabol ist in den genannten Branchen Partner der gr\u00f6\u00dften Produzenten und Konstrukteure von Maschinen und Anlagen. Aber auch in den anderen Referenzsektoren kann das Unternehmen seinen Marktanteil ausbauen \u2013 dank einer kontinuierlichen Forschung zwecks Innovation und Verbesserung der eigenen Produkte.<\/p>\n","protected":false},"excerpt":{"rendered":"<p>Gegr\u00fcndet in Modena Auf dem Gebiet der Mechanik hat sich Modena weltweit einen Namen gemacht. Denn die Mechanik ist fest im Herzen und im Geist der Modeneser verankert.Mechanik ist mehr als nur Arbeit, mehr als nur eine Leidenschaft. Und es ist kein Zufall, dass Cabol genau in Modena gegr\u00fcndet wurde und sich zu einem f\u00fchrenden [&hellip;]<\/p>\n","protected":false},"author":1,"featured_media":1639,"parent":1632,"menu_order":0,"comment_status":"closed","ping_status":"closed","template":"","meta":{"_et_pb_use_builder":"off","_et_pb_old_content":"","_et_gb_content_width":""},"categories":[],"tags":[],"acf":[],"yoast_head":"<!-- This site is optimized with the Yoast SEO plugin v18.5.1 - https:\/\/yoast.com\/wordpress\/plugins\/seo\/ -->\n<title>Wer wir sind - Cabol<\/title>\n<meta name=\"description\" content=\"Cabol \u2013 Fluid Engineering srl in Modena: kundenspezifische Hydraulikl\u00f6sungen (Zylinder, Servozylinder, Aktuatoren) mit ISO 9001-zertifizierter Qualit\u00e4t seit 1980.\" \/>\n<meta name=\"robots\" content=\"index, follow, max-snippet:-1, max-image-preview:large, max-video-preview:-1\" \/>\n<link rel=\"canonical\" href=\"https:\/\/cabol.eu\/de\/das-unternehmen\/wer-wir-sind\/\" \/>\n<meta property=\"og:locale\" content=\"de_DE\" \/>\n<meta property=\"og:type\" content=\"article\" \/>\n<meta property=\"og:title\" content=\"Wer wir sind - Cabol\" \/>\n<meta property=\"og:description\" content=\"Cabol \u2013 Fluid Engineering srl in Modena: kundenspezifische Hydraulikl\u00f6sungen (Zylinder, Servozylinder, Aktuatoren) mit ISO 9001-zertifizierter Qualit\u00e4t seit 1980.\" \/>\n<meta property=\"og:url\" content=\"https:\/\/cabol.eu\/de\/das-unternehmen\/wer-wir-sind\/\" \/>\n<meta property=\"og:site_name\" content=\"Cabol\" \/>\n<meta property=\"article:modified_time\" content=\"2025-08-07T09:27:21+00:00\" \/>\n<meta property=\"og:image\" content=\"https:\/\/cabol.eu\/wp-content\/uploads\/2021\/10\/banner-azienda-chi-siamo.jpg\" \/>\n\t<meta property=\"og:image:width\" content=\"1200\" \/>\n\t<meta property=\"og:image:height\" content=\"800\" \/>\n\t<meta property=\"og:image:type\" content=\"image\/jpeg\" \/>\n<meta name=\"twitter:card\" content=\"summary_large_image\" \/>\n<meta name=\"twitter:label1\" content=\"Est. reading time\" \/>\n\t<meta name=\"twitter:data1\" content=\"2 minutes\" \/>\n<script type=\"application\/ld+json\" class=\"yoast-schema-graph\">{\"@context\":\"https:\/\/schema.org\",\"@graph\":[{\"@type\":\"Organization\",\"@id\":\"https:\/\/cabol.eu\/#organization\",\"name\":\"Cabol\",\"url\":\"https:\/\/cabol.eu\/\",\"sameAs\":[\"https:\/\/www.instagram.com\/cabolfluidengineering?igsh=MTVjYXUyb2ttcXg3bw==&amp;utm_source=qr\",\"https:\/\/www.linkedin.com\/company\/cabol-fluid-engineering\/?viewAsMember=true\",\"https:\/\/www.youtube.com\/@cabolfluidengineering9499\"],\"logo\":{\"@type\":\"ImageObject\",\"@id\":\"https:\/\/cabol.eu\/#logo\",\"inLanguage\":\"de-DE\",\"url\":\"https:\/\/cabol.eu\/cabol2021\/wp-content\/uploads\/2021\/03\/logo-cabol.png\",\"contentUrl\":\"https:\/\/cabol.eu\/cabol2021\/wp-content\/uploads\/2021\/03\/logo-cabol.png\",\"width\":800,\"height\":280,\"caption\":\"Cabol\"},\"image\":{\"@id\":\"https:\/\/cabol.eu\/#logo\"}},{\"@type\":\"WebSite\",\"@id\":\"https:\/\/cabol.eu\/#website\",\"url\":\"https:\/\/cabol.eu\/\",\"name\":\"Cabol\",\"description\":\"Fluid Engineering\",\"publisher\":{\"@id\":\"https:\/\/cabol.eu\/#organization\"},\"potentialAction\":[{\"@type\":\"SearchAction\",\"target\":{\"@type\":\"EntryPoint\",\"urlTemplate\":\"https:\/\/cabol.eu\/?s={search_term_string}\"},\"query-input\":\"required name=search_term_string\"}],\"inLanguage\":\"de-DE\"},{\"@type\":\"ImageObject\",\"@id\":\"https:\/\/cabol.eu\/de\/das-unternehmen\/wer-wir-sind\/#primaryimage\",\"inLanguage\":\"de-DE\",\"url\":\"https:\/\/cabol.eu\/wp-content\/uploads\/2021\/10\/banner-azienda-chi-siamo.jpg\",\"contentUrl\":\"https:\/\/cabol.eu\/wp-content\/uploads\/2021\/10\/banner-azienda-chi-siamo.jpg\",\"width\":1200,\"height\":800},{\"@type\":\"WebPage\",\"@id\":\"https:\/\/cabol.eu\/de\/das-unternehmen\/wer-wir-sind\/#webpage\",\"url\":\"https:\/\/cabol.eu\/de\/das-unternehmen\/wer-wir-sind\/\",\"name\":\"Wer wir sind - Cabol\",\"isPartOf\":{\"@id\":\"https:\/\/cabol.eu\/#website\"},\"primaryImageOfPage\":{\"@id\":\"https:\/\/cabol.eu\/de\/das-unternehmen\/wer-wir-sind\/#primaryimage\"},\"datePublished\":\"2021-12-17T11:25:30+00:00\",\"dateModified\":\"2025-08-07T09:27:21+00:00\",\"description\":\"Cabol \u2013 Fluid Engineering srl in Modena: kundenspezifische Hydraulikl\u00f6sungen (Zylinder, Servozylinder, Aktuatoren) mit ISO 9001-zertifizierter Qualit\u00e4t seit 1980.\",\"breadcrumb\":{\"@id\":\"https:\/\/cabol.eu\/de\/das-unternehmen\/wer-wir-sind\/#breadcrumb\"},\"inLanguage\":\"de-DE\",\"potentialAction\":[{\"@type\":\"ReadAction\",\"target\":[\"https:\/\/cabol.eu\/de\/das-unternehmen\/wer-wir-sind\/\"]}]},{\"@type\":\"BreadcrumbList\",\"@id\":\"https:\/\/cabol.eu\/de\/das-unternehmen\/wer-wir-sind\/#breadcrumb\",\"itemListElement\":[{\"@type\":\"ListItem\",\"position\":1,\"name\":\"Home\",\"item\":\"https:\/\/cabol.eu\/de\/\"},{\"@type\":\"ListItem\",\"position\":2,\"name\":\"Das Unternehmen\",\"item\":\"https:\/\/cabol.eu\/de\/azienda\/\"},{\"@type\":\"ListItem\",\"position\":3,\"name\":\"Wer wir sind\"}]}]}<\/script>\n<!-- \/ Yoast SEO plugin. -->","yoast_head_json":{"title":"Wer wir sind - Cabol","description":"Cabol \u2013 Fluid Engineering srl in Modena: kundenspezifische Hydraulikl\u00f6sungen (Zylinder, Servozylinder, Aktuatoren) mit ISO 9001-zertifizierter Qualit\u00e4t seit 1980.","robots":{"index":"index","follow":"follow","max-snippet":"max-snippet:-1","max-image-preview":"max-image-preview:large","max-video-preview":"max-video-preview:-1"},"canonical":"https:\/\/cabol.eu\/de\/das-unternehmen\/wer-wir-sind\/","og_locale":"de_DE","og_type":"article","og_title":"Wer wir sind - Cabol","og_description":"Cabol \u2013 Fluid Engineering srl in Modena: kundenspezifische Hydraulikl\u00f6sungen (Zylinder, Servozylinder, Aktuatoren) mit ISO 9001-zertifizierter Qualit\u00e4t seit 1980.","og_url":"https:\/\/cabol.eu\/de\/das-unternehmen\/wer-wir-sind\/","og_site_name":"Cabol","article_modified_time":"2025-08-07T09:27:21+00:00","og_image":[{"width":1200,"height":800,"url":"https:\/\/cabol.eu\/wp-content\/uploads\/2021\/10\/banner-azienda-chi-siamo.jpg","type":"image\/jpeg"}],"twitter_card":"summary_large_image","twitter_misc":{"Est. reading time":"2 minutes"},"schema":{"@context":"https:\/\/schema.org","@graph":[{"@type":"Organization","@id":"https:\/\/cabol.eu\/#organization","name":"Cabol","url":"https:\/\/cabol.eu\/","sameAs":["https:\/\/www.instagram.com\/cabolfluidengineering?igsh=MTVjYXUyb2ttcXg3bw==&amp;utm_source=qr","https:\/\/www.linkedin.com\/company\/cabol-fluid-engineering\/?viewAsMember=true","https:\/\/www.youtube.com\/@cabolfluidengineering9499"],"logo":{"@type":"ImageObject","@id":"https:\/\/cabol.eu\/#logo","inLanguage":"de-DE","url":"https:\/\/cabol.eu\/cabol2021\/wp-content\/uploads\/2021\/03\/logo-cabol.png","contentUrl":"https:\/\/cabol.eu\/cabol2021\/wp-content\/uploads\/2021\/03\/logo-cabol.png","width":800,"height":280,"caption":"Cabol"},"image":{"@id":"https:\/\/cabol.eu\/#logo"}},{"@type":"WebSite","@id":"https:\/\/cabol.eu\/#website","url":"https:\/\/cabol.eu\/","name":"Cabol","description":"Fluid Engineering","publisher":{"@id":"https:\/\/cabol.eu\/#organization"},"potentialAction":[{"@type":"SearchAction","target":{"@type":"EntryPoint","urlTemplate":"https:\/\/cabol.eu\/?s={search_term_string}"},"query-input":"required name=search_term_string"}],"inLanguage":"de-DE"},{"@type":"ImageObject","@id":"https:\/\/cabol.eu\/de\/das-unternehmen\/wer-wir-sind\/#primaryimage","inLanguage":"de-DE","url":"https:\/\/cabol.eu\/wp-content\/uploads\/2021\/10\/banner-azienda-chi-siamo.jpg","contentUrl":"https:\/\/cabol.eu\/wp-content\/uploads\/2021\/10\/banner-azienda-chi-siamo.jpg","width":1200,"height":800},{"@type":"WebPage","@id":"https:\/\/cabol.eu\/de\/das-unternehmen\/wer-wir-sind\/#webpage","url":"https:\/\/cabol.eu\/de\/das-unternehmen\/wer-wir-sind\/","name":"Wer wir sind - Cabol","isPartOf":{"@id":"https:\/\/cabol.eu\/#website"},"primaryImageOfPage":{"@id":"https:\/\/cabol.eu\/de\/das-unternehmen\/wer-wir-sind\/#primaryimage"},"datePublished":"2021-12-17T11:25:30+00:00","dateModified":"2025-08-07T09:27:21+00:00","description":"Cabol \u2013 Fluid Engineering srl in Modena: kundenspezifische Hydraulikl\u00f6sungen (Zylinder, Servozylinder, Aktuatoren) mit ISO 9001-zertifizierter Qualit\u00e4t seit 1980.","breadcrumb":{"@id":"https:\/\/cabol.eu\/de\/das-unternehmen\/wer-wir-sind\/#breadcrumb"},"inLanguage":"de-DE","potentialAction":[{"@type":"ReadAction","target":["https:\/\/cabol.eu\/de\/das-unternehmen\/wer-wir-sind\/"]}]},{"@type":"BreadcrumbList","@id":"https:\/\/cabol.eu\/de\/das-unternehmen\/wer-wir-sind\/#breadcrumb","itemListElement":[{"@type":"ListItem","position":1,"name":"Home","item":"https:\/\/cabol.eu\/de\/"},{"@type":"ListItem","position":2,"name":"Das Unternehmen","item":"https:\/\/cabol.eu\/de\/azienda\/"},{"@type":"ListItem","position":3,"name":"Wer wir sind"}]}]}},"_links":{"self":[{"href":"https:\/\/cabol.eu\/de\/wp-json\/wp\/v2\/pages\/1987"}],"collection":[{"href":"https:\/\/cabol.eu\/de\/wp-json\/wp\/v2\/pages"}],"about":[{"href":"https:\/\/cabol.eu\/de\/wp-json\/wp\/v2\/types\/page"}],"author":[{"embeddable":true,"href":"https:\/\/cabol.eu\/de\/wp-json\/wp\/v2\/users\/1"}],"replies":[{"embeddable":true,"href":"https:\/\/cabol.eu\/de\/wp-json\/wp\/v2\/comments?post=1987"}],"version-history":[{"count":5,"href":"https:\/\/cabol.eu\/de\/wp-json\/wp\/v2\/pages\/1987\/revisions"}],"predecessor-version":[{"id":17068,"href":"https:\/\/cabol.eu\/de\/wp-json\/wp\/v2\/pages\/1987\/revisions\/17068"}],"up":[{"embeddable":true,"href":"https:\/\/cabol.eu\/de\/wp-json\/wp\/v2\/pages\/1632"}],"wp:featuredmedia":[{"embeddable":true,"href":"https:\/\/cabol.eu\/de\/wp-json\/wp\/v2\/media\/1639"}],"wp:attachment":[{"href":"https:\/\/cabol.eu\/de\/wp-json\/wp\/v2\/media?parent=1987"}],"wp:term":[{"taxonomy":"category","embeddable":true,"href":"https:\/\/cabol.eu\/de\/wp-json\/wp\/v2\/categories?post=1987"},{"taxonomy":"post_tag","embeddable":true,"href":"https:\/\/cabol.eu\/de\/wp-json\/wp\/v2\/tags?post=1987"}],"curies":[{"name":"wp","href":"https:\/\/api.w.org\/{rel}","templated":true}]}}