{"id":1989,"date":"2021-12-17T12:27:56","date_gmt":"2021-12-17T11:27:56","guid":{"rendered":"https:\/\/cabol.eu\/das-unternehmen\/planung\/"},"modified":"2025-08-07T11:29:40","modified_gmt":"2025-08-07T09:29:40","slug":"planung","status":"publish","type":"page","link":"https:\/\/cabol.eu\/de\/das-unternehmen\/planung\/","title":{"rendered":"Planung"},"content":{"rendered":"\n<p>Die Forschung ist die treibende Kraft hinter den Aktivit\u00e4ten des Unternehmens.  Denn Cabol hat seine Unternehmenspolitik darauf ausgerichtet, kontinuierlich revolution\u00e4re  L\u00f6sungen, Produkte und Vorschl\u00e4ge anzubieten, die den Anforderungen des Marktes vorweggreifen und neue Qualit\u00e4tsstandards schaffen.<\/p>\n\n\n\n<p>Die technische Abteilung ist das pulsierende Herz des Unternehmens und komplett mit einer 3D-Konstruktionssoftware ausgestattet.  Die innovative Mentalit\u00e4t seiner Planer macht Cabol zu einem absoluten Marktf\u00fchrer in Sachen Innovation und Qualit\u00e4t.<\/p>\n\n\n\n<h2>Forschung und Entwicklung<\/h2>\n\n\n\n<p>Auf dem Gebiet der Hydraulik gilt Cabol bei bedeutenden Systemherstellern als ein sicherer und zuverl\u00e4ssiger Partner bedingt durch die Kompetenz des Unternehmens, dem Kunden vom Entwurf bis zur Realisierung des Produktes hilfreich zur Seite zu stehen.   \r\nDie Cabol-Planer studieren, entwickeln und testen t\u00e4glich ma\u00dfgeschneiderte L\u00f6sungen f\u00fcr die spezifischen Bed\u00fcrfnisse eines jeden Kunden.   \r\nDas Unternehmen ist somit in der Lage, Projektstudien, Prototypen und Nullserien auch in k\u00fcrzester Zeit und auf Anfrage umzusetzen.  \r\nZiel dabei ist nicht nur, ein f\u00fcr die Anlage funktionelles Produkt zu konstruieren, sondern auch, fortschrittliche und qualitativ hochwertige L\u00f6sungen zu entwickeln, die den unterschiedlichsten Marktanforderungen gerecht werden.<\/p>\n\n\n\n<p>Die von Cabol entwickelten Projekte werden so konzipiert und realisiert, dass sie eine lange Lebensdauer aufweisen und H\u00f6chstleistungen bieten, wodurch der Wert der Maschine des Kunden gesteigert wird.   \r\nCabol beweist sich somit als ein Partner, der in der Lage ist, mittels innovativer L\u00f6sungen Projekte in Zusammenarbeit mit dem Kunden zu entwickeln, was den Unterschied zu einem Standard-Anbieter ausmacht.<\/p>\n","protected":false},"excerpt":{"rendered":"<p>Die Forschung ist die treibende Kraft hinter den Aktivit\u00e4ten des Unternehmens. Denn Cabol hat seine Unternehmenspolitik darauf ausgerichtet, kontinuierlich revolution\u00e4re L\u00f6sungen, Produkte und Vorschl\u00e4ge anzubieten, die den Anforderungen des Marktes vorweggreifen und neue Qualit\u00e4tsstandards schaffen. Die technische Abteilung ist das pulsierende Herz des Unternehmens und komplett mit einer 3D-Konstruktionssoftware ausgestattet. Die innovative Mentalit\u00e4t seiner Planer [&hellip;]<\/p>\n","protected":false},"author":1,"featured_media":8959,"parent":1632,"menu_order":0,"comment_status":"closed","ping_status":"closed","template":"","meta":{"_et_pb_use_builder":"","_et_pb_old_content":"<!-- wp:paragraph {\"translatedWithWPMLTM\":\"1\"} -->\n<p>Die Forschung ist die treibende Kraft hinter den Aktivit\u00e4ten des Unternehmens.  Denn Cabol hat seine Unternehmenspolitik darauf ausgerichtet, kontinuierlich revolution\u00e4re  L\u00f6sungen, Produkte und Vorschl\u00e4ge anzubieten, die den Anforderungen des Marktes vorweggreifen und neue Qualit\u00e4tsstandards schaffen.<\/p>\n<!-- \/wp:paragraph --><!-- wp:paragraph {\"translatedWithWPMLTM\":\"1\"} -->\n<p>Die technische Abteilung ist das pulsierende Herz des Unternehmens und komplett mit einer 3D-Konstruktionssoftware ausgestattet.  Die innovative Mentalit\u00e4t seiner Planer macht Cabol zu einem absoluten Marktf\u00fchrer in Sachen Innovation und Qualit\u00e4t.<\/p>\n<!-- \/wp:paragraph --><!-- wp:heading {\"translatedWithWPMLTM\":\"1\"} -->\n<h2>Forschung und Entwicklung<\/h2>\n<!-- \/wp:heading --><!-- wp:paragraph {\"translatedWithWPMLTM\":\"1\"} -->\n<p>Auf dem Gebiet der Hydraulik gilt Cabol bei bedeutenden Systemherstellern als ein sicherer und zuverl\u00e4ssiger Partner bedingt durch die Kompetenz des Unternehmens, dem Kunden vom Entwurf bis zur Realisierung des Produktes hilfreich zur Seite zu stehen.   &#13;\nDie Cabol-Planer studieren, entwickeln und testen t\u00e4glich ma\u00dfgeschneiderte L\u00f6sungen f\u00fcr die spezifischen Bed\u00fcrfnisse eines jeden Kunden.   &#13;\nDas Unternehmen ist somit in der Lage, Projektstudien, Prototypen und Nullserien auch in k\u00fcrzester Zeit und auf Anfrage umzusetzen.  &#13;\nZiel dabei ist nicht nur, ein f\u00fcr die Anlage funktionelles Produkt zu konstruieren, sondern auch, fortschrittliche und qualitativ hochwertige L\u00f6sungen zu entwickeln, die den unterschiedlichsten Marktanforderungen gerecht werden.<\/p>\n<!-- \/wp:paragraph --><!-- wp:paragraph {\"translatedWithWPMLTM\":\"1\"} -->\n<p>Die von Cabol entwickelten Projekte werden so konzipiert und realisiert, dass sie eine lange Lebensdauer aufweisen und H\u00f6chstleistungen bieten, wodurch der Wert der Maschine des Kunden gesteigert wird.   &#13;\nCabol beweist sich somit als ein Partner, der in der Lage ist, mittels innovativer L\u00f6sungen Projekte in Zusammenarbeit mit dem Kunden zu entwickeln, was den Unterschied zu einem Standard-Anbieter ausmacht.<\/p>\n<!-- \/wp:paragraph -->","_et_gb_content_width":""},"categories":[],"tags":[],"acf":[],"yoast_head":"<!-- This site is optimized with the Yoast SEO plugin v18.5.1 - https:\/\/yoast.com\/wordpress\/plugins\/seo\/ -->\n<title>Planung - Cabol<\/title>\n<meta name=\"description\" content=\"Ma\u00dfgeschneiderte hydraulische und elektrohydraulische L\u00f6sungen, entwickelt mit fortschrittlichem technischen Know-how, Energieeffizienz und maximaler Zuverl\u00e4ssigkeit.\" \/>\n<meta name=\"robots\" content=\"index, follow, max-snippet:-1, max-image-preview:large, max-video-preview:-1\" \/>\n<link rel=\"canonical\" href=\"https:\/\/cabol.eu\/de\/das-unternehmen\/planung\/\" \/>\n<meta property=\"og:locale\" content=\"de_DE\" \/>\n<meta property=\"og:type\" content=\"article\" \/>\n<meta property=\"og:title\" content=\"Planung - Cabol\" \/>\n<meta property=\"og:description\" content=\"Ma\u00dfgeschneiderte hydraulische und elektrohydraulische L\u00f6sungen, entwickelt mit fortschrittlichem technischen Know-how, Energieeffizienz und maximaler Zuverl\u00e4ssigkeit.\" \/>\n<meta property=\"og:url\" content=\"https:\/\/cabol.eu\/de\/das-unternehmen\/planung\/\" \/>\n<meta property=\"og:site_name\" content=\"Cabol\" \/>\n<meta property=\"article:modified_time\" content=\"2025-08-07T09:29:40+00:00\" \/>\n<meta property=\"og:image\" content=\"https:\/\/cabol.eu\/wp-content\/uploads\/2023\/03\/banner.Progettazione_.jpg\" \/>\n\t<meta property=\"og:image:width\" content=\"1200\" \/>\n\t<meta property=\"og:image:height\" content=\"800\" \/>\n\t<meta property=\"og:image:type\" content=\"image\/jpeg\" \/>\n<meta name=\"twitter:card\" content=\"summary_large_image\" \/>\n<meta name=\"twitter:label1\" content=\"Est. reading time\" \/>\n\t<meta name=\"twitter:data1\" content=\"2 minutes\" \/>\n<script type=\"application\/ld+json\" class=\"yoast-schema-graph\">{\"@context\":\"https:\/\/schema.org\",\"@graph\":[{\"@type\":\"Organization\",\"@id\":\"https:\/\/cabol.eu\/#organization\",\"name\":\"Cabol\",\"url\":\"https:\/\/cabol.eu\/\",\"sameAs\":[\"https:\/\/www.instagram.com\/cabolfluidengineering?igsh=MTVjYXUyb2ttcXg3bw==&amp;utm_source=qr\",\"https:\/\/www.linkedin.com\/company\/cabol-fluid-engineering\/?viewAsMember=true\",\"https:\/\/www.youtube.com\/@cabolfluidengineering9499\"],\"logo\":{\"@type\":\"ImageObject\",\"@id\":\"https:\/\/cabol.eu\/#logo\",\"inLanguage\":\"de-DE\",\"url\":\"https:\/\/cabol.eu\/cabol2021\/wp-content\/uploads\/2021\/03\/logo-cabol.png\",\"contentUrl\":\"https:\/\/cabol.eu\/cabol2021\/wp-content\/uploads\/2021\/03\/logo-cabol.png\",\"width\":800,\"height\":280,\"caption\":\"Cabol\"},\"image\":{\"@id\":\"https:\/\/cabol.eu\/#logo\"}},{\"@type\":\"WebSite\",\"@id\":\"https:\/\/cabol.eu\/#website\",\"url\":\"https:\/\/cabol.eu\/\",\"name\":\"Cabol\",\"description\":\"Fluid Engineering\",\"publisher\":{\"@id\":\"https:\/\/cabol.eu\/#organization\"},\"potentialAction\":[{\"@type\":\"SearchAction\",\"target\":{\"@type\":\"EntryPoint\",\"urlTemplate\":\"https:\/\/cabol.eu\/?s={search_term_string}\"},\"query-input\":\"required name=search_term_string\"}],\"inLanguage\":\"de-DE\"},{\"@type\":\"ImageObject\",\"@id\":\"https:\/\/cabol.eu\/de\/das-unternehmen\/planung\/#primaryimage\",\"inLanguage\":\"de-DE\",\"url\":\"https:\/\/cabol.eu\/wp-content\/uploads\/2023\/03\/banner.Progettazione_.jpg\",\"contentUrl\":\"https:\/\/cabol.eu\/wp-content\/uploads\/2023\/03\/banner.Progettazione_.jpg\",\"width\":1200,\"height\":800},{\"@type\":\"WebPage\",\"@id\":\"https:\/\/cabol.eu\/de\/das-unternehmen\/planung\/#webpage\",\"url\":\"https:\/\/cabol.eu\/de\/das-unternehmen\/planung\/\",\"name\":\"Planung - Cabol\",\"isPartOf\":{\"@id\":\"https:\/\/cabol.eu\/#website\"},\"primaryImageOfPage\":{\"@id\":\"https:\/\/cabol.eu\/de\/das-unternehmen\/planung\/#primaryimage\"},\"datePublished\":\"2021-12-17T11:27:56+00:00\",\"dateModified\":\"2025-08-07T09:29:40+00:00\",\"description\":\"Ma\u00dfgeschneiderte hydraulische und elektrohydraulische L\u00f6sungen, entwickelt mit fortschrittlichem technischen Know-how, Energieeffizienz und maximaler Zuverl\u00e4ssigkeit.\",\"breadcrumb\":{\"@id\":\"https:\/\/cabol.eu\/de\/das-unternehmen\/planung\/#breadcrumb\"},\"inLanguage\":\"de-DE\",\"potentialAction\":[{\"@type\":\"ReadAction\",\"target\":[\"https:\/\/cabol.eu\/de\/das-unternehmen\/planung\/\"]}]},{\"@type\":\"BreadcrumbList\",\"@id\":\"https:\/\/cabol.eu\/de\/das-unternehmen\/planung\/#breadcrumb\",\"itemListElement\":[{\"@type\":\"ListItem\",\"position\":1,\"name\":\"Home\",\"item\":\"https:\/\/cabol.eu\/de\/\"},{\"@type\":\"ListItem\",\"position\":2,\"name\":\"Das Unternehmen\",\"item\":\"https:\/\/cabol.eu\/de\/azienda\/\"},{\"@type\":\"ListItem\",\"position\":3,\"name\":\"Planung\"}]}]}<\/script>\n<!-- \/ Yoast SEO plugin. -->","yoast_head_json":{"title":"Planung - Cabol","description":"Ma\u00dfgeschneiderte hydraulische und elektrohydraulische L\u00f6sungen, entwickelt mit fortschrittlichem technischen Know-how, Energieeffizienz und maximaler Zuverl\u00e4ssigkeit.","robots":{"index":"index","follow":"follow","max-snippet":"max-snippet:-1","max-image-preview":"max-image-preview:large","max-video-preview":"max-video-preview:-1"},"canonical":"https:\/\/cabol.eu\/de\/das-unternehmen\/planung\/","og_locale":"de_DE","og_type":"article","og_title":"Planung - Cabol","og_description":"Ma\u00dfgeschneiderte hydraulische und elektrohydraulische L\u00f6sungen, entwickelt mit fortschrittlichem technischen Know-how, Energieeffizienz und maximaler Zuverl\u00e4ssigkeit.","og_url":"https:\/\/cabol.eu\/de\/das-unternehmen\/planung\/","og_site_name":"Cabol","article_modified_time":"2025-08-07T09:29:40+00:00","og_image":[{"width":1200,"height":800,"url":"https:\/\/cabol.eu\/wp-content\/uploads\/2023\/03\/banner.Progettazione_.jpg","type":"image\/jpeg"}],"twitter_card":"summary_large_image","twitter_misc":{"Est. reading time":"2 minutes"},"schema":{"@context":"https:\/\/schema.org","@graph":[{"@type":"Organization","@id":"https:\/\/cabol.eu\/#organization","name":"Cabol","url":"https:\/\/cabol.eu\/","sameAs":["https:\/\/www.instagram.com\/cabolfluidengineering?igsh=MTVjYXUyb2ttcXg3bw==&amp;utm_source=qr","https:\/\/www.linkedin.com\/company\/cabol-fluid-engineering\/?viewAsMember=true","https:\/\/www.youtube.com\/@cabolfluidengineering9499"],"logo":{"@type":"ImageObject","@id":"https:\/\/cabol.eu\/#logo","inLanguage":"de-DE","url":"https:\/\/cabol.eu\/cabol2021\/wp-content\/uploads\/2021\/03\/logo-cabol.png","contentUrl":"https:\/\/cabol.eu\/cabol2021\/wp-content\/uploads\/2021\/03\/logo-cabol.png","width":800,"height":280,"caption":"Cabol"},"image":{"@id":"https:\/\/cabol.eu\/#logo"}},{"@type":"WebSite","@id":"https:\/\/cabol.eu\/#website","url":"https:\/\/cabol.eu\/","name":"Cabol","description":"Fluid Engineering","publisher":{"@id":"https:\/\/cabol.eu\/#organization"},"potentialAction":[{"@type":"SearchAction","target":{"@type":"EntryPoint","urlTemplate":"https:\/\/cabol.eu\/?s={search_term_string}"},"query-input":"required name=search_term_string"}],"inLanguage":"de-DE"},{"@type":"ImageObject","@id":"https:\/\/cabol.eu\/de\/das-unternehmen\/planung\/#primaryimage","inLanguage":"de-DE","url":"https:\/\/cabol.eu\/wp-content\/uploads\/2023\/03\/banner.Progettazione_.jpg","contentUrl":"https:\/\/cabol.eu\/wp-content\/uploads\/2023\/03\/banner.Progettazione_.jpg","width":1200,"height":800},{"@type":"WebPage","@id":"https:\/\/cabol.eu\/de\/das-unternehmen\/planung\/#webpage","url":"https:\/\/cabol.eu\/de\/das-unternehmen\/planung\/","name":"Planung - Cabol","isPartOf":{"@id":"https:\/\/cabol.eu\/#website"},"primaryImageOfPage":{"@id":"https:\/\/cabol.eu\/de\/das-unternehmen\/planung\/#primaryimage"},"datePublished":"2021-12-17T11:27:56+00:00","dateModified":"2025-08-07T09:29:40+00:00","description":"Ma\u00dfgeschneiderte hydraulische und elektrohydraulische L\u00f6sungen, entwickelt mit fortschrittlichem technischen Know-how, Energieeffizienz und maximaler Zuverl\u00e4ssigkeit.","breadcrumb":{"@id":"https:\/\/cabol.eu\/de\/das-unternehmen\/planung\/#breadcrumb"},"inLanguage":"de-DE","potentialAction":[{"@type":"ReadAction","target":["https:\/\/cabol.eu\/de\/das-unternehmen\/planung\/"]}]},{"@type":"BreadcrumbList","@id":"https:\/\/cabol.eu\/de\/das-unternehmen\/planung\/#breadcrumb","itemListElement":[{"@type":"ListItem","position":1,"name":"Home","item":"https:\/\/cabol.eu\/de\/"},{"@type":"ListItem","position":2,"name":"Das Unternehmen","item":"https:\/\/cabol.eu\/de\/azienda\/"},{"@type":"ListItem","position":3,"name":"Planung"}]}]}},"_links":{"self":[{"href":"https:\/\/cabol.eu\/de\/wp-json\/wp\/v2\/pages\/1989"}],"collection":[{"href":"https:\/\/cabol.eu\/de\/wp-json\/wp\/v2\/pages"}],"about":[{"href":"https:\/\/cabol.eu\/de\/wp-json\/wp\/v2\/types\/page"}],"author":[{"embeddable":true,"href":"https:\/\/cabol.eu\/de\/wp-json\/wp\/v2\/users\/1"}],"replies":[{"embeddable":true,"href":"https:\/\/cabol.eu\/de\/wp-json\/wp\/v2\/comments?post=1989"}],"version-history":[{"count":5,"href":"https:\/\/cabol.eu\/de\/wp-json\/wp\/v2\/pages\/1989\/revisions"}],"predecessor-version":[{"id":17070,"href":"https:\/\/cabol.eu\/de\/wp-json\/wp\/v2\/pages\/1989\/revisions\/17070"}],"up":[{"embeddable":true,"href":"https:\/\/cabol.eu\/de\/wp-json\/wp\/v2\/pages\/1632"}],"wp:featuredmedia":[{"embeddable":true,"href":"https:\/\/cabol.eu\/de\/wp-json\/wp\/v2\/media\/8959"}],"wp:attachment":[{"href":"https:\/\/cabol.eu\/de\/wp-json\/wp\/v2\/media?parent=1989"}],"wp:term":[{"taxonomy":"category","embeddable":true,"href":"https:\/\/cabol.eu\/de\/wp-json\/wp\/v2\/categories?post=1989"},{"taxonomy":"post_tag","embeddable":true,"href":"https:\/\/cabol.eu\/de\/wp-json\/wp\/v2\/tags?post=1989"}],"curies":[{"name":"wp","href":"https:\/\/api.w.org\/{rel}","templated":true}]}}