{"id":1991,"date":"2021-12-17T12:29:22","date_gmt":"2021-12-17T11:29:22","guid":{"rendered":"https:\/\/cabol.eu\/das-unternehmen\/montage-und-test\/"},"modified":"2025-08-07T11:16:48","modified_gmt":"2025-08-07T09:16:48","slug":"montage-und-test","status":"publish","type":"page","link":"https:\/\/cabol.eu\/de\/das-unternehmen\/montage-und-test\/","title":{"rendered":"Montage und Test"},"content":{"rendered":"\n<p>Der neue, vollklimatisierte Bereich umfasst Montageinseln, Pr\u00fcfst\u00e4nde und neue Vorrichtungen f\u00fcr die Montage von Zylindern und Servozylindern unter optimalen Bedingungen, mit entsprechender \u00dcbersicht und ausreichendem Platz.  Durch den Pr\u00fcfstand ist Cabol in der Lage, Hochleistungs-Servozylinder mit Hilfe von drei Hydraulikpumpen  zu testen, die F\u00f6rdermengen von bis zu 60 l\/min und Druckverh\u00e4ltnisse von 700 bar erbringen k\u00f6nnen.<\/p>\n\n\n\n<p>Der Pr\u00fcfstand selbst ist ausgestattet mit:<\/p>\n\n\n\n<ul><li>einem System zur Kontrolle der Fl\u00fcssigkeitsfiltration<\/li><li>einem elektronischen System zum Testen der Servozylinder mit Servoventil und Positionsgeber in einem geschlossenen Kreislauf, um Frequenztests und Reibungspunkte der ersten Abtrennung zu erm\u00f6glichen<\/li><\/ul>\n\n\n\n<div class=\"wp-block-getwid-images-slider has-arrows-inside has-dots-inside has-images-center has-cropped-images has-fixed-height\"><div class=\"wp-block-getwid-images-slider__wrapper\" data-effect=\"slide\" data-slides-show=\"1\" data-slides-show-laptop=\"1\" data-slides-show-tablet=\"1\" data-slides-show-mobile=\"1\" data-slides-scroll=\"1\" data-autoplay=\"true\" data-autoplay-speed=\"5000\" data-infinite=\"true\" data-animation-speed=\"800\" data-center-mode=\"false\" data-variable-width=\"false\" data-arrows=\"inside\" data-dots=\"inside\" data-spacing=\"none\"><div class=\"wp-block-getwid-images-slider__item getwid-reset-height-tablet getwid-reset-height-mobile\" style=\"height:600px\"><figure><img loading=\"lazy\" width=\"900\" height=\"600\" src=\"https:\/\/cabol.eu\/wp-content\/uploads\/2021\/11\/galleria-assemblaggio-01.jpg\" alt=\"\" data-id=\"1171\" data-link=\"https:\/\/cabol.eu\/azienda\/assemblaggio-e-collaudo\/attachment\/galleria-assemblaggio-01\/\" data-original-link=\"https:\/\/cabol.eu\/wp-content\/uploads\/2021\/11\/galleria-assemblaggio-01.jpg\" class=\"wp-block-getwid-images-slider__image wp-image-1691\" srcset=\"https:\/\/cabol.eu\/wp-content\/uploads\/2021\/11\/galleria-assemblaggio-01.jpg 900w, https:\/\/cabol.eu\/wp-content\/uploads\/2021\/11\/galleria-assemblaggio-01-480x320.jpg 480w\" sizes=\"(min-width: 0px) and (max-width: 480px) 480px, (min-width: 481px) 900px, 100vw\" \/><\/figure><\/div><div class=\"wp-block-getwid-images-slider__item getwid-reset-height-tablet getwid-reset-height-mobile\" style=\"height:600px\"><figure><img loading=\"lazy\" width=\"900\" height=\"600\" src=\"https:\/\/cabol.eu\/wp-content\/uploads\/2021\/11\/galleria-assemblaggio-02.jpg\" alt=\"\" data-id=\"1173\" data-link=\"https:\/\/cabol.eu\/azienda\/assemblaggio-e-collaudo\/attachment\/galleria-assemblaggio-02\/\" data-original-link=\"https:\/\/cabol.eu\/wp-content\/uploads\/2021\/11\/galleria-assemblaggio-02.jpg\" class=\"wp-block-getwid-images-slider__image wp-image-1692\" srcset=\"https:\/\/cabol.eu\/wp-content\/uploads\/2021\/11\/galleria-assemblaggio-02.jpg 900w, https:\/\/cabol.eu\/wp-content\/uploads\/2021\/11\/galleria-assemblaggio-02-480x320.jpg 480w\" sizes=\"(min-width: 0px) and (max-width: 480px) 480px, (min-width: 481px) 900px, 100vw\" \/><\/figure><\/div><div class=\"wp-block-getwid-images-slider__item getwid-reset-height-tablet getwid-reset-height-mobile\" style=\"height:600px\"><figure><img loading=\"lazy\" width=\"900\" height=\"600\" src=\"https:\/\/cabol.eu\/wp-content\/uploads\/2021\/11\/galleria-assemblaggio-03.jpg\" alt=\"\" data-id=\"1175\" data-link=\"https:\/\/cabol.eu\/azienda\/assemblaggio-e-collaudo\/attachment\/galleria-assemblaggio-03\/\" data-original-link=\"https:\/\/cabol.eu\/wp-content\/uploads\/2021\/11\/galleria-assemblaggio-03.jpg\" class=\"wp-block-getwid-images-slider__image wp-image-1693\" srcset=\"https:\/\/cabol.eu\/wp-content\/uploads\/2021\/11\/galleria-assemblaggio-03.jpg 900w, https:\/\/cabol.eu\/wp-content\/uploads\/2021\/11\/galleria-assemblaggio-03-480x320.jpg 480w\" sizes=\"(min-width: 0px) and (max-width: 480px) 480px, (min-width: 481px) 900px, 100vw\" \/><\/figure><\/div><div class=\"wp-block-getwid-images-slider__item getwid-reset-height-tablet getwid-reset-height-mobile\" style=\"height:600px\"><figure><img loading=\"lazy\" width=\"900\" height=\"600\" src=\"https:\/\/cabol.eu\/wp-content\/uploads\/2021\/11\/galleria-assemblaggio-04.jpg\" alt=\"\" data-id=\"1177\" data-link=\"https:\/\/cabol.eu\/azienda\/assemblaggio-e-collaudo\/attachment\/galleria-assemblaggio-04\/\" data-original-link=\"https:\/\/cabol.eu\/wp-content\/uploads\/2021\/11\/galleria-assemblaggio-04.jpg\" class=\"wp-block-getwid-images-slider__image wp-image-1694\" srcset=\"https:\/\/cabol.eu\/wp-content\/uploads\/2021\/11\/galleria-assemblaggio-04.jpg 900w, https:\/\/cabol.eu\/wp-content\/uploads\/2021\/11\/galleria-assemblaggio-04-480x320.jpg 480w\" sizes=\"(min-width: 0px) and (max-width: 480px) 480px, (min-width: 481px) 900px, 100vw\" \/><\/figure><\/div><div class=\"wp-block-getwid-images-slider__item getwid-reset-height-tablet getwid-reset-height-mobile\" style=\"height:600px\"><figure><img loading=\"lazy\" width=\"900\" height=\"600\" src=\"https:\/\/cabol.eu\/wp-content\/uploads\/2021\/11\/galleria-assemblaggio-05.jpg\" alt=\"\" data-id=\"1179\" data-link=\"https:\/\/cabol.eu\/azienda\/assemblaggio-e-collaudo\/attachment\/galleria-assemblaggio-05\/\" data-original-link=\"https:\/\/cabol.eu\/wp-content\/uploads\/2021\/11\/galleria-assemblaggio-05.jpg\" class=\"wp-block-getwid-images-slider__image wp-image-1695\" srcset=\"https:\/\/cabol.eu\/wp-content\/uploads\/2021\/11\/galleria-assemblaggio-05.jpg 900w, https:\/\/cabol.eu\/wp-content\/uploads\/2021\/11\/galleria-assemblaggio-05-480x320.jpg 480w\" sizes=\"(min-width: 0px) and (max-width: 480px) 480px, (min-width: 481px) 900px, 100vw\" \/><\/figure><\/div><div class=\"wp-block-getwid-images-slider__item getwid-reset-height-tablet getwid-reset-height-mobile\" style=\"height:600px\"><figure><img loading=\"lazy\" width=\"900\" height=\"600\" src=\"https:\/\/cabol.eu\/wp-content\/uploads\/2021\/11\/galleria-assemblaggio-06.jpg\" alt=\"\" data-id=\"1181\" data-link=\"https:\/\/cabol.eu\/azienda\/assemblaggio-e-collaudo\/attachment\/galleria-assemblaggio-06\/\" data-original-link=\"https:\/\/cabol.eu\/wp-content\/uploads\/2021\/11\/galleria-assemblaggio-06.jpg\" class=\"wp-block-getwid-images-slider__image wp-image-1696\" srcset=\"https:\/\/cabol.eu\/wp-content\/uploads\/2021\/11\/galleria-assemblaggio-06.jpg 900w, https:\/\/cabol.eu\/wp-content\/uploads\/2021\/11\/galleria-assemblaggio-06-480x320.jpg 480w\" sizes=\"(min-width: 0px) and (max-width: 480px) 480px, (min-width: 481px) 900px, 100vw\" \/><\/figure><\/div><div class=\"wp-block-getwid-images-slider__item getwid-reset-height-tablet getwid-reset-height-mobile\" style=\"height:600px\"><figure><img loading=\"lazy\" width=\"900\" height=\"600\" src=\"https:\/\/cabol.eu\/wp-content\/uploads\/2021\/11\/galleria-assemblaggio-07.jpg\" alt=\"\" data-id=\"1183\" data-link=\"https:\/\/cabol.eu\/azienda\/assemblaggio-e-collaudo\/attachment\/galleria-assemblaggio-07\/\" data-original-link=\"https:\/\/cabol.eu\/wp-content\/uploads\/2021\/11\/galleria-assemblaggio-07.jpg\" class=\"wp-block-getwid-images-slider__image wp-image-1697\" srcset=\"https:\/\/cabol.eu\/wp-content\/uploads\/2021\/11\/galleria-assemblaggio-07.jpg 900w, https:\/\/cabol.eu\/wp-content\/uploads\/2021\/11\/galleria-assemblaggio-07-480x320.jpg 480w\" sizes=\"(min-width: 0px) and (max-width: 480px) 480px, (min-width: 481px) 900px, 100vw\" \/><\/figure><\/div><div class=\"wp-block-getwid-images-slider__item getwid-reset-height-tablet getwid-reset-height-mobile\" style=\"height:600px\"><figure><img loading=\"lazy\" width=\"900\" height=\"600\" src=\"https:\/\/cabol.eu\/wp-content\/uploads\/2021\/11\/galleria-assemblaggio-08.jpg\" alt=\"\" data-id=\"1185\" data-link=\"https:\/\/cabol.eu\/azienda\/assemblaggio-e-collaudo\/attachment\/galleria-assemblaggio-08\/\" data-original-link=\"https:\/\/cabol.eu\/wp-content\/uploads\/2021\/11\/galleria-assemblaggio-08.jpg\" class=\"wp-block-getwid-images-slider__image wp-image-1698\" srcset=\"https:\/\/cabol.eu\/wp-content\/uploads\/2021\/11\/galleria-assemblaggio-08.jpg 900w, https:\/\/cabol.eu\/wp-content\/uploads\/2021\/11\/galleria-assemblaggio-08-480x320.jpg 480w\" sizes=\"(min-width: 0px) and (max-width: 480px) 480px, (min-width: 481px) 900px, 100vw\" \/><\/figure><\/div><\/div><\/div>\n","protected":false},"excerpt":{"rendered":"<p>Der neue, vollklimatisierte Bereich umfasst Montageinseln, Pr\u00fcfst\u00e4nde und neue Vorrichtungen f\u00fcr die Montage von Zylindern und Servozylindern unter optimalen Bedingungen, mit entsprechender \u00dcbersicht und ausreichendem Platz. Durch den Pr\u00fcfstand ist Cabol in der Lage, Hochleistungs-Servozylinder mit Hilfe von drei Hydraulikpumpen zu testen, die F\u00f6rdermengen von bis zu 60 l\/min und Druckverh\u00e4ltnisse von 700 bar erbringen [&hellip;]<\/p>\n","protected":false},"author":1,"featured_media":7263,"parent":1632,"menu_order":0,"comment_status":"closed","ping_status":"closed","template":"","meta":{"_et_pb_use_builder":"on","_et_pb_old_content":"<!-- wp:paragraph {\"translatedWithWPMLTM\":\"1\"} -->\n<p>Der neue, vollklimatisierte Bereich umfasst Montageinseln, Pr\u00fcfst\u00e4nde und neue Vorrichtungen f\u00fcr die Montage von Zylindern und Servozylindern unter optimalen Bedingungen, mit entsprechender \u00dcbersicht und ausreichendem Platz.  Durch den Pr\u00fcfstand ist Cabol in der Lage, Hochleistungs-Servozylinder mit Hilfe von drei Hydraulikpumpen  zu testen, die F\u00f6rdermengen von bis zu 60 l\/min und Druckverh\u00e4ltnisse von 700 bar erbringen k\u00f6nnen.<\/p>\n<!-- \/wp:paragraph --><!-- wp:paragraph {\"translatedWithWPMLTM\":\"1\"} -->\n<p>Der Pr\u00fcfstand selbst ist ausgestattet mit:<\/p>\n<!-- \/wp:paragraph --><!-- wp:list {\"translatedWithWPMLTM\":\"1\"} -->\n<ul><li>einem System zur Kontrolle der Fl\u00fcssigkeitsfiltration<\/li><li>einem elektronischen System zum Testen der Servozylinder mit Servoventil und Positionsgeber in einem geschlossenen Kreislauf, um Frequenztests und Reibungspunkte der ersten Abtrennung zu erm\u00f6glichen<\/li><\/ul>\n<!-- \/wp:list --><!-- wp:getwid\/images-slider {\"ids\":[1171,1173,1175,1177,1179,1181,1183,1185],\"sliderAutoplay\":true,\"slideHeight\":\"600px\",\"resetHeightOnTablet\":true,\"resetHeightOnMobile\":true,\"translatedWithWPMLTM\":\"1\"} --><div class=\"wp-block-getwid-images-slider has-arrows-inside has-dots-inside has-images-center has-cropped-images has-fixed-height\"><div class=\"wp-block-getwid-images-slider__wrapper\" data-effect=\"slide\" data-slides-show=\"1\" data-slides-show-laptop=\"1\" data-slides-show-tablet=\"1\" data-slides-show-mobile=\"1\" data-slides-scroll=\"1\" data-autoplay=\"true\" data-autoplay-speed=\"5000\" data-infinite=\"true\" data-animation-speed=\"800\" data-center-mode=\"false\" data-variable-width=\"false\" data-arrows=\"inside\" data-dots=\"inside\" data-spacing=\"none\"><div class=\"wp-block-getwid-images-slider__item getwid-reset-height-tablet getwid-reset-height-mobile\" style=\"height:600px\"><figure><img src=\"https:\/\/cabol.eu\/wp-content\/uploads\/2021\/11\/galleria-assemblaggio-01.jpg\" alt=\"\" data-id=\"1171\" data-link=\"https:\/\/cabol.eu\/azienda\/assemblaggio-e-collaudo\/attachment\/galleria-assemblaggio-01\/\" data-original-link=\"https:\/\/cabol.eu\/wp-content\/uploads\/2021\/11\/galleria-assemblaggio-01.jpg\" class=\"wp-block-getwid-images-slider__image wp-image-1691\"\/><\/figure><\/div><div class=\"wp-block-getwid-images-slider__item getwid-reset-height-tablet getwid-reset-height-mobile\" style=\"height:600px\"><figure><img src=\"https:\/\/cabol.eu\/wp-content\/uploads\/2021\/11\/galleria-assemblaggio-02.jpg\" alt=\"\" data-id=\"1173\" data-link=\"https:\/\/cabol.eu\/azienda\/assemblaggio-e-collaudo\/attachment\/galleria-assemblaggio-02\/\" data-original-link=\"https:\/\/cabol.eu\/wp-content\/uploads\/2021\/11\/galleria-assemblaggio-02.jpg\" class=\"wp-block-getwid-images-slider__image wp-image-1692\"\/><\/figure><\/div><div class=\"wp-block-getwid-images-slider__item getwid-reset-height-tablet getwid-reset-height-mobile\" style=\"height:600px\"><figure><img src=\"https:\/\/cabol.eu\/wp-content\/uploads\/2021\/11\/galleria-assemblaggio-03.jpg\" alt=\"\" data-id=\"1175\" data-link=\"https:\/\/cabol.eu\/azienda\/assemblaggio-e-collaudo\/attachment\/galleria-assemblaggio-03\/\" data-original-link=\"https:\/\/cabol.eu\/wp-content\/uploads\/2021\/11\/galleria-assemblaggio-03.jpg\" class=\"wp-block-getwid-images-slider__image wp-image-1693\"\/><\/figure><\/div><div class=\"wp-block-getwid-images-slider__item getwid-reset-height-tablet getwid-reset-height-mobile\" style=\"height:600px\"><figure><img src=\"https:\/\/cabol.eu\/wp-content\/uploads\/2021\/11\/galleria-assemblaggio-04.jpg\" alt=\"\" data-id=\"1177\" data-link=\"https:\/\/cabol.eu\/azienda\/assemblaggio-e-collaudo\/attachment\/galleria-assemblaggio-04\/\" data-original-link=\"https:\/\/cabol.eu\/wp-content\/uploads\/2021\/11\/galleria-assemblaggio-04.jpg\" class=\"wp-block-getwid-images-slider__image wp-image-1694\"\/><\/figure><\/div><div class=\"wp-block-getwid-images-slider__item getwid-reset-height-tablet getwid-reset-height-mobile\" style=\"height:600px\"><figure><img src=\"https:\/\/cabol.eu\/wp-content\/uploads\/2021\/11\/galleria-assemblaggio-05.jpg\" alt=\"\" data-id=\"1179\" data-link=\"https:\/\/cabol.eu\/azienda\/assemblaggio-e-collaudo\/attachment\/galleria-assemblaggio-05\/\" data-original-link=\"https:\/\/cabol.eu\/wp-content\/uploads\/2021\/11\/galleria-assemblaggio-05.jpg\" class=\"wp-block-getwid-images-slider__image wp-image-1695\"\/><\/figure><\/div><div class=\"wp-block-getwid-images-slider__item getwid-reset-height-tablet getwid-reset-height-mobile\" style=\"height:600px\"><figure><img src=\"https:\/\/cabol.eu\/wp-content\/uploads\/2021\/11\/galleria-assemblaggio-06.jpg\" alt=\"\" data-id=\"1181\" data-link=\"https:\/\/cabol.eu\/azienda\/assemblaggio-e-collaudo\/attachment\/galleria-assemblaggio-06\/\" data-original-link=\"https:\/\/cabol.eu\/wp-content\/uploads\/2021\/11\/galleria-assemblaggio-06.jpg\" class=\"wp-block-getwid-images-slider__image wp-image-1696\"\/><\/figure><\/div><div class=\"wp-block-getwid-images-slider__item getwid-reset-height-tablet getwid-reset-height-mobile\" style=\"height:600px\"><figure><img src=\"https:\/\/cabol.eu\/wp-content\/uploads\/2021\/11\/galleria-assemblaggio-07.jpg\" alt=\"\" data-id=\"1183\" data-link=\"https:\/\/cabol.eu\/azienda\/assemblaggio-e-collaudo\/attachment\/galleria-assemblaggio-07\/\" data-original-link=\"https:\/\/cabol.eu\/wp-content\/uploads\/2021\/11\/galleria-assemblaggio-07.jpg\" class=\"wp-block-getwid-images-slider__image wp-image-1697\"\/><\/figure><\/div><div class=\"wp-block-getwid-images-slider__item getwid-reset-height-tablet getwid-reset-height-mobile\" style=\"height:600px\"><figure><img src=\"https:\/\/cabol.eu\/wp-content\/uploads\/2021\/11\/galleria-assemblaggio-08.jpg\" alt=\"\" data-id=\"1185\" data-link=\"https:\/\/cabol.eu\/azienda\/assemblaggio-e-collaudo\/attachment\/galleria-assemblaggio-08\/\" data-original-link=\"https:\/\/cabol.eu\/wp-content\/uploads\/2021\/11\/galleria-assemblaggio-08.jpg\" class=\"wp-block-getwid-images-slider__image wp-image-1698\"\/><\/figure><\/div><\/div><\/div>\r\n<!-- \/wp:getwid\/images-slider -->","_et_gb_content_width":""},"categories":[],"tags":[],"acf":[],"yoast_head":"<!-- This site is optimized with the Yoast SEO plugin v18.5.1 - https:\/\/yoast.com\/wordpress\/plugins\/seo\/ -->\n<title>Montage und Test - Cabol<\/title>\n<meta name=\"description\" content=\"Hydraulische und elektrohydraulische Systeme, die nach strengen Methoden zusammengebaut und auf Effizienz, Zuverl\u00e4ssigkeit und Sicherheit gepr\u00fcft wurden.\" \/>\n<meta name=\"robots\" content=\"index, follow, max-snippet:-1, max-image-preview:large, max-video-preview:-1\" \/>\n<link rel=\"canonical\" href=\"https:\/\/cabol.eu\/de\/das-unternehmen\/montage-und-test\/\" \/>\n<meta property=\"og:locale\" content=\"de_DE\" \/>\n<meta property=\"og:type\" content=\"article\" \/>\n<meta property=\"og:title\" content=\"Montage und Test - Cabol\" \/>\n<meta property=\"og:description\" content=\"Hydraulische und elektrohydraulische Systeme, die nach strengen Methoden zusammengebaut und auf Effizienz, Zuverl\u00e4ssigkeit und Sicherheit gepr\u00fcft wurden.\" \/>\n<meta property=\"og:url\" content=\"https:\/\/cabol.eu\/de\/das-unternehmen\/montage-und-test\/\" \/>\n<meta property=\"og:site_name\" content=\"Cabol\" \/>\n<meta property=\"article:modified_time\" content=\"2025-08-07T09:16:48+00:00\" \/>\n<meta property=\"og:image\" content=\"https:\/\/cabol.eu\/wp-content\/uploads\/2022\/09\/banner-Assemblaggio.jpg\" \/>\n\t<meta property=\"og:image:width\" content=\"1200\" \/>\n\t<meta property=\"og:image:height\" content=\"800\" \/>\n\t<meta property=\"og:image:type\" content=\"image\/jpeg\" \/>\n<meta name=\"twitter:card\" content=\"summary_large_image\" \/>\n<meta name=\"twitter:label1\" content=\"Est. reading time\" \/>\n\t<meta name=\"twitter:data1\" content=\"3 minutes\" \/>\n<script type=\"application\/ld+json\" class=\"yoast-schema-graph\">{\"@context\":\"https:\/\/schema.org\",\"@graph\":[{\"@type\":\"Organization\",\"@id\":\"https:\/\/cabol.eu\/#organization\",\"name\":\"Cabol\",\"url\":\"https:\/\/cabol.eu\/\",\"sameAs\":[\"https:\/\/www.instagram.com\/cabolfluidengineering?igsh=MTVjYXUyb2ttcXg3bw==&amp;utm_source=qr\",\"https:\/\/www.linkedin.com\/company\/cabol-fluid-engineering\/?viewAsMember=true\",\"https:\/\/www.youtube.com\/@cabolfluidengineering9499\"],\"logo\":{\"@type\":\"ImageObject\",\"@id\":\"https:\/\/cabol.eu\/#logo\",\"inLanguage\":\"de-DE\",\"url\":\"https:\/\/cabol.eu\/cabol2021\/wp-content\/uploads\/2021\/03\/logo-cabol.png\",\"contentUrl\":\"https:\/\/cabol.eu\/cabol2021\/wp-content\/uploads\/2021\/03\/logo-cabol.png\",\"width\":800,\"height\":280,\"caption\":\"Cabol\"},\"image\":{\"@id\":\"https:\/\/cabol.eu\/#logo\"}},{\"@type\":\"WebSite\",\"@id\":\"https:\/\/cabol.eu\/#website\",\"url\":\"https:\/\/cabol.eu\/\",\"name\":\"Cabol\",\"description\":\"Fluid Engineering\",\"publisher\":{\"@id\":\"https:\/\/cabol.eu\/#organization\"},\"potentialAction\":[{\"@type\":\"SearchAction\",\"target\":{\"@type\":\"EntryPoint\",\"urlTemplate\":\"https:\/\/cabol.eu\/?s={search_term_string}\"},\"query-input\":\"required name=search_term_string\"}],\"inLanguage\":\"de-DE\"},{\"@type\":\"ImageObject\",\"@id\":\"https:\/\/cabol.eu\/de\/das-unternehmen\/montage-und-test\/#primaryimage\",\"inLanguage\":\"de-DE\",\"url\":\"https:\/\/cabol.eu\/wp-content\/uploads\/2022\/09\/banner-Assemblaggio.jpg\",\"contentUrl\":\"https:\/\/cabol.eu\/wp-content\/uploads\/2022\/09\/banner-Assemblaggio.jpg\",\"width\":1200,\"height\":800},{\"@type\":\"WebPage\",\"@id\":\"https:\/\/cabol.eu\/de\/das-unternehmen\/montage-und-test\/#webpage\",\"url\":\"https:\/\/cabol.eu\/de\/das-unternehmen\/montage-und-test\/\",\"name\":\"Montage und Test - Cabol\",\"isPartOf\":{\"@id\":\"https:\/\/cabol.eu\/#website\"},\"primaryImageOfPage\":{\"@id\":\"https:\/\/cabol.eu\/de\/das-unternehmen\/montage-und-test\/#primaryimage\"},\"datePublished\":\"2021-12-17T11:29:22+00:00\",\"dateModified\":\"2025-08-07T09:16:48+00:00\",\"description\":\"Hydraulische und elektrohydraulische Systeme, die nach strengen Methoden zusammengebaut und auf Effizienz, Zuverl\u00e4ssigkeit und Sicherheit gepr\u00fcft wurden.\",\"breadcrumb\":{\"@id\":\"https:\/\/cabol.eu\/de\/das-unternehmen\/montage-und-test\/#breadcrumb\"},\"inLanguage\":\"de-DE\",\"potentialAction\":[{\"@type\":\"ReadAction\",\"target\":[\"https:\/\/cabol.eu\/de\/das-unternehmen\/montage-und-test\/\"]}]},{\"@type\":\"BreadcrumbList\",\"@id\":\"https:\/\/cabol.eu\/de\/das-unternehmen\/montage-und-test\/#breadcrumb\",\"itemListElement\":[{\"@type\":\"ListItem\",\"position\":1,\"name\":\"Home\",\"item\":\"https:\/\/cabol.eu\/de\/\"},{\"@type\":\"ListItem\",\"position\":2,\"name\":\"Das Unternehmen\",\"item\":\"https:\/\/cabol.eu\/de\/azienda\/\"},{\"@type\":\"ListItem\",\"position\":3,\"name\":\"Montage und Test\"}]}]}<\/script>\n<!-- \/ Yoast SEO plugin. -->","yoast_head_json":{"title":"Montage und Test - Cabol","description":"Hydraulische und elektrohydraulische Systeme, die nach strengen Methoden zusammengebaut und auf Effizienz, Zuverl\u00e4ssigkeit und Sicherheit gepr\u00fcft wurden.","robots":{"index":"index","follow":"follow","max-snippet":"max-snippet:-1","max-image-preview":"max-image-preview:large","max-video-preview":"max-video-preview:-1"},"canonical":"https:\/\/cabol.eu\/de\/das-unternehmen\/montage-und-test\/","og_locale":"de_DE","og_type":"article","og_title":"Montage und Test - Cabol","og_description":"Hydraulische und elektrohydraulische Systeme, die nach strengen Methoden zusammengebaut und auf Effizienz, Zuverl\u00e4ssigkeit und Sicherheit gepr\u00fcft wurden.","og_url":"https:\/\/cabol.eu\/de\/das-unternehmen\/montage-und-test\/","og_site_name":"Cabol","article_modified_time":"2025-08-07T09:16:48+00:00","og_image":[{"width":1200,"height":800,"url":"https:\/\/cabol.eu\/wp-content\/uploads\/2022\/09\/banner-Assemblaggio.jpg","type":"image\/jpeg"}],"twitter_card":"summary_large_image","twitter_misc":{"Est. reading time":"3 minutes"},"schema":{"@context":"https:\/\/schema.org","@graph":[{"@type":"Organization","@id":"https:\/\/cabol.eu\/#organization","name":"Cabol","url":"https:\/\/cabol.eu\/","sameAs":["https:\/\/www.instagram.com\/cabolfluidengineering?igsh=MTVjYXUyb2ttcXg3bw==&amp;utm_source=qr","https:\/\/www.linkedin.com\/company\/cabol-fluid-engineering\/?viewAsMember=true","https:\/\/www.youtube.com\/@cabolfluidengineering9499"],"logo":{"@type":"ImageObject","@id":"https:\/\/cabol.eu\/#logo","inLanguage":"de-DE","url":"https:\/\/cabol.eu\/cabol2021\/wp-content\/uploads\/2021\/03\/logo-cabol.png","contentUrl":"https:\/\/cabol.eu\/cabol2021\/wp-content\/uploads\/2021\/03\/logo-cabol.png","width":800,"height":280,"caption":"Cabol"},"image":{"@id":"https:\/\/cabol.eu\/#logo"}},{"@type":"WebSite","@id":"https:\/\/cabol.eu\/#website","url":"https:\/\/cabol.eu\/","name":"Cabol","description":"Fluid Engineering","publisher":{"@id":"https:\/\/cabol.eu\/#organization"},"potentialAction":[{"@type":"SearchAction","target":{"@type":"EntryPoint","urlTemplate":"https:\/\/cabol.eu\/?s={search_term_string}"},"query-input":"required name=search_term_string"}],"inLanguage":"de-DE"},{"@type":"ImageObject","@id":"https:\/\/cabol.eu\/de\/das-unternehmen\/montage-und-test\/#primaryimage","inLanguage":"de-DE","url":"https:\/\/cabol.eu\/wp-content\/uploads\/2022\/09\/banner-Assemblaggio.jpg","contentUrl":"https:\/\/cabol.eu\/wp-content\/uploads\/2022\/09\/banner-Assemblaggio.jpg","width":1200,"height":800},{"@type":"WebPage","@id":"https:\/\/cabol.eu\/de\/das-unternehmen\/montage-und-test\/#webpage","url":"https:\/\/cabol.eu\/de\/das-unternehmen\/montage-und-test\/","name":"Montage und Test - Cabol","isPartOf":{"@id":"https:\/\/cabol.eu\/#website"},"primaryImageOfPage":{"@id":"https:\/\/cabol.eu\/de\/das-unternehmen\/montage-und-test\/#primaryimage"},"datePublished":"2021-12-17T11:29:22+00:00","dateModified":"2025-08-07T09:16:48+00:00","description":"Hydraulische und elektrohydraulische Systeme, die nach strengen Methoden zusammengebaut und auf Effizienz, Zuverl\u00e4ssigkeit und Sicherheit gepr\u00fcft wurden.","breadcrumb":{"@id":"https:\/\/cabol.eu\/de\/das-unternehmen\/montage-und-test\/#breadcrumb"},"inLanguage":"de-DE","potentialAction":[{"@type":"ReadAction","target":["https:\/\/cabol.eu\/de\/das-unternehmen\/montage-und-test\/"]}]},{"@type":"BreadcrumbList","@id":"https:\/\/cabol.eu\/de\/das-unternehmen\/montage-und-test\/#breadcrumb","itemListElement":[{"@type":"ListItem","position":1,"name":"Home","item":"https:\/\/cabol.eu\/de\/"},{"@type":"ListItem","position":2,"name":"Das Unternehmen","item":"https:\/\/cabol.eu\/de\/azienda\/"},{"@type":"ListItem","position":3,"name":"Montage und Test"}]}]}},"_links":{"self":[{"href":"https:\/\/cabol.eu\/de\/wp-json\/wp\/v2\/pages\/1991"}],"collection":[{"href":"https:\/\/cabol.eu\/de\/wp-json\/wp\/v2\/pages"}],"about":[{"href":"https:\/\/cabol.eu\/de\/wp-json\/wp\/v2\/types\/page"}],"author":[{"embeddable":true,"href":"https:\/\/cabol.eu\/de\/wp-json\/wp\/v2\/users\/1"}],"replies":[{"embeddable":true,"href":"https:\/\/cabol.eu\/de\/wp-json\/wp\/v2\/comments?post=1991"}],"version-history":[{"count":5,"href":"https:\/\/cabol.eu\/de\/wp-json\/wp\/v2\/pages\/1991\/revisions"}],"predecessor-version":[{"id":17067,"href":"https:\/\/cabol.eu\/de\/wp-json\/wp\/v2\/pages\/1991\/revisions\/17067"}],"up":[{"embeddable":true,"href":"https:\/\/cabol.eu\/de\/wp-json\/wp\/v2\/pages\/1632"}],"wp:featuredmedia":[{"embeddable":true,"href":"https:\/\/cabol.eu\/de\/wp-json\/wp\/v2\/media\/7263"}],"wp:attachment":[{"href":"https:\/\/cabol.eu\/de\/wp-json\/wp\/v2\/media?parent=1991"}],"wp:term":[{"taxonomy":"category","embeddable":true,"href":"https:\/\/cabol.eu\/de\/wp-json\/wp\/v2\/categories?post=1991"},{"taxonomy":"post_tag","embeddable":true,"href":"https:\/\/cabol.eu\/de\/wp-json\/wp\/v2\/tags?post=1991"}],"curies":[{"name":"wp","href":"https:\/\/api.w.org\/{rel}","templated":true}]}}