{"id":1993,"date":"2021-12-17T12:30:50","date_gmt":"2021-12-17T11:30:50","guid":{"rendered":"https:\/\/cabol.eu\/das-unternehmen\/technologie\/"},"modified":"2025-08-07T11:33:11","modified_gmt":"2025-08-07T09:33:11","slug":"technologie","status":"publish","type":"page","link":"https:\/\/cabol.eu\/de\/das-unternehmen\/technologie\/","title":{"rendered":"Technologie"},"content":{"rendered":"\n<p>Seit Beginn seiner unternehmerischen T\u00e4tigkeit stellt Cabol Produkte unter dem eigenen Markennamen her und hat sich im Laufe der Jahre den Anforderungen des Marktes entsprechend angepasst, durch eine schrittweise Einf\u00fchrung  immer leistungsf\u00e4higerer Technologien, wie moderne vertikale und horizontale Bearbeitungszentren zum Drehen, Bohren, Fr\u00e4sen, L\u00e4ppen, Schleifen etc.  \r\nUm maximale Qualit\u00e4t zu gew\u00e4hrleisten, erfolgen au\u00dferdem in jeder Phase der Verarbeitung neben der Dimensionskontrolle und dem abschlie\u00dfenden Test des Produkts auch entsprechende Stichproben-Kontrollen.<\/p>\n\n\n\n<h2>Produktion<\/h2>\n\n\n\n<p>Unsere Produktion l\u00e4sst sich wohl am besten durch den Vergleich von Cabol mit einer Qualit\u00e4tsschneiderei beschreiben, die namhafte Kleidung nach Ma\u00df herstellt.\r\nIm Gegensatz zu vielen anderen ist es f\u00fcr uns gar nicht mal so einfach, ein Produktsortiment mit einem dazugeh\u00f6rigen Katalog zu pr\u00e4sentieren, denn die Konstruktion von Standardzylindern macht lediglich einen kleinen Teil unserer Produktion aus.<\/p>\n\n\n\n<p>Cabol ist mittlerweile bekannt als ein Unternehmen, das bei der Gestaltung und Realisierung von Zylindern, Servozylindern und allem anderen, was mit Hydraulik zu tun hat, keine Grenzen kennt.\r\nDas Problem eines Kunden und die entsprechende Notwendigkeit, dieses zu l\u00f6sen, stellt f\u00fcr Cabol einen weiteren \u201eMa\u00dfanzug\u201c dar, den es speziell f\u00fcr diesen Zweck und f\u00fcr diese Umst\u00e4nde zuzuschneiden und zu konfektionieren gilt.<\/p>\n\n\n\n<p>Viele der auf der Website ersichtlichen Bilder stellen lediglich Beispiele von Produkten dar, die der Standardmarkt nicht anbieten konnte, und die den Anforderungen unserer Kunden gerecht geworden sind. \r\nSollten Sie also einen speziellen Bedarf haben oder ein Problem oder eine Schwierigkeit mit Hydraulikzylindern, Servozylindern, integrierten Hochdruckeinheiten, Dreh-Aktuatoren,  elektrohydraulischen Zylindern sowie Hydraulik im Allgemeinen, dann kontaktieren Sie uns. Wir entwickeln dann f\u00fcr Sie ein neues Produkt, das f\u00fcr Sie die L\u00f6sung Ihres Problems und f\u00fcr uns eine weitere Befriedigung darstellen wird.<\/p>\n","protected":false},"excerpt":{"rendered":"<p>Seit Beginn seiner unternehmerischen T\u00e4tigkeit stellt Cabol Produkte unter dem eigenen Markennamen her und hat sich im Laufe der Jahre den Anforderungen des Marktes entsprechend angepasst, durch eine schrittweise Einf\u00fchrung immer leistungsf\u00e4higerer Technologien, wie moderne vertikale und horizontale Bearbeitungszentren zum Drehen, Bohren, Fr\u00e4sen, L\u00e4ppen, Schleifen etc. Um maximale Qualit\u00e4t zu gew\u00e4hrleisten, erfolgen au\u00dferdem in jeder [&hellip;]<\/p>\n","protected":false},"author":1,"featured_media":1685,"parent":1632,"menu_order":0,"comment_status":"closed","ping_status":"closed","template":"","meta":{"_et_pb_use_builder":"on","_et_pb_old_content":"","_et_gb_content_width":""},"categories":[],"tags":[],"acf":[],"yoast_head":"<!-- This site is optimized with the Yoast SEO plugin v18.5.1 - https:\/\/yoast.com\/wordpress\/plugins\/seo\/ -->\n<title>Technologie - Cabol<\/title>\n<meta name=\"description\" content=\"Wir glauben, dass die treffendste Definition zur Beschreibung unserer Produktion darin besteht, Cabol mit einer Qualit\u00e4tsschneiderei zu vergleichen, die ma\u00dfgeschneiderte Anz\u00fcge von hohem Prestige herstellt.\" \/>\n<meta name=\"robots\" content=\"index, follow, max-snippet:-1, max-image-preview:large, max-video-preview:-1\" \/>\n<link rel=\"canonical\" href=\"https:\/\/cabol.eu\/de\/das-unternehmen\/technologie\/\" \/>\n<meta property=\"og:locale\" content=\"de_DE\" \/>\n<meta property=\"og:type\" content=\"article\" \/>\n<meta property=\"og:title\" content=\"Technologie - Cabol\" \/>\n<meta property=\"og:description\" content=\"Wir glauben, dass die treffendste Definition zur Beschreibung unserer Produktion darin besteht, Cabol mit einer Qualit\u00e4tsschneiderei zu vergleichen, die ma\u00dfgeschneiderte Anz\u00fcge von hohem Prestige herstellt.\" \/>\n<meta property=\"og:url\" content=\"https:\/\/cabol.eu\/de\/das-unternehmen\/technologie\/\" \/>\n<meta property=\"og:site_name\" content=\"Cabol\" \/>\n<meta property=\"article:modified_time\" content=\"2025-08-07T09:33:11+00:00\" \/>\n<meta property=\"og:image\" content=\"https:\/\/cabol.eu\/wp-content\/uploads\/2021\/10\/banner-azienda-tecnologia.jpg\" \/>\n\t<meta property=\"og:image:width\" content=\"1200\" \/>\n\t<meta property=\"og:image:height\" content=\"800\" \/>\n\t<meta property=\"og:image:type\" content=\"image\/jpeg\" \/>\n<meta name=\"twitter:card\" content=\"summary_large_image\" \/>\n<meta name=\"twitter:label1\" content=\"Est. reading time\" \/>\n\t<meta name=\"twitter:data1\" content=\"2 minutes\" \/>\n<script type=\"application\/ld+json\" class=\"yoast-schema-graph\">{\"@context\":\"https:\/\/schema.org\",\"@graph\":[{\"@type\":\"Organization\",\"@id\":\"https:\/\/cabol.eu\/#organization\",\"name\":\"Cabol\",\"url\":\"https:\/\/cabol.eu\/\",\"sameAs\":[\"https:\/\/www.instagram.com\/cabolfluidengineering?igsh=MTVjYXUyb2ttcXg3bw==&amp;utm_source=qr\",\"https:\/\/www.linkedin.com\/company\/cabol-fluid-engineering\/?viewAsMember=true\",\"https:\/\/www.youtube.com\/@cabolfluidengineering9499\"],\"logo\":{\"@type\":\"ImageObject\",\"@id\":\"https:\/\/cabol.eu\/#logo\",\"inLanguage\":\"de-DE\",\"url\":\"https:\/\/cabol.eu\/cabol2021\/wp-content\/uploads\/2021\/03\/logo-cabol.png\",\"contentUrl\":\"https:\/\/cabol.eu\/cabol2021\/wp-content\/uploads\/2021\/03\/logo-cabol.png\",\"width\":800,\"height\":280,\"caption\":\"Cabol\"},\"image\":{\"@id\":\"https:\/\/cabol.eu\/#logo\"}},{\"@type\":\"WebSite\",\"@id\":\"https:\/\/cabol.eu\/#website\",\"url\":\"https:\/\/cabol.eu\/\",\"name\":\"Cabol\",\"description\":\"Fluid Engineering\",\"publisher\":{\"@id\":\"https:\/\/cabol.eu\/#organization\"},\"potentialAction\":[{\"@type\":\"SearchAction\",\"target\":{\"@type\":\"EntryPoint\",\"urlTemplate\":\"https:\/\/cabol.eu\/?s={search_term_string}\"},\"query-input\":\"required name=search_term_string\"}],\"inLanguage\":\"de-DE\"},{\"@type\":\"ImageObject\",\"@id\":\"https:\/\/cabol.eu\/de\/das-unternehmen\/technologie\/#primaryimage\",\"inLanguage\":\"de-DE\",\"url\":\"https:\/\/cabol.eu\/wp-content\/uploads\/2021\/10\/banner-azienda-tecnologia.jpg\",\"contentUrl\":\"https:\/\/cabol.eu\/wp-content\/uploads\/2021\/10\/banner-azienda-tecnologia.jpg\",\"width\":1200,\"height\":800},{\"@type\":\"WebPage\",\"@id\":\"https:\/\/cabol.eu\/de\/das-unternehmen\/technologie\/#webpage\",\"url\":\"https:\/\/cabol.eu\/de\/das-unternehmen\/technologie\/\",\"name\":\"Technologie - Cabol\",\"isPartOf\":{\"@id\":\"https:\/\/cabol.eu\/#website\"},\"primaryImageOfPage\":{\"@id\":\"https:\/\/cabol.eu\/de\/das-unternehmen\/technologie\/#primaryimage\"},\"datePublished\":\"2021-12-17T11:30:50+00:00\",\"dateModified\":\"2025-08-07T09:33:11+00:00\",\"description\":\"Wir glauben, dass die treffendste Definition zur Beschreibung unserer Produktion darin besteht, Cabol mit einer Qualit\u00e4tsschneiderei zu vergleichen, die ma\u00dfgeschneiderte Anz\u00fcge von hohem Prestige herstellt.\",\"breadcrumb\":{\"@id\":\"https:\/\/cabol.eu\/de\/das-unternehmen\/technologie\/#breadcrumb\"},\"inLanguage\":\"de-DE\",\"potentialAction\":[{\"@type\":\"ReadAction\",\"target\":[\"https:\/\/cabol.eu\/de\/das-unternehmen\/technologie\/\"]}]},{\"@type\":\"BreadcrumbList\",\"@id\":\"https:\/\/cabol.eu\/de\/das-unternehmen\/technologie\/#breadcrumb\",\"itemListElement\":[{\"@type\":\"ListItem\",\"position\":1,\"name\":\"Home\",\"item\":\"https:\/\/cabol.eu\/de\/\"},{\"@type\":\"ListItem\",\"position\":2,\"name\":\"Das Unternehmen\",\"item\":\"https:\/\/cabol.eu\/de\/azienda\/\"},{\"@type\":\"ListItem\",\"position\":3,\"name\":\"Technologie\"}]}]}<\/script>\n<!-- \/ Yoast SEO plugin. -->","yoast_head_json":{"title":"Technologie - Cabol","description":"Wir glauben, dass die treffendste Definition zur Beschreibung unserer Produktion darin besteht, Cabol mit einer Qualit\u00e4tsschneiderei zu vergleichen, die ma\u00dfgeschneiderte Anz\u00fcge von hohem Prestige herstellt.","robots":{"index":"index","follow":"follow","max-snippet":"max-snippet:-1","max-image-preview":"max-image-preview:large","max-video-preview":"max-video-preview:-1"},"canonical":"https:\/\/cabol.eu\/de\/das-unternehmen\/technologie\/","og_locale":"de_DE","og_type":"article","og_title":"Technologie - Cabol","og_description":"Wir glauben, dass die treffendste Definition zur Beschreibung unserer Produktion darin besteht, Cabol mit einer Qualit\u00e4tsschneiderei zu vergleichen, die ma\u00dfgeschneiderte Anz\u00fcge von hohem Prestige herstellt.","og_url":"https:\/\/cabol.eu\/de\/das-unternehmen\/technologie\/","og_site_name":"Cabol","article_modified_time":"2025-08-07T09:33:11+00:00","og_image":[{"width":1200,"height":800,"url":"https:\/\/cabol.eu\/wp-content\/uploads\/2021\/10\/banner-azienda-tecnologia.jpg","type":"image\/jpeg"}],"twitter_card":"summary_large_image","twitter_misc":{"Est. reading time":"2 minutes"},"schema":{"@context":"https:\/\/schema.org","@graph":[{"@type":"Organization","@id":"https:\/\/cabol.eu\/#organization","name":"Cabol","url":"https:\/\/cabol.eu\/","sameAs":["https:\/\/www.instagram.com\/cabolfluidengineering?igsh=MTVjYXUyb2ttcXg3bw==&amp;utm_source=qr","https:\/\/www.linkedin.com\/company\/cabol-fluid-engineering\/?viewAsMember=true","https:\/\/www.youtube.com\/@cabolfluidengineering9499"],"logo":{"@type":"ImageObject","@id":"https:\/\/cabol.eu\/#logo","inLanguage":"de-DE","url":"https:\/\/cabol.eu\/cabol2021\/wp-content\/uploads\/2021\/03\/logo-cabol.png","contentUrl":"https:\/\/cabol.eu\/cabol2021\/wp-content\/uploads\/2021\/03\/logo-cabol.png","width":800,"height":280,"caption":"Cabol"},"image":{"@id":"https:\/\/cabol.eu\/#logo"}},{"@type":"WebSite","@id":"https:\/\/cabol.eu\/#website","url":"https:\/\/cabol.eu\/","name":"Cabol","description":"Fluid Engineering","publisher":{"@id":"https:\/\/cabol.eu\/#organization"},"potentialAction":[{"@type":"SearchAction","target":{"@type":"EntryPoint","urlTemplate":"https:\/\/cabol.eu\/?s={search_term_string}"},"query-input":"required name=search_term_string"}],"inLanguage":"de-DE"},{"@type":"ImageObject","@id":"https:\/\/cabol.eu\/de\/das-unternehmen\/technologie\/#primaryimage","inLanguage":"de-DE","url":"https:\/\/cabol.eu\/wp-content\/uploads\/2021\/10\/banner-azienda-tecnologia.jpg","contentUrl":"https:\/\/cabol.eu\/wp-content\/uploads\/2021\/10\/banner-azienda-tecnologia.jpg","width":1200,"height":800},{"@type":"WebPage","@id":"https:\/\/cabol.eu\/de\/das-unternehmen\/technologie\/#webpage","url":"https:\/\/cabol.eu\/de\/das-unternehmen\/technologie\/","name":"Technologie - Cabol","isPartOf":{"@id":"https:\/\/cabol.eu\/#website"},"primaryImageOfPage":{"@id":"https:\/\/cabol.eu\/de\/das-unternehmen\/technologie\/#primaryimage"},"datePublished":"2021-12-17T11:30:50+00:00","dateModified":"2025-08-07T09:33:11+00:00","description":"Wir glauben, dass die treffendste Definition zur Beschreibung unserer Produktion darin besteht, Cabol mit einer Qualit\u00e4tsschneiderei zu vergleichen, die ma\u00dfgeschneiderte Anz\u00fcge von hohem Prestige herstellt.","breadcrumb":{"@id":"https:\/\/cabol.eu\/de\/das-unternehmen\/technologie\/#breadcrumb"},"inLanguage":"de-DE","potentialAction":[{"@type":"ReadAction","target":["https:\/\/cabol.eu\/de\/das-unternehmen\/technologie\/"]}]},{"@type":"BreadcrumbList","@id":"https:\/\/cabol.eu\/de\/das-unternehmen\/technologie\/#breadcrumb","itemListElement":[{"@type":"ListItem","position":1,"name":"Home","item":"https:\/\/cabol.eu\/de\/"},{"@type":"ListItem","position":2,"name":"Das Unternehmen","item":"https:\/\/cabol.eu\/de\/azienda\/"},{"@type":"ListItem","position":3,"name":"Technologie"}]}]}},"_links":{"self":[{"href":"https:\/\/cabol.eu\/de\/wp-json\/wp\/v2\/pages\/1993"}],"collection":[{"href":"https:\/\/cabol.eu\/de\/wp-json\/wp\/v2\/pages"}],"about":[{"href":"https:\/\/cabol.eu\/de\/wp-json\/wp\/v2\/types\/page"}],"author":[{"embeddable":true,"href":"https:\/\/cabol.eu\/de\/wp-json\/wp\/v2\/users\/1"}],"replies":[{"embeddable":true,"href":"https:\/\/cabol.eu\/de\/wp-json\/wp\/v2\/comments?post=1993"}],"version-history":[{"count":2,"href":"https:\/\/cabol.eu\/de\/wp-json\/wp\/v2\/pages\/1993\/revisions"}],"predecessor-version":[{"id":17073,"href":"https:\/\/cabol.eu\/de\/wp-json\/wp\/v2\/pages\/1993\/revisions\/17073"}],"up":[{"embeddable":true,"href":"https:\/\/cabol.eu\/de\/wp-json\/wp\/v2\/pages\/1632"}],"wp:featuredmedia":[{"embeddable":true,"href":"https:\/\/cabol.eu\/de\/wp-json\/wp\/v2\/media\/1685"}],"wp:attachment":[{"href":"https:\/\/cabol.eu\/de\/wp-json\/wp\/v2\/media?parent=1993"}],"wp:term":[{"taxonomy":"category","embeddable":true,"href":"https:\/\/cabol.eu\/de\/wp-json\/wp\/v2\/categories?post=1993"},{"taxonomy":"post_tag","embeddable":true,"href":"https:\/\/cabol.eu\/de\/wp-json\/wp\/v2\/tags?post=1993"}],"curies":[{"name":"wp","href":"https:\/\/api.w.org\/{rel}","templated":true}]}}