{"id":1995,"date":"2021-12-17T12:32:50","date_gmt":"2021-12-17T11:32:50","guid":{"rendered":"https:\/\/cabol.eu\/das-unternehmen\/qualitaet\/"},"modified":"2025-08-07T11:31:49","modified_gmt":"2025-08-07T09:31:49","slug":"qualitaet","status":"publish","type":"page","link":"https:\/\/cabol.eu\/de\/das-unternehmen\/qualitaet\/","title":{"rendered":"Qualit\u00e4t"},"content":{"rendered":"\n<p>Die Kontinuit\u00e4t bei den Ergebnissen, die erfreulicherweise nicht von den schwankenden Markttrends beeinflusst wurde, l\u00e4sst sich darauf zur\u00fcckzuf\u00fchren, dass die unternehmerische Strategie von Cabol schon immer auf Qualit\u00e4t ausgerichtet war. \r\nDas qualitative Niveau an sich ist bereits schon eine Garantie f\u00fcr den Kunden. \r\nSie basiert auf der Auswahl der Rohstoffe und der Qualit\u00e4tskontrolle in jeder Phase des Verarbeitungsprozesses. Dadurch weisen alle ausgelieferten Teile eine 100%ige Garantie auf.  \r\nAls Best\u00e4tigung des unerm\u00fcdlichen Engagements seitens Cabol, nur beste Qualit\u00e4t zu erzielen, wurde eine neue Abteilung eingerichtet, die sich ausschlie\u00dflich mit der Dimensionskontrolle befasst und unter den Anweisungen des Qualit\u00e4tsbeauftragten weitere und noch restriktivere Verfahren mit sich gebracht hat.\r\nCabol hat die Qualit\u00e4tszertifizierung Nr. PC17773 ISO 9001:2015 erhalten und ist allein schon deswegen in der Lage, seinen Kunden jegliche Informationen \u00fcber das Produkt und den Produktionszyklus  sowie &#8211; falls erforderlich oder gew\u00fcnscht &#8211; s\u00e4mtliche Herkunftszertifikate, Dichtheits- und Pr\u00fcftest-Bescheinigungen zur Verf\u00fcgung zu stellen.<\/p>\n\n\n\n<p>Informieren Sie sich \u00fcber unsere <a href=\"\/cabol2021\/wp-content\/uploads\/2021\/12\/ppq-politica-per-la-qualita-firmata-rev-00-del-29-10-2018.pdf\" target=\"_blank\" rel=\"noreferrer noopener\">Politik in Bezug auf Qualit\u00e4t<\/a>.<\/p>\n\n\n\n<div class=\"wp-block-getwid-images-slider has-arrows-inside has-dots-inside has-images-center has-cropped-images has-fixed-height\"><div class=\"wp-block-getwid-images-slider__wrapper\" data-effect=\"slide\" data-slides-show=\"1\" data-slides-show-laptop=\"1\" data-slides-show-tablet=\"1\" data-slides-show-mobile=\"1\" data-slides-scroll=\"1\" data-autoplay=\"true\" data-autoplay-speed=\"6000\" data-infinite=\"true\" data-animation-speed=\"800\" data-center-mode=\"false\" data-variable-width=\"false\" data-arrows=\"inside\" data-dots=\"inside\" data-spacing=\"none\"><div class=\"wp-block-getwid-images-slider__item getwid-reset-height-tablet getwid-reset-height-mobile\" style=\"height:600px\"><figure><img loading=\"lazy\" width=\"900\" height=\"600\" src=\"https:\/\/cabol.eu\/wp-content\/uploads\/2021\/11\/galleria-qualita-01.jpg\" data-id=\"1191\" data-link=\"https:\/\/cabol.eu\/azienda\/qualita\/attachment\/galleria-qualita-01\/\" data-original-link=\"https:\/\/cabol.eu\/wp-content\/uploads\/2021\/11\/galleria-qualita-01.jpg\" class=\"wp-block-getwid-images-slider__image wp-image-1699\" srcset=\"https:\/\/cabol.eu\/wp-content\/uploads\/2021\/11\/galleria-qualita-01.jpg 900w, https:\/\/cabol.eu\/wp-content\/uploads\/2021\/11\/galleria-qualita-01-480x320.jpg 480w\" sizes=\"(min-width: 0px) and (max-width: 480px) 480px, (min-width: 481px) 900px, 100vw\" \/><\/figure><\/div><div class=\"wp-block-getwid-images-slider__item getwid-reset-height-tablet getwid-reset-height-mobile\" style=\"height:600px\"><figure><img loading=\"lazy\" width=\"900\" height=\"600\" src=\"https:\/\/cabol.eu\/wp-content\/uploads\/2021\/11\/galleria-qualita-02.jpg\" data-id=\"1193\" data-link=\"https:\/\/cabol.eu\/azienda\/qualita\/attachment\/galleria-qualita-02\/\" data-original-link=\"https:\/\/cabol.eu\/wp-content\/uploads\/2021\/11\/galleria-qualita-02.jpg\" class=\"wp-block-getwid-images-slider__image wp-image-1700\" srcset=\"https:\/\/cabol.eu\/wp-content\/uploads\/2021\/11\/galleria-qualita-02.jpg 900w, https:\/\/cabol.eu\/wp-content\/uploads\/2021\/11\/galleria-qualita-02-480x320.jpg 480w\" sizes=\"(min-width: 0px) and (max-width: 480px) 480px, (min-width: 481px) 900px, 100vw\" \/><\/figure><\/div><div class=\"wp-block-getwid-images-slider__item getwid-reset-height-tablet getwid-reset-height-mobile\" style=\"height:600px\"><figure><img loading=\"lazy\" width=\"900\" height=\"600\" src=\"https:\/\/cabol.eu\/wp-content\/uploads\/2021\/11\/galleria-qualita-03.jpg\" data-id=\"1195\" data-link=\"https:\/\/cabol.eu\/azienda\/qualita\/attachment\/galleria-qualita-03\/\" data-original-link=\"https:\/\/cabol.eu\/wp-content\/uploads\/2021\/11\/galleria-qualita-03.jpg\" class=\"wp-block-getwid-images-slider__image wp-image-1701\" srcset=\"https:\/\/cabol.eu\/wp-content\/uploads\/2021\/11\/galleria-qualita-03.jpg 900w, https:\/\/cabol.eu\/wp-content\/uploads\/2021\/11\/galleria-qualita-03-480x320.jpg 480w\" sizes=\"(min-width: 0px) and (max-width: 480px) 480px, (min-width: 481px) 900px, 100vw\" \/><\/figure><\/div><div class=\"wp-block-getwid-images-slider__item getwid-reset-height-tablet getwid-reset-height-mobile\" style=\"height:600px\"><figure><img loading=\"lazy\" width=\"900\" height=\"600\" src=\"https:\/\/cabol.eu\/wp-content\/uploads\/2021\/11\/galleria-qualita-04.jpg\" data-id=\"1197\" data-link=\"https:\/\/cabol.eu\/azienda\/qualita\/attachment\/galleria-qualita-04\/\" data-original-link=\"https:\/\/cabol.eu\/wp-content\/uploads\/2021\/11\/galleria-qualita-04.jpg\" class=\"wp-block-getwid-images-slider__image wp-image-1702\" srcset=\"https:\/\/cabol.eu\/wp-content\/uploads\/2021\/11\/galleria-qualita-04.jpg 900w, https:\/\/cabol.eu\/wp-content\/uploads\/2021\/11\/galleria-qualita-04-480x320.jpg 480w\" sizes=\"(min-width: 0px) and (max-width: 480px) 480px, (min-width: 481px) 900px, 100vw\" \/><\/figure><\/div><div class=\"wp-block-getwid-images-slider__item getwid-reset-height-tablet getwid-reset-height-mobile\" style=\"height:600px\"><figure><img loading=\"lazy\" width=\"900\" height=\"600\" src=\"https:\/\/cabol.eu\/wp-content\/uploads\/2021\/11\/galleria-qualita-05.jpg\" data-id=\"1199\" data-link=\"https:\/\/cabol.eu\/azienda\/qualita\/attachment\/galleria-qualita-05\/\" data-original-link=\"https:\/\/cabol.eu\/wp-content\/uploads\/2021\/11\/galleria-qualita-05.jpg\" class=\"wp-block-getwid-images-slider__image wp-image-1703\" srcset=\"https:\/\/cabol.eu\/wp-content\/uploads\/2021\/11\/galleria-qualita-05.jpg 900w, https:\/\/cabol.eu\/wp-content\/uploads\/2021\/11\/galleria-qualita-05-480x320.jpg 480w\" sizes=\"(min-width: 0px) and (max-width: 480px) 480px, (min-width: 481px) 900px, 100vw\" \/><\/figure><\/div><div class=\"wp-block-getwid-images-slider__item getwid-reset-height-tablet getwid-reset-height-mobile\" style=\"height:600px\"><figure><img loading=\"lazy\" width=\"900\" height=\"600\" src=\"https:\/\/cabol.eu\/wp-content\/uploads\/2021\/11\/galleria-qualita-06.jpg\" data-id=\"1201\" data-link=\"https:\/\/cabol.eu\/azienda\/qualita\/attachment\/galleria-qualita-06\/\" data-original-link=\"https:\/\/cabol.eu\/wp-content\/uploads\/2021\/11\/galleria-qualita-06.jpg\" class=\"wp-block-getwid-images-slider__image wp-image-1704\" srcset=\"https:\/\/cabol.eu\/wp-content\/uploads\/2021\/11\/galleria-qualita-06.jpg 900w, https:\/\/cabol.eu\/wp-content\/uploads\/2021\/11\/galleria-qualita-06-480x320.jpg 480w\" sizes=\"(min-width: 0px) and (max-width: 480px) 480px, (min-width: 481px) 900px, 100vw\" \/><\/figure><\/div><div class=\"wp-block-getwid-images-slider__item getwid-reset-height-tablet getwid-reset-height-mobile\" style=\"height:600px\"><figure><img loading=\"lazy\" width=\"900\" height=\"600\" src=\"https:\/\/cabol.eu\/wp-content\/uploads\/2021\/11\/galleria-qualita-07.jpg\" data-id=\"1203\" data-link=\"https:\/\/cabol.eu\/azienda\/qualita\/attachment\/galleria-qualita-07\/\" data-original-link=\"https:\/\/cabol.eu\/wp-content\/uploads\/2021\/11\/galleria-qualita-07.jpg\" class=\"wp-block-getwid-images-slider__image wp-image-1705\" srcset=\"https:\/\/cabol.eu\/wp-content\/uploads\/2021\/11\/galleria-qualita-07.jpg 900w, https:\/\/cabol.eu\/wp-content\/uploads\/2021\/11\/galleria-qualita-07-480x320.jpg 480w\" sizes=\"(min-width: 0px) and (max-width: 480px) 480px, (min-width: 481px) 900px, 100vw\" \/><\/figure><\/div><\/div><\/div>\n","protected":false},"excerpt":{"rendered":"<p>Die Kontinuit\u00e4t bei den Ergebnissen, die erfreulicherweise nicht von den schwankenden Markttrends beeinflusst wurde, l\u00e4sst sich darauf zur\u00fcckzuf\u00fchren, dass die unternehmerische Strategie von Cabol schon immer auf Qualit\u00e4t ausgerichtet war. Das qualitative Niveau an sich ist bereits schon eine Garantie f\u00fcr den Kunden. Sie basiert auf der Auswahl der Rohstoffe und der Qualit\u00e4tskontrolle in jeder [&hellip;]<\/p>\n","protected":false},"author":1,"featured_media":1688,"parent":1632,"menu_order":0,"comment_status":"closed","ping_status":"closed","template":"","meta":{"_et_pb_use_builder":"","_et_pb_old_content":"","_et_gb_content_width":""},"categories":[],"tags":[],"acf":[],"yoast_head":"<!-- This site is optimized with the Yoast SEO plugin v18.5.1 - https:\/\/yoast.com\/wordpress\/plugins\/seo\/ -->\n<title>Qualit\u00e4t - Cabol<\/title>\n<meta name=\"description\" content=\"Zertifizierte Prozesse und strenge Kontrollen bei der Herstellung hydraulischer und elektrohydraulischer L\u00f6sungen gew\u00e4hrleisten Zuverl\u00e4ssigkeit, Sicherheit und optimale Leistung\" \/>\n<meta name=\"robots\" content=\"index, follow, max-snippet:-1, max-image-preview:large, max-video-preview:-1\" \/>\n<link rel=\"canonical\" href=\"https:\/\/cabol.eu\/de\/das-unternehmen\/qualitaet\/\" \/>\n<meta property=\"og:locale\" content=\"de_DE\" \/>\n<meta property=\"og:type\" content=\"article\" \/>\n<meta property=\"og:title\" content=\"Qualit\u00e4t - Cabol\" \/>\n<meta property=\"og:description\" content=\"Zertifizierte Prozesse und strenge Kontrollen bei der Herstellung hydraulischer und elektrohydraulischer L\u00f6sungen gew\u00e4hrleisten Zuverl\u00e4ssigkeit, Sicherheit und optimale Leistung\" \/>\n<meta property=\"og:url\" content=\"https:\/\/cabol.eu\/de\/das-unternehmen\/qualitaet\/\" \/>\n<meta property=\"og:site_name\" content=\"Cabol\" \/>\n<meta property=\"article:modified_time\" content=\"2025-08-07T09:31:49+00:00\" \/>\n<meta property=\"og:image\" content=\"https:\/\/cabol.eu\/wp-content\/uploads\/2021\/10\/banner-azienda-qualita.jpg\" \/>\n\t<meta property=\"og:image:width\" content=\"1200\" \/>\n\t<meta property=\"og:image:height\" content=\"800\" \/>\n\t<meta property=\"og:image:type\" content=\"image\/jpeg\" \/>\n<meta name=\"twitter:card\" content=\"summary_large_image\" \/>\n<meta name=\"twitter:label1\" content=\"Est. reading time\" \/>\n\t<meta name=\"twitter:data1\" content=\"3 minutes\" \/>\n<script type=\"application\/ld+json\" class=\"yoast-schema-graph\">{\"@context\":\"https:\/\/schema.org\",\"@graph\":[{\"@type\":\"Organization\",\"@id\":\"https:\/\/cabol.eu\/#organization\",\"name\":\"Cabol\",\"url\":\"https:\/\/cabol.eu\/\",\"sameAs\":[\"https:\/\/www.instagram.com\/cabolfluidengineering?igsh=MTVjYXUyb2ttcXg3bw==&amp;utm_source=qr\",\"https:\/\/www.linkedin.com\/company\/cabol-fluid-engineering\/?viewAsMember=true\",\"https:\/\/www.youtube.com\/@cabolfluidengineering9499\"],\"logo\":{\"@type\":\"ImageObject\",\"@id\":\"https:\/\/cabol.eu\/#logo\",\"inLanguage\":\"de-DE\",\"url\":\"https:\/\/cabol.eu\/cabol2021\/wp-content\/uploads\/2021\/03\/logo-cabol.png\",\"contentUrl\":\"https:\/\/cabol.eu\/cabol2021\/wp-content\/uploads\/2021\/03\/logo-cabol.png\",\"width\":800,\"height\":280,\"caption\":\"Cabol\"},\"image\":{\"@id\":\"https:\/\/cabol.eu\/#logo\"}},{\"@type\":\"WebSite\",\"@id\":\"https:\/\/cabol.eu\/#website\",\"url\":\"https:\/\/cabol.eu\/\",\"name\":\"Cabol\",\"description\":\"Fluid Engineering\",\"publisher\":{\"@id\":\"https:\/\/cabol.eu\/#organization\"},\"potentialAction\":[{\"@type\":\"SearchAction\",\"target\":{\"@type\":\"EntryPoint\",\"urlTemplate\":\"https:\/\/cabol.eu\/?s={search_term_string}\"},\"query-input\":\"required name=search_term_string\"}],\"inLanguage\":\"de-DE\"},{\"@type\":\"ImageObject\",\"@id\":\"https:\/\/cabol.eu\/de\/das-unternehmen\/qualitaet\/#primaryimage\",\"inLanguage\":\"de-DE\",\"url\":\"https:\/\/cabol.eu\/wp-content\/uploads\/2021\/10\/banner-azienda-qualita.jpg\",\"contentUrl\":\"https:\/\/cabol.eu\/wp-content\/uploads\/2021\/10\/banner-azienda-qualita.jpg\",\"width\":1200,\"height\":800},{\"@type\":\"WebPage\",\"@id\":\"https:\/\/cabol.eu\/de\/das-unternehmen\/qualitaet\/#webpage\",\"url\":\"https:\/\/cabol.eu\/de\/das-unternehmen\/qualitaet\/\",\"name\":\"Qualit\u00e4t - Cabol\",\"isPartOf\":{\"@id\":\"https:\/\/cabol.eu\/#website\"},\"primaryImageOfPage\":{\"@id\":\"https:\/\/cabol.eu\/de\/das-unternehmen\/qualitaet\/#primaryimage\"},\"datePublished\":\"2021-12-17T11:32:50+00:00\",\"dateModified\":\"2025-08-07T09:31:49+00:00\",\"description\":\"Zertifizierte Prozesse und strenge Kontrollen bei der Herstellung hydraulischer und elektrohydraulischer L\u00f6sungen gew\u00e4hrleisten Zuverl\u00e4ssigkeit, Sicherheit und optimale Leistung\",\"breadcrumb\":{\"@id\":\"https:\/\/cabol.eu\/de\/das-unternehmen\/qualitaet\/#breadcrumb\"},\"inLanguage\":\"de-DE\",\"potentialAction\":[{\"@type\":\"ReadAction\",\"target\":[\"https:\/\/cabol.eu\/de\/das-unternehmen\/qualitaet\/\"]}]},{\"@type\":\"BreadcrumbList\",\"@id\":\"https:\/\/cabol.eu\/de\/das-unternehmen\/qualitaet\/#breadcrumb\",\"itemListElement\":[{\"@type\":\"ListItem\",\"position\":1,\"name\":\"Home\",\"item\":\"https:\/\/cabol.eu\/de\/\"},{\"@type\":\"ListItem\",\"position\":2,\"name\":\"Das Unternehmen\",\"item\":\"https:\/\/cabol.eu\/de\/azienda\/\"},{\"@type\":\"ListItem\",\"position\":3,\"name\":\"Qualit\u00e4t\"}]}]}<\/script>\n<!-- \/ Yoast SEO plugin. -->","yoast_head_json":{"title":"Qualit\u00e4t - Cabol","description":"Zertifizierte Prozesse und strenge Kontrollen bei der Herstellung hydraulischer und elektrohydraulischer L\u00f6sungen gew\u00e4hrleisten Zuverl\u00e4ssigkeit, Sicherheit und optimale Leistung","robots":{"index":"index","follow":"follow","max-snippet":"max-snippet:-1","max-image-preview":"max-image-preview:large","max-video-preview":"max-video-preview:-1"},"canonical":"https:\/\/cabol.eu\/de\/das-unternehmen\/qualitaet\/","og_locale":"de_DE","og_type":"article","og_title":"Qualit\u00e4t - Cabol","og_description":"Zertifizierte Prozesse und strenge Kontrollen bei der Herstellung hydraulischer und elektrohydraulischer L\u00f6sungen gew\u00e4hrleisten Zuverl\u00e4ssigkeit, Sicherheit und optimale Leistung","og_url":"https:\/\/cabol.eu\/de\/das-unternehmen\/qualitaet\/","og_site_name":"Cabol","article_modified_time":"2025-08-07T09:31:49+00:00","og_image":[{"width":1200,"height":800,"url":"https:\/\/cabol.eu\/wp-content\/uploads\/2021\/10\/banner-azienda-qualita.jpg","type":"image\/jpeg"}],"twitter_card":"summary_large_image","twitter_misc":{"Est. reading time":"3 minutes"},"schema":{"@context":"https:\/\/schema.org","@graph":[{"@type":"Organization","@id":"https:\/\/cabol.eu\/#organization","name":"Cabol","url":"https:\/\/cabol.eu\/","sameAs":["https:\/\/www.instagram.com\/cabolfluidengineering?igsh=MTVjYXUyb2ttcXg3bw==&amp;utm_source=qr","https:\/\/www.linkedin.com\/company\/cabol-fluid-engineering\/?viewAsMember=true","https:\/\/www.youtube.com\/@cabolfluidengineering9499"],"logo":{"@type":"ImageObject","@id":"https:\/\/cabol.eu\/#logo","inLanguage":"de-DE","url":"https:\/\/cabol.eu\/cabol2021\/wp-content\/uploads\/2021\/03\/logo-cabol.png","contentUrl":"https:\/\/cabol.eu\/cabol2021\/wp-content\/uploads\/2021\/03\/logo-cabol.png","width":800,"height":280,"caption":"Cabol"},"image":{"@id":"https:\/\/cabol.eu\/#logo"}},{"@type":"WebSite","@id":"https:\/\/cabol.eu\/#website","url":"https:\/\/cabol.eu\/","name":"Cabol","description":"Fluid Engineering","publisher":{"@id":"https:\/\/cabol.eu\/#organization"},"potentialAction":[{"@type":"SearchAction","target":{"@type":"EntryPoint","urlTemplate":"https:\/\/cabol.eu\/?s={search_term_string}"},"query-input":"required name=search_term_string"}],"inLanguage":"de-DE"},{"@type":"ImageObject","@id":"https:\/\/cabol.eu\/de\/das-unternehmen\/qualitaet\/#primaryimage","inLanguage":"de-DE","url":"https:\/\/cabol.eu\/wp-content\/uploads\/2021\/10\/banner-azienda-qualita.jpg","contentUrl":"https:\/\/cabol.eu\/wp-content\/uploads\/2021\/10\/banner-azienda-qualita.jpg","width":1200,"height":800},{"@type":"WebPage","@id":"https:\/\/cabol.eu\/de\/das-unternehmen\/qualitaet\/#webpage","url":"https:\/\/cabol.eu\/de\/das-unternehmen\/qualitaet\/","name":"Qualit\u00e4t - Cabol","isPartOf":{"@id":"https:\/\/cabol.eu\/#website"},"primaryImageOfPage":{"@id":"https:\/\/cabol.eu\/de\/das-unternehmen\/qualitaet\/#primaryimage"},"datePublished":"2021-12-17T11:32:50+00:00","dateModified":"2025-08-07T09:31:49+00:00","description":"Zertifizierte Prozesse und strenge Kontrollen bei der Herstellung hydraulischer und elektrohydraulischer L\u00f6sungen gew\u00e4hrleisten Zuverl\u00e4ssigkeit, Sicherheit und optimale Leistung","breadcrumb":{"@id":"https:\/\/cabol.eu\/de\/das-unternehmen\/qualitaet\/#breadcrumb"},"inLanguage":"de-DE","potentialAction":[{"@type":"ReadAction","target":["https:\/\/cabol.eu\/de\/das-unternehmen\/qualitaet\/"]}]},{"@type":"BreadcrumbList","@id":"https:\/\/cabol.eu\/de\/das-unternehmen\/qualitaet\/#breadcrumb","itemListElement":[{"@type":"ListItem","position":1,"name":"Home","item":"https:\/\/cabol.eu\/de\/"},{"@type":"ListItem","position":2,"name":"Das Unternehmen","item":"https:\/\/cabol.eu\/de\/azienda\/"},{"@type":"ListItem","position":3,"name":"Qualit\u00e4t"}]}]}},"_links":{"self":[{"href":"https:\/\/cabol.eu\/de\/wp-json\/wp\/v2\/pages\/1995"}],"collection":[{"href":"https:\/\/cabol.eu\/de\/wp-json\/wp\/v2\/pages"}],"about":[{"href":"https:\/\/cabol.eu\/de\/wp-json\/wp\/v2\/types\/page"}],"author":[{"embeddable":true,"href":"https:\/\/cabol.eu\/de\/wp-json\/wp\/v2\/users\/1"}],"replies":[{"embeddable":true,"href":"https:\/\/cabol.eu\/de\/wp-json\/wp\/v2\/comments?post=1995"}],"version-history":[{"count":3,"href":"https:\/\/cabol.eu\/de\/wp-json\/wp\/v2\/pages\/1995\/revisions"}],"predecessor-version":[{"id":17072,"href":"https:\/\/cabol.eu\/de\/wp-json\/wp\/v2\/pages\/1995\/revisions\/17072"}],"up":[{"embeddable":true,"href":"https:\/\/cabol.eu\/de\/wp-json\/wp\/v2\/pages\/1632"}],"wp:featuredmedia":[{"embeddable":true,"href":"https:\/\/cabol.eu\/de\/wp-json\/wp\/v2\/media\/1688"}],"wp:attachment":[{"href":"https:\/\/cabol.eu\/de\/wp-json\/wp\/v2\/media?parent=1995"}],"wp:term":[{"taxonomy":"category","embeddable":true,"href":"https:\/\/cabol.eu\/de\/wp-json\/wp\/v2\/categories?post=1995"},{"taxonomy":"post_tag","embeddable":true,"href":"https:\/\/cabol.eu\/de\/wp-json\/wp\/v2\/tags?post=1995"}],"curies":[{"name":"wp","href":"https:\/\/api.w.org\/{rel}","templated":true}]}}