{"id":2008,"date":"2021-12-17T14:17:30","date_gmt":"2021-12-17T13:17:30","guid":{"rendered":"https:\/\/cabol.eu\/produkte\/doppeltwirkende-hydraulikzylinder-aus-edelstahl\/"},"modified":"2021-12-17T15:08:04","modified_gmt":"2021-12-17T14:08:04","slug":"elektrohydraulische-zylinder","status":"publish","type":"page","link":"https:\/\/cabol.eu\/de\/produkte\/elektrohydraulische-zylinder\/","title":{"rendered":"Elektrohydraulische Zylinder"},"content":{"rendered":"        <div class=\"wp-block-getwid-custom-post-type custom-post-type-page has-layout-grid has-spacing-medium\">\n            <div class=\"wp-block-getwid-custom-post-type__wrapper getwid-columns getwid-columns-3\">\n                \t\t\t\t\t\t\t\t<div class='wp-block-getwid-custom-post-type__post'>\n\t\t\t\t\t\t\t\t\t\r\n<div class=\"wp-block-getwid-custom-post-type__post-wrapper\">\r\n            <div class=\"wp-block-getwid-custom-post-type__post-thumbnail\">\r\n            <a href=\"https:\/\/cabol.eu\/de\/produkte\/elektrohydraulische-zylinder\/in-der-basisversion\/\"><img width=\"800\" height=\"600\" src=\"https:\/\/cabol.eu\/wp-content\/uploads\/2021\/12\/foto-cilindri-elettroidraulici-01.jpg\" class=\"attachment-post-thumbnail size-post-thumbnail wp-post-image\" alt=\"cilindri elettroidraulici base, gamma Evo C3\" loading=\"lazy\" srcset=\"https:\/\/cabol.eu\/wp-content\/uploads\/2021\/12\/foto-cilindri-elettroidraulici-01.jpg 800w, https:\/\/cabol.eu\/wp-content\/uploads\/2021\/12\/foto-cilindri-elettroidraulici-01-480x360.jpg 480w\" sizes=\"(min-width: 0px) and (max-width: 480px) 480px, (min-width: 481px) 800px, 100vw\" \/><\/a>\r\n        <\/div>\r\n        <div class=\"wp-block-getwid-custom-post-type__content-wrapper\">\r\n        <div class=\"wp-block-getwid-custom-post-type__post-header\">\r\n            <h3 class=\"wp-block-getwid-custom-post-type__post-title\"><a href=\"https:\/\/cabol.eu\/de\/produkte\/elektrohydraulische-zylinder\/in-der-basisversion\/\">Elektrohydraulische Zylinger in der Basisversion<\/a><\/h3>        <\/div>\r\n        <div class=\"wp-block-getwid-custom-post-type__post-excerpt \"><p>Es handelt sich um Hydraulikzylinder, die durch ein in den Zylinder integriertes elektrohydraulisches Aggregat betrieben werden. Bei dieser L\u00f6sung entfallen die Rohrleitungen und Verbindungen, die sich normalerweise zwischen dem Aggregat und dem Hydraulikzylinder befinden, und somit auch der damit verbundene m\u00f6gliche Fl\u00fcssigkeitsverlust. Der Zylinder verh\u00e4lt sich wie eine normale elektrische Linearachse und kombiniert die Vorteile [&hellip;]<\/p>\n<\/div>\r\n    <\/div>\r\n<\/div>\r\n\t\t\t\t\t\t\t\t<\/div>\n\t\t\t\t\t\t\t\t\t\t\t\t\t\t\t<div class='wp-block-getwid-custom-post-type__post'>\n\t\t\t\t\t\t\t\t\t\r\n<div class=\"wp-block-getwid-custom-post-type__post-wrapper\">\r\n            <div class=\"wp-block-getwid-custom-post-type__post-thumbnail\">\r\n            <a href=\"https:\/\/cabol.eu\/de\/produkte\/elektrohydraulische-zylinder\/mit-grenztastern\/\"><img width=\"800\" height=\"600\" src=\"https:\/\/cabol.eu\/wp-content\/uploads\/2021\/12\/foto-cilindri-elettroidraulici-03.jpg\" class=\"attachment-post-thumbnail size-post-thumbnail wp-post-image\" alt=\"Cilindri elettroidraulici con sensori di fine corsa\" loading=\"lazy\" srcset=\"https:\/\/cabol.eu\/wp-content\/uploads\/2021\/12\/foto-cilindri-elettroidraulici-03.jpg 800w, https:\/\/cabol.eu\/wp-content\/uploads\/2021\/12\/foto-cilindri-elettroidraulici-03-480x360.jpg 480w\" sizes=\"(min-width: 0px) and (max-width: 480px) 480px, (min-width: 481px) 800px, 100vw\" \/><\/a>\r\n        <\/div>\r\n        <div class=\"wp-block-getwid-custom-post-type__content-wrapper\">\r\n        <div class=\"wp-block-getwid-custom-post-type__post-header\">\r\n            <h3 class=\"wp-block-getwid-custom-post-type__post-title\"><a href=\"https:\/\/cabol.eu\/de\/produkte\/elektrohydraulische-zylinder\/mit-grenztastern\/\">Elektrohydraulische Zylinder mit Grenztastern<\/a><\/h3>        <\/div>\r\n        <div class=\"wp-block-getwid-custom-post-type__post-excerpt \"><p>Es handelt sich um Hydraulikzylinder, die von einem am Zylinder integrierten elektrohydraulischen Aggregat angetrieben werden. Diese L\u00f6sung beinhaltet die Eliminierung der Rohre und Anschlussst\u00fccke, die normalerweise zwischen der Antriebseinheit und dem Hydraulikzylinder vorhanden sind, mit den relativen potenziellen Fl\u00fcssigkeitsverlusten. Der Zylinder verh\u00e4lt sich wie eine normale elektrische Linearachse und vereint die Vorteile der enormen Schubkraft [&hellip;]<\/p>\n<\/div>\r\n    <\/div>\r\n<\/div>\r\n\t\t\t\t\t\t\t\t<\/div>\n\t\t\t\t\t\t\t\t\t\t\t\t\t\t\t<div class='wp-block-getwid-custom-post-type__post'>\n\t\t\t\t\t\t\t\t\t\r\n<div class=\"wp-block-getwid-custom-post-type__post-wrapper\">\r\n            <div class=\"wp-block-getwid-custom-post-type__post-thumbnail\">\r\n            <a href=\"https:\/\/cabol.eu\/de\/produkte\/elektrohydraulische-zylinder\/mit-position-aufnehmer\/\"><img width=\"800\" height=\"600\" src=\"https:\/\/cabol.eu\/wp-content\/uploads\/2021\/12\/foto-cilindri-elettroidraulici-02.jpg\" class=\"attachment-post-thumbnail size-post-thumbnail wp-post-image\" alt=\"Cilindri elettroidraulici con trasduttore di posizione\" loading=\"lazy\" srcset=\"https:\/\/cabol.eu\/wp-content\/uploads\/2021\/12\/foto-cilindri-elettroidraulici-02.jpg 800w, https:\/\/cabol.eu\/wp-content\/uploads\/2021\/12\/foto-cilindri-elettroidraulici-02-480x360.jpg 480w\" sizes=\"(min-width: 0px) and (max-width: 480px) 480px, (min-width: 481px) 800px, 100vw\" \/><\/a>\r\n        <\/div>\r\n        <div class=\"wp-block-getwid-custom-post-type__content-wrapper\">\r\n        <div class=\"wp-block-getwid-custom-post-type__post-header\">\r\n            <h3 class=\"wp-block-getwid-custom-post-type__post-title\"><a href=\"https:\/\/cabol.eu\/de\/produkte\/elektrohydraulische-zylinder\/mit-position-aufnehmer\/\">Elektrohydraulische Zylinder mit Position-Aufnehmer<\/a><\/h3>        <\/div>\r\n        <div class=\"wp-block-getwid-custom-post-type__post-excerpt \"><p>Es handelt sich um Hydraulikzylinder, die durch ein in den Zylinder integriertes elektrohydraulisches Aggregat betrieben werden. Bei dieser L\u00f6sung entfallen jegliche Rohrleitungen und Verbindungen zwischen dem Aggregat und dem Hydraulikzylinder, und somit auch der damit verbundene m\u00f6gliche Fl\u00fcssigkeitsverlust. Der Zylinder verh\u00e4lt sich wie eine normale elektrische Linearachse und kombiniert die Vorteile der enormen Schubkraft der [&hellip;]<\/p>\n<\/div>\r\n    <\/div>\r\n<\/div>\r\n\t\t\t\t\t\t\t\t<\/div>\n\t\t\t\t\t\t\t\t\t\t\t\t\t\t\t<div class='wp-block-getwid-custom-post-type__post'>\n\t\t\t\t\t\t\t\t\t\r\n<div class=\"wp-block-getwid-custom-post-type__post-wrapper\">\r\n            <div class=\"wp-block-getwid-custom-post-type__post-thumbnail\">\r\n            <a href=\"https:\/\/cabol.eu\/de\/produkte\/elektrohydraulische-zylinder\/mit-position-aufnehmer-und-steuerungselektronik-im-integrierten-geschlossenen-kreislauf\/\"><img width=\"800\" height=\"600\" src=\"https:\/\/cabol.eu\/wp-content\/uploads\/2021\/12\/foto-cilindri-elettroidraulici-04.jpg\" class=\"attachment-post-thumbnail size-post-thumbnail wp-post-image\" alt=\"Cilindri elettroidraulici con trasduttore di posizione ed elettronica di controllo in anello chiuso integrata\" loading=\"lazy\" srcset=\"https:\/\/cabol.eu\/wp-content\/uploads\/2021\/12\/foto-cilindri-elettroidraulici-04.jpg 800w, https:\/\/cabol.eu\/wp-content\/uploads\/2021\/12\/foto-cilindri-elettroidraulici-04-480x360.jpg 480w\" sizes=\"(min-width: 0px) and (max-width: 480px) 480px, (min-width: 481px) 800px, 100vw\" \/><\/a>\r\n        <\/div>\r\n        <div class=\"wp-block-getwid-custom-post-type__content-wrapper\">\r\n        <div class=\"wp-block-getwid-custom-post-type__post-header\">\r\n            <h3 class=\"wp-block-getwid-custom-post-type__post-title\"><a href=\"https:\/\/cabol.eu\/de\/produkte\/elektrohydraulische-zylinder\/mit-position-aufnehmer-und-steuerungselektronik-im-integrierten-geschlossenen-kreislauf\/\">Elektrohydraulische Zylinder mit Position-Aufnehmer und Steuerungselektronik im integrierten geschlossenen Kreislauf<\/a><\/h3>        <\/div>\r\n        <div class=\"wp-block-getwid-custom-post-type__post-excerpt \"><p>Es handelt sich um Hydraulikzylinder, die durch ein in den Zylinder integriertes elektrohydraulisches Aggregat betrieben werden. Bei dieser L\u00f6sung entfallen jegliche Rohrleitungen und Verbindungen zwischen dem Aggregat und dem Hydraulikzylinder, und somit auch der damit verbundene m\u00f6gliche Fl\u00fcssigkeitsverlust. Der Zylinder verh\u00e4lt sich wie eine normale elektrische Linearachse und kombiniert die Vorteile der enormen Schubkraft der [&hellip;]<\/p>\n<\/div>\r\n    <\/div>\r\n<\/div>\r\n\t\t\t\t\t\t\t\t<\/div>\n\t\t\t\t\t\t\t            <\/div>\n\n                    <\/div>\n        ","protected":false},"excerpt":{"rendered":"","protected":false},"author":1,"featured_media":1903,"parent":2002,"menu_order":0,"comment_status":"closed","ping_status":"closed","template":"","meta":{"_et_pb_use_builder":"","_et_pb_old_content":"","_et_gb_content_width":""},"categories":[],"tags":[],"acf":[],"yoast_head":"<!-- This site is optimized with the Yoast SEO plugin v18.5.1 - https:\/\/yoast.com\/wordpress\/plugins\/seo\/ -->\n<title>Elektrohydraulische Zylinder - Cabol<\/title>\n<meta name=\"robots\" content=\"index, follow, max-snippet:-1, max-image-preview:large, max-video-preview:-1\" \/>\n<link rel=\"canonical\" href=\"https:\/\/cabol.eu\/de\/produkte\/elektrohydraulische-zylinder\/\" \/>\n<meta property=\"og:locale\" content=\"de_DE\" \/>\n<meta property=\"og:type\" content=\"article\" \/>\n<meta property=\"og:title\" content=\"Elektrohydraulische Zylinder - Cabol\" \/>\n<meta property=\"og:url\" content=\"https:\/\/cabol.eu\/de\/produkte\/elektrohydraulische-zylinder\/\" \/>\n<meta property=\"og:site_name\" content=\"Cabol\" \/>\n<meta property=\"article:modified_time\" content=\"2021-12-17T14:08:04+00:00\" \/>\n<meta property=\"og:image\" content=\"https:\/\/cabol.eu\/cabol2021\/wp-content\/uploads\/2021\/12\/foto-cilindri-elettroidraulici-01.jpg\" \/>\n\t<meta property=\"og:image:width\" content=\"800\" \/>\n\t<meta property=\"og:image:height\" content=\"600\" \/>\n\t<meta property=\"og:image:type\" content=\"image\/jpeg\" \/>\n<meta name=\"twitter:card\" content=\"summary_large_image\" \/>\n<script type=\"application\/ld+json\" class=\"yoast-schema-graph\">{\"@context\":\"https:\/\/schema.org\",\"@graph\":[{\"@type\":\"Organization\",\"@id\":\"https:\/\/cabol.eu\/#organization\",\"name\":\"Cabol\",\"url\":\"https:\/\/cabol.eu\/\",\"sameAs\":[\"https:\/\/www.instagram.com\/cabolfluidengineering?igsh=MTVjYXUyb2ttcXg3bw==&amp;utm_source=qr\",\"https:\/\/www.linkedin.com\/company\/cabol-fluid-engineering\/?viewAsMember=true\",\"https:\/\/www.youtube.com\/@cabolfluidengineering9499\"],\"logo\":{\"@type\":\"ImageObject\",\"@id\":\"https:\/\/cabol.eu\/#logo\",\"inLanguage\":\"de-DE\",\"url\":\"https:\/\/cabol.eu\/cabol2021\/wp-content\/uploads\/2021\/03\/logo-cabol.png\",\"contentUrl\":\"https:\/\/cabol.eu\/cabol2021\/wp-content\/uploads\/2021\/03\/logo-cabol.png\",\"width\":800,\"height\":280,\"caption\":\"Cabol\"},\"image\":{\"@id\":\"https:\/\/cabol.eu\/#logo\"}},{\"@type\":\"WebSite\",\"@id\":\"https:\/\/cabol.eu\/#website\",\"url\":\"https:\/\/cabol.eu\/\",\"name\":\"Cabol\",\"description\":\"Fluid Engineering\",\"publisher\":{\"@id\":\"https:\/\/cabol.eu\/#organization\"},\"potentialAction\":[{\"@type\":\"SearchAction\",\"target\":{\"@type\":\"EntryPoint\",\"urlTemplate\":\"https:\/\/cabol.eu\/?s={search_term_string}\"},\"query-input\":\"required name=search_term_string\"}],\"inLanguage\":\"de-DE\"},{\"@type\":\"ImageObject\",\"@id\":\"https:\/\/cabol.eu\/de\/produkte\/elektrohydraulische-zylinder\/#primaryimage\",\"inLanguage\":\"de-DE\",\"url\":\"https:\/\/cabol.eu\/wp-content\/uploads\/2021\/12\/foto-cilindri-elettroidraulici-01.jpg\",\"contentUrl\":\"https:\/\/cabol.eu\/wp-content\/uploads\/2021\/12\/foto-cilindri-elettroidraulici-01.jpg\",\"width\":800,\"height\":600,\"caption\":\"cilindri elettroidraulici base, gamma Evo C3\"},{\"@type\":\"WebPage\",\"@id\":\"https:\/\/cabol.eu\/de\/produkte\/elektrohydraulische-zylinder\/#webpage\",\"url\":\"https:\/\/cabol.eu\/de\/produkte\/elektrohydraulische-zylinder\/\",\"name\":\"Elektrohydraulische Zylinder - Cabol\",\"isPartOf\":{\"@id\":\"https:\/\/cabol.eu\/#website\"},\"primaryImageOfPage\":{\"@id\":\"https:\/\/cabol.eu\/de\/produkte\/elektrohydraulische-zylinder\/#primaryimage\"},\"datePublished\":\"2021-12-17T13:17:30+00:00\",\"dateModified\":\"2021-12-17T14:08:04+00:00\",\"breadcrumb\":{\"@id\":\"https:\/\/cabol.eu\/de\/produkte\/elektrohydraulische-zylinder\/#breadcrumb\"},\"inLanguage\":\"de-DE\",\"potentialAction\":[{\"@type\":\"ReadAction\",\"target\":[\"https:\/\/cabol.eu\/de\/produkte\/elektrohydraulische-zylinder\/\"]}]},{\"@type\":\"BreadcrumbList\",\"@id\":\"https:\/\/cabol.eu\/de\/produkte\/elektrohydraulische-zylinder\/#breadcrumb\",\"itemListElement\":[{\"@type\":\"ListItem\",\"position\":1,\"name\":\"Home\",\"item\":\"https:\/\/cabol.eu\/de\/\"},{\"@type\":\"ListItem\",\"position\":2,\"name\":\"Produkte\",\"item\":\"https:\/\/cabol.eu\/de\/produkte\/\"},{\"@type\":\"ListItem\",\"position\":3,\"name\":\"Elektrohydraulische Zylinder\"}]}]}<\/script>\n<!-- \/ Yoast SEO plugin. -->","yoast_head_json":{"title":"Elektrohydraulische Zylinder - Cabol","robots":{"index":"index","follow":"follow","max-snippet":"max-snippet:-1","max-image-preview":"max-image-preview:large","max-video-preview":"max-video-preview:-1"},"canonical":"https:\/\/cabol.eu\/de\/produkte\/elektrohydraulische-zylinder\/","og_locale":"de_DE","og_type":"article","og_title":"Elektrohydraulische Zylinder - Cabol","og_url":"https:\/\/cabol.eu\/de\/produkte\/elektrohydraulische-zylinder\/","og_site_name":"Cabol","article_modified_time":"2021-12-17T14:08:04+00:00","og_image":[{"width":800,"height":600,"url":"https:\/\/cabol.eu\/cabol2021\/wp-content\/uploads\/2021\/12\/foto-cilindri-elettroidraulici-01.jpg","type":"image\/jpeg"}],"twitter_card":"summary_large_image","schema":{"@context":"https:\/\/schema.org","@graph":[{"@type":"Organization","@id":"https:\/\/cabol.eu\/#organization","name":"Cabol","url":"https:\/\/cabol.eu\/","sameAs":["https:\/\/www.instagram.com\/cabolfluidengineering?igsh=MTVjYXUyb2ttcXg3bw==&amp;utm_source=qr","https:\/\/www.linkedin.com\/company\/cabol-fluid-engineering\/?viewAsMember=true","https:\/\/www.youtube.com\/@cabolfluidengineering9499"],"logo":{"@type":"ImageObject","@id":"https:\/\/cabol.eu\/#logo","inLanguage":"de-DE","url":"https:\/\/cabol.eu\/cabol2021\/wp-content\/uploads\/2021\/03\/logo-cabol.png","contentUrl":"https:\/\/cabol.eu\/cabol2021\/wp-content\/uploads\/2021\/03\/logo-cabol.png","width":800,"height":280,"caption":"Cabol"},"image":{"@id":"https:\/\/cabol.eu\/#logo"}},{"@type":"WebSite","@id":"https:\/\/cabol.eu\/#website","url":"https:\/\/cabol.eu\/","name":"Cabol","description":"Fluid Engineering","publisher":{"@id":"https:\/\/cabol.eu\/#organization"},"potentialAction":[{"@type":"SearchAction","target":{"@type":"EntryPoint","urlTemplate":"https:\/\/cabol.eu\/?s={search_term_string}"},"query-input":"required name=search_term_string"}],"inLanguage":"de-DE"},{"@type":"ImageObject","@id":"https:\/\/cabol.eu\/de\/produkte\/elektrohydraulische-zylinder\/#primaryimage","inLanguage":"de-DE","url":"https:\/\/cabol.eu\/wp-content\/uploads\/2021\/12\/foto-cilindri-elettroidraulici-01.jpg","contentUrl":"https:\/\/cabol.eu\/wp-content\/uploads\/2021\/12\/foto-cilindri-elettroidraulici-01.jpg","width":800,"height":600,"caption":"cilindri elettroidraulici base, gamma Evo C3"},{"@type":"WebPage","@id":"https:\/\/cabol.eu\/de\/produkte\/elektrohydraulische-zylinder\/#webpage","url":"https:\/\/cabol.eu\/de\/produkte\/elektrohydraulische-zylinder\/","name":"Elektrohydraulische Zylinder - Cabol","isPartOf":{"@id":"https:\/\/cabol.eu\/#website"},"primaryImageOfPage":{"@id":"https:\/\/cabol.eu\/de\/produkte\/elektrohydraulische-zylinder\/#primaryimage"},"datePublished":"2021-12-17T13:17:30+00:00","dateModified":"2021-12-17T14:08:04+00:00","breadcrumb":{"@id":"https:\/\/cabol.eu\/de\/produkte\/elektrohydraulische-zylinder\/#breadcrumb"},"inLanguage":"de-DE","potentialAction":[{"@type":"ReadAction","target":["https:\/\/cabol.eu\/de\/produkte\/elektrohydraulische-zylinder\/"]}]},{"@type":"BreadcrumbList","@id":"https:\/\/cabol.eu\/de\/produkte\/elektrohydraulische-zylinder\/#breadcrumb","itemListElement":[{"@type":"ListItem","position":1,"name":"Home","item":"https:\/\/cabol.eu\/de\/"},{"@type":"ListItem","position":2,"name":"Produkte","item":"https:\/\/cabol.eu\/de\/produkte\/"},{"@type":"ListItem","position":3,"name":"Elektrohydraulische Zylinder"}]}]}},"_links":{"self":[{"href":"https:\/\/cabol.eu\/de\/wp-json\/wp\/v2\/pages\/2008"}],"collection":[{"href":"https:\/\/cabol.eu\/de\/wp-json\/wp\/v2\/pages"}],"about":[{"href":"https:\/\/cabol.eu\/de\/wp-json\/wp\/v2\/types\/page"}],"author":[{"embeddable":true,"href":"https:\/\/cabol.eu\/de\/wp-json\/wp\/v2\/users\/1"}],"replies":[{"embeddable":true,"href":"https:\/\/cabol.eu\/de\/wp-json\/wp\/v2\/comments?post=2008"}],"version-history":[{"count":5,"href":"https:\/\/cabol.eu\/de\/wp-json\/wp\/v2\/pages\/2008\/revisions"}],"predecessor-version":[{"id":2019,"href":"https:\/\/cabol.eu\/de\/wp-json\/wp\/v2\/pages\/2008\/revisions\/2019"}],"up":[{"embeddable":true,"href":"https:\/\/cabol.eu\/de\/wp-json\/wp\/v2\/pages\/2002"}],"wp:featuredmedia":[{"embeddable":true,"href":"https:\/\/cabol.eu\/de\/wp-json\/wp\/v2\/media\/1903"}],"wp:attachment":[{"href":"https:\/\/cabol.eu\/de\/wp-json\/wp\/v2\/media?parent=2008"}],"wp:term":[{"taxonomy":"category","embeddable":true,"href":"https:\/\/cabol.eu\/de\/wp-json\/wp\/v2\/categories?post=2008"},{"taxonomy":"post_tag","embeddable":true,"href":"https:\/\/cabol.eu\/de\/wp-json\/wp\/v2\/tags?post=2008"}],"curies":[{"name":"wp","href":"https:\/\/api.w.org\/{rel}","templated":true}]}}