{"id":2028,"date":"2021-12-17T14:29:40","date_gmt":"2021-12-17T13:29:40","guid":{"rendered":"https:\/\/cabol.eu\/produkte\/hydraulikbloecke\/"},"modified":"2025-08-07T15:00:04","modified_gmt":"2025-08-07T13:00:04","slug":"hydraulikbloecke","status":"publish","type":"page","link":"https:\/\/cabol.eu\/de\/produkte\/hydraulikbloecke\/","title":{"rendered":"Hydraulikbl\u00f6cke"},"content":{"rendered":"        <div class=\"wp-block-getwid-custom-post-type custom-post-type-page has-layout-grid has-spacing-medium\">\n            <div class=\"wp-block-getwid-custom-post-type__wrapper getwid-columns getwid-columns-3\">\n                \t\t\t\t\t\t\t\t<div class='wp-block-getwid-custom-post-type__post'>\n\t\t\t\t\t\t\t\t\t\r\n<div class=\"wp-block-getwid-custom-post-type__post-wrapper\">\r\n            <div class=\"wp-block-getwid-custom-post-type__post-thumbnail\">\r\n            <a href=\"https:\/\/cabol.eu\/de\/produkte\/hydraulikbloecke\/hydraulikbloecke\/\"><img width=\"800\" height=\"600\" src=\"https:\/\/cabol.eu\/wp-content\/uploads\/2021\/12\/foto-blocchi-oleodinamici-01.jpg\" class=\"attachment-post-thumbnail size-post-thumbnail wp-post-image\" alt=\"Blocchi oleodinamici\" loading=\"lazy\" srcset=\"https:\/\/cabol.eu\/wp-content\/uploads\/2021\/12\/foto-blocchi-oleodinamici-01.jpg 800w, https:\/\/cabol.eu\/wp-content\/uploads\/2021\/12\/foto-blocchi-oleodinamici-01-480x360.jpg 480w\" sizes=\"(min-width: 0px) and (max-width: 480px) 480px, (min-width: 481px) 800px, 100vw\" \/><\/a>\r\n        <\/div>\r\n        <div class=\"wp-block-getwid-custom-post-type__content-wrapper\">\r\n        <div class=\"wp-block-getwid-custom-post-type__post-header\">\r\n            <h3 class=\"wp-block-getwid-custom-post-type__post-title\"><a href=\"https:\/\/cabol.eu\/de\/produkte\/hydraulikbloecke\/hydraulikbloecke\/\">Hydraulikbl\u00f6cke<\/a><\/h3>        <\/div>\r\n        <div class=\"wp-block-getwid-custom-post-type__post-excerpt \"><p>Es handelt sich um ma\u00dfgeschneiderte Bl\u00f6cke aus Gusseisen, verschiedenen Stahlsorten und Aluminiumlegierungen. Sie k\u00f6nnen verschiedene Arten von Platten- und Patronenventilen aufnehmen. Die Oberfl\u00e4chen sind f\u00fcr die Montage an Hydraulikzylindern oder f\u00fcr den Anschluss an SAE-Flansche und zugeh\u00f6rige Rohrleitungen geeignet.<\/p>\n<\/div>\r\n    <\/div>\r\n<\/div>\r\n\t\t\t\t\t\t\t\t<\/div>\n\t\t\t\t\t\t\t\t\t\t\t\t\t\t\t<div class='wp-block-getwid-custom-post-type__post'>\n\t\t\t\t\t\t\t\t\t\r\n<div class=\"wp-block-getwid-custom-post-type__post-wrapper\">\r\n            <div class=\"wp-block-getwid-custom-post-type__post-thumbnail\">\r\n            <a href=\"https:\/\/cabol.eu\/de\/produkte\/hydraulikbloecke\/verteilerbloecke-fuer-hydraulische-servo-zylinder\/\"><img width=\"800\" height=\"600\" src=\"https:\/\/cabol.eu\/wp-content\/uploads\/2022\/07\/Blocchi-Manifold-per-cilindri-servocilindri-idraulici.jpg\" class=\"attachment-post-thumbnail size-post-thumbnail wp-post-image\" alt=\"\" loading=\"lazy\" srcset=\"https:\/\/cabol.eu\/wp-content\/uploads\/2022\/07\/Blocchi-Manifold-per-cilindri-servocilindri-idraulici.jpg 800w, https:\/\/cabol.eu\/wp-content\/uploads\/2022\/07\/Blocchi-Manifold-per-cilindri-servocilindri-idraulici-480x360.jpg 480w\" sizes=\"(min-width: 0px) and (max-width: 480px) 480px, (min-width: 481px) 800px, 100vw\" \/><\/a>\r\n        <\/div>\r\n        <div class=\"wp-block-getwid-custom-post-type__content-wrapper\">\r\n        <div class=\"wp-block-getwid-custom-post-type__post-header\">\r\n            <h3 class=\"wp-block-getwid-custom-post-type__post-title\"><a href=\"https:\/\/cabol.eu\/de\/produkte\/hydraulikbloecke\/verteilerbloecke-fuer-hydraulische-servo-zylinder\/\">Verteilerbl\u00f6cke f\u00fcr hydraulische Servo-Zylinder<\/a><\/h3>        <\/div>\r\n        <div class=\"wp-block-getwid-custom-post-type__post-excerpt \"><p>Es handelt sich um kundenspezifische Bl\u00f6cke aus Gusseisen, verschiedenen Stahlsorten und Aluminiumlegierungen. Sie k\u00f6nnen Ventile verschiedener Typen aufnehmen, sowohl Platten- als auch Patronenventile. Nach jahrelanger Herstellung von Hydraulikbl\u00f6cken f\u00fcr eine Vielzahl von Branchen und f\u00fcr eine Vielzahl von Anwendungen auf Hydraulikzylindern hat Cabol eine solche Erfahrung erreicht, dass wir in der Lage sind, auf dem [&hellip;]<\/p>\n<\/div>\r\n    <\/div>\r\n<\/div>\r\n\t\t\t\t\t\t\t\t<\/div>\n\t\t\t\t\t\t\t\t\t\t\t\t\t\t\t<div class='wp-block-getwid-custom-post-type__post'>\n\t\t\t\t\t\t\t\t\t\r\n<div class=\"wp-block-getwid-custom-post-type__post-wrapper\">\r\n            <div class=\"wp-block-getwid-custom-post-type__post-thumbnail\">\r\n            <a href=\"https:\/\/cabol.eu\/de\/produkte\/hydraulikbloecke\/verteilerbloecke-fuer-hydraulikzylinder\/\"><img width=\"800\" height=\"600\" src=\"https:\/\/cabol.eu\/wp-content\/uploads\/2022\/07\/Blocchi-Manifold-per-cilindri-idraulici.jpg\" class=\"attachment-post-thumbnail size-post-thumbnail wp-post-image\" alt=\"Blocchi Manifold per cilindri idraulici\" loading=\"lazy\" srcset=\"https:\/\/cabol.eu\/wp-content\/uploads\/2022\/07\/Blocchi-Manifold-per-cilindri-idraulici.jpg 800w, https:\/\/cabol.eu\/wp-content\/uploads\/2022\/07\/Blocchi-Manifold-per-cilindri-idraulici-480x360.jpg 480w\" sizes=\"(min-width: 0px) and (max-width: 480px) 480px, (min-width: 481px) 800px, 100vw\" \/><\/a>\r\n        <\/div>\r\n        <div class=\"wp-block-getwid-custom-post-type__content-wrapper\">\r\n        <div class=\"wp-block-getwid-custom-post-type__post-header\">\r\n            <h3 class=\"wp-block-getwid-custom-post-type__post-title\"><a href=\"https:\/\/cabol.eu\/de\/produkte\/hydraulikbloecke\/verteilerbloecke-fuer-hydraulikzylinder\/\">Verteilerbl\u00f6cke f\u00fcr Hydraulikzylinder<\/a><\/h3>        <\/div>\r\n        <div class=\"wp-block-getwid-custom-post-type__post-excerpt \"><p>Es handelt sich um kundenspezifische Bl\u00f6cke aus Gusseisen, verschiedenen Stahlsorten und Aluminiumlegierungen. Die Bl\u00f6cke k\u00f6nnen aus verschiedenen Materialien hergestellt werden, sowohl aus Gusseisen als auch aus Aluminium. Nach Jahren der Herstellung von Hydraulikbl\u00f6cken f\u00fcr eine Vielzahl von Branchen hat Cabol eine solche Erfahrung erreicht, dass wir in der Lage sind, auf dem Markt die komplette [&hellip;]<\/p>\n<\/div>\r\n    <\/div>\r\n<\/div>\r\n\t\t\t\t\t\t\t\t<\/div>\n\t\t\t\t\t\t\t\t\t\t\t\t\t\t\t<div class='wp-block-getwid-custom-post-type__post'>\n\t\t\t\t\t\t\t\t\t\r\n<div class=\"wp-block-getwid-custom-post-type__post-wrapper\">\r\n            <div class=\"wp-block-getwid-custom-post-type__post-thumbnail\">\r\n            <a href=\"https:\/\/cabol.eu\/de\/produkte\/hydraulikbloecke\/oleodynamische-bloecke-fuer-hydraulikzylinder\/\"><img width=\"800\" height=\"600\" src=\"https:\/\/cabol.eu\/wp-content\/uploads\/2022\/07\/Blocchi-Oleodinamici-su-Cilindro-idraulico.jpg\" class=\"attachment-post-thumbnail size-post-thumbnail wp-post-image\" alt=\"Blocchi oleodinamici per cilindri idraulici\" loading=\"lazy\" srcset=\"https:\/\/cabol.eu\/wp-content\/uploads\/2022\/07\/Blocchi-Oleodinamici-su-Cilindro-idraulico.jpg 800w, https:\/\/cabol.eu\/wp-content\/uploads\/2022\/07\/Blocchi-Oleodinamici-su-Cilindro-idraulico-480x360.jpg 480w\" sizes=\"(min-width: 0px) and (max-width: 480px) 480px, (min-width: 481px) 800px, 100vw\" \/><\/a>\r\n        <\/div>\r\n        <div class=\"wp-block-getwid-custom-post-type__content-wrapper\">\r\n        <div class=\"wp-block-getwid-custom-post-type__post-header\">\r\n            <h3 class=\"wp-block-getwid-custom-post-type__post-title\"><a href=\"https:\/\/cabol.eu\/de\/produkte\/hydraulikbloecke\/oleodynamische-bloecke-fuer-hydraulikzylinder\/\">\u00d6ldynamische Bl\u00f6cke f\u00fcr Hydraulikzylinder<\/a><\/h3>        <\/div>\r\n        <div class=\"wp-block-getwid-custom-post-type__post-excerpt \"><p>Es handelt sich um ma\u00dfgeschneiderte Bl\u00f6cke, die je nach dem Hydraulikzylinder, in dem sie eingesetzt werden sollen, aus Gusseisen, verschiedenen Stahlsorten und Aluminiumlegierungen hergestellt werden. Sie k\u00f6nnen verschiedene Arten von Platten- und Patronenventilen aufnehmen. Die Oberfl\u00e4chen sind f\u00fcr die Montage an Hydraulikzylindern oder f\u00fcr den Anschluss an SAE-Flansche und entsprechende Rohrleitungen geeignet.<\/p>\n<\/div>\r\n    <\/div>\r\n<\/div>\r\n\t\t\t\t\t\t\t\t<\/div>\n\t\t\t\t\t\t\t\t\t\t\t\t\t\t\t<div class='wp-block-getwid-custom-post-type__post'>\n\t\t\t\t\t\t\t\t\t\r\n<div class=\"wp-block-getwid-custom-post-type__post-wrapper\">\r\n            <div class=\"wp-block-getwid-custom-post-type__post-thumbnail\">\r\n            <a href=\"https:\/\/cabol.eu\/de\/produkte\/hydraulikbloecke\/hydraulische-stahlbloecke\/\"><img width=\"800\" height=\"600\" src=\"https:\/\/cabol.eu\/wp-content\/uploads\/2022\/06\/Blocchi-Oleodinamici-in-acciaio.jpg\" class=\"attachment-post-thumbnail size-post-thumbnail wp-post-image\" alt=\"Blocchi oleodinamici in acciaio\" loading=\"lazy\" srcset=\"https:\/\/cabol.eu\/wp-content\/uploads\/2022\/06\/Blocchi-Oleodinamici-in-acciaio.jpg 800w, https:\/\/cabol.eu\/wp-content\/uploads\/2022\/06\/Blocchi-Oleodinamici-in-acciaio-480x360.jpg 480w\" sizes=\"(min-width: 0px) and (max-width: 480px) 480px, (min-width: 481px) 800px, 100vw\" \/><\/a>\r\n        <\/div>\r\n        <div class=\"wp-block-getwid-custom-post-type__content-wrapper\">\r\n        <div class=\"wp-block-getwid-custom-post-type__post-header\">\r\n            <h3 class=\"wp-block-getwid-custom-post-type__post-title\"><a href=\"https:\/\/cabol.eu\/de\/produkte\/hydraulikbloecke\/hydraulische-stahlbloecke\/\">Hydraulische Stahlbl\u00f6cke<\/a><\/h3>        <\/div>\r\n        <div class=\"wp-block-getwid-custom-post-type__post-excerpt \"><p>Es handelt sich um kundenspezifische Bl\u00f6cke, die aus Gusseisen, verschiedenen Stahlsorten und Aluminiumlegierungen hergestellt werden. Sie k\u00f6nnen Ventile verschiedener Typen aufnehmen, sowohl Platten- als auch Patronenventile. Diese Hydraulikbl\u00f6cke sind f\u00fcr die Montage logischer Elemente vorbereitet. Die Oberfl\u00e4chen sind f\u00fcr die Montage an Hydraulikzylindern oder f\u00fcr den Anschluss an SAE-Flansche und entsprechende Rohrleitungen geeignet.<\/p>\n<\/div>\r\n    <\/div>\r\n<\/div>\r\n\t\t\t\t\t\t\t\t<\/div>\n\t\t\t\t\t\t\t            <\/div>\n\n                    <\/div>\n        ","protected":false},"excerpt":{"rendered":"","protected":false},"author":1,"featured_media":1716,"parent":2002,"menu_order":0,"comment_status":"closed","ping_status":"closed","template":"","meta":{"_et_pb_use_builder":"","_et_pb_old_content":"","_et_gb_content_width":""},"categories":[],"tags":[],"acf":[],"yoast_head":"<!-- This site is optimized with the Yoast SEO plugin v18.5.1 - https:\/\/yoast.com\/wordpress\/plugins\/seo\/ -->\n<title>Hydraulikbl\u00f6cke - Cabol<\/title>\n<meta name=\"description\" content=\"Hydraulikbl\u00f6cke aus Gusseisen und anderen Aluminiumlegierungen, kundenspezifisch und f\u00fcr die Montage auf Hydraulikzylindern konzipiert\" \/>\n<meta name=\"robots\" content=\"index, follow, max-snippet:-1, max-image-preview:large, max-video-preview:-1\" \/>\n<link rel=\"canonical\" href=\"https:\/\/cabol.eu\/de\/produkte\/hydraulikbloecke\/\" \/>\n<meta property=\"og:locale\" content=\"de_DE\" \/>\n<meta property=\"og:type\" content=\"article\" \/>\n<meta property=\"og:title\" content=\"Hydraulikbl\u00f6cke - Cabol\" \/>\n<meta property=\"og:description\" content=\"Hydraulikbl\u00f6cke aus Gusseisen und anderen Aluminiumlegierungen, kundenspezifisch und f\u00fcr die Montage auf Hydraulikzylindern konzipiert\" \/>\n<meta property=\"og:url\" content=\"https:\/\/cabol.eu\/de\/produkte\/hydraulikbloecke\/\" \/>\n<meta property=\"og:site_name\" content=\"Cabol\" \/>\n<meta property=\"article:modified_time\" content=\"2025-08-07T13:00:04+00:00\" \/>\n<meta property=\"og:image\" content=\"https:\/\/cabol.eu\/wp-content\/uploads\/2021\/12\/foto-blocchi-oleodinamici-01.jpg\" \/>\n\t<meta property=\"og:image:width\" content=\"800\" \/>\n\t<meta property=\"og:image:height\" content=\"600\" \/>\n\t<meta property=\"og:image:type\" content=\"image\/jpeg\" \/>\n<meta name=\"twitter:card\" content=\"summary_large_image\" \/>\n<script type=\"application\/ld+json\" class=\"yoast-schema-graph\">{\"@context\":\"https:\/\/schema.org\",\"@graph\":[{\"@type\":\"Organization\",\"@id\":\"https:\/\/cabol.eu\/#organization\",\"name\":\"Cabol\",\"url\":\"https:\/\/cabol.eu\/\",\"sameAs\":[\"https:\/\/www.instagram.com\/cabolfluidengineering?igsh=MTVjYXUyb2ttcXg3bw==&amp;utm_source=qr\",\"https:\/\/www.linkedin.com\/company\/cabol-fluid-engineering\/?viewAsMember=true\",\"https:\/\/www.youtube.com\/@cabolfluidengineering9499\"],\"logo\":{\"@type\":\"ImageObject\",\"@id\":\"https:\/\/cabol.eu\/#logo\",\"inLanguage\":\"de-DE\",\"url\":\"https:\/\/cabol.eu\/cabol2021\/wp-content\/uploads\/2021\/03\/logo-cabol.png\",\"contentUrl\":\"https:\/\/cabol.eu\/cabol2021\/wp-content\/uploads\/2021\/03\/logo-cabol.png\",\"width\":800,\"height\":280,\"caption\":\"Cabol\"},\"image\":{\"@id\":\"https:\/\/cabol.eu\/#logo\"}},{\"@type\":\"WebSite\",\"@id\":\"https:\/\/cabol.eu\/#website\",\"url\":\"https:\/\/cabol.eu\/\",\"name\":\"Cabol\",\"description\":\"Fluid Engineering\",\"publisher\":{\"@id\":\"https:\/\/cabol.eu\/#organization\"},\"potentialAction\":[{\"@type\":\"SearchAction\",\"target\":{\"@type\":\"EntryPoint\",\"urlTemplate\":\"https:\/\/cabol.eu\/?s={search_term_string}\"},\"query-input\":\"required name=search_term_string\"}],\"inLanguage\":\"de-DE\"},{\"@type\":\"ImageObject\",\"@id\":\"https:\/\/cabol.eu\/de\/produkte\/hydraulikbloecke\/#primaryimage\",\"inLanguage\":\"de-DE\",\"url\":\"https:\/\/cabol.eu\/wp-content\/uploads\/2021\/12\/foto-blocchi-oleodinamici-01.jpg\",\"contentUrl\":\"https:\/\/cabol.eu\/wp-content\/uploads\/2021\/12\/foto-blocchi-oleodinamici-01.jpg\",\"width\":800,\"height\":600,\"caption\":\"Blocchi oleodinamici\"},{\"@type\":\"WebPage\",\"@id\":\"https:\/\/cabol.eu\/de\/produkte\/hydraulikbloecke\/#webpage\",\"url\":\"https:\/\/cabol.eu\/de\/produkte\/hydraulikbloecke\/\",\"name\":\"Hydraulikbl\u00f6cke - Cabol\",\"isPartOf\":{\"@id\":\"https:\/\/cabol.eu\/#website\"},\"primaryImageOfPage\":{\"@id\":\"https:\/\/cabol.eu\/de\/produkte\/hydraulikbloecke\/#primaryimage\"},\"datePublished\":\"2021-12-17T13:29:40+00:00\",\"dateModified\":\"2025-08-07T13:00:04+00:00\",\"description\":\"Hydraulikbl\u00f6cke aus Gusseisen und anderen Aluminiumlegierungen, kundenspezifisch und f\u00fcr die Montage auf Hydraulikzylindern konzipiert\",\"breadcrumb\":{\"@id\":\"https:\/\/cabol.eu\/de\/produkte\/hydraulikbloecke\/#breadcrumb\"},\"inLanguage\":\"de-DE\",\"potentialAction\":[{\"@type\":\"ReadAction\",\"target\":[\"https:\/\/cabol.eu\/de\/produkte\/hydraulikbloecke\/\"]}]},{\"@type\":\"BreadcrumbList\",\"@id\":\"https:\/\/cabol.eu\/de\/produkte\/hydraulikbloecke\/#breadcrumb\",\"itemListElement\":[{\"@type\":\"ListItem\",\"position\":1,\"name\":\"Home\",\"item\":\"https:\/\/cabol.eu\/de\/\"},{\"@type\":\"ListItem\",\"position\":2,\"name\":\"Produkte\",\"item\":\"https:\/\/cabol.eu\/de\/produkte\/\"},{\"@type\":\"ListItem\",\"position\":3,\"name\":\"Hydraulikbl\u00f6cke\"}]}]}<\/script>\n<!-- \/ Yoast SEO plugin. -->","yoast_head_json":{"title":"Hydraulikbl\u00f6cke - Cabol","description":"Hydraulikbl\u00f6cke aus Gusseisen und anderen Aluminiumlegierungen, kundenspezifisch und f\u00fcr die Montage auf Hydraulikzylindern konzipiert","robots":{"index":"index","follow":"follow","max-snippet":"max-snippet:-1","max-image-preview":"max-image-preview:large","max-video-preview":"max-video-preview:-1"},"canonical":"https:\/\/cabol.eu\/de\/produkte\/hydraulikbloecke\/","og_locale":"de_DE","og_type":"article","og_title":"Hydraulikbl\u00f6cke - Cabol","og_description":"Hydraulikbl\u00f6cke aus Gusseisen und anderen Aluminiumlegierungen, kundenspezifisch und f\u00fcr die Montage auf Hydraulikzylindern konzipiert","og_url":"https:\/\/cabol.eu\/de\/produkte\/hydraulikbloecke\/","og_site_name":"Cabol","article_modified_time":"2025-08-07T13:00:04+00:00","og_image":[{"width":800,"height":600,"url":"https:\/\/cabol.eu\/wp-content\/uploads\/2021\/12\/foto-blocchi-oleodinamici-01.jpg","type":"image\/jpeg"}],"twitter_card":"summary_large_image","schema":{"@context":"https:\/\/schema.org","@graph":[{"@type":"Organization","@id":"https:\/\/cabol.eu\/#organization","name":"Cabol","url":"https:\/\/cabol.eu\/","sameAs":["https:\/\/www.instagram.com\/cabolfluidengineering?igsh=MTVjYXUyb2ttcXg3bw==&amp;utm_source=qr","https:\/\/www.linkedin.com\/company\/cabol-fluid-engineering\/?viewAsMember=true","https:\/\/www.youtube.com\/@cabolfluidengineering9499"],"logo":{"@type":"ImageObject","@id":"https:\/\/cabol.eu\/#logo","inLanguage":"de-DE","url":"https:\/\/cabol.eu\/cabol2021\/wp-content\/uploads\/2021\/03\/logo-cabol.png","contentUrl":"https:\/\/cabol.eu\/cabol2021\/wp-content\/uploads\/2021\/03\/logo-cabol.png","width":800,"height":280,"caption":"Cabol"},"image":{"@id":"https:\/\/cabol.eu\/#logo"}},{"@type":"WebSite","@id":"https:\/\/cabol.eu\/#website","url":"https:\/\/cabol.eu\/","name":"Cabol","description":"Fluid Engineering","publisher":{"@id":"https:\/\/cabol.eu\/#organization"},"potentialAction":[{"@type":"SearchAction","target":{"@type":"EntryPoint","urlTemplate":"https:\/\/cabol.eu\/?s={search_term_string}"},"query-input":"required name=search_term_string"}],"inLanguage":"de-DE"},{"@type":"ImageObject","@id":"https:\/\/cabol.eu\/de\/produkte\/hydraulikbloecke\/#primaryimage","inLanguage":"de-DE","url":"https:\/\/cabol.eu\/wp-content\/uploads\/2021\/12\/foto-blocchi-oleodinamici-01.jpg","contentUrl":"https:\/\/cabol.eu\/wp-content\/uploads\/2021\/12\/foto-blocchi-oleodinamici-01.jpg","width":800,"height":600,"caption":"Blocchi oleodinamici"},{"@type":"WebPage","@id":"https:\/\/cabol.eu\/de\/produkte\/hydraulikbloecke\/#webpage","url":"https:\/\/cabol.eu\/de\/produkte\/hydraulikbloecke\/","name":"Hydraulikbl\u00f6cke - Cabol","isPartOf":{"@id":"https:\/\/cabol.eu\/#website"},"primaryImageOfPage":{"@id":"https:\/\/cabol.eu\/de\/produkte\/hydraulikbloecke\/#primaryimage"},"datePublished":"2021-12-17T13:29:40+00:00","dateModified":"2025-08-07T13:00:04+00:00","description":"Hydraulikbl\u00f6cke aus Gusseisen und anderen Aluminiumlegierungen, kundenspezifisch und f\u00fcr die Montage auf Hydraulikzylindern konzipiert","breadcrumb":{"@id":"https:\/\/cabol.eu\/de\/produkte\/hydraulikbloecke\/#breadcrumb"},"inLanguage":"de-DE","potentialAction":[{"@type":"ReadAction","target":["https:\/\/cabol.eu\/de\/produkte\/hydraulikbloecke\/"]}]},{"@type":"BreadcrumbList","@id":"https:\/\/cabol.eu\/de\/produkte\/hydraulikbloecke\/#breadcrumb","itemListElement":[{"@type":"ListItem","position":1,"name":"Home","item":"https:\/\/cabol.eu\/de\/"},{"@type":"ListItem","position":2,"name":"Produkte","item":"https:\/\/cabol.eu\/de\/produkte\/"},{"@type":"ListItem","position":3,"name":"Hydraulikbl\u00f6cke"}]}]}},"_links":{"self":[{"href":"https:\/\/cabol.eu\/de\/wp-json\/wp\/v2\/pages\/2028"}],"collection":[{"href":"https:\/\/cabol.eu\/de\/wp-json\/wp\/v2\/pages"}],"about":[{"href":"https:\/\/cabol.eu\/de\/wp-json\/wp\/v2\/types\/page"}],"author":[{"embeddable":true,"href":"https:\/\/cabol.eu\/de\/wp-json\/wp\/v2\/users\/1"}],"replies":[{"embeddable":true,"href":"https:\/\/cabol.eu\/de\/wp-json\/wp\/v2\/comments?post=2028"}],"version-history":[{"count":5,"href":"https:\/\/cabol.eu\/de\/wp-json\/wp\/v2\/pages\/2028\/revisions"}],"predecessor-version":[{"id":5250,"href":"https:\/\/cabol.eu\/de\/wp-json\/wp\/v2\/pages\/2028\/revisions\/5250"}],"up":[{"embeddable":true,"href":"https:\/\/cabol.eu\/de\/wp-json\/wp\/v2\/pages\/2002"}],"wp:featuredmedia":[{"embeddable":true,"href":"https:\/\/cabol.eu\/de\/wp-json\/wp\/v2\/media\/1716"}],"wp:attachment":[{"href":"https:\/\/cabol.eu\/de\/wp-json\/wp\/v2\/media?parent=2028"}],"wp:term":[{"taxonomy":"category","embeddable":true,"href":"https:\/\/cabol.eu\/de\/wp-json\/wp\/v2\/categories?post=2028"},{"taxonomy":"post_tag","embeddable":true,"href":"https:\/\/cabol.eu\/de\/wp-json\/wp\/v2\/tags?post=2028"}],"curies":[{"name":"wp","href":"https:\/\/api.w.org\/{rel}","templated":true}]}}