{"id":2034,"date":"2021-12-17T10:00:09","date_gmt":"2021-12-17T09:00:09","guid":{"rendered":"https:\/\/cabol.eu\/produkte\/hydraulische-zylinder\/doppeltwirkende-hydraulikzylinder\/"},"modified":"2025-08-07T16:05:28","modified_gmt":"2025-08-07T14:05:28","slug":"doppeltwirkende","status":"publish","type":"page","link":"https:\/\/cabol.eu\/de\/produkte\/hydraulische-zylinder\/doppeltwirkende\/","title":{"rendered":"Doppeltwirkende Hydraulikzylinder"},"content":{"rendered":"\n<p>Cabol realisiert doppeltwirkende Hydraulikzylinder mit einfacher oder doppelter Kolbenstange, reibungsarmen Dichtungen und mit einer jeglichen vom Kunden gew\u00fcnschten Anschlussweise. Bedingt durch seine besonderen Eigenschaften ist dieser Hydraulikzylinder extrem vielseitig und daher in verschiedenen &#8211; vor allem industriellen Bereichen &#8211; einsetzbar. Aufgrund seiner Struktur kann der doppeltwirkende Hydraulikzylinder Bewegungen in verschiedenen Phasen und sogar in komplexen Abl\u00e4ufen ausf\u00fchren und dabei die Kontrolle und Pr\u00e4zision aufrechterhalten, ohne Einbu\u00dfe der anwendbaren Kraft, der erreichbaren Frequenz sowie der Belastbarkeit und Zuverl\u00e4ssigkeit.<\/p>\n\n\n\n<div class=\"wp-block-buttons\">\n<div class=\"wp-block-button download-pdf\"><a class=\"wp-block-button__link\" target=\"_blank\" rel=\"noreferrer noopener\">Download PDF<\/a><\/div>\n<\/div>\n","protected":false},"excerpt":{"rendered":"<p>Cabol realisiert doppeltwirkende Hydraulikzylinder mit einfacher oder doppelter Kolbenstange, reibungsarmen Dichtungen und mit einer jeglichen vom Kunden gew\u00fcnschten Anschlussweise. Bedingt durch seine besonderen Eigenschaften ist dieser Hydraulikzylinder extrem vielseitig und daher in verschiedenen &#8211; vor allem industriellen Bereichen &#8211; einsetzbar. Aufgrund seiner Struktur kann der doppeltwirkende Hydraulikzylinder Bewegungen in verschiedenen Phasen und sogar in komplexen [&hellip;]<\/p>\n","protected":false},"author":1,"featured_media":1672,"parent":2004,"menu_order":0,"comment_status":"closed","ping_status":"closed","template":"","meta":{"_et_pb_use_builder":"off","_et_pb_old_content":"","_et_gb_content_width":""},"categories":[61,67],"tags":[],"acf":[],"yoast_head":"<!-- This site is optimized with the Yoast SEO plugin v18.5.1 - https:\/\/yoast.com\/wordpress\/plugins\/seo\/ -->\n<title>Doppeltwirkende Hydraulikzylinder - Cabol<\/title>\n<meta name=\"description\" content=\"Doppeltwirkende Hydraulikzylinder, sehr vielseitig f\u00fcr verschiedene industrielle Anwendungen, mit Eigenschaften wie Robustheit und Zuverl\u00e4ssigkeit\" \/>\n<meta name=\"robots\" content=\"index, follow, max-snippet:-1, max-image-preview:large, max-video-preview:-1\" \/>\n<link rel=\"canonical\" href=\"https:\/\/cabol.eu\/de\/produkte\/hydraulische-zylinder\/doppeltwirkende\/\" \/>\n<meta property=\"og:locale\" content=\"de_DE\" \/>\n<meta property=\"og:type\" content=\"article\" \/>\n<meta property=\"og:title\" content=\"Doppeltwirkende Hydraulikzylinder - Cabol\" \/>\n<meta property=\"og:description\" content=\"Doppeltwirkende Hydraulikzylinder, sehr vielseitig f\u00fcr verschiedene industrielle Anwendungen, mit Eigenschaften wie Robustheit und Zuverl\u00e4ssigkeit\" \/>\n<meta property=\"og:url\" content=\"https:\/\/cabol.eu\/de\/produkte\/hydraulische-zylinder\/doppeltwirkende\/\" \/>\n<meta property=\"og:site_name\" content=\"Cabol\" \/>\n<meta property=\"article:modified_time\" content=\"2025-08-07T14:05:28+00:00\" \/>\n<meta property=\"og:image\" content=\"https:\/\/cabol.eu\/wp-content\/uploads\/2021\/10\/foto-cilindri-idraulici-doppio-effetto-01.jpg\" \/>\n\t<meta property=\"og:image:width\" content=\"800\" \/>\n\t<meta property=\"og:image:height\" content=\"600\" \/>\n\t<meta property=\"og:image:type\" content=\"image\/jpeg\" \/>\n<meta name=\"twitter:card\" content=\"summary_large_image\" \/>\n<meta name=\"twitter:label1\" content=\"Est. reading time\" \/>\n\t<meta name=\"twitter:data1\" content=\"1 minute\" \/>\n<script type=\"application\/ld+json\" class=\"yoast-schema-graph\">{\"@context\":\"https:\/\/schema.org\",\"@graph\":[{\"@type\":\"Organization\",\"@id\":\"https:\/\/cabol.eu\/#organization\",\"name\":\"Cabol\",\"url\":\"https:\/\/cabol.eu\/\",\"sameAs\":[\"https:\/\/www.instagram.com\/cabolfluidengineering?igsh=MTVjYXUyb2ttcXg3bw==&amp;utm_source=qr\",\"https:\/\/www.linkedin.com\/company\/cabol-fluid-engineering\/?viewAsMember=true\",\"https:\/\/www.youtube.com\/@cabolfluidengineering9499\"],\"logo\":{\"@type\":\"ImageObject\",\"@id\":\"https:\/\/cabol.eu\/#logo\",\"inLanguage\":\"de-DE\",\"url\":\"https:\/\/cabol.eu\/cabol2021\/wp-content\/uploads\/2021\/03\/logo-cabol.png\",\"contentUrl\":\"https:\/\/cabol.eu\/cabol2021\/wp-content\/uploads\/2021\/03\/logo-cabol.png\",\"width\":800,\"height\":280,\"caption\":\"Cabol\"},\"image\":{\"@id\":\"https:\/\/cabol.eu\/#logo\"}},{\"@type\":\"WebSite\",\"@id\":\"https:\/\/cabol.eu\/#website\",\"url\":\"https:\/\/cabol.eu\/\",\"name\":\"Cabol\",\"description\":\"Fluid Engineering\",\"publisher\":{\"@id\":\"https:\/\/cabol.eu\/#organization\"},\"potentialAction\":[{\"@type\":\"SearchAction\",\"target\":{\"@type\":\"EntryPoint\",\"urlTemplate\":\"https:\/\/cabol.eu\/?s={search_term_string}\"},\"query-input\":\"required name=search_term_string\"}],\"inLanguage\":\"de-DE\"},{\"@type\":\"ImageObject\",\"@id\":\"https:\/\/cabol.eu\/de\/produkte\/hydraulische-zylinder\/doppeltwirkende\/#primaryimage\",\"inLanguage\":\"de-DE\",\"url\":\"https:\/\/cabol.eu\/wp-content\/uploads\/2021\/10\/foto-cilindri-idraulici-doppio-effetto-01.jpg\",\"contentUrl\":\"https:\/\/cabol.eu\/wp-content\/uploads\/2021\/10\/foto-cilindri-idraulici-doppio-effetto-01.jpg\",\"width\":800,\"height\":600,\"caption\":\"Cilindri idraulici doppio effetto Cabol srl\"},{\"@type\":\"WebPage\",\"@id\":\"https:\/\/cabol.eu\/de\/produkte\/hydraulische-zylinder\/doppeltwirkende\/#webpage\",\"url\":\"https:\/\/cabol.eu\/de\/produkte\/hydraulische-zylinder\/doppeltwirkende\/\",\"name\":\"Doppeltwirkende Hydraulikzylinder - Cabol\",\"isPartOf\":{\"@id\":\"https:\/\/cabol.eu\/#website\"},\"primaryImageOfPage\":{\"@id\":\"https:\/\/cabol.eu\/de\/produkte\/hydraulische-zylinder\/doppeltwirkende\/#primaryimage\"},\"datePublished\":\"2021-12-17T09:00:09+00:00\",\"dateModified\":\"2025-08-07T14:05:28+00:00\",\"description\":\"Doppeltwirkende Hydraulikzylinder, sehr vielseitig f\u00fcr verschiedene industrielle Anwendungen, mit Eigenschaften wie Robustheit und Zuverl\u00e4ssigkeit\",\"breadcrumb\":{\"@id\":\"https:\/\/cabol.eu\/de\/produkte\/hydraulische-zylinder\/doppeltwirkende\/#breadcrumb\"},\"inLanguage\":\"de-DE\",\"potentialAction\":[{\"@type\":\"ReadAction\",\"target\":[\"https:\/\/cabol.eu\/de\/produkte\/hydraulische-zylinder\/doppeltwirkende\/\"]}]},{\"@type\":\"BreadcrumbList\",\"@id\":\"https:\/\/cabol.eu\/de\/produkte\/hydraulische-zylinder\/doppeltwirkende\/#breadcrumb\",\"itemListElement\":[{\"@type\":\"ListItem\",\"position\":1,\"name\":\"Home\",\"item\":\"https:\/\/cabol.eu\/de\/\"},{\"@type\":\"ListItem\",\"position\":2,\"name\":\"Produkte\",\"item\":\"https:\/\/cabol.eu\/de\/produkte\/\"},{\"@type\":\"ListItem\",\"position\":3,\"name\":\"Hydraulische Zylinder\",\"item\":\"https:\/\/cabol.eu\/de\/produkte\/hydraulische-zylinder\/\"},{\"@type\":\"ListItem\",\"position\":4,\"name\":\"Doppeltwirkende Hydraulikzylinder\"}]}]}<\/script>\n<!-- \/ Yoast SEO plugin. -->","yoast_head_json":{"title":"Doppeltwirkende Hydraulikzylinder - Cabol","description":"Doppeltwirkende Hydraulikzylinder, sehr vielseitig f\u00fcr verschiedene industrielle Anwendungen, mit Eigenschaften wie Robustheit und Zuverl\u00e4ssigkeit","robots":{"index":"index","follow":"follow","max-snippet":"max-snippet:-1","max-image-preview":"max-image-preview:large","max-video-preview":"max-video-preview:-1"},"canonical":"https:\/\/cabol.eu\/de\/produkte\/hydraulische-zylinder\/doppeltwirkende\/","og_locale":"de_DE","og_type":"article","og_title":"Doppeltwirkende Hydraulikzylinder - Cabol","og_description":"Doppeltwirkende Hydraulikzylinder, sehr vielseitig f\u00fcr verschiedene industrielle Anwendungen, mit Eigenschaften wie Robustheit und Zuverl\u00e4ssigkeit","og_url":"https:\/\/cabol.eu\/de\/produkte\/hydraulische-zylinder\/doppeltwirkende\/","og_site_name":"Cabol","article_modified_time":"2025-08-07T14:05:28+00:00","og_image":[{"width":800,"height":600,"url":"https:\/\/cabol.eu\/wp-content\/uploads\/2021\/10\/foto-cilindri-idraulici-doppio-effetto-01.jpg","type":"image\/jpeg"}],"twitter_card":"summary_large_image","twitter_misc":{"Est. reading time":"1 minute"},"schema":{"@context":"https:\/\/schema.org","@graph":[{"@type":"Organization","@id":"https:\/\/cabol.eu\/#organization","name":"Cabol","url":"https:\/\/cabol.eu\/","sameAs":["https:\/\/www.instagram.com\/cabolfluidengineering?igsh=MTVjYXUyb2ttcXg3bw==&amp;utm_source=qr","https:\/\/www.linkedin.com\/company\/cabol-fluid-engineering\/?viewAsMember=true","https:\/\/www.youtube.com\/@cabolfluidengineering9499"],"logo":{"@type":"ImageObject","@id":"https:\/\/cabol.eu\/#logo","inLanguage":"de-DE","url":"https:\/\/cabol.eu\/cabol2021\/wp-content\/uploads\/2021\/03\/logo-cabol.png","contentUrl":"https:\/\/cabol.eu\/cabol2021\/wp-content\/uploads\/2021\/03\/logo-cabol.png","width":800,"height":280,"caption":"Cabol"},"image":{"@id":"https:\/\/cabol.eu\/#logo"}},{"@type":"WebSite","@id":"https:\/\/cabol.eu\/#website","url":"https:\/\/cabol.eu\/","name":"Cabol","description":"Fluid Engineering","publisher":{"@id":"https:\/\/cabol.eu\/#organization"},"potentialAction":[{"@type":"SearchAction","target":{"@type":"EntryPoint","urlTemplate":"https:\/\/cabol.eu\/?s={search_term_string}"},"query-input":"required name=search_term_string"}],"inLanguage":"de-DE"},{"@type":"ImageObject","@id":"https:\/\/cabol.eu\/de\/produkte\/hydraulische-zylinder\/doppeltwirkende\/#primaryimage","inLanguage":"de-DE","url":"https:\/\/cabol.eu\/wp-content\/uploads\/2021\/10\/foto-cilindri-idraulici-doppio-effetto-01.jpg","contentUrl":"https:\/\/cabol.eu\/wp-content\/uploads\/2021\/10\/foto-cilindri-idraulici-doppio-effetto-01.jpg","width":800,"height":600,"caption":"Cilindri idraulici doppio effetto Cabol srl"},{"@type":"WebPage","@id":"https:\/\/cabol.eu\/de\/produkte\/hydraulische-zylinder\/doppeltwirkende\/#webpage","url":"https:\/\/cabol.eu\/de\/produkte\/hydraulische-zylinder\/doppeltwirkende\/","name":"Doppeltwirkende Hydraulikzylinder - Cabol","isPartOf":{"@id":"https:\/\/cabol.eu\/#website"},"primaryImageOfPage":{"@id":"https:\/\/cabol.eu\/de\/produkte\/hydraulische-zylinder\/doppeltwirkende\/#primaryimage"},"datePublished":"2021-12-17T09:00:09+00:00","dateModified":"2025-08-07T14:05:28+00:00","description":"Doppeltwirkende Hydraulikzylinder, sehr vielseitig f\u00fcr verschiedene industrielle Anwendungen, mit Eigenschaften wie Robustheit und Zuverl\u00e4ssigkeit","breadcrumb":{"@id":"https:\/\/cabol.eu\/de\/produkte\/hydraulische-zylinder\/doppeltwirkende\/#breadcrumb"},"inLanguage":"de-DE","potentialAction":[{"@type":"ReadAction","target":["https:\/\/cabol.eu\/de\/produkte\/hydraulische-zylinder\/doppeltwirkende\/"]}]},{"@type":"BreadcrumbList","@id":"https:\/\/cabol.eu\/de\/produkte\/hydraulische-zylinder\/doppeltwirkende\/#breadcrumb","itemListElement":[{"@type":"ListItem","position":1,"name":"Home","item":"https:\/\/cabol.eu\/de\/"},{"@type":"ListItem","position":2,"name":"Produkte","item":"https:\/\/cabol.eu\/de\/produkte\/"},{"@type":"ListItem","position":3,"name":"Hydraulische Zylinder","item":"https:\/\/cabol.eu\/de\/produkte\/hydraulische-zylinder\/"},{"@type":"ListItem","position":4,"name":"Doppeltwirkende Hydraulikzylinder"}]}]}},"_links":{"self":[{"href":"https:\/\/cabol.eu\/de\/wp-json\/wp\/v2\/pages\/2034"}],"collection":[{"href":"https:\/\/cabol.eu\/de\/wp-json\/wp\/v2\/pages"}],"about":[{"href":"https:\/\/cabol.eu\/de\/wp-json\/wp\/v2\/types\/page"}],"author":[{"embeddable":true,"href":"https:\/\/cabol.eu\/de\/wp-json\/wp\/v2\/users\/1"}],"replies":[{"embeddable":true,"href":"https:\/\/cabol.eu\/de\/wp-json\/wp\/v2\/comments?post=2034"}],"version-history":[{"count":4,"href":"https:\/\/cabol.eu\/de\/wp-json\/wp\/v2\/pages\/2034\/revisions"}],"predecessor-version":[{"id":17130,"href":"https:\/\/cabol.eu\/de\/wp-json\/wp\/v2\/pages\/2034\/revisions\/17130"}],"up":[{"embeddable":true,"href":"https:\/\/cabol.eu\/de\/wp-json\/wp\/v2\/pages\/2004"}],"wp:featuredmedia":[{"embeddable":true,"href":"https:\/\/cabol.eu\/de\/wp-json\/wp\/v2\/media\/1672"}],"wp:attachment":[{"href":"https:\/\/cabol.eu\/de\/wp-json\/wp\/v2\/media?parent=2034"}],"wp:term":[{"taxonomy":"category","embeddable":true,"href":"https:\/\/cabol.eu\/de\/wp-json\/wp\/v2\/categories?post=2034"},{"taxonomy":"post_tag","embeddable":true,"href":"https:\/\/cabol.eu\/de\/wp-json\/wp\/v2\/tags?post=2034"}],"curies":[{"name":"wp","href":"https:\/\/api.w.org\/{rel}","templated":true}]}}