{"id":2038,"date":"2021-12-17T10:20:54","date_gmt":"2021-12-17T09:20:54","guid":{"rendered":"https:\/\/cabol.eu\/produkte\/hydraulische-zylinder\/doppeltwirkende-hydraulikzylinder-aus-edelstahl\/"},"modified":"2025-08-07T16:06:56","modified_gmt":"2025-08-07T14:06:56","slug":"doppeltwirkende-aus-edelstahl","status":"publish","type":"page","link":"https:\/\/cabol.eu\/de\/produkte\/hydraulische-zylinder\/doppeltwirkende-aus-edelstahl\/","title":{"rendered":"Doppeltwirkende Hydraulikzylinder aus Edelstahl"},"content":{"rendered":"\n<p>Diese doppeltwirkenden Hydraulikzylinder aus Edelstahl werden in Form und Gr\u00f6\u00dfe auf Anfrage des Kunden gefertigt. Sie werden mit den EDELSTAHL-Werkstoffen AISI 316, AISI 431, AISI, 630, SAF 2205 produziert. Die Resistenz gegen\u00fcber Salzspr\u00fchnebel kann bis zu 1000 Stunden andauern gem\u00e4\u00df ISO 9227 NSS. Die Kolbenstangen dieser Hydraulikzylinder sind so konzipiert, dass das Gelenk direkt in die Stange integriert werden kann, ohne Schwei\u00dfen und ohne ein Befestigungssystem. Die Verschlussflansche der Hydraulikzylinder sind mit selbstsichernden Schrauben fixiert und werden direkt an den Zylinderk\u00f6rper geschraubt. Diese doppeltwirkenden Hydraulikzylinder aus Edelstahl k\u00f6nnen mit einem Druck von bis zu 800 bar arbeiten und sind robust und verschlei\u00dffest. Sie finden h\u00e4ufig Anwendung im Schifffahrts-, Milit\u00e4r-, Lebensmittel- sowie im medizinischen Bereich.<\/p>\n\n\n\n<div class=\"wp-block-buttons\">\n<div class=\"wp-block-button download-pdf\"><a class=\"wp-block-button__link\" target=\"_blank\" rel=\"noreferrer noopener\">Download PDF<\/a><\/div>\n<\/div>\n","protected":false},"excerpt":{"rendered":"<p>Diese doppeltwirkenden Hydraulikzylinder aus Edelstahl werden in Form und Gr\u00f6\u00dfe auf Anfrage des Kunden gefertigt. Sie werden mit den EDELSTAHL-Werkstoffen AISI 316, AISI 431, AISI, 630, SAF 2205 produziert. Die Resistenz gegen\u00fcber Salzspr\u00fchnebel kann bis zu 1000 Stunden andauern gem\u00e4\u00df ISO 9227 NSS. Die Kolbenstangen dieser Hydraulikzylinder sind so konzipiert, dass das Gelenk direkt in [&hellip;]<\/p>\n","protected":false},"author":1,"featured_media":1670,"parent":2004,"menu_order":0,"comment_status":"closed","ping_status":"closed","template":"","meta":{"_et_pb_use_builder":"off","_et_pb_old_content":"","_et_gb_content_width":""},"categories":[61,64,67],"tags":[],"acf":[],"yoast_head":"<!-- This site is optimized with the Yoast SEO plugin v18.5.1 - https:\/\/yoast.com\/wordpress\/plugins\/seo\/ -->\n<title>Doppeltwirkende Hydraulikzylinder aus Edelstahl - Cabol<\/title>\n<meta name=\"description\" content=\"Doppeltwirkende Hydraulikzylinder aus Edelstahl, auf Anfrage individuell anpassbar, aus hochfesten Materialien, f\u00fcr verschiedene Produktionsbereiche\" \/>\n<meta name=\"robots\" content=\"index, follow, max-snippet:-1, max-image-preview:large, max-video-preview:-1\" \/>\n<link rel=\"canonical\" href=\"https:\/\/cabol.eu\/de\/produkte\/hydraulische-zylinder\/doppeltwirkende-aus-edelstahl\/\" \/>\n<meta property=\"og:locale\" content=\"de_DE\" \/>\n<meta property=\"og:type\" content=\"article\" \/>\n<meta property=\"og:title\" content=\"Doppeltwirkende Hydraulikzylinder aus Edelstahl - Cabol\" \/>\n<meta property=\"og:description\" content=\"Doppeltwirkende Hydraulikzylinder aus Edelstahl, auf Anfrage individuell anpassbar, aus hochfesten Materialien, f\u00fcr verschiedene Produktionsbereiche\" \/>\n<meta property=\"og:url\" content=\"https:\/\/cabol.eu\/de\/produkte\/hydraulische-zylinder\/doppeltwirkende-aus-edelstahl\/\" \/>\n<meta property=\"og:site_name\" content=\"Cabol\" \/>\n<meta property=\"article:modified_time\" content=\"2025-08-07T14:06:56+00:00\" \/>\n<meta property=\"og:image\" content=\"https:\/\/cabol.eu\/wp-content\/uploads\/2021\/10\/foto-cilindri-idraulici-doppio-effetto-inox-01.jpg\" \/>\n\t<meta property=\"og:image:width\" content=\"800\" \/>\n\t<meta property=\"og:image:height\" content=\"600\" \/>\n\t<meta property=\"og:image:type\" content=\"image\/jpeg\" \/>\n<meta name=\"twitter:card\" content=\"summary_large_image\" \/>\n<meta name=\"twitter:label1\" content=\"Est. reading time\" \/>\n\t<meta name=\"twitter:data1\" content=\"1 minute\" \/>\n<script type=\"application\/ld+json\" class=\"yoast-schema-graph\">{\"@context\":\"https:\/\/schema.org\",\"@graph\":[{\"@type\":\"Organization\",\"@id\":\"https:\/\/cabol.eu\/#organization\",\"name\":\"Cabol\",\"url\":\"https:\/\/cabol.eu\/\",\"sameAs\":[\"https:\/\/www.instagram.com\/cabolfluidengineering?igsh=MTVjYXUyb2ttcXg3bw==&amp;utm_source=qr\",\"https:\/\/www.linkedin.com\/company\/cabol-fluid-engineering\/?viewAsMember=true\",\"https:\/\/www.youtube.com\/@cabolfluidengineering9499\"],\"logo\":{\"@type\":\"ImageObject\",\"@id\":\"https:\/\/cabol.eu\/#logo\",\"inLanguage\":\"de-DE\",\"url\":\"https:\/\/cabol.eu\/cabol2021\/wp-content\/uploads\/2021\/03\/logo-cabol.png\",\"contentUrl\":\"https:\/\/cabol.eu\/cabol2021\/wp-content\/uploads\/2021\/03\/logo-cabol.png\",\"width\":800,\"height\":280,\"caption\":\"Cabol\"},\"image\":{\"@id\":\"https:\/\/cabol.eu\/#logo\"}},{\"@type\":\"WebSite\",\"@id\":\"https:\/\/cabol.eu\/#website\",\"url\":\"https:\/\/cabol.eu\/\",\"name\":\"Cabol\",\"description\":\"Fluid Engineering\",\"publisher\":{\"@id\":\"https:\/\/cabol.eu\/#organization\"},\"potentialAction\":[{\"@type\":\"SearchAction\",\"target\":{\"@type\":\"EntryPoint\",\"urlTemplate\":\"https:\/\/cabol.eu\/?s={search_term_string}\"},\"query-input\":\"required name=search_term_string\"}],\"inLanguage\":\"de-DE\"},{\"@type\":\"ImageObject\",\"@id\":\"https:\/\/cabol.eu\/de\/produkte\/hydraulische-zylinder\/doppeltwirkende-aus-edelstahl\/#primaryimage\",\"inLanguage\":\"de-DE\",\"url\":\"https:\/\/cabol.eu\/wp-content\/uploads\/2021\/10\/foto-cilindri-idraulici-doppio-effetto-inox-01.jpg\",\"contentUrl\":\"https:\/\/cabol.eu\/wp-content\/uploads\/2021\/10\/foto-cilindri-idraulici-doppio-effetto-inox-01.jpg\",\"width\":800,\"height\":600,\"caption\":\"cilindri idraulici doppio effetto inox\"},{\"@type\":\"WebPage\",\"@id\":\"https:\/\/cabol.eu\/de\/produkte\/hydraulische-zylinder\/doppeltwirkende-aus-edelstahl\/#webpage\",\"url\":\"https:\/\/cabol.eu\/de\/produkte\/hydraulische-zylinder\/doppeltwirkende-aus-edelstahl\/\",\"name\":\"Doppeltwirkende Hydraulikzylinder aus Edelstahl - Cabol\",\"isPartOf\":{\"@id\":\"https:\/\/cabol.eu\/#website\"},\"primaryImageOfPage\":{\"@id\":\"https:\/\/cabol.eu\/de\/produkte\/hydraulische-zylinder\/doppeltwirkende-aus-edelstahl\/#primaryimage\"},\"datePublished\":\"2021-12-17T09:20:54+00:00\",\"dateModified\":\"2025-08-07T14:06:56+00:00\",\"description\":\"Doppeltwirkende Hydraulikzylinder aus Edelstahl, auf Anfrage individuell anpassbar, aus hochfesten Materialien, f\u00fcr verschiedene Produktionsbereiche\",\"breadcrumb\":{\"@id\":\"https:\/\/cabol.eu\/de\/produkte\/hydraulische-zylinder\/doppeltwirkende-aus-edelstahl\/#breadcrumb\"},\"inLanguage\":\"de-DE\",\"potentialAction\":[{\"@type\":\"ReadAction\",\"target\":[\"https:\/\/cabol.eu\/de\/produkte\/hydraulische-zylinder\/doppeltwirkende-aus-edelstahl\/\"]}]},{\"@type\":\"BreadcrumbList\",\"@id\":\"https:\/\/cabol.eu\/de\/produkte\/hydraulische-zylinder\/doppeltwirkende-aus-edelstahl\/#breadcrumb\",\"itemListElement\":[{\"@type\":\"ListItem\",\"position\":1,\"name\":\"Home\",\"item\":\"https:\/\/cabol.eu\/de\/\"},{\"@type\":\"ListItem\",\"position\":2,\"name\":\"Produkte\",\"item\":\"https:\/\/cabol.eu\/de\/produkte\/\"},{\"@type\":\"ListItem\",\"position\":3,\"name\":\"Hydraulische Zylinder\",\"item\":\"https:\/\/cabol.eu\/de\/produkte\/hydraulische-zylinder\/\"},{\"@type\":\"ListItem\",\"position\":4,\"name\":\"Doppeltwirkende Hydraulikzylinder aus Edelstahl\"}]}]}<\/script>\n<!-- \/ Yoast SEO plugin. -->","yoast_head_json":{"title":"Doppeltwirkende Hydraulikzylinder aus Edelstahl - Cabol","description":"Doppeltwirkende Hydraulikzylinder aus Edelstahl, auf Anfrage individuell anpassbar, aus hochfesten Materialien, f\u00fcr verschiedene Produktionsbereiche","robots":{"index":"index","follow":"follow","max-snippet":"max-snippet:-1","max-image-preview":"max-image-preview:large","max-video-preview":"max-video-preview:-1"},"canonical":"https:\/\/cabol.eu\/de\/produkte\/hydraulische-zylinder\/doppeltwirkende-aus-edelstahl\/","og_locale":"de_DE","og_type":"article","og_title":"Doppeltwirkende Hydraulikzylinder aus Edelstahl - Cabol","og_description":"Doppeltwirkende Hydraulikzylinder aus Edelstahl, auf Anfrage individuell anpassbar, aus hochfesten Materialien, f\u00fcr verschiedene Produktionsbereiche","og_url":"https:\/\/cabol.eu\/de\/produkte\/hydraulische-zylinder\/doppeltwirkende-aus-edelstahl\/","og_site_name":"Cabol","article_modified_time":"2025-08-07T14:06:56+00:00","og_image":[{"width":800,"height":600,"url":"https:\/\/cabol.eu\/wp-content\/uploads\/2021\/10\/foto-cilindri-idraulici-doppio-effetto-inox-01.jpg","type":"image\/jpeg"}],"twitter_card":"summary_large_image","twitter_misc":{"Est. reading time":"1 minute"},"schema":{"@context":"https:\/\/schema.org","@graph":[{"@type":"Organization","@id":"https:\/\/cabol.eu\/#organization","name":"Cabol","url":"https:\/\/cabol.eu\/","sameAs":["https:\/\/www.instagram.com\/cabolfluidengineering?igsh=MTVjYXUyb2ttcXg3bw==&amp;utm_source=qr","https:\/\/www.linkedin.com\/company\/cabol-fluid-engineering\/?viewAsMember=true","https:\/\/www.youtube.com\/@cabolfluidengineering9499"],"logo":{"@type":"ImageObject","@id":"https:\/\/cabol.eu\/#logo","inLanguage":"de-DE","url":"https:\/\/cabol.eu\/cabol2021\/wp-content\/uploads\/2021\/03\/logo-cabol.png","contentUrl":"https:\/\/cabol.eu\/cabol2021\/wp-content\/uploads\/2021\/03\/logo-cabol.png","width":800,"height":280,"caption":"Cabol"},"image":{"@id":"https:\/\/cabol.eu\/#logo"}},{"@type":"WebSite","@id":"https:\/\/cabol.eu\/#website","url":"https:\/\/cabol.eu\/","name":"Cabol","description":"Fluid Engineering","publisher":{"@id":"https:\/\/cabol.eu\/#organization"},"potentialAction":[{"@type":"SearchAction","target":{"@type":"EntryPoint","urlTemplate":"https:\/\/cabol.eu\/?s={search_term_string}"},"query-input":"required name=search_term_string"}],"inLanguage":"de-DE"},{"@type":"ImageObject","@id":"https:\/\/cabol.eu\/de\/produkte\/hydraulische-zylinder\/doppeltwirkende-aus-edelstahl\/#primaryimage","inLanguage":"de-DE","url":"https:\/\/cabol.eu\/wp-content\/uploads\/2021\/10\/foto-cilindri-idraulici-doppio-effetto-inox-01.jpg","contentUrl":"https:\/\/cabol.eu\/wp-content\/uploads\/2021\/10\/foto-cilindri-idraulici-doppio-effetto-inox-01.jpg","width":800,"height":600,"caption":"cilindri idraulici doppio effetto inox"},{"@type":"WebPage","@id":"https:\/\/cabol.eu\/de\/produkte\/hydraulische-zylinder\/doppeltwirkende-aus-edelstahl\/#webpage","url":"https:\/\/cabol.eu\/de\/produkte\/hydraulische-zylinder\/doppeltwirkende-aus-edelstahl\/","name":"Doppeltwirkende Hydraulikzylinder aus Edelstahl - Cabol","isPartOf":{"@id":"https:\/\/cabol.eu\/#website"},"primaryImageOfPage":{"@id":"https:\/\/cabol.eu\/de\/produkte\/hydraulische-zylinder\/doppeltwirkende-aus-edelstahl\/#primaryimage"},"datePublished":"2021-12-17T09:20:54+00:00","dateModified":"2025-08-07T14:06:56+00:00","description":"Doppeltwirkende Hydraulikzylinder aus Edelstahl, auf Anfrage individuell anpassbar, aus hochfesten Materialien, f\u00fcr verschiedene Produktionsbereiche","breadcrumb":{"@id":"https:\/\/cabol.eu\/de\/produkte\/hydraulische-zylinder\/doppeltwirkende-aus-edelstahl\/#breadcrumb"},"inLanguage":"de-DE","potentialAction":[{"@type":"ReadAction","target":["https:\/\/cabol.eu\/de\/produkte\/hydraulische-zylinder\/doppeltwirkende-aus-edelstahl\/"]}]},{"@type":"BreadcrumbList","@id":"https:\/\/cabol.eu\/de\/produkte\/hydraulische-zylinder\/doppeltwirkende-aus-edelstahl\/#breadcrumb","itemListElement":[{"@type":"ListItem","position":1,"name":"Home","item":"https:\/\/cabol.eu\/de\/"},{"@type":"ListItem","position":2,"name":"Produkte","item":"https:\/\/cabol.eu\/de\/produkte\/"},{"@type":"ListItem","position":3,"name":"Hydraulische Zylinder","item":"https:\/\/cabol.eu\/de\/produkte\/hydraulische-zylinder\/"},{"@type":"ListItem","position":4,"name":"Doppeltwirkende Hydraulikzylinder aus Edelstahl"}]}]}},"_links":{"self":[{"href":"https:\/\/cabol.eu\/de\/wp-json\/wp\/v2\/pages\/2038"}],"collection":[{"href":"https:\/\/cabol.eu\/de\/wp-json\/wp\/v2\/pages"}],"about":[{"href":"https:\/\/cabol.eu\/de\/wp-json\/wp\/v2\/types\/page"}],"author":[{"embeddable":true,"href":"https:\/\/cabol.eu\/de\/wp-json\/wp\/v2\/users\/1"}],"replies":[{"embeddable":true,"href":"https:\/\/cabol.eu\/de\/wp-json\/wp\/v2\/comments?post=2038"}],"version-history":[{"count":4,"href":"https:\/\/cabol.eu\/de\/wp-json\/wp\/v2\/pages\/2038\/revisions"}],"predecessor-version":[{"id":17131,"href":"https:\/\/cabol.eu\/de\/wp-json\/wp\/v2\/pages\/2038\/revisions\/17131"}],"up":[{"embeddable":true,"href":"https:\/\/cabol.eu\/de\/wp-json\/wp\/v2\/pages\/2004"}],"wp:featuredmedia":[{"embeddable":true,"href":"https:\/\/cabol.eu\/de\/wp-json\/wp\/v2\/media\/1670"}],"wp:attachment":[{"href":"https:\/\/cabol.eu\/de\/wp-json\/wp\/v2\/media?parent=2038"}],"wp:term":[{"taxonomy":"category","embeddable":true,"href":"https:\/\/cabol.eu\/de\/wp-json\/wp\/v2\/categories?post=2038"},{"taxonomy":"post_tag","embeddable":true,"href":"https:\/\/cabol.eu\/de\/wp-json\/wp\/v2\/tags?post=2038"}],"curies":[{"name":"wp","href":"https:\/\/api.w.org\/{rel}","templated":true}]}}