{"id":2052,"date":"2021-12-17T11:10:33","date_gmt":"2021-12-17T10:10:33","guid":{"rendered":"https:\/\/cabol.eu\/produkte\/hydraulische-zylinder\/hydraulikzylinder-mit-integrierten-ventilen\/"},"modified":"2025-08-07T15:33:14","modified_gmt":"2025-08-07T13:33:14","slug":"mit-integrierten-ventilen","status":"publish","type":"page","link":"https:\/\/cabol.eu\/de\/produkte\/hydraulische-zylinder\/mit-integrierten-ventilen\/","title":{"rendered":"Hydraulikzylinder mit integrierten Ventilen"},"content":{"rendered":"\n<p>Es handelt sich um Hydraulikzylinder, bei denen die Steuerventile intern untergebracht werden k\u00f6nnen.   Diese Art der Konfiguration macht keine Zwischenventilbl\u00f6cke an der Maschine erforderlich. Die Verbindungsrohre zwischen Zylindern und Bl\u00f6cken, die potentiell zu \u00d6lverlusten f\u00fchren k\u00f6nnen, sind somit hinf\u00e4llig.   Ein weiterer Vorteil ist die Reduzierung der \u00d6lelastizit\u00e4t und der Antriebszeiten, wodurch sich Druckverluste sowie der Energieverbrauch der Maschine vermindern lassen.<\/p>\n\n\n\n<div class=\"wp-block-buttons\">\n<div class=\"wp-block-button download-pdf\"><a class=\"wp-block-button__link\" target=\"_blank\" rel=\"noreferrer noopener\">Download PDF<\/a><\/div>\n<\/div>\n","protected":false},"excerpt":{"rendered":"<p>Es handelt sich um Hydraulikzylinder, bei denen die Steuerventile intern untergebracht werden k\u00f6nnen. Diese Art der Konfiguration macht keine Zwischenventilbl\u00f6cke an der Maschine erforderlich. Die Verbindungsrohre zwischen Zylindern und Bl\u00f6cken, die potentiell zu \u00d6lverlusten f\u00fchren k\u00f6nnen, sind somit hinf\u00e4llig. Ein weiterer Vorteil ist die Reduzierung der \u00d6lelastizit\u00e4t und der Antriebszeiten, wodurch sich Druckverluste sowie der [&hellip;]<\/p>\n","protected":false},"author":1,"featured_media":1674,"parent":2004,"menu_order":0,"comment_status":"closed","ping_status":"closed","template":"","meta":{"_et_pb_use_builder":"","_et_pb_old_content":"","_et_gb_content_width":""},"categories":[60],"tags":[],"acf":[],"yoast_head":"<!-- This site is optimized with the Yoast SEO plugin v18.5.1 - https:\/\/yoast.com\/wordpress\/plugins\/seo\/ -->\n<title>Hydraulikzylinder mit integrierten Ventilen - Cabol<\/title>\n<meta name=\"description\" content=\"Hydraulikzylinder mit integrierten Ventilen erm\u00f6glichen die Unterbringung der Steuerventile in ihrem Inneren.\" \/>\n<meta name=\"robots\" content=\"index, follow, max-snippet:-1, max-image-preview:large, max-video-preview:-1\" \/>\n<link rel=\"canonical\" href=\"https:\/\/cabol.eu\/de\/produkte\/hydraulische-zylinder\/mit-integrierten-ventilen\/\" \/>\n<meta property=\"og:locale\" content=\"de_DE\" \/>\n<meta property=\"og:type\" content=\"article\" \/>\n<meta property=\"og:title\" content=\"Hydraulikzylinder mit integrierten Ventilen - Cabol\" \/>\n<meta property=\"og:description\" content=\"Hydraulikzylinder mit integrierten Ventilen erm\u00f6glichen die Unterbringung der Steuerventile in ihrem Inneren.\" \/>\n<meta property=\"og:url\" content=\"https:\/\/cabol.eu\/de\/produkte\/hydraulische-zylinder\/mit-integrierten-ventilen\/\" \/>\n<meta property=\"og:site_name\" content=\"Cabol\" \/>\n<meta property=\"article:modified_time\" content=\"2025-08-07T13:33:14+00:00\" \/>\n<meta property=\"og:image\" content=\"https:\/\/cabol.eu\/wp-content\/uploads\/2021\/10\/foto-cilindri-idraulici-con-valvole-integrate-01.jpg\" \/>\n\t<meta property=\"og:image:width\" content=\"800\" \/>\n\t<meta property=\"og:image:height\" content=\"600\" \/>\n\t<meta property=\"og:image:type\" content=\"image\/jpeg\" \/>\n<meta name=\"twitter:card\" content=\"summary_large_image\" \/>\n<meta name=\"twitter:label1\" content=\"Est. reading time\" \/>\n\t<meta name=\"twitter:data1\" content=\"1 minute\" \/>\n<script type=\"application\/ld+json\" class=\"yoast-schema-graph\">{\"@context\":\"https:\/\/schema.org\",\"@graph\":[{\"@type\":\"Organization\",\"@id\":\"https:\/\/cabol.eu\/#organization\",\"name\":\"Cabol\",\"url\":\"https:\/\/cabol.eu\/\",\"sameAs\":[\"https:\/\/www.instagram.com\/cabolfluidengineering?igsh=MTVjYXUyb2ttcXg3bw==&amp;utm_source=qr\",\"https:\/\/www.linkedin.com\/company\/cabol-fluid-engineering\/?viewAsMember=true\",\"https:\/\/www.youtube.com\/@cabolfluidengineering9499\"],\"logo\":{\"@type\":\"ImageObject\",\"@id\":\"https:\/\/cabol.eu\/#logo\",\"inLanguage\":\"de-DE\",\"url\":\"https:\/\/cabol.eu\/cabol2021\/wp-content\/uploads\/2021\/03\/logo-cabol.png\",\"contentUrl\":\"https:\/\/cabol.eu\/cabol2021\/wp-content\/uploads\/2021\/03\/logo-cabol.png\",\"width\":800,\"height\":280,\"caption\":\"Cabol\"},\"image\":{\"@id\":\"https:\/\/cabol.eu\/#logo\"}},{\"@type\":\"WebSite\",\"@id\":\"https:\/\/cabol.eu\/#website\",\"url\":\"https:\/\/cabol.eu\/\",\"name\":\"Cabol\",\"description\":\"Fluid Engineering\",\"publisher\":{\"@id\":\"https:\/\/cabol.eu\/#organization\"},\"potentialAction\":[{\"@type\":\"SearchAction\",\"target\":{\"@type\":\"EntryPoint\",\"urlTemplate\":\"https:\/\/cabol.eu\/?s={search_term_string}\"},\"query-input\":\"required name=search_term_string\"}],\"inLanguage\":\"de-DE\"},{\"@type\":\"ImageObject\",\"@id\":\"https:\/\/cabol.eu\/de\/produkte\/hydraulische-zylinder\/mit-integrierten-ventilen\/#primaryimage\",\"inLanguage\":\"de-DE\",\"url\":\"https:\/\/cabol.eu\/wp-content\/uploads\/2021\/10\/foto-cilindri-idraulici-con-valvole-integrate-01.jpg\",\"contentUrl\":\"https:\/\/cabol.eu\/wp-content\/uploads\/2021\/10\/foto-cilindri-idraulici-con-valvole-integrate-01.jpg\",\"width\":800,\"height\":600,\"caption\":\"Cilindri idraulici con valvole integrate\"},{\"@type\":\"WebPage\",\"@id\":\"https:\/\/cabol.eu\/de\/produkte\/hydraulische-zylinder\/mit-integrierten-ventilen\/#webpage\",\"url\":\"https:\/\/cabol.eu\/de\/produkte\/hydraulische-zylinder\/mit-integrierten-ventilen\/\",\"name\":\"Hydraulikzylinder mit integrierten Ventilen - Cabol\",\"isPartOf\":{\"@id\":\"https:\/\/cabol.eu\/#website\"},\"primaryImageOfPage\":{\"@id\":\"https:\/\/cabol.eu\/de\/produkte\/hydraulische-zylinder\/mit-integrierten-ventilen\/#primaryimage\"},\"datePublished\":\"2021-12-17T10:10:33+00:00\",\"dateModified\":\"2025-08-07T13:33:14+00:00\",\"description\":\"Hydraulikzylinder mit integrierten Ventilen erm\u00f6glichen die Unterbringung der Steuerventile in ihrem Inneren.\",\"breadcrumb\":{\"@id\":\"https:\/\/cabol.eu\/de\/produkte\/hydraulische-zylinder\/mit-integrierten-ventilen\/#breadcrumb\"},\"inLanguage\":\"de-DE\",\"potentialAction\":[{\"@type\":\"ReadAction\",\"target\":[\"https:\/\/cabol.eu\/de\/produkte\/hydraulische-zylinder\/mit-integrierten-ventilen\/\"]}]},{\"@type\":\"BreadcrumbList\",\"@id\":\"https:\/\/cabol.eu\/de\/produkte\/hydraulische-zylinder\/mit-integrierten-ventilen\/#breadcrumb\",\"itemListElement\":[{\"@type\":\"ListItem\",\"position\":1,\"name\":\"Home\",\"item\":\"https:\/\/cabol.eu\/de\/\"},{\"@type\":\"ListItem\",\"position\":2,\"name\":\"Produkte\",\"item\":\"https:\/\/cabol.eu\/de\/produkte\/\"},{\"@type\":\"ListItem\",\"position\":3,\"name\":\"Hydraulische Zylinder\",\"item\":\"https:\/\/cabol.eu\/de\/produkte\/hydraulische-zylinder\/\"},{\"@type\":\"ListItem\",\"position\":4,\"name\":\"Hydraulikzylinder mit integrierten Ventilen\"}]}]}<\/script>\n<!-- \/ Yoast SEO plugin. -->","yoast_head_json":{"title":"Hydraulikzylinder mit integrierten Ventilen - Cabol","description":"Hydraulikzylinder mit integrierten Ventilen erm\u00f6glichen die Unterbringung der Steuerventile in ihrem Inneren.","robots":{"index":"index","follow":"follow","max-snippet":"max-snippet:-1","max-image-preview":"max-image-preview:large","max-video-preview":"max-video-preview:-1"},"canonical":"https:\/\/cabol.eu\/de\/produkte\/hydraulische-zylinder\/mit-integrierten-ventilen\/","og_locale":"de_DE","og_type":"article","og_title":"Hydraulikzylinder mit integrierten Ventilen - Cabol","og_description":"Hydraulikzylinder mit integrierten Ventilen erm\u00f6glichen die Unterbringung der Steuerventile in ihrem Inneren.","og_url":"https:\/\/cabol.eu\/de\/produkte\/hydraulische-zylinder\/mit-integrierten-ventilen\/","og_site_name":"Cabol","article_modified_time":"2025-08-07T13:33:14+00:00","og_image":[{"width":800,"height":600,"url":"https:\/\/cabol.eu\/wp-content\/uploads\/2021\/10\/foto-cilindri-idraulici-con-valvole-integrate-01.jpg","type":"image\/jpeg"}],"twitter_card":"summary_large_image","twitter_misc":{"Est. reading time":"1 minute"},"schema":{"@context":"https:\/\/schema.org","@graph":[{"@type":"Organization","@id":"https:\/\/cabol.eu\/#organization","name":"Cabol","url":"https:\/\/cabol.eu\/","sameAs":["https:\/\/www.instagram.com\/cabolfluidengineering?igsh=MTVjYXUyb2ttcXg3bw==&amp;utm_source=qr","https:\/\/www.linkedin.com\/company\/cabol-fluid-engineering\/?viewAsMember=true","https:\/\/www.youtube.com\/@cabolfluidengineering9499"],"logo":{"@type":"ImageObject","@id":"https:\/\/cabol.eu\/#logo","inLanguage":"de-DE","url":"https:\/\/cabol.eu\/cabol2021\/wp-content\/uploads\/2021\/03\/logo-cabol.png","contentUrl":"https:\/\/cabol.eu\/cabol2021\/wp-content\/uploads\/2021\/03\/logo-cabol.png","width":800,"height":280,"caption":"Cabol"},"image":{"@id":"https:\/\/cabol.eu\/#logo"}},{"@type":"WebSite","@id":"https:\/\/cabol.eu\/#website","url":"https:\/\/cabol.eu\/","name":"Cabol","description":"Fluid Engineering","publisher":{"@id":"https:\/\/cabol.eu\/#organization"},"potentialAction":[{"@type":"SearchAction","target":{"@type":"EntryPoint","urlTemplate":"https:\/\/cabol.eu\/?s={search_term_string}"},"query-input":"required name=search_term_string"}],"inLanguage":"de-DE"},{"@type":"ImageObject","@id":"https:\/\/cabol.eu\/de\/produkte\/hydraulische-zylinder\/mit-integrierten-ventilen\/#primaryimage","inLanguage":"de-DE","url":"https:\/\/cabol.eu\/wp-content\/uploads\/2021\/10\/foto-cilindri-idraulici-con-valvole-integrate-01.jpg","contentUrl":"https:\/\/cabol.eu\/wp-content\/uploads\/2021\/10\/foto-cilindri-idraulici-con-valvole-integrate-01.jpg","width":800,"height":600,"caption":"Cilindri idraulici con valvole integrate"},{"@type":"WebPage","@id":"https:\/\/cabol.eu\/de\/produkte\/hydraulische-zylinder\/mit-integrierten-ventilen\/#webpage","url":"https:\/\/cabol.eu\/de\/produkte\/hydraulische-zylinder\/mit-integrierten-ventilen\/","name":"Hydraulikzylinder mit integrierten Ventilen - Cabol","isPartOf":{"@id":"https:\/\/cabol.eu\/#website"},"primaryImageOfPage":{"@id":"https:\/\/cabol.eu\/de\/produkte\/hydraulische-zylinder\/mit-integrierten-ventilen\/#primaryimage"},"datePublished":"2021-12-17T10:10:33+00:00","dateModified":"2025-08-07T13:33:14+00:00","description":"Hydraulikzylinder mit integrierten Ventilen erm\u00f6glichen die Unterbringung der Steuerventile in ihrem Inneren.","breadcrumb":{"@id":"https:\/\/cabol.eu\/de\/produkte\/hydraulische-zylinder\/mit-integrierten-ventilen\/#breadcrumb"},"inLanguage":"de-DE","potentialAction":[{"@type":"ReadAction","target":["https:\/\/cabol.eu\/de\/produkte\/hydraulische-zylinder\/mit-integrierten-ventilen\/"]}]},{"@type":"BreadcrumbList","@id":"https:\/\/cabol.eu\/de\/produkte\/hydraulische-zylinder\/mit-integrierten-ventilen\/#breadcrumb","itemListElement":[{"@type":"ListItem","position":1,"name":"Home","item":"https:\/\/cabol.eu\/de\/"},{"@type":"ListItem","position":2,"name":"Produkte","item":"https:\/\/cabol.eu\/de\/produkte\/"},{"@type":"ListItem","position":3,"name":"Hydraulische Zylinder","item":"https:\/\/cabol.eu\/de\/produkte\/hydraulische-zylinder\/"},{"@type":"ListItem","position":4,"name":"Hydraulikzylinder mit integrierten Ventilen"}]}]}},"_links":{"self":[{"href":"https:\/\/cabol.eu\/de\/wp-json\/wp\/v2\/pages\/2052"}],"collection":[{"href":"https:\/\/cabol.eu\/de\/wp-json\/wp\/v2\/pages"}],"about":[{"href":"https:\/\/cabol.eu\/de\/wp-json\/wp\/v2\/types\/page"}],"author":[{"embeddable":true,"href":"https:\/\/cabol.eu\/de\/wp-json\/wp\/v2\/users\/1"}],"replies":[{"embeddable":true,"href":"https:\/\/cabol.eu\/de\/wp-json\/wp\/v2\/comments?post=2052"}],"version-history":[{"count":4,"href":"https:\/\/cabol.eu\/de\/wp-json\/wp\/v2\/pages\/2052\/revisions"}],"predecessor-version":[{"id":17111,"href":"https:\/\/cabol.eu\/de\/wp-json\/wp\/v2\/pages\/2052\/revisions\/17111"}],"up":[{"embeddable":true,"href":"https:\/\/cabol.eu\/de\/wp-json\/wp\/v2\/pages\/2004"}],"wp:featuredmedia":[{"embeddable":true,"href":"https:\/\/cabol.eu\/de\/wp-json\/wp\/v2\/media\/1674"}],"wp:attachment":[{"href":"https:\/\/cabol.eu\/de\/wp-json\/wp\/v2\/media?parent=2052"}],"wp:term":[{"taxonomy":"category","embeddable":true,"href":"https:\/\/cabol.eu\/de\/wp-json\/wp\/v2\/categories?post=2052"},{"taxonomy":"post_tag","embeddable":true,"href":"https:\/\/cabol.eu\/de\/wp-json\/wp\/v2\/tags?post=2052"}],"curies":[{"name":"wp","href":"https:\/\/api.w.org\/{rel}","templated":true}]}}