{"id":2058,"date":"2021-12-17T14:46:23","date_gmt":"2021-12-17T13:46:23","guid":{"rendered":"https:\/\/cabol.eu\/produkte\/hydraulische-zylinder\/geschweisste-hydraulikzylinder\/"},"modified":"2025-08-07T16:10:43","modified_gmt":"2025-08-07T14:10:43","slug":"geschweisste","status":"publish","type":"page","link":"https:\/\/cabol.eu\/de\/produkte\/hydraulische-zylinder\/geschweisste\/","title":{"rendered":"Geschwei\u00dfte Hydraulikzylinder"},"content":{"rendered":"\n<p>Dabei handelt es sich um Hydraulikzylinder, die normalerweise in all den Bereichen eingesetzt werden, in denen der Einsatz von Hydraulik als Antriebskraft erforderlich ist. Sie werden in erster Linie zur Minimierung der Produktionskosten eingesetzt. Generell werden sie in hohen St\u00fcckzahlen produziert und kommen auch dann zum Einsatz, wenn sie mit speziellen Anschl\u00fcssen ausgestattet werden m\u00fcssen, deren Herstellung in einem St\u00fcck durch maschinelle Bearbeitung extrem kostenintensiv w\u00e4re. Sie werden im Allgemeinen im mobilen und im Marine-Bereich genutzt und k\u00f6nnen mit Stangen aus rostfreiem Stahl oder mit vernickelten und verchromten Standardstangen geliefert werden. Auf Anfrage sind f\u00fcr die Schwei\u00dfverbindungen Zertifikate hinsichtlich einer Fl\u00fcssigkeitseindring- und einer magnetoskopischen Pr\u00fcfung erh\u00e4ltlich.<\/p>\n\n\n\n<div class=\"wp-block-buttons\">\n<div class=\"wp-block-button download-pdf\"><a class=\"wp-block-button__link\" target=\"_blank\" rel=\"noreferrer noopener\">Download PDF<\/a><\/div>\n<\/div>\n","protected":false},"excerpt":{"rendered":"<p>Dabei handelt es sich um Hydraulikzylinder, die normalerweise in all den Bereichen eingesetzt werden, in denen der Einsatz von Hydraulik als Antriebskraft erforderlich ist. Sie werden in erster Linie zur Minimierung der Produktionskosten eingesetzt. Generell werden sie in hohen St\u00fcckzahlen produziert und kommen auch dann zum Einsatz, wenn sie mit speziellen Anschl\u00fcssen ausgestattet werden m\u00fcssen, [&hellip;]<\/p>\n","protected":false},"author":1,"featured_media":1724,"parent":2004,"menu_order":0,"comment_status":"closed","ping_status":"closed","template":"","meta":{"_et_pb_use_builder":"","_et_pb_old_content":"","_et_gb_content_width":""},"categories":[65,60,64],"tags":[],"acf":[],"yoast_head":"<!-- This site is optimized with the Yoast SEO plugin v18.5.1 - https:\/\/yoast.com\/wordpress\/plugins\/seo\/ -->\n<title>Geschwei\u00dfte Hydraulikzylinder - Cabol<\/title>\n<meta name=\"description\" content=\"Geschwei\u00dfte Hydraulikzylinder von Cabol, ideal f\u00fcr alle Anwendungen, bei denen hydraulische Kraft als Antrieb erforderlich ist.\" \/>\n<meta name=\"robots\" content=\"index, follow, max-snippet:-1, max-image-preview:large, max-video-preview:-1\" \/>\n<link rel=\"canonical\" href=\"https:\/\/cabol.eu\/de\/produkte\/hydraulische-zylinder\/geschweisste\/\" \/>\n<meta property=\"og:locale\" content=\"de_DE\" \/>\n<meta property=\"og:type\" content=\"article\" \/>\n<meta property=\"og:title\" content=\"Geschwei\u00dfte Hydraulikzylinder - Cabol\" \/>\n<meta property=\"og:description\" content=\"Geschwei\u00dfte Hydraulikzylinder von Cabol, ideal f\u00fcr alle Anwendungen, bei denen hydraulische Kraft als Antrieb erforderlich ist.\" \/>\n<meta property=\"og:url\" content=\"https:\/\/cabol.eu\/de\/produkte\/hydraulische-zylinder\/geschweisste\/\" \/>\n<meta property=\"og:site_name\" content=\"Cabol\" \/>\n<meta property=\"article:modified_time\" content=\"2025-08-07T14:10:43+00:00\" \/>\n<meta property=\"og:image\" content=\"https:\/\/cabol.eu\/wp-content\/uploads\/2021\/12\/foto-cilindri-idraulici-saldati-01.jpg\" \/>\n\t<meta property=\"og:image:width\" content=\"800\" \/>\n\t<meta property=\"og:image:height\" content=\"600\" \/>\n\t<meta property=\"og:image:type\" content=\"image\/jpeg\" \/>\n<meta name=\"twitter:card\" content=\"summary_large_image\" \/>\n<meta name=\"twitter:label1\" content=\"Est. reading time\" \/>\n\t<meta name=\"twitter:data1\" content=\"1 minute\" \/>\n<script type=\"application\/ld+json\" class=\"yoast-schema-graph\">{\"@context\":\"https:\/\/schema.org\",\"@graph\":[{\"@type\":\"Organization\",\"@id\":\"https:\/\/cabol.eu\/#organization\",\"name\":\"Cabol\",\"url\":\"https:\/\/cabol.eu\/\",\"sameAs\":[\"https:\/\/www.instagram.com\/cabolfluidengineering?igsh=MTVjYXUyb2ttcXg3bw==&amp;utm_source=qr\",\"https:\/\/www.linkedin.com\/company\/cabol-fluid-engineering\/?viewAsMember=true\",\"https:\/\/www.youtube.com\/@cabolfluidengineering9499\"],\"logo\":{\"@type\":\"ImageObject\",\"@id\":\"https:\/\/cabol.eu\/#logo\",\"inLanguage\":\"de-DE\",\"url\":\"https:\/\/cabol.eu\/cabol2021\/wp-content\/uploads\/2021\/03\/logo-cabol.png\",\"contentUrl\":\"https:\/\/cabol.eu\/cabol2021\/wp-content\/uploads\/2021\/03\/logo-cabol.png\",\"width\":800,\"height\":280,\"caption\":\"Cabol\"},\"image\":{\"@id\":\"https:\/\/cabol.eu\/#logo\"}},{\"@type\":\"WebSite\",\"@id\":\"https:\/\/cabol.eu\/#website\",\"url\":\"https:\/\/cabol.eu\/\",\"name\":\"Cabol\",\"description\":\"Fluid Engineering\",\"publisher\":{\"@id\":\"https:\/\/cabol.eu\/#organization\"},\"potentialAction\":[{\"@type\":\"SearchAction\",\"target\":{\"@type\":\"EntryPoint\",\"urlTemplate\":\"https:\/\/cabol.eu\/?s={search_term_string}\"},\"query-input\":\"required name=search_term_string\"}],\"inLanguage\":\"de-DE\"},{\"@type\":\"ImageObject\",\"@id\":\"https:\/\/cabol.eu\/de\/produkte\/hydraulische-zylinder\/geschweisste\/#primaryimage\",\"inLanguage\":\"de-DE\",\"url\":\"https:\/\/cabol.eu\/wp-content\/uploads\/2021\/12\/foto-cilindri-idraulici-saldati-01.jpg\",\"contentUrl\":\"https:\/\/cabol.eu\/wp-content\/uploads\/2021\/12\/foto-cilindri-idraulici-saldati-01.jpg\",\"width\":800,\"height\":600,\"caption\":\"cilindri idraulici saldati\"},{\"@type\":\"WebPage\",\"@id\":\"https:\/\/cabol.eu\/de\/produkte\/hydraulische-zylinder\/geschweisste\/#webpage\",\"url\":\"https:\/\/cabol.eu\/de\/produkte\/hydraulische-zylinder\/geschweisste\/\",\"name\":\"Geschwei\u00dfte Hydraulikzylinder - Cabol\",\"isPartOf\":{\"@id\":\"https:\/\/cabol.eu\/#website\"},\"primaryImageOfPage\":{\"@id\":\"https:\/\/cabol.eu\/de\/produkte\/hydraulische-zylinder\/geschweisste\/#primaryimage\"},\"datePublished\":\"2021-12-17T13:46:23+00:00\",\"dateModified\":\"2025-08-07T14:10:43+00:00\",\"description\":\"Geschwei\u00dfte Hydraulikzylinder von Cabol, ideal f\u00fcr alle Anwendungen, bei denen hydraulische Kraft als Antrieb erforderlich ist.\",\"breadcrumb\":{\"@id\":\"https:\/\/cabol.eu\/de\/produkte\/hydraulische-zylinder\/geschweisste\/#breadcrumb\"},\"inLanguage\":\"de-DE\",\"potentialAction\":[{\"@type\":\"ReadAction\",\"target\":[\"https:\/\/cabol.eu\/de\/produkte\/hydraulische-zylinder\/geschweisste\/\"]}]},{\"@type\":\"BreadcrumbList\",\"@id\":\"https:\/\/cabol.eu\/de\/produkte\/hydraulische-zylinder\/geschweisste\/#breadcrumb\",\"itemListElement\":[{\"@type\":\"ListItem\",\"position\":1,\"name\":\"Home\",\"item\":\"https:\/\/cabol.eu\/de\/\"},{\"@type\":\"ListItem\",\"position\":2,\"name\":\"Produkte\",\"item\":\"https:\/\/cabol.eu\/de\/produkte\/\"},{\"@type\":\"ListItem\",\"position\":3,\"name\":\"Hydraulische Zylinder\",\"item\":\"https:\/\/cabol.eu\/de\/produkte\/hydraulische-zylinder\/\"},{\"@type\":\"ListItem\",\"position\":4,\"name\":\"Geschwei\u00dfte Hydraulikzylinder\"}]}]}<\/script>\n<!-- \/ Yoast SEO plugin. -->","yoast_head_json":{"title":"Geschwei\u00dfte Hydraulikzylinder - Cabol","description":"Geschwei\u00dfte Hydraulikzylinder von Cabol, ideal f\u00fcr alle Anwendungen, bei denen hydraulische Kraft als Antrieb erforderlich ist.","robots":{"index":"index","follow":"follow","max-snippet":"max-snippet:-1","max-image-preview":"max-image-preview:large","max-video-preview":"max-video-preview:-1"},"canonical":"https:\/\/cabol.eu\/de\/produkte\/hydraulische-zylinder\/geschweisste\/","og_locale":"de_DE","og_type":"article","og_title":"Geschwei\u00dfte Hydraulikzylinder - Cabol","og_description":"Geschwei\u00dfte Hydraulikzylinder von Cabol, ideal f\u00fcr alle Anwendungen, bei denen hydraulische Kraft als Antrieb erforderlich ist.","og_url":"https:\/\/cabol.eu\/de\/produkte\/hydraulische-zylinder\/geschweisste\/","og_site_name":"Cabol","article_modified_time":"2025-08-07T14:10:43+00:00","og_image":[{"width":800,"height":600,"url":"https:\/\/cabol.eu\/wp-content\/uploads\/2021\/12\/foto-cilindri-idraulici-saldati-01.jpg","type":"image\/jpeg"}],"twitter_card":"summary_large_image","twitter_misc":{"Est. reading time":"1 minute"},"schema":{"@context":"https:\/\/schema.org","@graph":[{"@type":"Organization","@id":"https:\/\/cabol.eu\/#organization","name":"Cabol","url":"https:\/\/cabol.eu\/","sameAs":["https:\/\/www.instagram.com\/cabolfluidengineering?igsh=MTVjYXUyb2ttcXg3bw==&amp;utm_source=qr","https:\/\/www.linkedin.com\/company\/cabol-fluid-engineering\/?viewAsMember=true","https:\/\/www.youtube.com\/@cabolfluidengineering9499"],"logo":{"@type":"ImageObject","@id":"https:\/\/cabol.eu\/#logo","inLanguage":"de-DE","url":"https:\/\/cabol.eu\/cabol2021\/wp-content\/uploads\/2021\/03\/logo-cabol.png","contentUrl":"https:\/\/cabol.eu\/cabol2021\/wp-content\/uploads\/2021\/03\/logo-cabol.png","width":800,"height":280,"caption":"Cabol"},"image":{"@id":"https:\/\/cabol.eu\/#logo"}},{"@type":"WebSite","@id":"https:\/\/cabol.eu\/#website","url":"https:\/\/cabol.eu\/","name":"Cabol","description":"Fluid Engineering","publisher":{"@id":"https:\/\/cabol.eu\/#organization"},"potentialAction":[{"@type":"SearchAction","target":{"@type":"EntryPoint","urlTemplate":"https:\/\/cabol.eu\/?s={search_term_string}"},"query-input":"required name=search_term_string"}],"inLanguage":"de-DE"},{"@type":"ImageObject","@id":"https:\/\/cabol.eu\/de\/produkte\/hydraulische-zylinder\/geschweisste\/#primaryimage","inLanguage":"de-DE","url":"https:\/\/cabol.eu\/wp-content\/uploads\/2021\/12\/foto-cilindri-idraulici-saldati-01.jpg","contentUrl":"https:\/\/cabol.eu\/wp-content\/uploads\/2021\/12\/foto-cilindri-idraulici-saldati-01.jpg","width":800,"height":600,"caption":"cilindri idraulici saldati"},{"@type":"WebPage","@id":"https:\/\/cabol.eu\/de\/produkte\/hydraulische-zylinder\/geschweisste\/#webpage","url":"https:\/\/cabol.eu\/de\/produkte\/hydraulische-zylinder\/geschweisste\/","name":"Geschwei\u00dfte Hydraulikzylinder - Cabol","isPartOf":{"@id":"https:\/\/cabol.eu\/#website"},"primaryImageOfPage":{"@id":"https:\/\/cabol.eu\/de\/produkte\/hydraulische-zylinder\/geschweisste\/#primaryimage"},"datePublished":"2021-12-17T13:46:23+00:00","dateModified":"2025-08-07T14:10:43+00:00","description":"Geschwei\u00dfte Hydraulikzylinder von Cabol, ideal f\u00fcr alle Anwendungen, bei denen hydraulische Kraft als Antrieb erforderlich ist.","breadcrumb":{"@id":"https:\/\/cabol.eu\/de\/produkte\/hydraulische-zylinder\/geschweisste\/#breadcrumb"},"inLanguage":"de-DE","potentialAction":[{"@type":"ReadAction","target":["https:\/\/cabol.eu\/de\/produkte\/hydraulische-zylinder\/geschweisste\/"]}]},{"@type":"BreadcrumbList","@id":"https:\/\/cabol.eu\/de\/produkte\/hydraulische-zylinder\/geschweisste\/#breadcrumb","itemListElement":[{"@type":"ListItem","position":1,"name":"Home","item":"https:\/\/cabol.eu\/de\/"},{"@type":"ListItem","position":2,"name":"Produkte","item":"https:\/\/cabol.eu\/de\/produkte\/"},{"@type":"ListItem","position":3,"name":"Hydraulische Zylinder","item":"https:\/\/cabol.eu\/de\/produkte\/hydraulische-zylinder\/"},{"@type":"ListItem","position":4,"name":"Geschwei\u00dfte Hydraulikzylinder"}]}]}},"_links":{"self":[{"href":"https:\/\/cabol.eu\/de\/wp-json\/wp\/v2\/pages\/2058"}],"collection":[{"href":"https:\/\/cabol.eu\/de\/wp-json\/wp\/v2\/pages"}],"about":[{"href":"https:\/\/cabol.eu\/de\/wp-json\/wp\/v2\/types\/page"}],"author":[{"embeddable":true,"href":"https:\/\/cabol.eu\/de\/wp-json\/wp\/v2\/users\/1"}],"replies":[{"embeddable":true,"href":"https:\/\/cabol.eu\/de\/wp-json\/wp\/v2\/comments?post=2058"}],"version-history":[{"count":5,"href":"https:\/\/cabol.eu\/de\/wp-json\/wp\/v2\/pages\/2058\/revisions"}],"predecessor-version":[{"id":17134,"href":"https:\/\/cabol.eu\/de\/wp-json\/wp\/v2\/pages\/2058\/revisions\/17134"}],"up":[{"embeddable":true,"href":"https:\/\/cabol.eu\/de\/wp-json\/wp\/v2\/pages\/2004"}],"wp:featuredmedia":[{"embeddable":true,"href":"https:\/\/cabol.eu\/de\/wp-json\/wp\/v2\/media\/1724"}],"wp:attachment":[{"href":"https:\/\/cabol.eu\/de\/wp-json\/wp\/v2\/media?parent=2058"}],"wp:term":[{"taxonomy":"category","embeddable":true,"href":"https:\/\/cabol.eu\/de\/wp-json\/wp\/v2\/categories?post=2058"},{"taxonomy":"post_tag","embeddable":true,"href":"https:\/\/cabol.eu\/de\/wp-json\/wp\/v2\/tags?post=2058"}],"curies":[{"name":"wp","href":"https:\/\/api.w.org\/{rel}","templated":true}]}}