{"id":2064,"date":"2021-12-17T14:48:24","date_gmt":"2021-12-17T13:48:24","guid":{"rendered":"https:\/\/cabol.eu\/produkte\/doppeltwirkende-hydraulikzylinder\/industrielle-servozylinder\/"},"modified":"2025-08-07T16:53:04","modified_gmt":"2025-08-07T14:53:04","slug":"industrielle","status":"publish","type":"page","link":"https:\/\/cabol.eu\/de\/produkte\/doppeltwirkende-hydraulikzylinder\/industrielle\/","title":{"rendered":"Industrielle Servozylinder"},"content":{"rendered":"\n<p>Es handelt sich um Hydraulikzylinder, die mit internen linearen LVDT- oder magnetostriktiven Messwertaufnehmern arbeiten. Der Entwurf wird mit verschiedenen Arten von Anschl\u00fcssen und Bohrungen an die Bed\u00fcrfnisse der Maschine angepasst. Die internen Teile weisen reibungsarme Dichtungen auf, die eine Geschwindigkeit von bis zu 10 m\/sec und Frequenzen von bis zu 20 Hz garantieren. Sie k\u00f6nnen mit Ventilbl\u00f6cken inklusive Proportionalventilen, Akkumulatoren, Servoventilen, Druckmessumformern und W\u00e4gezellen ausgestattet sein.   Generell werden sie mit Vierkantk\u00f6pfen und Sperrstangen hergestellt. Die Oberfl\u00e4chenbehandlung der externen Komponenten wirkt der Bildung von Rost entgegen. Dieser Servozylindertyp ist f\u00fcr eine sofortige Reaktionsf\u00e4higkeit konzipiert und f\u00fcr den Einsatz in Kunststoff-Spritzgie\u00df- und Blasformmaschinen vorgesehen, die im Dauerbetrieb arbeiten. Die Anforderungen sind entsprechend hoch: H\u00f6chstleistungen und lange Lebensdauer (ein Maschinenstillstand kann f\u00fcr den Kunden zu gro\u00dfen Verlusten f\u00fchren), daher sind auch die internen Dichtungen so konzipiert, dass sie dem Verschlei\u00df standhalten.<\/p>\n\n\n\n<div class=\"wp-block-buttons\">\n<div class=\"wp-block-button download-pdf\"><a class=\"wp-block-button__link\" target=\"_blank\" rel=\"noreferrer noopener\">Download PDF<\/a><\/div>\n<\/div>\n","protected":false},"excerpt":{"rendered":"<p>Es handelt sich um Hydraulikzylinder, die mit internen linearen LVDT- oder magnetostriktiven Messwertaufnehmern arbeiten. Der Entwurf wird mit verschiedenen Arten von Anschl\u00fcssen und Bohrungen an die Bed\u00fcrfnisse der Maschine angepasst. Die internen Teile weisen reibungsarme Dichtungen auf, die eine Geschwindigkeit von bis zu 10 m\/sec und Frequenzen von bis zu 20 Hz garantieren. Sie k\u00f6nnen [&hellip;]<\/p>\n","protected":false},"author":1,"featured_media":1676,"parent":2006,"menu_order":0,"comment_status":"closed","ping_status":"closed","template":"","meta":{"_et_pb_use_builder":"","_et_pb_old_content":"","_et_gb_content_width":""},"categories":[65,60,67],"tags":[],"acf":[],"yoast_head":"<!-- This site is optimized with the Yoast SEO plugin v18.5.1 - https:\/\/yoast.com\/wordpress\/plugins\/seo\/ -->\n<title>Industrielle Servozylinder - Cabol<\/title>\n<meta name=\"description\" content=\"Hochreaktive und langlebige industrielle Servozylinder von Cabol. F\u00fcr Kunststoffspritzgie\u00df- und Blasformmaschinen.\" \/>\n<meta name=\"robots\" content=\"index, follow, max-snippet:-1, max-image-preview:large, max-video-preview:-1\" \/>\n<link rel=\"canonical\" href=\"https:\/\/cabol.eu\/de\/produkte\/doppeltwirkende-hydraulikzylinder\/industrielle\/\" \/>\n<meta property=\"og:locale\" content=\"de_DE\" \/>\n<meta property=\"og:type\" content=\"article\" \/>\n<meta property=\"og:title\" content=\"Industrielle Servozylinder - Cabol\" \/>\n<meta property=\"og:description\" content=\"Hochreaktive und langlebige industrielle Servozylinder von Cabol. F\u00fcr Kunststoffspritzgie\u00df- und Blasformmaschinen.\" \/>\n<meta property=\"og:url\" content=\"https:\/\/cabol.eu\/de\/produkte\/doppeltwirkende-hydraulikzylinder\/industrielle\/\" \/>\n<meta property=\"og:site_name\" content=\"Cabol\" \/>\n<meta property=\"article:modified_time\" content=\"2025-08-07T14:53:04+00:00\" \/>\n<meta property=\"og:image\" content=\"https:\/\/cabol.eu\/wp-content\/uploads\/2021\/10\/foto-servocilindri-industriali-01.jpg\" \/>\n\t<meta property=\"og:image:width\" content=\"800\" \/>\n\t<meta property=\"og:image:height\" content=\"600\" \/>\n\t<meta property=\"og:image:type\" content=\"image\/jpeg\" \/>\n<meta name=\"twitter:card\" content=\"summary_large_image\" \/>\n<meta name=\"twitter:label1\" content=\"Est. reading time\" \/>\n\t<meta name=\"twitter:data1\" content=\"1 minute\" \/>\n<script type=\"application\/ld+json\" class=\"yoast-schema-graph\">{\"@context\":\"https:\/\/schema.org\",\"@graph\":[{\"@type\":\"Organization\",\"@id\":\"https:\/\/cabol.eu\/#organization\",\"name\":\"Cabol\",\"url\":\"https:\/\/cabol.eu\/\",\"sameAs\":[\"https:\/\/www.instagram.com\/cabolfluidengineering?igsh=MTVjYXUyb2ttcXg3bw==&amp;utm_source=qr\",\"https:\/\/www.linkedin.com\/company\/cabol-fluid-engineering\/?viewAsMember=true\",\"https:\/\/www.youtube.com\/@cabolfluidengineering9499\"],\"logo\":{\"@type\":\"ImageObject\",\"@id\":\"https:\/\/cabol.eu\/#logo\",\"inLanguage\":\"de-DE\",\"url\":\"https:\/\/cabol.eu\/cabol2021\/wp-content\/uploads\/2021\/03\/logo-cabol.png\",\"contentUrl\":\"https:\/\/cabol.eu\/cabol2021\/wp-content\/uploads\/2021\/03\/logo-cabol.png\",\"width\":800,\"height\":280,\"caption\":\"Cabol\"},\"image\":{\"@id\":\"https:\/\/cabol.eu\/#logo\"}},{\"@type\":\"WebSite\",\"@id\":\"https:\/\/cabol.eu\/#website\",\"url\":\"https:\/\/cabol.eu\/\",\"name\":\"Cabol\",\"description\":\"Fluid Engineering\",\"publisher\":{\"@id\":\"https:\/\/cabol.eu\/#organization\"},\"potentialAction\":[{\"@type\":\"SearchAction\",\"target\":{\"@type\":\"EntryPoint\",\"urlTemplate\":\"https:\/\/cabol.eu\/?s={search_term_string}\"},\"query-input\":\"required name=search_term_string\"}],\"inLanguage\":\"de-DE\"},{\"@type\":\"ImageObject\",\"@id\":\"https:\/\/cabol.eu\/de\/produkte\/doppeltwirkende-hydraulikzylinder\/industrielle\/#primaryimage\",\"inLanguage\":\"de-DE\",\"url\":\"https:\/\/cabol.eu\/wp-content\/uploads\/2021\/10\/foto-servocilindri-industriali-01.jpg\",\"contentUrl\":\"https:\/\/cabol.eu\/wp-content\/uploads\/2021\/10\/foto-servocilindri-industriali-01.jpg\",\"width\":800,\"height\":600,\"caption\":\"Servocilindri industriali per macchine lavorazione e plastica\"},{\"@type\":\"WebPage\",\"@id\":\"https:\/\/cabol.eu\/de\/produkte\/doppeltwirkende-hydraulikzylinder\/industrielle\/#webpage\",\"url\":\"https:\/\/cabol.eu\/de\/produkte\/doppeltwirkende-hydraulikzylinder\/industrielle\/\",\"name\":\"Industrielle Servozylinder - Cabol\",\"isPartOf\":{\"@id\":\"https:\/\/cabol.eu\/#website\"},\"primaryImageOfPage\":{\"@id\":\"https:\/\/cabol.eu\/de\/produkte\/doppeltwirkende-hydraulikzylinder\/industrielle\/#primaryimage\"},\"datePublished\":\"2021-12-17T13:48:24+00:00\",\"dateModified\":\"2025-08-07T14:53:04+00:00\",\"description\":\"Hochreaktive und langlebige industrielle Servozylinder von Cabol. F\u00fcr Kunststoffspritzgie\u00df- und Blasformmaschinen.\",\"breadcrumb\":{\"@id\":\"https:\/\/cabol.eu\/de\/produkte\/doppeltwirkende-hydraulikzylinder\/industrielle\/#breadcrumb\"},\"inLanguage\":\"de-DE\",\"potentialAction\":[{\"@type\":\"ReadAction\",\"target\":[\"https:\/\/cabol.eu\/de\/produkte\/doppeltwirkende-hydraulikzylinder\/industrielle\/\"]}]},{\"@type\":\"BreadcrumbList\",\"@id\":\"https:\/\/cabol.eu\/de\/produkte\/doppeltwirkende-hydraulikzylinder\/industrielle\/#breadcrumb\",\"itemListElement\":[{\"@type\":\"ListItem\",\"position\":1,\"name\":\"Home\",\"item\":\"https:\/\/cabol.eu\/de\/\"},{\"@type\":\"ListItem\",\"position\":2,\"name\":\"Produkte\",\"item\":\"https:\/\/cabol.eu\/de\/produkte\/\"},{\"@type\":\"ListItem\",\"position\":3,\"name\":\"Hydraulische Servozylinder\",\"item\":\"https:\/\/cabol.eu\/de\/produkte\/doppeltwirkende-hydraulikzylinder\/\"},{\"@type\":\"ListItem\",\"position\":4,\"name\":\"Industrielle Servozylinder\"}]}]}<\/script>\n<!-- \/ Yoast SEO plugin. -->","yoast_head_json":{"title":"Industrielle Servozylinder - Cabol","description":"Hochreaktive und langlebige industrielle Servozylinder von Cabol. F\u00fcr Kunststoffspritzgie\u00df- und Blasformmaschinen.","robots":{"index":"index","follow":"follow","max-snippet":"max-snippet:-1","max-image-preview":"max-image-preview:large","max-video-preview":"max-video-preview:-1"},"canonical":"https:\/\/cabol.eu\/de\/produkte\/doppeltwirkende-hydraulikzylinder\/industrielle\/","og_locale":"de_DE","og_type":"article","og_title":"Industrielle Servozylinder - Cabol","og_description":"Hochreaktive und langlebige industrielle Servozylinder von Cabol. F\u00fcr Kunststoffspritzgie\u00df- und Blasformmaschinen.","og_url":"https:\/\/cabol.eu\/de\/produkte\/doppeltwirkende-hydraulikzylinder\/industrielle\/","og_site_name":"Cabol","article_modified_time":"2025-08-07T14:53:04+00:00","og_image":[{"width":800,"height":600,"url":"https:\/\/cabol.eu\/wp-content\/uploads\/2021\/10\/foto-servocilindri-industriali-01.jpg","type":"image\/jpeg"}],"twitter_card":"summary_large_image","twitter_misc":{"Est. reading time":"1 minute"},"schema":{"@context":"https:\/\/schema.org","@graph":[{"@type":"Organization","@id":"https:\/\/cabol.eu\/#organization","name":"Cabol","url":"https:\/\/cabol.eu\/","sameAs":["https:\/\/www.instagram.com\/cabolfluidengineering?igsh=MTVjYXUyb2ttcXg3bw==&amp;utm_source=qr","https:\/\/www.linkedin.com\/company\/cabol-fluid-engineering\/?viewAsMember=true","https:\/\/www.youtube.com\/@cabolfluidengineering9499"],"logo":{"@type":"ImageObject","@id":"https:\/\/cabol.eu\/#logo","inLanguage":"de-DE","url":"https:\/\/cabol.eu\/cabol2021\/wp-content\/uploads\/2021\/03\/logo-cabol.png","contentUrl":"https:\/\/cabol.eu\/cabol2021\/wp-content\/uploads\/2021\/03\/logo-cabol.png","width":800,"height":280,"caption":"Cabol"},"image":{"@id":"https:\/\/cabol.eu\/#logo"}},{"@type":"WebSite","@id":"https:\/\/cabol.eu\/#website","url":"https:\/\/cabol.eu\/","name":"Cabol","description":"Fluid Engineering","publisher":{"@id":"https:\/\/cabol.eu\/#organization"},"potentialAction":[{"@type":"SearchAction","target":{"@type":"EntryPoint","urlTemplate":"https:\/\/cabol.eu\/?s={search_term_string}"},"query-input":"required name=search_term_string"}],"inLanguage":"de-DE"},{"@type":"ImageObject","@id":"https:\/\/cabol.eu\/de\/produkte\/doppeltwirkende-hydraulikzylinder\/industrielle\/#primaryimage","inLanguage":"de-DE","url":"https:\/\/cabol.eu\/wp-content\/uploads\/2021\/10\/foto-servocilindri-industriali-01.jpg","contentUrl":"https:\/\/cabol.eu\/wp-content\/uploads\/2021\/10\/foto-servocilindri-industriali-01.jpg","width":800,"height":600,"caption":"Servocilindri industriali per macchine lavorazione e plastica"},{"@type":"WebPage","@id":"https:\/\/cabol.eu\/de\/produkte\/doppeltwirkende-hydraulikzylinder\/industrielle\/#webpage","url":"https:\/\/cabol.eu\/de\/produkte\/doppeltwirkende-hydraulikzylinder\/industrielle\/","name":"Industrielle Servozylinder - Cabol","isPartOf":{"@id":"https:\/\/cabol.eu\/#website"},"primaryImageOfPage":{"@id":"https:\/\/cabol.eu\/de\/produkte\/doppeltwirkende-hydraulikzylinder\/industrielle\/#primaryimage"},"datePublished":"2021-12-17T13:48:24+00:00","dateModified":"2025-08-07T14:53:04+00:00","description":"Hochreaktive und langlebige industrielle Servozylinder von Cabol. F\u00fcr Kunststoffspritzgie\u00df- und Blasformmaschinen.","breadcrumb":{"@id":"https:\/\/cabol.eu\/de\/produkte\/doppeltwirkende-hydraulikzylinder\/industrielle\/#breadcrumb"},"inLanguage":"de-DE","potentialAction":[{"@type":"ReadAction","target":["https:\/\/cabol.eu\/de\/produkte\/doppeltwirkende-hydraulikzylinder\/industrielle\/"]}]},{"@type":"BreadcrumbList","@id":"https:\/\/cabol.eu\/de\/produkte\/doppeltwirkende-hydraulikzylinder\/industrielle\/#breadcrumb","itemListElement":[{"@type":"ListItem","position":1,"name":"Home","item":"https:\/\/cabol.eu\/de\/"},{"@type":"ListItem","position":2,"name":"Produkte","item":"https:\/\/cabol.eu\/de\/produkte\/"},{"@type":"ListItem","position":3,"name":"Hydraulische Servozylinder","item":"https:\/\/cabol.eu\/de\/produkte\/doppeltwirkende-hydraulikzylinder\/"},{"@type":"ListItem","position":4,"name":"Industrielle Servozylinder"}]}]}},"_links":{"self":[{"href":"https:\/\/cabol.eu\/de\/wp-json\/wp\/v2\/pages\/2064"}],"collection":[{"href":"https:\/\/cabol.eu\/de\/wp-json\/wp\/v2\/pages"}],"about":[{"href":"https:\/\/cabol.eu\/de\/wp-json\/wp\/v2\/types\/page"}],"author":[{"embeddable":true,"href":"https:\/\/cabol.eu\/de\/wp-json\/wp\/v2\/users\/1"}],"replies":[{"embeddable":true,"href":"https:\/\/cabol.eu\/de\/wp-json\/wp\/v2\/comments?post=2064"}],"version-history":[{"count":2,"href":"https:\/\/cabol.eu\/de\/wp-json\/wp\/v2\/pages\/2064\/revisions"}],"predecessor-version":[{"id":17158,"href":"https:\/\/cabol.eu\/de\/wp-json\/wp\/v2\/pages\/2064\/revisions\/17158"}],"up":[{"embeddable":true,"href":"https:\/\/cabol.eu\/de\/wp-json\/wp\/v2\/pages\/2006"}],"wp:featuredmedia":[{"embeddable":true,"href":"https:\/\/cabol.eu\/de\/wp-json\/wp\/v2\/media\/1676"}],"wp:attachment":[{"href":"https:\/\/cabol.eu\/de\/wp-json\/wp\/v2\/media?parent=2064"}],"wp:term":[{"taxonomy":"category","embeddable":true,"href":"https:\/\/cabol.eu\/de\/wp-json\/wp\/v2\/categories?post=2064"},{"taxonomy":"post_tag","embeddable":true,"href":"https:\/\/cabol.eu\/de\/wp-json\/wp\/v2\/tags?post=2064"}],"curies":[{"name":"wp","href":"https:\/\/api.w.org\/{rel}","templated":true}]}}