{"id":2066,"date":"2021-12-17T14:49:22","date_gmt":"2021-12-17T13:49:22","guid":{"rendered":"https:\/\/cabol.eu\/produkte\/doppeltwirkende-hydraulikzylinder\/reibungsarme-sc-servozylinder\/"},"modified":"2025-08-07T15:56:06","modified_gmt":"2025-08-07T13:56:06","slug":"reibungsarme-sc","status":"publish","type":"page","link":"https:\/\/cabol.eu\/de\/produkte\/doppeltwirkende-hydraulikzylinder\/reibungsarme-sc\/","title":{"rendered":"Reibungsarme SC-Servozylinder"},"content":{"rendered":"\n<p>Es handelt sich um Hydraulikzylinder, die mit internen linearen LVDT- oder magnetostriktiven Messwertaufnehmern arbeiten. Sie k\u00f6nnen mit Ventilbl\u00f6cken inklusive Proportionalventilen, Akkumulatoren, Servoventilen, Druckmessumformern und W\u00e4gezellen ausgestattet sein. Sie besitzen Gegenflansche und reibungsarme Dichtungen, wodurch H\u00f6chstgeschwindigkeiten von bis zu 15 m\/sec und Frequenzen von bis zu 30 Hz gew\u00e4hrleistet sind.<\/p>\n\n\n\n<div class=\"wp-block-buttons\">\n<div class=\"wp-block-button download-pdf\"><a class=\"wp-block-button__link\" target=\"_blank\" rel=\"noreferrer noopener\">Download PDF<\/a><\/div>\n<\/div>\n","protected":false},"excerpt":{"rendered":"<p>Es handelt sich um Hydraulikzylinder, die mit internen linearen LVDT- oder magnetostriktiven Messwertaufnehmern arbeiten. Sie k\u00f6nnen mit Ventilbl\u00f6cken inklusive Proportionalventilen, Akkumulatoren, Servoventilen, Druckmessumformern und W\u00e4gezellen ausgestattet sein. Sie besitzen Gegenflansche und reibungsarme Dichtungen, wodurch H\u00f6chstgeschwindigkeiten von bis zu 15 m\/sec und Frequenzen von bis zu 30 Hz gew\u00e4hrleistet sind.<\/p>\n","protected":false},"author":1,"featured_media":1677,"parent":2006,"menu_order":0,"comment_status":"closed","ping_status":"closed","template":"","meta":{"_et_pb_use_builder":"","_et_pb_old_content":"","_et_gb_content_width":""},"categories":[65,60,67],"tags":[],"acf":[],"yoast_head":"<!-- This site is optimized with the Yoast SEO plugin v18.5.1 - https:\/\/yoast.com\/wordpress\/plugins\/seo\/ -->\n<title>Reibungsarme SC-Servozylinder - Cabol<\/title>\n<meta name=\"description\" content=\"Hydraulik-Servozylinder SC Cabol: extrem geringe Reibung, hohe Bewegungsgleichm\u00e4\u00dfigkeit und hervorragende Steuerbarkeit\" \/>\n<meta name=\"robots\" content=\"index, follow, max-snippet:-1, max-image-preview:large, max-video-preview:-1\" \/>\n<link rel=\"canonical\" href=\"https:\/\/cabol.eu\/de\/produkte\/doppeltwirkende-hydraulikzylinder\/reibungsarme-sc\/\" \/>\n<meta property=\"og:locale\" content=\"de_DE\" \/>\n<meta property=\"og:type\" content=\"article\" \/>\n<meta property=\"og:title\" content=\"Reibungsarme SC-Servozylinder - Cabol\" \/>\n<meta property=\"og:description\" content=\"Hydraulik-Servozylinder SC Cabol: extrem geringe Reibung, hohe Bewegungsgleichm\u00e4\u00dfigkeit und hervorragende Steuerbarkeit\" \/>\n<meta property=\"og:url\" content=\"https:\/\/cabol.eu\/de\/produkte\/doppeltwirkende-hydraulikzylinder\/reibungsarme-sc\/\" \/>\n<meta property=\"og:site_name\" content=\"Cabol\" \/>\n<meta property=\"article:modified_time\" content=\"2025-08-07T13:56:06+00:00\" \/>\n<meta property=\"og:image\" content=\"https:\/\/cabol.eu\/wp-content\/uploads\/2021\/10\/foto-servocilindri-basso-attrito-sc-01.jpg\" \/>\n\t<meta property=\"og:image:width\" content=\"800\" \/>\n\t<meta property=\"og:image:height\" content=\"600\" \/>\n\t<meta property=\"og:image:type\" content=\"image\/jpeg\" \/>\n<meta name=\"twitter:card\" content=\"summary_large_image\" \/>\n<meta name=\"twitter:label1\" content=\"Est. reading time\" \/>\n\t<meta name=\"twitter:data1\" content=\"1 minute\" \/>\n<script type=\"application\/ld+json\" class=\"yoast-schema-graph\">{\"@context\":\"https:\/\/schema.org\",\"@graph\":[{\"@type\":\"Organization\",\"@id\":\"https:\/\/cabol.eu\/#organization\",\"name\":\"Cabol\",\"url\":\"https:\/\/cabol.eu\/\",\"sameAs\":[\"https:\/\/www.instagram.com\/cabolfluidengineering?igsh=MTVjYXUyb2ttcXg3bw==&amp;utm_source=qr\",\"https:\/\/www.linkedin.com\/company\/cabol-fluid-engineering\/?viewAsMember=true\",\"https:\/\/www.youtube.com\/@cabolfluidengineering9499\"],\"logo\":{\"@type\":\"ImageObject\",\"@id\":\"https:\/\/cabol.eu\/#logo\",\"inLanguage\":\"de-DE\",\"url\":\"https:\/\/cabol.eu\/cabol2021\/wp-content\/uploads\/2021\/03\/logo-cabol.png\",\"contentUrl\":\"https:\/\/cabol.eu\/cabol2021\/wp-content\/uploads\/2021\/03\/logo-cabol.png\",\"width\":800,\"height\":280,\"caption\":\"Cabol\"},\"image\":{\"@id\":\"https:\/\/cabol.eu\/#logo\"}},{\"@type\":\"WebSite\",\"@id\":\"https:\/\/cabol.eu\/#website\",\"url\":\"https:\/\/cabol.eu\/\",\"name\":\"Cabol\",\"description\":\"Fluid Engineering\",\"publisher\":{\"@id\":\"https:\/\/cabol.eu\/#organization\"},\"potentialAction\":[{\"@type\":\"SearchAction\",\"target\":{\"@type\":\"EntryPoint\",\"urlTemplate\":\"https:\/\/cabol.eu\/?s={search_term_string}\"},\"query-input\":\"required name=search_term_string\"}],\"inLanguage\":\"de-DE\"},{\"@type\":\"ImageObject\",\"@id\":\"https:\/\/cabol.eu\/de\/produkte\/doppeltwirkende-hydraulikzylinder\/reibungsarme-sc\/#primaryimage\",\"inLanguage\":\"de-DE\",\"url\":\"https:\/\/cabol.eu\/wp-content\/uploads\/2021\/10\/foto-servocilindri-basso-attrito-sc-01.jpg\",\"contentUrl\":\"https:\/\/cabol.eu\/wp-content\/uploads\/2021\/10\/foto-servocilindri-basso-attrito-sc-01.jpg\",\"width\":800,\"height\":600,\"caption\":\"Servocilindri basso attrito SC\"},{\"@type\":\"WebPage\",\"@id\":\"https:\/\/cabol.eu\/de\/produkte\/doppeltwirkende-hydraulikzylinder\/reibungsarme-sc\/#webpage\",\"url\":\"https:\/\/cabol.eu\/de\/produkte\/doppeltwirkende-hydraulikzylinder\/reibungsarme-sc\/\",\"name\":\"Reibungsarme SC-Servozylinder - Cabol\",\"isPartOf\":{\"@id\":\"https:\/\/cabol.eu\/#website\"},\"primaryImageOfPage\":{\"@id\":\"https:\/\/cabol.eu\/de\/produkte\/doppeltwirkende-hydraulikzylinder\/reibungsarme-sc\/#primaryimage\"},\"datePublished\":\"2021-12-17T13:49:22+00:00\",\"dateModified\":\"2025-08-07T13:56:06+00:00\",\"description\":\"Hydraulik-Servozylinder SC Cabol: extrem geringe Reibung, hohe Bewegungsgleichm\u00e4\u00dfigkeit und hervorragende Steuerbarkeit\",\"breadcrumb\":{\"@id\":\"https:\/\/cabol.eu\/de\/produkte\/doppeltwirkende-hydraulikzylinder\/reibungsarme-sc\/#breadcrumb\"},\"inLanguage\":\"de-DE\",\"potentialAction\":[{\"@type\":\"ReadAction\",\"target\":[\"https:\/\/cabol.eu\/de\/produkte\/doppeltwirkende-hydraulikzylinder\/reibungsarme-sc\/\"]}]},{\"@type\":\"BreadcrumbList\",\"@id\":\"https:\/\/cabol.eu\/de\/produkte\/doppeltwirkende-hydraulikzylinder\/reibungsarme-sc\/#breadcrumb\",\"itemListElement\":[{\"@type\":\"ListItem\",\"position\":1,\"name\":\"Home\",\"item\":\"https:\/\/cabol.eu\/de\/\"},{\"@type\":\"ListItem\",\"position\":2,\"name\":\"Produkte\",\"item\":\"https:\/\/cabol.eu\/de\/produkte\/\"},{\"@type\":\"ListItem\",\"position\":3,\"name\":\"Hydraulische Servozylinder\",\"item\":\"https:\/\/cabol.eu\/de\/produkte\/doppeltwirkende-hydraulikzylinder\/\"},{\"@type\":\"ListItem\",\"position\":4,\"name\":\"Reibungsarme SC-Servozylinder\"}]}]}<\/script>\n<!-- \/ Yoast SEO plugin. -->","yoast_head_json":{"title":"Reibungsarme SC-Servozylinder - Cabol","description":"Hydraulik-Servozylinder SC Cabol: extrem geringe Reibung, hohe Bewegungsgleichm\u00e4\u00dfigkeit und hervorragende Steuerbarkeit","robots":{"index":"index","follow":"follow","max-snippet":"max-snippet:-1","max-image-preview":"max-image-preview:large","max-video-preview":"max-video-preview:-1"},"canonical":"https:\/\/cabol.eu\/de\/produkte\/doppeltwirkende-hydraulikzylinder\/reibungsarme-sc\/","og_locale":"de_DE","og_type":"article","og_title":"Reibungsarme SC-Servozylinder - Cabol","og_description":"Hydraulik-Servozylinder SC Cabol: extrem geringe Reibung, hohe Bewegungsgleichm\u00e4\u00dfigkeit und hervorragende Steuerbarkeit","og_url":"https:\/\/cabol.eu\/de\/produkte\/doppeltwirkende-hydraulikzylinder\/reibungsarme-sc\/","og_site_name":"Cabol","article_modified_time":"2025-08-07T13:56:06+00:00","og_image":[{"width":800,"height":600,"url":"https:\/\/cabol.eu\/wp-content\/uploads\/2021\/10\/foto-servocilindri-basso-attrito-sc-01.jpg","type":"image\/jpeg"}],"twitter_card":"summary_large_image","twitter_misc":{"Est. reading time":"1 minute"},"schema":{"@context":"https:\/\/schema.org","@graph":[{"@type":"Organization","@id":"https:\/\/cabol.eu\/#organization","name":"Cabol","url":"https:\/\/cabol.eu\/","sameAs":["https:\/\/www.instagram.com\/cabolfluidengineering?igsh=MTVjYXUyb2ttcXg3bw==&amp;utm_source=qr","https:\/\/www.linkedin.com\/company\/cabol-fluid-engineering\/?viewAsMember=true","https:\/\/www.youtube.com\/@cabolfluidengineering9499"],"logo":{"@type":"ImageObject","@id":"https:\/\/cabol.eu\/#logo","inLanguage":"de-DE","url":"https:\/\/cabol.eu\/cabol2021\/wp-content\/uploads\/2021\/03\/logo-cabol.png","contentUrl":"https:\/\/cabol.eu\/cabol2021\/wp-content\/uploads\/2021\/03\/logo-cabol.png","width":800,"height":280,"caption":"Cabol"},"image":{"@id":"https:\/\/cabol.eu\/#logo"}},{"@type":"WebSite","@id":"https:\/\/cabol.eu\/#website","url":"https:\/\/cabol.eu\/","name":"Cabol","description":"Fluid Engineering","publisher":{"@id":"https:\/\/cabol.eu\/#organization"},"potentialAction":[{"@type":"SearchAction","target":{"@type":"EntryPoint","urlTemplate":"https:\/\/cabol.eu\/?s={search_term_string}"},"query-input":"required name=search_term_string"}],"inLanguage":"de-DE"},{"@type":"ImageObject","@id":"https:\/\/cabol.eu\/de\/produkte\/doppeltwirkende-hydraulikzylinder\/reibungsarme-sc\/#primaryimage","inLanguage":"de-DE","url":"https:\/\/cabol.eu\/wp-content\/uploads\/2021\/10\/foto-servocilindri-basso-attrito-sc-01.jpg","contentUrl":"https:\/\/cabol.eu\/wp-content\/uploads\/2021\/10\/foto-servocilindri-basso-attrito-sc-01.jpg","width":800,"height":600,"caption":"Servocilindri basso attrito SC"},{"@type":"WebPage","@id":"https:\/\/cabol.eu\/de\/produkte\/doppeltwirkende-hydraulikzylinder\/reibungsarme-sc\/#webpage","url":"https:\/\/cabol.eu\/de\/produkte\/doppeltwirkende-hydraulikzylinder\/reibungsarme-sc\/","name":"Reibungsarme SC-Servozylinder - Cabol","isPartOf":{"@id":"https:\/\/cabol.eu\/#website"},"primaryImageOfPage":{"@id":"https:\/\/cabol.eu\/de\/produkte\/doppeltwirkende-hydraulikzylinder\/reibungsarme-sc\/#primaryimage"},"datePublished":"2021-12-17T13:49:22+00:00","dateModified":"2025-08-07T13:56:06+00:00","description":"Hydraulik-Servozylinder SC Cabol: extrem geringe Reibung, hohe Bewegungsgleichm\u00e4\u00dfigkeit und hervorragende Steuerbarkeit","breadcrumb":{"@id":"https:\/\/cabol.eu\/de\/produkte\/doppeltwirkende-hydraulikzylinder\/reibungsarme-sc\/#breadcrumb"},"inLanguage":"de-DE","potentialAction":[{"@type":"ReadAction","target":["https:\/\/cabol.eu\/de\/produkte\/doppeltwirkende-hydraulikzylinder\/reibungsarme-sc\/"]}]},{"@type":"BreadcrumbList","@id":"https:\/\/cabol.eu\/de\/produkte\/doppeltwirkende-hydraulikzylinder\/reibungsarme-sc\/#breadcrumb","itemListElement":[{"@type":"ListItem","position":1,"name":"Home","item":"https:\/\/cabol.eu\/de\/"},{"@type":"ListItem","position":2,"name":"Produkte","item":"https:\/\/cabol.eu\/de\/produkte\/"},{"@type":"ListItem","position":3,"name":"Hydraulische Servozylinder","item":"https:\/\/cabol.eu\/de\/produkte\/doppeltwirkende-hydraulikzylinder\/"},{"@type":"ListItem","position":4,"name":"Reibungsarme SC-Servozylinder"}]}]}},"_links":{"self":[{"href":"https:\/\/cabol.eu\/de\/wp-json\/wp\/v2\/pages\/2066"}],"collection":[{"href":"https:\/\/cabol.eu\/de\/wp-json\/wp\/v2\/pages"}],"about":[{"href":"https:\/\/cabol.eu\/de\/wp-json\/wp\/v2\/types\/page"}],"author":[{"embeddable":true,"href":"https:\/\/cabol.eu\/de\/wp-json\/wp\/v2\/users\/1"}],"replies":[{"embeddable":true,"href":"https:\/\/cabol.eu\/de\/wp-json\/wp\/v2\/comments?post=2066"}],"version-history":[{"count":2,"href":"https:\/\/cabol.eu\/de\/wp-json\/wp\/v2\/pages\/2066\/revisions"}],"predecessor-version":[{"id":17123,"href":"https:\/\/cabol.eu\/de\/wp-json\/wp\/v2\/pages\/2066\/revisions\/17123"}],"up":[{"embeddable":true,"href":"https:\/\/cabol.eu\/de\/wp-json\/wp\/v2\/pages\/2006"}],"wp:featuredmedia":[{"embeddable":true,"href":"https:\/\/cabol.eu\/de\/wp-json\/wp\/v2\/media\/1677"}],"wp:attachment":[{"href":"https:\/\/cabol.eu\/de\/wp-json\/wp\/v2\/media?parent=2066"}],"wp:term":[{"taxonomy":"category","embeddable":true,"href":"https:\/\/cabol.eu\/de\/wp-json\/wp\/v2\/categories?post=2066"},{"taxonomy":"post_tag","embeddable":true,"href":"https:\/\/cabol.eu\/de\/wp-json\/wp\/v2\/tags?post=2066"}],"curies":[{"name":"wp","href":"https:\/\/api.w.org\/{rel}","templated":true}]}}