{"id":2068,"date":"2021-12-17T14:50:07","date_gmt":"2021-12-17T13:50:07","guid":{"rendered":"https:\/\/cabol.eu\/produkte\/doppeltwirkende-hydraulikzylinder\/hydrodynamische-schz-servozylinder\/"},"modified":"2025-08-07T16:46:34","modified_gmt":"2025-08-07T14:46:34","slug":"hydrodynamische-schz","status":"publish","type":"page","link":"https:\/\/cabol.eu\/de\/produkte\/doppeltwirkende-hydraulikzylinder\/hydrodynamische-schz\/","title":{"rendered":"Hydrodynamische SCHZ-Servozylinder"},"content":{"rendered":"\n<p>Es handelt sich um Hydraulikzylinder, die mit internen linearen LVDT- oder magnetostriktiven Messwertaufnehmern arbeiten. Sie k\u00f6nnen mit Ventilbl\u00f6cken inklusive Proportionalventilen, Akkumulatoren, Servoventilen, Druckmessumformern und W\u00e4gezellen ausgestattet sein. Im Gegensatz zu SC-Servozylindern verf\u00fcgen sie \u00fcber ein hydrodynamisches Druckminderungssystem an Kolbenstange und Kolben (als Alternative zu Dichtungen).  Dadurch k\u00f6nnen Geschwindigkeiten von bis zu 20 m\/sec und Frequenzen von bis zu 90 Hz erzielt werden. Die Unterst\u00fctzung der Kolbenstange wird durch F\u00fchrungsleisten realisiert<\/p>\n\n\n\n<div class=\"wp-block-buttons\">\n<div class=\"wp-block-button download-pdf\"><a class=\"wp-block-button__link\" target=\"_blank\" rel=\"noreferrer noopener\">Download PDF<\/a><\/div>\n<\/div>\n","protected":false},"excerpt":{"rendered":"<p>Es handelt sich um Hydraulikzylinder, die mit internen linearen LVDT- oder magnetostriktiven Messwertaufnehmern arbeiten. Sie k\u00f6nnen mit Ventilbl\u00f6cken inklusive Proportionalventilen, Akkumulatoren, Servoventilen, Druckmessumformern und W\u00e4gezellen ausgestattet sein. Im Gegensatz zu SC-Servozylindern verf\u00fcgen sie \u00fcber ein hydrodynamisches Druckminderungssystem an Kolbenstange und Kolben (als Alternative zu Dichtungen). Dadurch k\u00f6nnen Geschwindigkeiten von bis zu 20 m\/sec und Frequenzen [&hellip;]<\/p>\n","protected":false},"author":1,"featured_media":1678,"parent":2006,"menu_order":0,"comment_status":"closed","ping_status":"closed","template":"","meta":{"_et_pb_use_builder":"","_et_pb_old_content":"","_et_gb_content_width":""},"categories":[65,59,67],"tags":[],"acf":[],"yoast_head":"<!-- This site is optimized with the Yoast SEO plugin v18.5.1 - https:\/\/yoast.com\/wordpress\/plugins\/seo\/ -->\n<title>Hydrodynamische SCHZ-Servozylinder - Cabol<\/title>\n<meta name=\"description\" content=\"Hydrodynamische Servozylinder SCHZ: hydrodynamisches Design, schnelle Reaktion und optimale Durchflussregelung f\u00fcr komplexe industrielle Anwendungen\" \/>\n<meta name=\"robots\" content=\"index, follow, max-snippet:-1, max-image-preview:large, max-video-preview:-1\" \/>\n<link rel=\"canonical\" href=\"https:\/\/cabol.eu\/de\/produkte\/doppeltwirkende-hydraulikzylinder\/hydrodynamische-schz\/\" \/>\n<meta property=\"og:locale\" content=\"de_DE\" \/>\n<meta property=\"og:type\" content=\"article\" \/>\n<meta property=\"og:title\" content=\"Hydrodynamische SCHZ-Servozylinder - Cabol\" \/>\n<meta property=\"og:description\" content=\"Hydrodynamische Servozylinder SCHZ: hydrodynamisches Design, schnelle Reaktion und optimale Durchflussregelung f\u00fcr komplexe industrielle Anwendungen\" \/>\n<meta property=\"og:url\" content=\"https:\/\/cabol.eu\/de\/produkte\/doppeltwirkende-hydraulikzylinder\/hydrodynamische-schz\/\" \/>\n<meta property=\"og:site_name\" content=\"Cabol\" \/>\n<meta property=\"article:modified_time\" content=\"2025-08-07T14:46:34+00:00\" \/>\n<meta property=\"og:image\" content=\"https:\/\/cabol.eu\/wp-content\/uploads\/2021\/10\/foto-servocilindri-idrodinamici-schz-01.jpg\" \/>\n\t<meta property=\"og:image:width\" content=\"800\" \/>\n\t<meta property=\"og:image:height\" content=\"600\" \/>\n\t<meta property=\"og:image:type\" content=\"image\/jpeg\" \/>\n<meta name=\"twitter:card\" content=\"summary_large_image\" \/>\n<meta name=\"twitter:label1\" content=\"Est. reading time\" \/>\n\t<meta name=\"twitter:data1\" content=\"1 minute\" \/>\n<script type=\"application\/ld+json\" class=\"yoast-schema-graph\">{\"@context\":\"https:\/\/schema.org\",\"@graph\":[{\"@type\":\"Organization\",\"@id\":\"https:\/\/cabol.eu\/#organization\",\"name\":\"Cabol\",\"url\":\"https:\/\/cabol.eu\/\",\"sameAs\":[\"https:\/\/www.instagram.com\/cabolfluidengineering?igsh=MTVjYXUyb2ttcXg3bw==&amp;utm_source=qr\",\"https:\/\/www.linkedin.com\/company\/cabol-fluid-engineering\/?viewAsMember=true\",\"https:\/\/www.youtube.com\/@cabolfluidengineering9499\"],\"logo\":{\"@type\":\"ImageObject\",\"@id\":\"https:\/\/cabol.eu\/#logo\",\"inLanguage\":\"de-DE\",\"url\":\"https:\/\/cabol.eu\/cabol2021\/wp-content\/uploads\/2021\/03\/logo-cabol.png\",\"contentUrl\":\"https:\/\/cabol.eu\/cabol2021\/wp-content\/uploads\/2021\/03\/logo-cabol.png\",\"width\":800,\"height\":280,\"caption\":\"Cabol\"},\"image\":{\"@id\":\"https:\/\/cabol.eu\/#logo\"}},{\"@type\":\"WebSite\",\"@id\":\"https:\/\/cabol.eu\/#website\",\"url\":\"https:\/\/cabol.eu\/\",\"name\":\"Cabol\",\"description\":\"Fluid Engineering\",\"publisher\":{\"@id\":\"https:\/\/cabol.eu\/#organization\"},\"potentialAction\":[{\"@type\":\"SearchAction\",\"target\":{\"@type\":\"EntryPoint\",\"urlTemplate\":\"https:\/\/cabol.eu\/?s={search_term_string}\"},\"query-input\":\"required name=search_term_string\"}],\"inLanguage\":\"de-DE\"},{\"@type\":\"ImageObject\",\"@id\":\"https:\/\/cabol.eu\/de\/produkte\/doppeltwirkende-hydraulikzylinder\/hydrodynamische-schz\/#primaryimage\",\"inLanguage\":\"de-DE\",\"url\":\"https:\/\/cabol.eu\/wp-content\/uploads\/2021\/10\/foto-servocilindri-idrodinamici-schz-01.jpg\",\"contentUrl\":\"https:\/\/cabol.eu\/wp-content\/uploads\/2021\/10\/foto-servocilindri-idrodinamici-schz-01.jpg\",\"width\":800,\"height\":600,\"caption\":\"Servocilindri idrodinamici SCHZ\"},{\"@type\":\"WebPage\",\"@id\":\"https:\/\/cabol.eu\/de\/produkte\/doppeltwirkende-hydraulikzylinder\/hydrodynamische-schz\/#webpage\",\"url\":\"https:\/\/cabol.eu\/de\/produkte\/doppeltwirkende-hydraulikzylinder\/hydrodynamische-schz\/\",\"name\":\"Hydrodynamische SCHZ-Servozylinder - Cabol\",\"isPartOf\":{\"@id\":\"https:\/\/cabol.eu\/#website\"},\"primaryImageOfPage\":{\"@id\":\"https:\/\/cabol.eu\/de\/produkte\/doppeltwirkende-hydraulikzylinder\/hydrodynamische-schz\/#primaryimage\"},\"datePublished\":\"2021-12-17T13:50:07+00:00\",\"dateModified\":\"2025-08-07T14:46:34+00:00\",\"description\":\"Hydrodynamische Servozylinder SCHZ: hydrodynamisches Design, schnelle Reaktion und optimale Durchflussregelung f\u00fcr komplexe industrielle Anwendungen\",\"breadcrumb\":{\"@id\":\"https:\/\/cabol.eu\/de\/produkte\/doppeltwirkende-hydraulikzylinder\/hydrodynamische-schz\/#breadcrumb\"},\"inLanguage\":\"de-DE\",\"potentialAction\":[{\"@type\":\"ReadAction\",\"target\":[\"https:\/\/cabol.eu\/de\/produkte\/doppeltwirkende-hydraulikzylinder\/hydrodynamische-schz\/\"]}]},{\"@type\":\"BreadcrumbList\",\"@id\":\"https:\/\/cabol.eu\/de\/produkte\/doppeltwirkende-hydraulikzylinder\/hydrodynamische-schz\/#breadcrumb\",\"itemListElement\":[{\"@type\":\"ListItem\",\"position\":1,\"name\":\"Home\",\"item\":\"https:\/\/cabol.eu\/de\/\"},{\"@type\":\"ListItem\",\"position\":2,\"name\":\"Produkte\",\"item\":\"https:\/\/cabol.eu\/de\/produkte\/\"},{\"@type\":\"ListItem\",\"position\":3,\"name\":\"Hydraulische Servozylinder\",\"item\":\"https:\/\/cabol.eu\/de\/produkte\/doppeltwirkende-hydraulikzylinder\/\"},{\"@type\":\"ListItem\",\"position\":4,\"name\":\"Hydrodynamische SCHZ-Servozylinder\"}]}]}<\/script>\n<!-- \/ Yoast SEO plugin. -->","yoast_head_json":{"title":"Hydrodynamische SCHZ-Servozylinder - Cabol","description":"Hydrodynamische Servozylinder SCHZ: hydrodynamisches Design, schnelle Reaktion und optimale Durchflussregelung f\u00fcr komplexe industrielle Anwendungen","robots":{"index":"index","follow":"follow","max-snippet":"max-snippet:-1","max-image-preview":"max-image-preview:large","max-video-preview":"max-video-preview:-1"},"canonical":"https:\/\/cabol.eu\/de\/produkte\/doppeltwirkende-hydraulikzylinder\/hydrodynamische-schz\/","og_locale":"de_DE","og_type":"article","og_title":"Hydrodynamische SCHZ-Servozylinder - Cabol","og_description":"Hydrodynamische Servozylinder SCHZ: hydrodynamisches Design, schnelle Reaktion und optimale Durchflussregelung f\u00fcr komplexe industrielle Anwendungen","og_url":"https:\/\/cabol.eu\/de\/produkte\/doppeltwirkende-hydraulikzylinder\/hydrodynamische-schz\/","og_site_name":"Cabol","article_modified_time":"2025-08-07T14:46:34+00:00","og_image":[{"width":800,"height":600,"url":"https:\/\/cabol.eu\/wp-content\/uploads\/2021\/10\/foto-servocilindri-idrodinamici-schz-01.jpg","type":"image\/jpeg"}],"twitter_card":"summary_large_image","twitter_misc":{"Est. reading time":"1 minute"},"schema":{"@context":"https:\/\/schema.org","@graph":[{"@type":"Organization","@id":"https:\/\/cabol.eu\/#organization","name":"Cabol","url":"https:\/\/cabol.eu\/","sameAs":["https:\/\/www.instagram.com\/cabolfluidengineering?igsh=MTVjYXUyb2ttcXg3bw==&amp;utm_source=qr","https:\/\/www.linkedin.com\/company\/cabol-fluid-engineering\/?viewAsMember=true","https:\/\/www.youtube.com\/@cabolfluidengineering9499"],"logo":{"@type":"ImageObject","@id":"https:\/\/cabol.eu\/#logo","inLanguage":"de-DE","url":"https:\/\/cabol.eu\/cabol2021\/wp-content\/uploads\/2021\/03\/logo-cabol.png","contentUrl":"https:\/\/cabol.eu\/cabol2021\/wp-content\/uploads\/2021\/03\/logo-cabol.png","width":800,"height":280,"caption":"Cabol"},"image":{"@id":"https:\/\/cabol.eu\/#logo"}},{"@type":"WebSite","@id":"https:\/\/cabol.eu\/#website","url":"https:\/\/cabol.eu\/","name":"Cabol","description":"Fluid Engineering","publisher":{"@id":"https:\/\/cabol.eu\/#organization"},"potentialAction":[{"@type":"SearchAction","target":{"@type":"EntryPoint","urlTemplate":"https:\/\/cabol.eu\/?s={search_term_string}"},"query-input":"required name=search_term_string"}],"inLanguage":"de-DE"},{"@type":"ImageObject","@id":"https:\/\/cabol.eu\/de\/produkte\/doppeltwirkende-hydraulikzylinder\/hydrodynamische-schz\/#primaryimage","inLanguage":"de-DE","url":"https:\/\/cabol.eu\/wp-content\/uploads\/2021\/10\/foto-servocilindri-idrodinamici-schz-01.jpg","contentUrl":"https:\/\/cabol.eu\/wp-content\/uploads\/2021\/10\/foto-servocilindri-idrodinamici-schz-01.jpg","width":800,"height":600,"caption":"Servocilindri idrodinamici SCHZ"},{"@type":"WebPage","@id":"https:\/\/cabol.eu\/de\/produkte\/doppeltwirkende-hydraulikzylinder\/hydrodynamische-schz\/#webpage","url":"https:\/\/cabol.eu\/de\/produkte\/doppeltwirkende-hydraulikzylinder\/hydrodynamische-schz\/","name":"Hydrodynamische SCHZ-Servozylinder - Cabol","isPartOf":{"@id":"https:\/\/cabol.eu\/#website"},"primaryImageOfPage":{"@id":"https:\/\/cabol.eu\/de\/produkte\/doppeltwirkende-hydraulikzylinder\/hydrodynamische-schz\/#primaryimage"},"datePublished":"2021-12-17T13:50:07+00:00","dateModified":"2025-08-07T14:46:34+00:00","description":"Hydrodynamische Servozylinder SCHZ: hydrodynamisches Design, schnelle Reaktion und optimale Durchflussregelung f\u00fcr komplexe industrielle Anwendungen","breadcrumb":{"@id":"https:\/\/cabol.eu\/de\/produkte\/doppeltwirkende-hydraulikzylinder\/hydrodynamische-schz\/#breadcrumb"},"inLanguage":"de-DE","potentialAction":[{"@type":"ReadAction","target":["https:\/\/cabol.eu\/de\/produkte\/doppeltwirkende-hydraulikzylinder\/hydrodynamische-schz\/"]}]},{"@type":"BreadcrumbList","@id":"https:\/\/cabol.eu\/de\/produkte\/doppeltwirkende-hydraulikzylinder\/hydrodynamische-schz\/#breadcrumb","itemListElement":[{"@type":"ListItem","position":1,"name":"Home","item":"https:\/\/cabol.eu\/de\/"},{"@type":"ListItem","position":2,"name":"Produkte","item":"https:\/\/cabol.eu\/de\/produkte\/"},{"@type":"ListItem","position":3,"name":"Hydraulische Servozylinder","item":"https:\/\/cabol.eu\/de\/produkte\/doppeltwirkende-hydraulikzylinder\/"},{"@type":"ListItem","position":4,"name":"Hydrodynamische SCHZ-Servozylinder"}]}]}},"_links":{"self":[{"href":"https:\/\/cabol.eu\/de\/wp-json\/wp\/v2\/pages\/2068"}],"collection":[{"href":"https:\/\/cabol.eu\/de\/wp-json\/wp\/v2\/pages"}],"about":[{"href":"https:\/\/cabol.eu\/de\/wp-json\/wp\/v2\/types\/page"}],"author":[{"embeddable":true,"href":"https:\/\/cabol.eu\/de\/wp-json\/wp\/v2\/users\/1"}],"replies":[{"embeddable":true,"href":"https:\/\/cabol.eu\/de\/wp-json\/wp\/v2\/comments?post=2068"}],"version-history":[{"count":2,"href":"https:\/\/cabol.eu\/de\/wp-json\/wp\/v2\/pages\/2068\/revisions"}],"predecessor-version":[{"id":17154,"href":"https:\/\/cabol.eu\/de\/wp-json\/wp\/v2\/pages\/2068\/revisions\/17154"}],"up":[{"embeddable":true,"href":"https:\/\/cabol.eu\/de\/wp-json\/wp\/v2\/pages\/2006"}],"wp:featuredmedia":[{"embeddable":true,"href":"https:\/\/cabol.eu\/de\/wp-json\/wp\/v2\/media\/1678"}],"wp:attachment":[{"href":"https:\/\/cabol.eu\/de\/wp-json\/wp\/v2\/media?parent=2068"}],"wp:term":[{"taxonomy":"category","embeddable":true,"href":"https:\/\/cabol.eu\/de\/wp-json\/wp\/v2\/categories?post=2068"},{"taxonomy":"post_tag","embeddable":true,"href":"https:\/\/cabol.eu\/de\/wp-json\/wp\/v2\/tags?post=2068"}],"curies":[{"name":"wp","href":"https:\/\/api.w.org\/{rel}","templated":true}]}}