{"id":2076,"date":"2021-12-17T14:58:00","date_gmt":"2021-12-17T13:58:00","guid":{"rendered":"https:\/\/cabol.eu\/produkte\/doppeltwirkende-hydraulikzylinder-aus-edelstahl\/elektrohydraulische-zylinder-mit-grenztastern\/"},"modified":"2025-08-07T15:08:07","modified_gmt":"2025-08-07T13:08:07","slug":"mit-grenztastern","status":"publish","type":"page","link":"https:\/\/cabol.eu\/de\/produkte\/elektrohydraulische-zylinder\/mit-grenztastern\/","title":{"rendered":"Elektrohydraulische Zylinder mit Grenztastern"},"content":{"rendered":"\n<p>Es handelt sich um Hydraulikzylinder, die von einem am Zylinder integrierten elektrohydraulischen Aggregat angetrieben werden. Diese L\u00f6sung beinhaltet die Eliminierung der Rohre und Anschlussst\u00fccke, die normalerweise zwischen der Antriebseinheit und dem Hydraulikzylinder vorhanden sind, mit den relativen potenziellen Fl\u00fcssigkeitsverlusten. Der Zylinder verh\u00e4lt sich wie eine normale elektrische Linearachse und vereint die Vorteile der enormen Schubkraft der Hydraulikzylinder. Die g\u00fcnstigeren Basisversionen enthalten einen Drehstrommotor 380\/50\/60 Hz, der entweder direkt oder \u00fcber einen Umrichter (mit Drehrichtungsumkehr zum Einfahren des Zylinders und zur Bereitstellung der Verz\u00f6gerungsrampe) angesteuert werden kann. Diese Zylinder sind mit Endlagensensoren (entlang des Hubs am Au\u00dfenk\u00f6rper einstellbar) ausgestattet, die es erm\u00f6glichen, die Ankunft der Stange in Position zu signalisieren, indem sie die Verlangsamung aktivieren.\r\nDiese elektrohydraulischen Zylinder sind Teil des Sortiments <strong> <a href=\"https:\/\/evoc3.it\/\">Evo-C3<\/a><\/strong>. <\/p>\n\n\n\n<div class=\"wp-block-buttons\">\n<div class=\"wp-block-button download-pdf\"><a class=\"wp-block-button__link\" target=\"_blank\" rel=\"noreferrer noopener\">Download PDF<\/a><\/div>\n<\/div>\n","protected":false},"excerpt":{"rendered":"<p>Es handelt sich um Hydraulikzylinder, die von einem am Zylinder integrierten elektrohydraulischen Aggregat angetrieben werden. Diese L\u00f6sung beinhaltet die Eliminierung der Rohre und Anschlussst\u00fccke, die normalerweise zwischen der Antriebseinheit und dem Hydraulikzylinder vorhanden sind, mit den relativen potenziellen Fl\u00fcssigkeitsverlusten. Der Zylinder verh\u00e4lt sich wie eine normale elektrische Linearachse und vereint die Vorteile der enormen Schubkraft [&hellip;]<\/p>\n","protected":false},"author":1,"featured_media":1909,"parent":2008,"menu_order":0,"comment_status":"closed","ping_status":"closed","template":"","meta":{"_et_pb_use_builder":"","_et_pb_old_content":"","_et_gb_content_width":""},"categories":[61,62,66,60,64,67],"tags":[],"acf":[],"yoast_head":"<!-- This site is optimized with the Yoast SEO plugin v18.5.1 - https:\/\/yoast.com\/wordpress\/plugins\/seo\/ -->\n<title>Elektrohydraulische Zylinder mit Grenztastern - Cabol<\/title>\n<meta name=\"description\" content=\"Elektrohydraulische Zylinder der Evo-C3-Reihe mit Endlagensensoren, betrieben durch ein im Zylinder integriertes elektrohydraulisches Aggregat\" \/>\n<meta name=\"robots\" content=\"index, follow, max-snippet:-1, max-image-preview:large, max-video-preview:-1\" \/>\n<link rel=\"canonical\" href=\"https:\/\/cabol.eu\/de\/produkte\/elektrohydraulische-zylinder\/mit-grenztastern\/\" \/>\n<meta property=\"og:locale\" content=\"de_DE\" \/>\n<meta property=\"og:type\" content=\"article\" \/>\n<meta property=\"og:title\" content=\"Elektrohydraulische Zylinder mit Grenztastern - Cabol\" \/>\n<meta property=\"og:description\" content=\"Elektrohydraulische Zylinder der Evo-C3-Reihe mit Endlagensensoren, betrieben durch ein im Zylinder integriertes elektrohydraulisches Aggregat\" \/>\n<meta property=\"og:url\" content=\"https:\/\/cabol.eu\/de\/produkte\/elektrohydraulische-zylinder\/mit-grenztastern\/\" \/>\n<meta property=\"og:site_name\" content=\"Cabol\" \/>\n<meta property=\"article:modified_time\" content=\"2025-08-07T13:08:07+00:00\" \/>\n<meta property=\"og:image\" content=\"https:\/\/cabol.eu\/wp-content\/uploads\/2021\/12\/foto-cilindri-elettroidraulici-03.jpg\" \/>\n\t<meta property=\"og:image:width\" content=\"800\" \/>\n\t<meta property=\"og:image:height\" content=\"600\" \/>\n\t<meta property=\"og:image:type\" content=\"image\/jpeg\" \/>\n<meta name=\"twitter:card\" content=\"summary_large_image\" \/>\n<meta name=\"twitter:label1\" content=\"Est. reading time\" \/>\n\t<meta name=\"twitter:data1\" content=\"1 minute\" \/>\n<script type=\"application\/ld+json\" class=\"yoast-schema-graph\">{\"@context\":\"https:\/\/schema.org\",\"@graph\":[{\"@type\":\"Organization\",\"@id\":\"https:\/\/cabol.eu\/#organization\",\"name\":\"Cabol\",\"url\":\"https:\/\/cabol.eu\/\",\"sameAs\":[\"https:\/\/www.instagram.com\/cabolfluidengineering?igsh=MTVjYXUyb2ttcXg3bw==&amp;utm_source=qr\",\"https:\/\/www.linkedin.com\/company\/cabol-fluid-engineering\/?viewAsMember=true\",\"https:\/\/www.youtube.com\/@cabolfluidengineering9499\"],\"logo\":{\"@type\":\"ImageObject\",\"@id\":\"https:\/\/cabol.eu\/#logo\",\"inLanguage\":\"de-DE\",\"url\":\"https:\/\/cabol.eu\/cabol2021\/wp-content\/uploads\/2021\/03\/logo-cabol.png\",\"contentUrl\":\"https:\/\/cabol.eu\/cabol2021\/wp-content\/uploads\/2021\/03\/logo-cabol.png\",\"width\":800,\"height\":280,\"caption\":\"Cabol\"},\"image\":{\"@id\":\"https:\/\/cabol.eu\/#logo\"}},{\"@type\":\"WebSite\",\"@id\":\"https:\/\/cabol.eu\/#website\",\"url\":\"https:\/\/cabol.eu\/\",\"name\":\"Cabol\",\"description\":\"Fluid Engineering\",\"publisher\":{\"@id\":\"https:\/\/cabol.eu\/#organization\"},\"potentialAction\":[{\"@type\":\"SearchAction\",\"target\":{\"@type\":\"EntryPoint\",\"urlTemplate\":\"https:\/\/cabol.eu\/?s={search_term_string}\"},\"query-input\":\"required name=search_term_string\"}],\"inLanguage\":\"de-DE\"},{\"@type\":\"ImageObject\",\"@id\":\"https:\/\/cabol.eu\/de\/produkte\/elektrohydraulische-zylinder\/mit-grenztastern\/#primaryimage\",\"inLanguage\":\"de-DE\",\"url\":\"https:\/\/cabol.eu\/wp-content\/uploads\/2021\/12\/foto-cilindri-elettroidraulici-03.jpg\",\"contentUrl\":\"https:\/\/cabol.eu\/wp-content\/uploads\/2021\/12\/foto-cilindri-elettroidraulici-03.jpg\",\"width\":800,\"height\":600,\"caption\":\"Cilindri elettroidraulici con sensori di fine corsa\"},{\"@type\":\"WebPage\",\"@id\":\"https:\/\/cabol.eu\/de\/produkte\/elektrohydraulische-zylinder\/mit-grenztastern\/#webpage\",\"url\":\"https:\/\/cabol.eu\/de\/produkte\/elektrohydraulische-zylinder\/mit-grenztastern\/\",\"name\":\"Elektrohydraulische Zylinder mit Grenztastern - Cabol\",\"isPartOf\":{\"@id\":\"https:\/\/cabol.eu\/#website\"},\"primaryImageOfPage\":{\"@id\":\"https:\/\/cabol.eu\/de\/produkte\/elektrohydraulische-zylinder\/mit-grenztastern\/#primaryimage\"},\"datePublished\":\"2021-12-17T13:58:00+00:00\",\"dateModified\":\"2025-08-07T13:08:07+00:00\",\"description\":\"Elektrohydraulische Zylinder der Evo-C3-Reihe mit Endlagensensoren, betrieben durch ein im Zylinder integriertes elektrohydraulisches Aggregat\",\"breadcrumb\":{\"@id\":\"https:\/\/cabol.eu\/de\/produkte\/elektrohydraulische-zylinder\/mit-grenztastern\/#breadcrumb\"},\"inLanguage\":\"de-DE\",\"potentialAction\":[{\"@type\":\"ReadAction\",\"target\":[\"https:\/\/cabol.eu\/de\/produkte\/elektrohydraulische-zylinder\/mit-grenztastern\/\"]}]},{\"@type\":\"BreadcrumbList\",\"@id\":\"https:\/\/cabol.eu\/de\/produkte\/elektrohydraulische-zylinder\/mit-grenztastern\/#breadcrumb\",\"itemListElement\":[{\"@type\":\"ListItem\",\"position\":1,\"name\":\"Home\",\"item\":\"https:\/\/cabol.eu\/de\/\"},{\"@type\":\"ListItem\",\"position\":2,\"name\":\"Produkte\",\"item\":\"https:\/\/cabol.eu\/de\/produkte\/\"},{\"@type\":\"ListItem\",\"position\":3,\"name\":\"Elektrohydraulische Zylinder\",\"item\":\"https:\/\/cabol.eu\/de\/produkte\/elektrohydraulische-zylinder\/\"},{\"@type\":\"ListItem\",\"position\":4,\"name\":\"Elektrohydraulische Zylinder mit Grenztastern\"}]}]}<\/script>\n<!-- \/ Yoast SEO plugin. -->","yoast_head_json":{"title":"Elektrohydraulische Zylinder mit Grenztastern - Cabol","description":"Elektrohydraulische Zylinder der Evo-C3-Reihe mit Endlagensensoren, betrieben durch ein im Zylinder integriertes elektrohydraulisches Aggregat","robots":{"index":"index","follow":"follow","max-snippet":"max-snippet:-1","max-image-preview":"max-image-preview:large","max-video-preview":"max-video-preview:-1"},"canonical":"https:\/\/cabol.eu\/de\/produkte\/elektrohydraulische-zylinder\/mit-grenztastern\/","og_locale":"de_DE","og_type":"article","og_title":"Elektrohydraulische Zylinder mit Grenztastern - Cabol","og_description":"Elektrohydraulische Zylinder der Evo-C3-Reihe mit Endlagensensoren, betrieben durch ein im Zylinder integriertes elektrohydraulisches Aggregat","og_url":"https:\/\/cabol.eu\/de\/produkte\/elektrohydraulische-zylinder\/mit-grenztastern\/","og_site_name":"Cabol","article_modified_time":"2025-08-07T13:08:07+00:00","og_image":[{"width":800,"height":600,"url":"https:\/\/cabol.eu\/wp-content\/uploads\/2021\/12\/foto-cilindri-elettroidraulici-03.jpg","type":"image\/jpeg"}],"twitter_card":"summary_large_image","twitter_misc":{"Est. reading time":"1 minute"},"schema":{"@context":"https:\/\/schema.org","@graph":[{"@type":"Organization","@id":"https:\/\/cabol.eu\/#organization","name":"Cabol","url":"https:\/\/cabol.eu\/","sameAs":["https:\/\/www.instagram.com\/cabolfluidengineering?igsh=MTVjYXUyb2ttcXg3bw==&amp;utm_source=qr","https:\/\/www.linkedin.com\/company\/cabol-fluid-engineering\/?viewAsMember=true","https:\/\/www.youtube.com\/@cabolfluidengineering9499"],"logo":{"@type":"ImageObject","@id":"https:\/\/cabol.eu\/#logo","inLanguage":"de-DE","url":"https:\/\/cabol.eu\/cabol2021\/wp-content\/uploads\/2021\/03\/logo-cabol.png","contentUrl":"https:\/\/cabol.eu\/cabol2021\/wp-content\/uploads\/2021\/03\/logo-cabol.png","width":800,"height":280,"caption":"Cabol"},"image":{"@id":"https:\/\/cabol.eu\/#logo"}},{"@type":"WebSite","@id":"https:\/\/cabol.eu\/#website","url":"https:\/\/cabol.eu\/","name":"Cabol","description":"Fluid Engineering","publisher":{"@id":"https:\/\/cabol.eu\/#organization"},"potentialAction":[{"@type":"SearchAction","target":{"@type":"EntryPoint","urlTemplate":"https:\/\/cabol.eu\/?s={search_term_string}"},"query-input":"required name=search_term_string"}],"inLanguage":"de-DE"},{"@type":"ImageObject","@id":"https:\/\/cabol.eu\/de\/produkte\/elektrohydraulische-zylinder\/mit-grenztastern\/#primaryimage","inLanguage":"de-DE","url":"https:\/\/cabol.eu\/wp-content\/uploads\/2021\/12\/foto-cilindri-elettroidraulici-03.jpg","contentUrl":"https:\/\/cabol.eu\/wp-content\/uploads\/2021\/12\/foto-cilindri-elettroidraulici-03.jpg","width":800,"height":600,"caption":"Cilindri elettroidraulici con sensori di fine corsa"},{"@type":"WebPage","@id":"https:\/\/cabol.eu\/de\/produkte\/elektrohydraulische-zylinder\/mit-grenztastern\/#webpage","url":"https:\/\/cabol.eu\/de\/produkte\/elektrohydraulische-zylinder\/mit-grenztastern\/","name":"Elektrohydraulische Zylinder mit Grenztastern - Cabol","isPartOf":{"@id":"https:\/\/cabol.eu\/#website"},"primaryImageOfPage":{"@id":"https:\/\/cabol.eu\/de\/produkte\/elektrohydraulische-zylinder\/mit-grenztastern\/#primaryimage"},"datePublished":"2021-12-17T13:58:00+00:00","dateModified":"2025-08-07T13:08:07+00:00","description":"Elektrohydraulische Zylinder der Evo-C3-Reihe mit Endlagensensoren, betrieben durch ein im Zylinder integriertes elektrohydraulisches Aggregat","breadcrumb":{"@id":"https:\/\/cabol.eu\/de\/produkte\/elektrohydraulische-zylinder\/mit-grenztastern\/#breadcrumb"},"inLanguage":"de-DE","potentialAction":[{"@type":"ReadAction","target":["https:\/\/cabol.eu\/de\/produkte\/elektrohydraulische-zylinder\/mit-grenztastern\/"]}]},{"@type":"BreadcrumbList","@id":"https:\/\/cabol.eu\/de\/produkte\/elektrohydraulische-zylinder\/mit-grenztastern\/#breadcrumb","itemListElement":[{"@type":"ListItem","position":1,"name":"Home","item":"https:\/\/cabol.eu\/de\/"},{"@type":"ListItem","position":2,"name":"Produkte","item":"https:\/\/cabol.eu\/de\/produkte\/"},{"@type":"ListItem","position":3,"name":"Elektrohydraulische Zylinder","item":"https:\/\/cabol.eu\/de\/produkte\/elektrohydraulische-zylinder\/"},{"@type":"ListItem","position":4,"name":"Elektrohydraulische Zylinder mit Grenztastern"}]}]}},"_links":{"self":[{"href":"https:\/\/cabol.eu\/de\/wp-json\/wp\/v2\/pages\/2076"}],"collection":[{"href":"https:\/\/cabol.eu\/de\/wp-json\/wp\/v2\/pages"}],"about":[{"href":"https:\/\/cabol.eu\/de\/wp-json\/wp\/v2\/types\/page"}],"author":[{"embeddable":true,"href":"https:\/\/cabol.eu\/de\/wp-json\/wp\/v2\/users\/1"}],"replies":[{"embeddable":true,"href":"https:\/\/cabol.eu\/de\/wp-json\/wp\/v2\/comments?post=2076"}],"version-history":[{"count":3,"href":"https:\/\/cabol.eu\/de\/wp-json\/wp\/v2\/pages\/2076\/revisions"}],"predecessor-version":[{"id":17102,"href":"https:\/\/cabol.eu\/de\/wp-json\/wp\/v2\/pages\/2076\/revisions\/17102"}],"up":[{"embeddable":true,"href":"https:\/\/cabol.eu\/de\/wp-json\/wp\/v2\/pages\/2008"}],"wp:featuredmedia":[{"embeddable":true,"href":"https:\/\/cabol.eu\/de\/wp-json\/wp\/v2\/media\/1909"}],"wp:attachment":[{"href":"https:\/\/cabol.eu\/de\/wp-json\/wp\/v2\/media?parent=2076"}],"wp:term":[{"taxonomy":"category","embeddable":true,"href":"https:\/\/cabol.eu\/de\/wp-json\/wp\/v2\/categories?post=2076"},{"taxonomy":"post_tag","embeddable":true,"href":"https:\/\/cabol.eu\/de\/wp-json\/wp\/v2\/tags?post=2076"}],"curies":[{"name":"wp","href":"https:\/\/api.w.org\/{rel}","templated":true}]}}