{"id":2080,"date":"2021-12-17T14:59:46","date_gmt":"2021-12-17T13:59:46","guid":{"rendered":"https:\/\/cabol.eu\/produkte\/doppeltwirkende-hydraulikzylinder-aus-edelstahl\/elektrohydraulische-zylinder-mit-position-aufnehmer-und-steuerungselektronik-im-integrierten-geschlossenen-kreislauf\/"},"modified":"2025-08-07T15:13:04","modified_gmt":"2025-08-07T13:13:04","slug":"mit-position-aufnehmer-und-steuerungselektronik-im-integrierten-geschlossenen-kreislauf","status":"publish","type":"page","link":"https:\/\/cabol.eu\/de\/produkte\/elektrohydraulische-zylinder\/mit-position-aufnehmer-und-steuerungselektronik-im-integrierten-geschlossenen-kreislauf\/","title":{"rendered":"Elektrohydraulische Zylinder mit Position-Aufnehmer und Steuerungselektronik im integrierten geschlossenen Kreislauf"},"content":{"rendered":"\n<p>Es handelt sich um Hydraulikzylinder, die durch ein in den Zylinder integriertes elektrohydraulisches Aggregat betrieben werden. Bei dieser L\u00f6sung entfallen jegliche Rohrleitungen und Verbindungen zwischen dem Aggregat und dem Hydraulikzylinder, und somit auch der damit verbundene m\u00f6gliche Fl\u00fcssigkeitsverlust. Der Zylinder verh\u00e4lt sich wie eine normale elektrische Linearachse und kombiniert die Vorteile der enormen Schubkraft der Hydraulikzylinder mit der Vielseitigkeit und Kompaktheit von Elektrozylindern. Die wirtschaftlichsten Basisversionen haben einen 380\/50\/60-Hz-Drehstrommotor, der entweder direkt oder mit einem Wechselrichter gesteuert werden kann (mit Umkehrung der Drehrichtung zum Ein- oder Ausfahren des Zylinders \u00fcber eine Verz\u00f6gerungsrampe). Diese Version beinhaltet den Einbau eines internen linearen Positionssensors (analog 4-20 ma oder digitaler CANBUS), um die derzeitige Position der Kolbenstange ablesen zu k\u00f6nnen. Die Zylinder k\u00f6nnen auch mit b\u00fcrstenlosen Motoren und entsprechenden PROFINET-, PROFIBUS-, ETHERCAT-, ETHERNET IP-Antrieben ausgestattet werden. Die Positions- und Geschwindigkeitskontrolle wird \u00fcber eine Achsen-Karte vorgenommen, die \u00fcber ein externes analoges 4-20 ma-Sollwertsignal oder CAN BUS an den Zylinder direkt integriert wird. Diese elektrohydraulischen Zylinder sind Teil der <strong> <a href=\"https:\/\/evoc3.it\/\">Evo-C3<\/a><\/strong> Series<\/p>\n\n\n\n<div class=\"wp-block-buttons\">\n<div class=\"wp-block-button download-pdf\"><a class=\"wp-block-button__link\" target=\"_blank\" rel=\"noreferrer noopener\">Download PDF<\/a><\/div>\n<\/div>\n","protected":false},"excerpt":{"rendered":"<p>Es handelt sich um Hydraulikzylinder, die durch ein in den Zylinder integriertes elektrohydraulisches Aggregat betrieben werden. Bei dieser L\u00f6sung entfallen jegliche Rohrleitungen und Verbindungen zwischen dem Aggregat und dem Hydraulikzylinder, und somit auch der damit verbundene m\u00f6gliche Fl\u00fcssigkeitsverlust. Der Zylinder verh\u00e4lt sich wie eine normale elektrische Linearachse und kombiniert die Vorteile der enormen Schubkraft der [&hellip;]<\/p>\n","protected":false},"author":1,"featured_media":1912,"parent":2008,"menu_order":0,"comment_status":"closed","ping_status":"closed","template":"","meta":{"_et_pb_use_builder":"","_et_pb_old_content":"","_et_gb_content_width":""},"categories":[61,62,66,60,64,67],"tags":[],"acf":[],"yoast_head":"<!-- This site is optimized with the Yoast SEO plugin v18.5.1 - https:\/\/yoast.com\/wordpress\/plugins\/seo\/ -->\n<title>Elektrohydraulische Zylinder mit integrierter Steuerung - Cabol<\/title>\n<meta name=\"description\" content=\"Elektrohydraulische Zylinder mit Wandler und integrierter elektronischer Regelung: Teil der Evo-C3-Reihe von Cabol\" \/>\n<meta name=\"robots\" content=\"index, follow, max-snippet:-1, max-image-preview:large, max-video-preview:-1\" \/>\n<link rel=\"canonical\" href=\"https:\/\/cabol.eu\/de\/produkte\/elektrohydraulische-zylinder\/mit-position-aufnehmer-und-steuerungselektronik-im-integrierten-geschlossenen-kreislauf\/\" \/>\n<meta property=\"og:locale\" content=\"de_DE\" \/>\n<meta property=\"og:type\" content=\"article\" \/>\n<meta property=\"og:title\" content=\"Elektrohydraulische Zylinder mit integrierter Steuerung - Cabol\" \/>\n<meta property=\"og:description\" content=\"Elektrohydraulische Zylinder mit Wandler und integrierter elektronischer Regelung: Teil der Evo-C3-Reihe von Cabol\" \/>\n<meta property=\"og:url\" content=\"https:\/\/cabol.eu\/de\/produkte\/elektrohydraulische-zylinder\/mit-position-aufnehmer-und-steuerungselektronik-im-integrierten-geschlossenen-kreislauf\/\" \/>\n<meta property=\"og:site_name\" content=\"Cabol\" \/>\n<meta property=\"article:modified_time\" content=\"2025-08-07T13:13:04+00:00\" \/>\n<meta property=\"og:image\" content=\"https:\/\/cabol.eu\/wp-content\/uploads\/2021\/12\/foto-cilindri-elettroidraulici-04.jpg\" \/>\n\t<meta property=\"og:image:width\" content=\"800\" \/>\n\t<meta property=\"og:image:height\" content=\"600\" \/>\n\t<meta property=\"og:image:type\" content=\"image\/jpeg\" \/>\n<meta name=\"twitter:card\" content=\"summary_large_image\" \/>\n<meta name=\"twitter:label1\" content=\"Est. reading time\" \/>\n\t<meta name=\"twitter:data1\" content=\"1 minute\" \/>\n<script type=\"application\/ld+json\" class=\"yoast-schema-graph\">{\"@context\":\"https:\/\/schema.org\",\"@graph\":[{\"@type\":\"Organization\",\"@id\":\"https:\/\/cabol.eu\/#organization\",\"name\":\"Cabol\",\"url\":\"https:\/\/cabol.eu\/\",\"sameAs\":[\"https:\/\/www.instagram.com\/cabolfluidengineering?igsh=MTVjYXUyb2ttcXg3bw==&amp;utm_source=qr\",\"https:\/\/www.linkedin.com\/company\/cabol-fluid-engineering\/?viewAsMember=true\",\"https:\/\/www.youtube.com\/@cabolfluidengineering9499\"],\"logo\":{\"@type\":\"ImageObject\",\"@id\":\"https:\/\/cabol.eu\/#logo\",\"inLanguage\":\"de-DE\",\"url\":\"https:\/\/cabol.eu\/cabol2021\/wp-content\/uploads\/2021\/03\/logo-cabol.png\",\"contentUrl\":\"https:\/\/cabol.eu\/cabol2021\/wp-content\/uploads\/2021\/03\/logo-cabol.png\",\"width\":800,\"height\":280,\"caption\":\"Cabol\"},\"image\":{\"@id\":\"https:\/\/cabol.eu\/#logo\"}},{\"@type\":\"WebSite\",\"@id\":\"https:\/\/cabol.eu\/#website\",\"url\":\"https:\/\/cabol.eu\/\",\"name\":\"Cabol\",\"description\":\"Fluid Engineering\",\"publisher\":{\"@id\":\"https:\/\/cabol.eu\/#organization\"},\"potentialAction\":[{\"@type\":\"SearchAction\",\"target\":{\"@type\":\"EntryPoint\",\"urlTemplate\":\"https:\/\/cabol.eu\/?s={search_term_string}\"},\"query-input\":\"required name=search_term_string\"}],\"inLanguage\":\"de-DE\"},{\"@type\":\"ImageObject\",\"@id\":\"https:\/\/cabol.eu\/de\/produkte\/elektrohydraulische-zylinder\/mit-position-aufnehmer-und-steuerungselektronik-im-integrierten-geschlossenen-kreislauf\/#primaryimage\",\"inLanguage\":\"de-DE\",\"url\":\"https:\/\/cabol.eu\/wp-content\/uploads\/2021\/12\/foto-cilindri-elettroidraulici-04.jpg\",\"contentUrl\":\"https:\/\/cabol.eu\/wp-content\/uploads\/2021\/12\/foto-cilindri-elettroidraulici-04.jpg\",\"width\":800,\"height\":600,\"caption\":\"Cilindri elettroidraulici con trasduttore di posizione ed elettronica di controllo in anello chiuso integrata\"},{\"@type\":\"WebPage\",\"@id\":\"https:\/\/cabol.eu\/de\/produkte\/elektrohydraulische-zylinder\/mit-position-aufnehmer-und-steuerungselektronik-im-integrierten-geschlossenen-kreislauf\/#webpage\",\"url\":\"https:\/\/cabol.eu\/de\/produkte\/elektrohydraulische-zylinder\/mit-position-aufnehmer-und-steuerungselektronik-im-integrierten-geschlossenen-kreislauf\/\",\"name\":\"Elektrohydraulische Zylinder mit integrierter Steuerung - Cabol\",\"isPartOf\":{\"@id\":\"https:\/\/cabol.eu\/#website\"},\"primaryImageOfPage\":{\"@id\":\"https:\/\/cabol.eu\/de\/produkte\/elektrohydraulische-zylinder\/mit-position-aufnehmer-und-steuerungselektronik-im-integrierten-geschlossenen-kreislauf\/#primaryimage\"},\"datePublished\":\"2021-12-17T13:59:46+00:00\",\"dateModified\":\"2025-08-07T13:13:04+00:00\",\"description\":\"Elektrohydraulische Zylinder mit Wandler und integrierter elektronischer Regelung: Teil der Evo-C3-Reihe von Cabol\",\"breadcrumb\":{\"@id\":\"https:\/\/cabol.eu\/de\/produkte\/elektrohydraulische-zylinder\/mit-position-aufnehmer-und-steuerungselektronik-im-integrierten-geschlossenen-kreislauf\/#breadcrumb\"},\"inLanguage\":\"de-DE\",\"potentialAction\":[{\"@type\":\"ReadAction\",\"target\":[\"https:\/\/cabol.eu\/de\/produkte\/elektrohydraulische-zylinder\/mit-position-aufnehmer-und-steuerungselektronik-im-integrierten-geschlossenen-kreislauf\/\"]}]},{\"@type\":\"BreadcrumbList\",\"@id\":\"https:\/\/cabol.eu\/de\/produkte\/elektrohydraulische-zylinder\/mit-position-aufnehmer-und-steuerungselektronik-im-integrierten-geschlossenen-kreislauf\/#breadcrumb\",\"itemListElement\":[{\"@type\":\"ListItem\",\"position\":1,\"name\":\"Home\",\"item\":\"https:\/\/cabol.eu\/de\/\"},{\"@type\":\"ListItem\",\"position\":2,\"name\":\"Produkte\",\"item\":\"https:\/\/cabol.eu\/de\/produkte\/\"},{\"@type\":\"ListItem\",\"position\":3,\"name\":\"Elektrohydraulische Zylinder\",\"item\":\"https:\/\/cabol.eu\/de\/produkte\/elektrohydraulische-zylinder\/\"},{\"@type\":\"ListItem\",\"position\":4,\"name\":\"Elektrohydraulische Zylinder mit Position-Aufnehmer und Steuerungselektronik im integrierten geschlossenen Kreislauf\"}]}]}<\/script>\n<!-- \/ Yoast SEO plugin. -->","yoast_head_json":{"title":"Elektrohydraulische Zylinder mit integrierter Steuerung - Cabol","description":"Elektrohydraulische Zylinder mit Wandler und integrierter elektronischer Regelung: Teil der Evo-C3-Reihe von Cabol","robots":{"index":"index","follow":"follow","max-snippet":"max-snippet:-1","max-image-preview":"max-image-preview:large","max-video-preview":"max-video-preview:-1"},"canonical":"https:\/\/cabol.eu\/de\/produkte\/elektrohydraulische-zylinder\/mit-position-aufnehmer-und-steuerungselektronik-im-integrierten-geschlossenen-kreislauf\/","og_locale":"de_DE","og_type":"article","og_title":"Elektrohydraulische Zylinder mit integrierter Steuerung - Cabol","og_description":"Elektrohydraulische Zylinder mit Wandler und integrierter elektronischer Regelung: Teil der Evo-C3-Reihe von Cabol","og_url":"https:\/\/cabol.eu\/de\/produkte\/elektrohydraulische-zylinder\/mit-position-aufnehmer-und-steuerungselektronik-im-integrierten-geschlossenen-kreislauf\/","og_site_name":"Cabol","article_modified_time":"2025-08-07T13:13:04+00:00","og_image":[{"width":800,"height":600,"url":"https:\/\/cabol.eu\/wp-content\/uploads\/2021\/12\/foto-cilindri-elettroidraulici-04.jpg","type":"image\/jpeg"}],"twitter_card":"summary_large_image","twitter_misc":{"Est. reading time":"1 minute"},"schema":{"@context":"https:\/\/schema.org","@graph":[{"@type":"Organization","@id":"https:\/\/cabol.eu\/#organization","name":"Cabol","url":"https:\/\/cabol.eu\/","sameAs":["https:\/\/www.instagram.com\/cabolfluidengineering?igsh=MTVjYXUyb2ttcXg3bw==&amp;utm_source=qr","https:\/\/www.linkedin.com\/company\/cabol-fluid-engineering\/?viewAsMember=true","https:\/\/www.youtube.com\/@cabolfluidengineering9499"],"logo":{"@type":"ImageObject","@id":"https:\/\/cabol.eu\/#logo","inLanguage":"de-DE","url":"https:\/\/cabol.eu\/cabol2021\/wp-content\/uploads\/2021\/03\/logo-cabol.png","contentUrl":"https:\/\/cabol.eu\/cabol2021\/wp-content\/uploads\/2021\/03\/logo-cabol.png","width":800,"height":280,"caption":"Cabol"},"image":{"@id":"https:\/\/cabol.eu\/#logo"}},{"@type":"WebSite","@id":"https:\/\/cabol.eu\/#website","url":"https:\/\/cabol.eu\/","name":"Cabol","description":"Fluid Engineering","publisher":{"@id":"https:\/\/cabol.eu\/#organization"},"potentialAction":[{"@type":"SearchAction","target":{"@type":"EntryPoint","urlTemplate":"https:\/\/cabol.eu\/?s={search_term_string}"},"query-input":"required name=search_term_string"}],"inLanguage":"de-DE"},{"@type":"ImageObject","@id":"https:\/\/cabol.eu\/de\/produkte\/elektrohydraulische-zylinder\/mit-position-aufnehmer-und-steuerungselektronik-im-integrierten-geschlossenen-kreislauf\/#primaryimage","inLanguage":"de-DE","url":"https:\/\/cabol.eu\/wp-content\/uploads\/2021\/12\/foto-cilindri-elettroidraulici-04.jpg","contentUrl":"https:\/\/cabol.eu\/wp-content\/uploads\/2021\/12\/foto-cilindri-elettroidraulici-04.jpg","width":800,"height":600,"caption":"Cilindri elettroidraulici con trasduttore di posizione ed elettronica di controllo in anello chiuso integrata"},{"@type":"WebPage","@id":"https:\/\/cabol.eu\/de\/produkte\/elektrohydraulische-zylinder\/mit-position-aufnehmer-und-steuerungselektronik-im-integrierten-geschlossenen-kreislauf\/#webpage","url":"https:\/\/cabol.eu\/de\/produkte\/elektrohydraulische-zylinder\/mit-position-aufnehmer-und-steuerungselektronik-im-integrierten-geschlossenen-kreislauf\/","name":"Elektrohydraulische Zylinder mit integrierter Steuerung - Cabol","isPartOf":{"@id":"https:\/\/cabol.eu\/#website"},"primaryImageOfPage":{"@id":"https:\/\/cabol.eu\/de\/produkte\/elektrohydraulische-zylinder\/mit-position-aufnehmer-und-steuerungselektronik-im-integrierten-geschlossenen-kreislauf\/#primaryimage"},"datePublished":"2021-12-17T13:59:46+00:00","dateModified":"2025-08-07T13:13:04+00:00","description":"Elektrohydraulische Zylinder mit Wandler und integrierter elektronischer Regelung: Teil der Evo-C3-Reihe von Cabol","breadcrumb":{"@id":"https:\/\/cabol.eu\/de\/produkte\/elektrohydraulische-zylinder\/mit-position-aufnehmer-und-steuerungselektronik-im-integrierten-geschlossenen-kreislauf\/#breadcrumb"},"inLanguage":"de-DE","potentialAction":[{"@type":"ReadAction","target":["https:\/\/cabol.eu\/de\/produkte\/elektrohydraulische-zylinder\/mit-position-aufnehmer-und-steuerungselektronik-im-integrierten-geschlossenen-kreislauf\/"]}]},{"@type":"BreadcrumbList","@id":"https:\/\/cabol.eu\/de\/produkte\/elektrohydraulische-zylinder\/mit-position-aufnehmer-und-steuerungselektronik-im-integrierten-geschlossenen-kreislauf\/#breadcrumb","itemListElement":[{"@type":"ListItem","position":1,"name":"Home","item":"https:\/\/cabol.eu\/de\/"},{"@type":"ListItem","position":2,"name":"Produkte","item":"https:\/\/cabol.eu\/de\/produkte\/"},{"@type":"ListItem","position":3,"name":"Elektrohydraulische Zylinder","item":"https:\/\/cabol.eu\/de\/produkte\/elektrohydraulische-zylinder\/"},{"@type":"ListItem","position":4,"name":"Elektrohydraulische Zylinder mit Position-Aufnehmer und Steuerungselektronik im integrierten geschlossenen Kreislauf"}]}]}},"_links":{"self":[{"href":"https:\/\/cabol.eu\/de\/wp-json\/wp\/v2\/pages\/2080"}],"collection":[{"href":"https:\/\/cabol.eu\/de\/wp-json\/wp\/v2\/pages"}],"about":[{"href":"https:\/\/cabol.eu\/de\/wp-json\/wp\/v2\/types\/page"}],"author":[{"embeddable":true,"href":"https:\/\/cabol.eu\/de\/wp-json\/wp\/v2\/users\/1"}],"replies":[{"embeddable":true,"href":"https:\/\/cabol.eu\/de\/wp-json\/wp\/v2\/comments?post=2080"}],"version-history":[{"count":5,"href":"https:\/\/cabol.eu\/de\/wp-json\/wp\/v2\/pages\/2080\/revisions"}],"predecessor-version":[{"id":17104,"href":"https:\/\/cabol.eu\/de\/wp-json\/wp\/v2\/pages\/2080\/revisions\/17104"}],"up":[{"embeddable":true,"href":"https:\/\/cabol.eu\/de\/wp-json\/wp\/v2\/pages\/2008"}],"wp:featuredmedia":[{"embeddable":true,"href":"https:\/\/cabol.eu\/de\/wp-json\/wp\/v2\/media\/1912"}],"wp:attachment":[{"href":"https:\/\/cabol.eu\/de\/wp-json\/wp\/v2\/media?parent=2080"}],"wp:term":[{"taxonomy":"category","embeddable":true,"href":"https:\/\/cabol.eu\/de\/wp-json\/wp\/v2\/categories?post=2080"},{"taxonomy":"post_tag","embeddable":true,"href":"https:\/\/cabol.eu\/de\/wp-json\/wp\/v2\/tags?post=2080"}],"curies":[{"name":"wp","href":"https:\/\/api.w.org\/{rel}","templated":true}]}}