{"id":5370,"date":"2022-07-01T15:17:05","date_gmt":"2022-07-01T13:17:05","guid":{"rendered":"https:\/\/cabol.eu\/produkte\/doppeltwirkende-hydraulikzylinder\/servo-zylinder-schzi2\/"},"modified":"2025-08-07T15:56:55","modified_gmt":"2025-08-07T13:56:55","slug":"servo-zylinder-schzi2","status":"publish","type":"page","link":"https:\/\/cabol.eu\/de\/produkte\/doppeltwirkende-hydraulikzylinder\/servo-zylinder-schzi2\/","title":{"rendered":"Servo-Zylinder SCHZI2"},"content":{"rendered":"\n<p>Diese hydraulischen Servozylinder werden in Pr\u00fcfst\u00e4nden f\u00fcr Fahrzeugaufh\u00e4ngungen eingesetzt. Ihre Konzeption, Konstruktion und Herstellung sind auf die geforderten Leistungen abgestimmt: Frequenz, Anzahl der Stangen, Art der Abst\u00fctzung, Nutzhub, Art der Kupplung, Art der Dichtungen, maximal zul\u00e4ssige Reibung sind einige der Variablen, die Cabol bei der Auswahl des richtigen Servozylindertyps leiten, den sie dem Kunden im Automobilsektor vorschl\u00e4gt. Uniche costanti che Cabol fortemente mantiene sono la qualit\u00e0 dei materiali utilizzati e la qualit\u00e0 del prodotto finale sotto ogni aspetto operativo. Um die Qualit\u00e4tsstandards zu erh\u00f6hen, stellt Cabol Komponenten aus kontrollierten und ultraschallbehandelten Materialien her, um die M\u00f6glichkeit von Fehlern in den Komponenten der Servozylinder drastisch zu reduzieren.<\/p>\n","protected":false},"excerpt":{"rendered":"<p>Diese hydraulischen Servozylinder werden in Pr\u00fcfst\u00e4nden f\u00fcr Fahrzeugaufh\u00e4ngungen eingesetzt. Ihre Konzeption, Konstruktion und Herstellung sind auf die geforderten Leistungen abgestimmt: Frequenz, Anzahl der Stangen, Art der Abst\u00fctzung, Nutzhub, Art der Kupplung, Art der Dichtungen, maximal zul\u00e4ssige Reibung sind einige der Variablen, die Cabol bei der Auswahl des richtigen Servozylindertyps leiten, den sie dem Kunden im [&hellip;]<\/p>\n","protected":false},"author":1,"featured_media":5137,"parent":2006,"menu_order":0,"comment_status":"closed","ping_status":"closed","template":"","meta":{"_et_pb_use_builder":"off","_et_pb_old_content":"","_et_gb_content_width":""},"categories":[59],"tags":[],"acf":[],"yoast_head":"<!-- This site is optimized with the Yoast SEO plugin v18.5.1 - https:\/\/yoast.com\/wordpress\/plugins\/seo\/ -->\n<title>Servo-Zylinder SCHZI2 - Cabol<\/title>\n<meta name=\"description\" content=\"Hydrostatische Servozylinder SCHZI2, optimierte Gleittechnologie f\u00fcr pr\u00e4zise, fl\u00fcssige und konstante Bewegungen\" \/>\n<meta name=\"robots\" content=\"index, follow, max-snippet:-1, max-image-preview:large, max-video-preview:-1\" \/>\n<link rel=\"canonical\" href=\"https:\/\/cabol.eu\/de\/produkte\/doppeltwirkende-hydraulikzylinder\/servo-zylinder-schzi2\/\" \/>\n<meta property=\"og:locale\" content=\"de_DE\" \/>\n<meta property=\"og:type\" content=\"article\" \/>\n<meta property=\"og:title\" content=\"Servo-Zylinder SCHZI2 - Cabol\" \/>\n<meta property=\"og:description\" content=\"Hydrostatische Servozylinder SCHZI2, optimierte Gleittechnologie f\u00fcr pr\u00e4zise, fl\u00fcssige und konstante Bewegungen\" \/>\n<meta property=\"og:url\" content=\"https:\/\/cabol.eu\/de\/produkte\/doppeltwirkende-hydraulikzylinder\/servo-zylinder-schzi2\/\" \/>\n<meta property=\"og:site_name\" content=\"Cabol\" \/>\n<meta property=\"article:modified_time\" content=\"2025-08-07T13:56:55+00:00\" \/>\n<meta property=\"og:image\" content=\"https:\/\/cabol.eu\/wp-content\/uploads\/2022\/06\/Servo-cilindro-maggio-3.jpg\" \/>\n\t<meta property=\"og:image:width\" content=\"1200\" \/>\n\t<meta property=\"og:image:height\" content=\"800\" \/>\n\t<meta property=\"og:image:type\" content=\"image\/jpeg\" \/>\n<meta name=\"twitter:card\" content=\"summary_large_image\" \/>\n<meta name=\"twitter:label1\" content=\"Est. reading time\" \/>\n\t<meta name=\"twitter:data1\" content=\"1 minute\" \/>\n<script type=\"application\/ld+json\" class=\"yoast-schema-graph\">{\"@context\":\"https:\/\/schema.org\",\"@graph\":[{\"@type\":\"Organization\",\"@id\":\"https:\/\/cabol.eu\/#organization\",\"name\":\"Cabol\",\"url\":\"https:\/\/cabol.eu\/\",\"sameAs\":[\"https:\/\/www.instagram.com\/cabolfluidengineering?igsh=MTVjYXUyb2ttcXg3bw==&amp;utm_source=qr\",\"https:\/\/www.linkedin.com\/company\/cabol-fluid-engineering\/?viewAsMember=true\",\"https:\/\/www.youtube.com\/@cabolfluidengineering9499\"],\"logo\":{\"@type\":\"ImageObject\",\"@id\":\"https:\/\/cabol.eu\/#logo\",\"inLanguage\":\"de-DE\",\"url\":\"https:\/\/cabol.eu\/cabol2021\/wp-content\/uploads\/2021\/03\/logo-cabol.png\",\"contentUrl\":\"https:\/\/cabol.eu\/cabol2021\/wp-content\/uploads\/2021\/03\/logo-cabol.png\",\"width\":800,\"height\":280,\"caption\":\"Cabol\"},\"image\":{\"@id\":\"https:\/\/cabol.eu\/#logo\"}},{\"@type\":\"WebSite\",\"@id\":\"https:\/\/cabol.eu\/#website\",\"url\":\"https:\/\/cabol.eu\/\",\"name\":\"Cabol\",\"description\":\"Fluid Engineering\",\"publisher\":{\"@id\":\"https:\/\/cabol.eu\/#organization\"},\"potentialAction\":[{\"@type\":\"SearchAction\",\"target\":{\"@type\":\"EntryPoint\",\"urlTemplate\":\"https:\/\/cabol.eu\/?s={search_term_string}\"},\"query-input\":\"required name=search_term_string\"}],\"inLanguage\":\"de-DE\"},{\"@type\":\"ImageObject\",\"@id\":\"https:\/\/cabol.eu\/de\/produkte\/doppeltwirkende-hydraulikzylinder\/servo-zylinder-schzi2\/#primaryimage\",\"inLanguage\":\"de-DE\",\"url\":\"https:\/\/cabol.eu\/wp-content\/uploads\/2022\/06\/Servo-cilindro-maggio-3.jpg\",\"contentUrl\":\"https:\/\/cabol.eu\/wp-content\/uploads\/2022\/06\/Servo-cilindro-maggio-3.jpg\",\"width\":1200,\"height\":800,\"caption\":\"Servocilindri SCHZI2\"},{\"@type\":\"WebPage\",\"@id\":\"https:\/\/cabol.eu\/de\/produkte\/doppeltwirkende-hydraulikzylinder\/servo-zylinder-schzi2\/#webpage\",\"url\":\"https:\/\/cabol.eu\/de\/produkte\/doppeltwirkende-hydraulikzylinder\/servo-zylinder-schzi2\/\",\"name\":\"Servo-Zylinder SCHZI2 - Cabol\",\"isPartOf\":{\"@id\":\"https:\/\/cabol.eu\/#website\"},\"primaryImageOfPage\":{\"@id\":\"https:\/\/cabol.eu\/de\/produkte\/doppeltwirkende-hydraulikzylinder\/servo-zylinder-schzi2\/#primaryimage\"},\"datePublished\":\"2022-07-01T13:17:05+00:00\",\"dateModified\":\"2025-08-07T13:56:55+00:00\",\"description\":\"Hydrostatische Servozylinder SCHZI2, optimierte Gleittechnologie f\u00fcr pr\u00e4zise, fl\u00fcssige und konstante Bewegungen\",\"breadcrumb\":{\"@id\":\"https:\/\/cabol.eu\/de\/produkte\/doppeltwirkende-hydraulikzylinder\/servo-zylinder-schzi2\/#breadcrumb\"},\"inLanguage\":\"de-DE\",\"potentialAction\":[{\"@type\":\"ReadAction\",\"target\":[\"https:\/\/cabol.eu\/de\/produkte\/doppeltwirkende-hydraulikzylinder\/servo-zylinder-schzi2\/\"]}]},{\"@type\":\"BreadcrumbList\",\"@id\":\"https:\/\/cabol.eu\/de\/produkte\/doppeltwirkende-hydraulikzylinder\/servo-zylinder-schzi2\/#breadcrumb\",\"itemListElement\":[{\"@type\":\"ListItem\",\"position\":1,\"name\":\"Home\",\"item\":\"https:\/\/cabol.eu\/de\/\"},{\"@type\":\"ListItem\",\"position\":2,\"name\":\"Produkte\",\"item\":\"https:\/\/cabol.eu\/de\/produkte\/\"},{\"@type\":\"ListItem\",\"position\":3,\"name\":\"Hydraulische Servozylinder\",\"item\":\"https:\/\/cabol.eu\/de\/produkte\/doppeltwirkende-hydraulikzylinder\/\"},{\"@type\":\"ListItem\",\"position\":4,\"name\":\"Servo-Zylinder SCHZI2\"}]}]}<\/script>\n<!-- \/ Yoast SEO plugin. -->","yoast_head_json":{"title":"Servo-Zylinder SCHZI2 - Cabol","description":"Hydrostatische Servozylinder SCHZI2, optimierte Gleittechnologie f\u00fcr pr\u00e4zise, fl\u00fcssige und konstante Bewegungen","robots":{"index":"index","follow":"follow","max-snippet":"max-snippet:-1","max-image-preview":"max-image-preview:large","max-video-preview":"max-video-preview:-1"},"canonical":"https:\/\/cabol.eu\/de\/produkte\/doppeltwirkende-hydraulikzylinder\/servo-zylinder-schzi2\/","og_locale":"de_DE","og_type":"article","og_title":"Servo-Zylinder SCHZI2 - Cabol","og_description":"Hydrostatische Servozylinder SCHZI2, optimierte Gleittechnologie f\u00fcr pr\u00e4zise, fl\u00fcssige und konstante Bewegungen","og_url":"https:\/\/cabol.eu\/de\/produkte\/doppeltwirkende-hydraulikzylinder\/servo-zylinder-schzi2\/","og_site_name":"Cabol","article_modified_time":"2025-08-07T13:56:55+00:00","og_image":[{"width":1200,"height":800,"url":"https:\/\/cabol.eu\/wp-content\/uploads\/2022\/06\/Servo-cilindro-maggio-3.jpg","type":"image\/jpeg"}],"twitter_card":"summary_large_image","twitter_misc":{"Est. reading time":"1 minute"},"schema":{"@context":"https:\/\/schema.org","@graph":[{"@type":"Organization","@id":"https:\/\/cabol.eu\/#organization","name":"Cabol","url":"https:\/\/cabol.eu\/","sameAs":["https:\/\/www.instagram.com\/cabolfluidengineering?igsh=MTVjYXUyb2ttcXg3bw==&amp;utm_source=qr","https:\/\/www.linkedin.com\/company\/cabol-fluid-engineering\/?viewAsMember=true","https:\/\/www.youtube.com\/@cabolfluidengineering9499"],"logo":{"@type":"ImageObject","@id":"https:\/\/cabol.eu\/#logo","inLanguage":"de-DE","url":"https:\/\/cabol.eu\/cabol2021\/wp-content\/uploads\/2021\/03\/logo-cabol.png","contentUrl":"https:\/\/cabol.eu\/cabol2021\/wp-content\/uploads\/2021\/03\/logo-cabol.png","width":800,"height":280,"caption":"Cabol"},"image":{"@id":"https:\/\/cabol.eu\/#logo"}},{"@type":"WebSite","@id":"https:\/\/cabol.eu\/#website","url":"https:\/\/cabol.eu\/","name":"Cabol","description":"Fluid Engineering","publisher":{"@id":"https:\/\/cabol.eu\/#organization"},"potentialAction":[{"@type":"SearchAction","target":{"@type":"EntryPoint","urlTemplate":"https:\/\/cabol.eu\/?s={search_term_string}"},"query-input":"required name=search_term_string"}],"inLanguage":"de-DE"},{"@type":"ImageObject","@id":"https:\/\/cabol.eu\/de\/produkte\/doppeltwirkende-hydraulikzylinder\/servo-zylinder-schzi2\/#primaryimage","inLanguage":"de-DE","url":"https:\/\/cabol.eu\/wp-content\/uploads\/2022\/06\/Servo-cilindro-maggio-3.jpg","contentUrl":"https:\/\/cabol.eu\/wp-content\/uploads\/2022\/06\/Servo-cilindro-maggio-3.jpg","width":1200,"height":800,"caption":"Servocilindri SCHZI2"},{"@type":"WebPage","@id":"https:\/\/cabol.eu\/de\/produkte\/doppeltwirkende-hydraulikzylinder\/servo-zylinder-schzi2\/#webpage","url":"https:\/\/cabol.eu\/de\/produkte\/doppeltwirkende-hydraulikzylinder\/servo-zylinder-schzi2\/","name":"Servo-Zylinder SCHZI2 - Cabol","isPartOf":{"@id":"https:\/\/cabol.eu\/#website"},"primaryImageOfPage":{"@id":"https:\/\/cabol.eu\/de\/produkte\/doppeltwirkende-hydraulikzylinder\/servo-zylinder-schzi2\/#primaryimage"},"datePublished":"2022-07-01T13:17:05+00:00","dateModified":"2025-08-07T13:56:55+00:00","description":"Hydrostatische Servozylinder SCHZI2, optimierte Gleittechnologie f\u00fcr pr\u00e4zise, fl\u00fcssige und konstante Bewegungen","breadcrumb":{"@id":"https:\/\/cabol.eu\/de\/produkte\/doppeltwirkende-hydraulikzylinder\/servo-zylinder-schzi2\/#breadcrumb"},"inLanguage":"de-DE","potentialAction":[{"@type":"ReadAction","target":["https:\/\/cabol.eu\/de\/produkte\/doppeltwirkende-hydraulikzylinder\/servo-zylinder-schzi2\/"]}]},{"@type":"BreadcrumbList","@id":"https:\/\/cabol.eu\/de\/produkte\/doppeltwirkende-hydraulikzylinder\/servo-zylinder-schzi2\/#breadcrumb","itemListElement":[{"@type":"ListItem","position":1,"name":"Home","item":"https:\/\/cabol.eu\/de\/"},{"@type":"ListItem","position":2,"name":"Produkte","item":"https:\/\/cabol.eu\/de\/produkte\/"},{"@type":"ListItem","position":3,"name":"Hydraulische Servozylinder","item":"https:\/\/cabol.eu\/de\/produkte\/doppeltwirkende-hydraulikzylinder\/"},{"@type":"ListItem","position":4,"name":"Servo-Zylinder SCHZI2"}]}]}},"_links":{"self":[{"href":"https:\/\/cabol.eu\/de\/wp-json\/wp\/v2\/pages\/5370"}],"collection":[{"href":"https:\/\/cabol.eu\/de\/wp-json\/wp\/v2\/pages"}],"about":[{"href":"https:\/\/cabol.eu\/de\/wp-json\/wp\/v2\/types\/page"}],"author":[{"embeddable":true,"href":"https:\/\/cabol.eu\/de\/wp-json\/wp\/v2\/users\/1"}],"replies":[{"embeddable":true,"href":"https:\/\/cabol.eu\/de\/wp-json\/wp\/v2\/comments?post=5370"}],"version-history":[{"count":5,"href":"https:\/\/cabol.eu\/de\/wp-json\/wp\/v2\/pages\/5370\/revisions"}],"predecessor-version":[{"id":17124,"href":"https:\/\/cabol.eu\/de\/wp-json\/wp\/v2\/pages\/5370\/revisions\/17124"}],"up":[{"embeddable":true,"href":"https:\/\/cabol.eu\/de\/wp-json\/wp\/v2\/pages\/2006"}],"wp:featuredmedia":[{"embeddable":true,"href":"https:\/\/cabol.eu\/de\/wp-json\/wp\/v2\/media\/5137"}],"wp:attachment":[{"href":"https:\/\/cabol.eu\/de\/wp-json\/wp\/v2\/media?parent=5370"}],"wp:term":[{"taxonomy":"category","embeddable":true,"href":"https:\/\/cabol.eu\/de\/wp-json\/wp\/v2\/categories?post=5370"},{"taxonomy":"post_tag","embeddable":true,"href":"https:\/\/cabol.eu\/de\/wp-json\/wp\/v2\/tags?post=5370"}],"curies":[{"name":"wp","href":"https:\/\/api.w.org\/{rel}","templated":true}]}}