{"id":5382,"date":"2022-07-01T15:37:39","date_gmt":"2022-07-01T13:37:39","guid":{"rendered":"https:\/\/cabol.eu\/produkte\/doppeltwirkende-hydraulikzylinder\/servozylinder-test-fuer-achsenzuege\/"},"modified":"2025-08-07T15:59:20","modified_gmt":"2025-08-07T13:59:20","slug":"servozylinder-test-fuer-achsenzuege","status":"publish","type":"page","link":"https:\/\/cabol.eu\/de\/produkte\/doppeltwirkende-hydraulikzylinder\/servozylinder-test-fuer-achsenzuege\/","title":{"rendered":"Servozylinder Test f\u00fcr Achsenz\u00fcge"},"content":{"rendered":"\n<p>Es handelt sich um leistungsstarke Hochfrequenz-Hydraulikzylinder, die sich f\u00fcr den Einsatz in extremen Pr\u00fcfst\u00e4nden eignen, in denen die Pr\u00fcfbedingungen lang und hoch belastend sind. <\/p>\n\n\n\n<div class=\"wp-block-buttons\">\n<div class=\"wp-block-button download-pdf\"><a class=\"wp-block-button__link\" target=\"_blank\" rel=\"noreferrer noopener\">Download PDF<\/a><\/div>\n<\/div>\n","protected":false},"excerpt":{"rendered":"<p>Es handelt sich um leistungsstarke Hochfrequenz-Hydraulikzylinder, die sich f\u00fcr den Einsatz in extremen Pr\u00fcfst\u00e4nden eignen, in denen die Pr\u00fcfbedingungen lang und hoch belastend sind.<\/p>\n","protected":false},"author":1,"featured_media":5362,"parent":2006,"menu_order":0,"comment_status":"closed","ping_status":"closed","template":"","meta":{"_et_pb_use_builder":"off","_et_pb_old_content":"","_et_gb_content_width":""},"categories":[65,59],"tags":[],"acf":[],"yoast_head":"<!-- This site is optimized with the Yoast SEO plugin v18.5.1 - https:\/\/yoast.com\/wordpress\/plugins\/seo\/ -->\n<title>Servozylinder Test f\u00fcr Achsenz\u00fcge - Cabol<\/title>\n<meta name=\"description\" content=\"Servozylinder Test f\u00fcr Hochleistungs- und Hochfrequenz-Achsen, geeignet f\u00fcr den Einsatz in extremen Pr\u00fcfst\u00e4nden\" \/>\n<meta name=\"robots\" content=\"index, follow, max-snippet:-1, max-image-preview:large, max-video-preview:-1\" \/>\n<link rel=\"canonical\" href=\"https:\/\/cabol.eu\/de\/produkte\/doppeltwirkende-hydraulikzylinder\/servozylinder-test-fuer-achsenzuege\/\" \/>\n<meta property=\"og:locale\" content=\"de_DE\" \/>\n<meta property=\"og:type\" content=\"article\" \/>\n<meta property=\"og:title\" content=\"Servozylinder Test f\u00fcr Achsenz\u00fcge - Cabol\" \/>\n<meta property=\"og:description\" content=\"Servozylinder Test f\u00fcr Hochleistungs- und Hochfrequenz-Achsen, geeignet f\u00fcr den Einsatz in extremen Pr\u00fcfst\u00e4nden\" \/>\n<meta property=\"og:url\" content=\"https:\/\/cabol.eu\/de\/produkte\/doppeltwirkende-hydraulikzylinder\/servozylinder-test-fuer-achsenzuege\/\" \/>\n<meta property=\"og:site_name\" content=\"Cabol\" \/>\n<meta property=\"article:modified_time\" content=\"2025-08-07T13:59:20+00:00\" \/>\n<meta property=\"og:image\" content=\"https:\/\/cabol.eu\/wp-content\/uploads\/2022\/07\/Cabol-servocilindro-test-assali-treni.jpg\" \/>\n\t<meta property=\"og:image:width\" content=\"800\" \/>\n\t<meta property=\"og:image:height\" content=\"600\" \/>\n\t<meta property=\"og:image:type\" content=\"image\/jpeg\" \/>\n<meta name=\"twitter:card\" content=\"summary_large_image\" \/>\n<meta name=\"twitter:label1\" content=\"Est. reading time\" \/>\n\t<meta name=\"twitter:data1\" content=\"1 minute\" \/>\n<script type=\"application\/ld+json\" class=\"yoast-schema-graph\">{\"@context\":\"https:\/\/schema.org\",\"@graph\":[{\"@type\":\"Organization\",\"@id\":\"https:\/\/cabol.eu\/#organization\",\"name\":\"Cabol\",\"url\":\"https:\/\/cabol.eu\/\",\"sameAs\":[\"https:\/\/www.instagram.com\/cabolfluidengineering?igsh=MTVjYXUyb2ttcXg3bw==&amp;utm_source=qr\",\"https:\/\/www.linkedin.com\/company\/cabol-fluid-engineering\/?viewAsMember=true\",\"https:\/\/www.youtube.com\/@cabolfluidengineering9499\"],\"logo\":{\"@type\":\"ImageObject\",\"@id\":\"https:\/\/cabol.eu\/#logo\",\"inLanguage\":\"de-DE\",\"url\":\"https:\/\/cabol.eu\/cabol2021\/wp-content\/uploads\/2021\/03\/logo-cabol.png\",\"contentUrl\":\"https:\/\/cabol.eu\/cabol2021\/wp-content\/uploads\/2021\/03\/logo-cabol.png\",\"width\":800,\"height\":280,\"caption\":\"Cabol\"},\"image\":{\"@id\":\"https:\/\/cabol.eu\/#logo\"}},{\"@type\":\"WebSite\",\"@id\":\"https:\/\/cabol.eu\/#website\",\"url\":\"https:\/\/cabol.eu\/\",\"name\":\"Cabol\",\"description\":\"Fluid Engineering\",\"publisher\":{\"@id\":\"https:\/\/cabol.eu\/#organization\"},\"potentialAction\":[{\"@type\":\"SearchAction\",\"target\":{\"@type\":\"EntryPoint\",\"urlTemplate\":\"https:\/\/cabol.eu\/?s={search_term_string}\"},\"query-input\":\"required name=search_term_string\"}],\"inLanguage\":\"de-DE\"},{\"@type\":\"ImageObject\",\"@id\":\"https:\/\/cabol.eu\/de\/produkte\/doppeltwirkende-hydraulikzylinder\/servozylinder-test-fuer-achsenzuege\/#primaryimage\",\"inLanguage\":\"de-DE\",\"url\":\"https:\/\/cabol.eu\/wp-content\/uploads\/2022\/07\/Cabol-servocilindro-test-assali-treni.jpg\",\"contentUrl\":\"https:\/\/cabol.eu\/wp-content\/uploads\/2022\/07\/Cabol-servocilindro-test-assali-treni.jpg\",\"width\":800,\"height\":600,\"caption\":\"Servocilindri Test per assali treni\"},{\"@type\":\"WebPage\",\"@id\":\"https:\/\/cabol.eu\/de\/produkte\/doppeltwirkende-hydraulikzylinder\/servozylinder-test-fuer-achsenzuege\/#webpage\",\"url\":\"https:\/\/cabol.eu\/de\/produkte\/doppeltwirkende-hydraulikzylinder\/servozylinder-test-fuer-achsenzuege\/\",\"name\":\"Servozylinder Test f\u00fcr Achsenz\u00fcge - Cabol\",\"isPartOf\":{\"@id\":\"https:\/\/cabol.eu\/#website\"},\"primaryImageOfPage\":{\"@id\":\"https:\/\/cabol.eu\/de\/produkte\/doppeltwirkende-hydraulikzylinder\/servozylinder-test-fuer-achsenzuege\/#primaryimage\"},\"datePublished\":\"2022-07-01T13:37:39+00:00\",\"dateModified\":\"2025-08-07T13:59:20+00:00\",\"description\":\"Servozylinder Test f\u00fcr Hochleistungs- und Hochfrequenz-Achsen, geeignet f\u00fcr den Einsatz in extremen Pr\u00fcfst\u00e4nden\",\"breadcrumb\":{\"@id\":\"https:\/\/cabol.eu\/de\/produkte\/doppeltwirkende-hydraulikzylinder\/servozylinder-test-fuer-achsenzuege\/#breadcrumb\"},\"inLanguage\":\"de-DE\",\"potentialAction\":[{\"@type\":\"ReadAction\",\"target\":[\"https:\/\/cabol.eu\/de\/produkte\/doppeltwirkende-hydraulikzylinder\/servozylinder-test-fuer-achsenzuege\/\"]}]},{\"@type\":\"BreadcrumbList\",\"@id\":\"https:\/\/cabol.eu\/de\/produkte\/doppeltwirkende-hydraulikzylinder\/servozylinder-test-fuer-achsenzuege\/#breadcrumb\",\"itemListElement\":[{\"@type\":\"ListItem\",\"position\":1,\"name\":\"Home\",\"item\":\"https:\/\/cabol.eu\/de\/\"},{\"@type\":\"ListItem\",\"position\":2,\"name\":\"Produkte\",\"item\":\"https:\/\/cabol.eu\/de\/produkte\/\"},{\"@type\":\"ListItem\",\"position\":3,\"name\":\"Hydraulische Servozylinder\",\"item\":\"https:\/\/cabol.eu\/de\/produkte\/doppeltwirkende-hydraulikzylinder\/\"},{\"@type\":\"ListItem\",\"position\":4,\"name\":\"Servozylinder Test f\u00fcr Achsenz\u00fcge\"}]}]}<\/script>\n<!-- \/ Yoast SEO plugin. -->","yoast_head_json":{"title":"Servozylinder Test f\u00fcr Achsenz\u00fcge - Cabol","description":"Servozylinder Test f\u00fcr Hochleistungs- und Hochfrequenz-Achsen, geeignet f\u00fcr den Einsatz in extremen Pr\u00fcfst\u00e4nden","robots":{"index":"index","follow":"follow","max-snippet":"max-snippet:-1","max-image-preview":"max-image-preview:large","max-video-preview":"max-video-preview:-1"},"canonical":"https:\/\/cabol.eu\/de\/produkte\/doppeltwirkende-hydraulikzylinder\/servozylinder-test-fuer-achsenzuege\/","og_locale":"de_DE","og_type":"article","og_title":"Servozylinder Test f\u00fcr Achsenz\u00fcge - Cabol","og_description":"Servozylinder Test f\u00fcr Hochleistungs- und Hochfrequenz-Achsen, geeignet f\u00fcr den Einsatz in extremen Pr\u00fcfst\u00e4nden","og_url":"https:\/\/cabol.eu\/de\/produkte\/doppeltwirkende-hydraulikzylinder\/servozylinder-test-fuer-achsenzuege\/","og_site_name":"Cabol","article_modified_time":"2025-08-07T13:59:20+00:00","og_image":[{"width":800,"height":600,"url":"https:\/\/cabol.eu\/wp-content\/uploads\/2022\/07\/Cabol-servocilindro-test-assali-treni.jpg","type":"image\/jpeg"}],"twitter_card":"summary_large_image","twitter_misc":{"Est. reading time":"1 minute"},"schema":{"@context":"https:\/\/schema.org","@graph":[{"@type":"Organization","@id":"https:\/\/cabol.eu\/#organization","name":"Cabol","url":"https:\/\/cabol.eu\/","sameAs":["https:\/\/www.instagram.com\/cabolfluidengineering?igsh=MTVjYXUyb2ttcXg3bw==&amp;utm_source=qr","https:\/\/www.linkedin.com\/company\/cabol-fluid-engineering\/?viewAsMember=true","https:\/\/www.youtube.com\/@cabolfluidengineering9499"],"logo":{"@type":"ImageObject","@id":"https:\/\/cabol.eu\/#logo","inLanguage":"de-DE","url":"https:\/\/cabol.eu\/cabol2021\/wp-content\/uploads\/2021\/03\/logo-cabol.png","contentUrl":"https:\/\/cabol.eu\/cabol2021\/wp-content\/uploads\/2021\/03\/logo-cabol.png","width":800,"height":280,"caption":"Cabol"},"image":{"@id":"https:\/\/cabol.eu\/#logo"}},{"@type":"WebSite","@id":"https:\/\/cabol.eu\/#website","url":"https:\/\/cabol.eu\/","name":"Cabol","description":"Fluid Engineering","publisher":{"@id":"https:\/\/cabol.eu\/#organization"},"potentialAction":[{"@type":"SearchAction","target":{"@type":"EntryPoint","urlTemplate":"https:\/\/cabol.eu\/?s={search_term_string}"},"query-input":"required name=search_term_string"}],"inLanguage":"de-DE"},{"@type":"ImageObject","@id":"https:\/\/cabol.eu\/de\/produkte\/doppeltwirkende-hydraulikzylinder\/servozylinder-test-fuer-achsenzuege\/#primaryimage","inLanguage":"de-DE","url":"https:\/\/cabol.eu\/wp-content\/uploads\/2022\/07\/Cabol-servocilindro-test-assali-treni.jpg","contentUrl":"https:\/\/cabol.eu\/wp-content\/uploads\/2022\/07\/Cabol-servocilindro-test-assali-treni.jpg","width":800,"height":600,"caption":"Servocilindri Test per assali treni"},{"@type":"WebPage","@id":"https:\/\/cabol.eu\/de\/produkte\/doppeltwirkende-hydraulikzylinder\/servozylinder-test-fuer-achsenzuege\/#webpage","url":"https:\/\/cabol.eu\/de\/produkte\/doppeltwirkende-hydraulikzylinder\/servozylinder-test-fuer-achsenzuege\/","name":"Servozylinder Test f\u00fcr Achsenz\u00fcge - Cabol","isPartOf":{"@id":"https:\/\/cabol.eu\/#website"},"primaryImageOfPage":{"@id":"https:\/\/cabol.eu\/de\/produkte\/doppeltwirkende-hydraulikzylinder\/servozylinder-test-fuer-achsenzuege\/#primaryimage"},"datePublished":"2022-07-01T13:37:39+00:00","dateModified":"2025-08-07T13:59:20+00:00","description":"Servozylinder Test f\u00fcr Hochleistungs- und Hochfrequenz-Achsen, geeignet f\u00fcr den Einsatz in extremen Pr\u00fcfst\u00e4nden","breadcrumb":{"@id":"https:\/\/cabol.eu\/de\/produkte\/doppeltwirkende-hydraulikzylinder\/servozylinder-test-fuer-achsenzuege\/#breadcrumb"},"inLanguage":"de-DE","potentialAction":[{"@type":"ReadAction","target":["https:\/\/cabol.eu\/de\/produkte\/doppeltwirkende-hydraulikzylinder\/servozylinder-test-fuer-achsenzuege\/"]}]},{"@type":"BreadcrumbList","@id":"https:\/\/cabol.eu\/de\/produkte\/doppeltwirkende-hydraulikzylinder\/servozylinder-test-fuer-achsenzuege\/#breadcrumb","itemListElement":[{"@type":"ListItem","position":1,"name":"Home","item":"https:\/\/cabol.eu\/de\/"},{"@type":"ListItem","position":2,"name":"Produkte","item":"https:\/\/cabol.eu\/de\/produkte\/"},{"@type":"ListItem","position":3,"name":"Hydraulische Servozylinder","item":"https:\/\/cabol.eu\/de\/produkte\/doppeltwirkende-hydraulikzylinder\/"},{"@type":"ListItem","position":4,"name":"Servozylinder Test f\u00fcr Achsenz\u00fcge"}]}]}},"_links":{"self":[{"href":"https:\/\/cabol.eu\/de\/wp-json\/wp\/v2\/pages\/5382"}],"collection":[{"href":"https:\/\/cabol.eu\/de\/wp-json\/wp\/v2\/pages"}],"about":[{"href":"https:\/\/cabol.eu\/de\/wp-json\/wp\/v2\/types\/page"}],"author":[{"embeddable":true,"href":"https:\/\/cabol.eu\/de\/wp-json\/wp\/v2\/users\/1"}],"replies":[{"embeddable":true,"href":"https:\/\/cabol.eu\/de\/wp-json\/wp\/v2\/comments?post=5382"}],"version-history":[{"count":2,"href":"https:\/\/cabol.eu\/de\/wp-json\/wp\/v2\/pages\/5382\/revisions"}],"predecessor-version":[{"id":17128,"href":"https:\/\/cabol.eu\/de\/wp-json\/wp\/v2\/pages\/5382\/revisions\/17128"}],"up":[{"embeddable":true,"href":"https:\/\/cabol.eu\/de\/wp-json\/wp\/v2\/pages\/2006"}],"wp:featuredmedia":[{"embeddable":true,"href":"https:\/\/cabol.eu\/de\/wp-json\/wp\/v2\/media\/5362"}],"wp:attachment":[{"href":"https:\/\/cabol.eu\/de\/wp-json\/wp\/v2\/media?parent=5382"}],"wp:term":[{"taxonomy":"category","embeddable":true,"href":"https:\/\/cabol.eu\/de\/wp-json\/wp\/v2\/categories?post=5382"},{"taxonomy":"post_tag","embeddable":true,"href":"https:\/\/cabol.eu\/de\/wp-json\/wp\/v2\/tags?post=5382"}],"curies":[{"name":"wp","href":"https:\/\/api.w.org\/{rel}","templated":true}]}}