{"id":5386,"date":"2022-07-01T15:42:28","date_gmt":"2022-07-01T13:42:28","guid":{"rendered":"https:\/\/cabol.eu\/trolley-batteriebetriebenes-hydraulikaggregat-das-druck-erzeugt\/"},"modified":"2025-08-07T17:21:04","modified_gmt":"2025-08-07T15:21:04","slug":"trolley-batteriebetriebenes-hydraulikaggregat-das-druck-erzeugt","status":"publish","type":"page","link":"https:\/\/cabol.eu\/de\/produkte\/andere-hydraulische-und-elektrohydraulische-loesungen\/trolley-batteriebetriebenes-hydraulikaggregat-das-druck-erzeugt\/","title":{"rendered":"Trolley, batteriebetriebenes Hydraulikaggregat, das Druck erzeugt"},"content":{"rendered":"\n<p>Die batteriebetriebene Trolley-Einheit erzeugt Hydraulikdruck. Im Falle einer Wartung oder Instandhaltung kann die Trolley-Einheit n\u00fctzlich sein, um Zylinder und Servo-Zylinder durch tempor\u00e4re Verbindungen zu \u00fcberpr\u00fcfen, wo wir den erzeugten Druck eingeben.<\/p>\n","protected":false},"excerpt":{"rendered":"<p>Die batteriebetriebene Trolley-Einheit erzeugt Hydraulikdruck. Im Falle einer Wartung oder Instandhaltung kann die Trolley-Einheit n\u00fctzlich sein, um Zylinder und Servo-Zylinder durch tempor\u00e4re Verbindungen zu \u00fcberpr\u00fcfen, wo wir den erzeugten Druck eingeben.<\/p>\n","protected":false},"author":1,"featured_media":5353,"parent":5410,"menu_order":0,"comment_status":"closed","ping_status":"closed","template":"","meta":{"_et_pb_use_builder":"off","_et_pb_old_content":"","_et_gb_content_width":""},"categories":[58,67],"tags":[],"acf":[],"yoast_head":"<!-- This site is optimized with the Yoast SEO plugin v18.5.1 - https:\/\/yoast.com\/wordpress\/plugins\/seo\/ -->\n<title>Trolley, batteriebetriebenes Hydraulikaggregat, das Druck erzeugt - Cabol<\/title>\n<meta name=\"description\" content=\"Trolley, batteriebetriebene Hydraulikeinheit zur Druckerzeugung\" \/>\n<meta name=\"robots\" content=\"index, follow, max-snippet:-1, max-image-preview:large, max-video-preview:-1\" \/>\n<link rel=\"canonical\" href=\"https:\/\/cabol.eu\/de\/produkte\/andere-hydraulische-und-elektrohydraulische-loesungen\/trolley-batteriebetriebenes-hydraulikaggregat-das-druck-erzeugt\/\" \/>\n<meta property=\"og:locale\" content=\"de_DE\" \/>\n<meta property=\"og:type\" content=\"article\" \/>\n<meta property=\"og:title\" content=\"Trolley, batteriebetriebenes Hydraulikaggregat, das Druck erzeugt - Cabol\" \/>\n<meta property=\"og:description\" content=\"Trolley, batteriebetriebene Hydraulikeinheit zur Druckerzeugung\" \/>\n<meta property=\"og:url\" content=\"https:\/\/cabol.eu\/de\/produkte\/andere-hydraulische-und-elektrohydraulische-loesungen\/trolley-batteriebetriebenes-hydraulikaggregat-das-druck-erzeugt\/\" \/>\n<meta property=\"og:site_name\" content=\"Cabol\" \/>\n<meta property=\"article:modified_time\" content=\"2025-08-07T15:21:04+00:00\" \/>\n<meta property=\"og:image\" content=\"https:\/\/cabol.eu\/wp-content\/uploads\/2022\/07\/TrolleyVS1_unita-idraulica-a-batteria.jpg\" \/>\n\t<meta property=\"og:image:width\" content=\"800\" \/>\n\t<meta property=\"og:image:height\" content=\"600\" \/>\n\t<meta property=\"og:image:type\" content=\"image\/jpeg\" \/>\n<meta name=\"twitter:card\" content=\"summary_large_image\" \/>\n<meta name=\"twitter:label1\" content=\"Est. reading time\" \/>\n\t<meta name=\"twitter:data1\" content=\"1 minute\" \/>\n<script type=\"application\/ld+json\" class=\"yoast-schema-graph\">{\"@context\":\"https:\/\/schema.org\",\"@graph\":[{\"@type\":\"Organization\",\"@id\":\"https:\/\/cabol.eu\/#organization\",\"name\":\"Cabol\",\"url\":\"https:\/\/cabol.eu\/\",\"sameAs\":[\"https:\/\/www.instagram.com\/cabolfluidengineering?igsh=MTVjYXUyb2ttcXg3bw==&amp;utm_source=qr\",\"https:\/\/www.linkedin.com\/company\/cabol-fluid-engineering\/?viewAsMember=true\",\"https:\/\/www.youtube.com\/@cabolfluidengineering9499\"],\"logo\":{\"@type\":\"ImageObject\",\"@id\":\"https:\/\/cabol.eu\/#logo\",\"inLanguage\":\"de-DE\",\"url\":\"https:\/\/cabol.eu\/cabol2021\/wp-content\/uploads\/2021\/03\/logo-cabol.png\",\"contentUrl\":\"https:\/\/cabol.eu\/cabol2021\/wp-content\/uploads\/2021\/03\/logo-cabol.png\",\"width\":800,\"height\":280,\"caption\":\"Cabol\"},\"image\":{\"@id\":\"https:\/\/cabol.eu\/#logo\"}},{\"@type\":\"WebSite\",\"@id\":\"https:\/\/cabol.eu\/#website\",\"url\":\"https:\/\/cabol.eu\/\",\"name\":\"Cabol\",\"description\":\"Fluid Engineering\",\"publisher\":{\"@id\":\"https:\/\/cabol.eu\/#organization\"},\"potentialAction\":[{\"@type\":\"SearchAction\",\"target\":{\"@type\":\"EntryPoint\",\"urlTemplate\":\"https:\/\/cabol.eu\/?s={search_term_string}\"},\"query-input\":\"required name=search_term_string\"}],\"inLanguage\":\"de-DE\"},{\"@type\":\"ImageObject\",\"@id\":\"https:\/\/cabol.eu\/de\/produkte\/andere-hydraulische-und-elektrohydraulische-loesungen\/trolley-batteriebetriebenes-hydraulikaggregat-das-druck-erzeugt\/#primaryimage\",\"inLanguage\":\"de-DE\",\"url\":\"https:\/\/cabol.eu\/wp-content\/uploads\/2022\/07\/TrolleyVS1_unita-idraulica-a-batteria.jpg\",\"contentUrl\":\"https:\/\/cabol.eu\/wp-content\/uploads\/2022\/07\/TrolleyVS1_unita-idraulica-a-batteria.jpg\",\"width\":800,\"height\":600,\"caption\":\"Trolley, unit\u00e0 idraulica a batteria che genera pressione\"},{\"@type\":\"WebPage\",\"@id\":\"https:\/\/cabol.eu\/de\/produkte\/andere-hydraulische-und-elektrohydraulische-loesungen\/trolley-batteriebetriebenes-hydraulikaggregat-das-druck-erzeugt\/#webpage\",\"url\":\"https:\/\/cabol.eu\/de\/produkte\/andere-hydraulische-und-elektrohydraulische-loesungen\/trolley-batteriebetriebenes-hydraulikaggregat-das-druck-erzeugt\/\",\"name\":\"Trolley, batteriebetriebenes Hydraulikaggregat, das Druck erzeugt - Cabol\",\"isPartOf\":{\"@id\":\"https:\/\/cabol.eu\/#website\"},\"primaryImageOfPage\":{\"@id\":\"https:\/\/cabol.eu\/de\/produkte\/andere-hydraulische-und-elektrohydraulische-loesungen\/trolley-batteriebetriebenes-hydraulikaggregat-das-druck-erzeugt\/#primaryimage\"},\"datePublished\":\"2022-07-01T13:42:28+00:00\",\"dateModified\":\"2025-08-07T15:21:04+00:00\",\"description\":\"Trolley, batteriebetriebene Hydraulikeinheit zur Druckerzeugung\",\"breadcrumb\":{\"@id\":\"https:\/\/cabol.eu\/de\/produkte\/andere-hydraulische-und-elektrohydraulische-loesungen\/trolley-batteriebetriebenes-hydraulikaggregat-das-druck-erzeugt\/#breadcrumb\"},\"inLanguage\":\"de-DE\",\"potentialAction\":[{\"@type\":\"ReadAction\",\"target\":[\"https:\/\/cabol.eu\/de\/produkte\/andere-hydraulische-und-elektrohydraulische-loesungen\/trolley-batteriebetriebenes-hydraulikaggregat-das-druck-erzeugt\/\"]}]},{\"@type\":\"BreadcrumbList\",\"@id\":\"https:\/\/cabol.eu\/de\/produkte\/andere-hydraulische-und-elektrohydraulische-loesungen\/trolley-batteriebetriebenes-hydraulikaggregat-das-druck-erzeugt\/#breadcrumb\",\"itemListElement\":[{\"@type\":\"ListItem\",\"position\":1,\"name\":\"Home\",\"item\":\"https:\/\/cabol.eu\/de\/\"},{\"@type\":\"ListItem\",\"position\":2,\"name\":\"Produkte\",\"item\":\"https:\/\/cabol.eu\/de\/produkte\/\"},{\"@type\":\"ListItem\",\"position\":3,\"name\":\"Andere hydraulische und elektrohydraulische L\u00f6sungen\",\"item\":\"https:\/\/cabol.eu\/de\/produkte\/andere-hydraulische-und-elektrohydraulische-loesungen\/\"},{\"@type\":\"ListItem\",\"position\":4,\"name\":\"Trolley, batteriebetriebenes Hydraulikaggregat, das Druck erzeugt\"}]}]}<\/script>\n<!-- \/ Yoast SEO plugin. -->","yoast_head_json":{"title":"Trolley, batteriebetriebenes Hydraulikaggregat, das Druck erzeugt - Cabol","description":"Trolley, batteriebetriebene Hydraulikeinheit zur Druckerzeugung","robots":{"index":"index","follow":"follow","max-snippet":"max-snippet:-1","max-image-preview":"max-image-preview:large","max-video-preview":"max-video-preview:-1"},"canonical":"https:\/\/cabol.eu\/de\/produkte\/andere-hydraulische-und-elektrohydraulische-loesungen\/trolley-batteriebetriebenes-hydraulikaggregat-das-druck-erzeugt\/","og_locale":"de_DE","og_type":"article","og_title":"Trolley, batteriebetriebenes Hydraulikaggregat, das Druck erzeugt - Cabol","og_description":"Trolley, batteriebetriebene Hydraulikeinheit zur Druckerzeugung","og_url":"https:\/\/cabol.eu\/de\/produkte\/andere-hydraulische-und-elektrohydraulische-loesungen\/trolley-batteriebetriebenes-hydraulikaggregat-das-druck-erzeugt\/","og_site_name":"Cabol","article_modified_time":"2025-08-07T15:21:04+00:00","og_image":[{"width":800,"height":600,"url":"https:\/\/cabol.eu\/wp-content\/uploads\/2022\/07\/TrolleyVS1_unita-idraulica-a-batteria.jpg","type":"image\/jpeg"}],"twitter_card":"summary_large_image","twitter_misc":{"Est. reading time":"1 minute"},"schema":{"@context":"https:\/\/schema.org","@graph":[{"@type":"Organization","@id":"https:\/\/cabol.eu\/#organization","name":"Cabol","url":"https:\/\/cabol.eu\/","sameAs":["https:\/\/www.instagram.com\/cabolfluidengineering?igsh=MTVjYXUyb2ttcXg3bw==&amp;utm_source=qr","https:\/\/www.linkedin.com\/company\/cabol-fluid-engineering\/?viewAsMember=true","https:\/\/www.youtube.com\/@cabolfluidengineering9499"],"logo":{"@type":"ImageObject","@id":"https:\/\/cabol.eu\/#logo","inLanguage":"de-DE","url":"https:\/\/cabol.eu\/cabol2021\/wp-content\/uploads\/2021\/03\/logo-cabol.png","contentUrl":"https:\/\/cabol.eu\/cabol2021\/wp-content\/uploads\/2021\/03\/logo-cabol.png","width":800,"height":280,"caption":"Cabol"},"image":{"@id":"https:\/\/cabol.eu\/#logo"}},{"@type":"WebSite","@id":"https:\/\/cabol.eu\/#website","url":"https:\/\/cabol.eu\/","name":"Cabol","description":"Fluid Engineering","publisher":{"@id":"https:\/\/cabol.eu\/#organization"},"potentialAction":[{"@type":"SearchAction","target":{"@type":"EntryPoint","urlTemplate":"https:\/\/cabol.eu\/?s={search_term_string}"},"query-input":"required name=search_term_string"}],"inLanguage":"de-DE"},{"@type":"ImageObject","@id":"https:\/\/cabol.eu\/de\/produkte\/andere-hydraulische-und-elektrohydraulische-loesungen\/trolley-batteriebetriebenes-hydraulikaggregat-das-druck-erzeugt\/#primaryimage","inLanguage":"de-DE","url":"https:\/\/cabol.eu\/wp-content\/uploads\/2022\/07\/TrolleyVS1_unita-idraulica-a-batteria.jpg","contentUrl":"https:\/\/cabol.eu\/wp-content\/uploads\/2022\/07\/TrolleyVS1_unita-idraulica-a-batteria.jpg","width":800,"height":600,"caption":"Trolley, unit\u00e0 idraulica a batteria che genera pressione"},{"@type":"WebPage","@id":"https:\/\/cabol.eu\/de\/produkte\/andere-hydraulische-und-elektrohydraulische-loesungen\/trolley-batteriebetriebenes-hydraulikaggregat-das-druck-erzeugt\/#webpage","url":"https:\/\/cabol.eu\/de\/produkte\/andere-hydraulische-und-elektrohydraulische-loesungen\/trolley-batteriebetriebenes-hydraulikaggregat-das-druck-erzeugt\/","name":"Trolley, batteriebetriebenes Hydraulikaggregat, das Druck erzeugt - Cabol","isPartOf":{"@id":"https:\/\/cabol.eu\/#website"},"primaryImageOfPage":{"@id":"https:\/\/cabol.eu\/de\/produkte\/andere-hydraulische-und-elektrohydraulische-loesungen\/trolley-batteriebetriebenes-hydraulikaggregat-das-druck-erzeugt\/#primaryimage"},"datePublished":"2022-07-01T13:42:28+00:00","dateModified":"2025-08-07T15:21:04+00:00","description":"Trolley, batteriebetriebene Hydraulikeinheit zur Druckerzeugung","breadcrumb":{"@id":"https:\/\/cabol.eu\/de\/produkte\/andere-hydraulische-und-elektrohydraulische-loesungen\/trolley-batteriebetriebenes-hydraulikaggregat-das-druck-erzeugt\/#breadcrumb"},"inLanguage":"de-DE","potentialAction":[{"@type":"ReadAction","target":["https:\/\/cabol.eu\/de\/produkte\/andere-hydraulische-und-elektrohydraulische-loesungen\/trolley-batteriebetriebenes-hydraulikaggregat-das-druck-erzeugt\/"]}]},{"@type":"BreadcrumbList","@id":"https:\/\/cabol.eu\/de\/produkte\/andere-hydraulische-und-elektrohydraulische-loesungen\/trolley-batteriebetriebenes-hydraulikaggregat-das-druck-erzeugt\/#breadcrumb","itemListElement":[{"@type":"ListItem","position":1,"name":"Home","item":"https:\/\/cabol.eu\/de\/"},{"@type":"ListItem","position":2,"name":"Produkte","item":"https:\/\/cabol.eu\/de\/produkte\/"},{"@type":"ListItem","position":3,"name":"Andere hydraulische und elektrohydraulische L\u00f6sungen","item":"https:\/\/cabol.eu\/de\/produkte\/andere-hydraulische-und-elektrohydraulische-loesungen\/"},{"@type":"ListItem","position":4,"name":"Trolley, batteriebetriebenes Hydraulikaggregat, das Druck erzeugt"}]}]}},"_links":{"self":[{"href":"https:\/\/cabol.eu\/de\/wp-json\/wp\/v2\/pages\/5386"}],"collection":[{"href":"https:\/\/cabol.eu\/de\/wp-json\/wp\/v2\/pages"}],"about":[{"href":"https:\/\/cabol.eu\/de\/wp-json\/wp\/v2\/types\/page"}],"author":[{"embeddable":true,"href":"https:\/\/cabol.eu\/de\/wp-json\/wp\/v2\/users\/1"}],"replies":[{"embeddable":true,"href":"https:\/\/cabol.eu\/de\/wp-json\/wp\/v2\/comments?post=5386"}],"version-history":[{"count":2,"href":"https:\/\/cabol.eu\/de\/wp-json\/wp\/v2\/pages\/5386\/revisions"}],"predecessor-version":[{"id":17083,"href":"https:\/\/cabol.eu\/de\/wp-json\/wp\/v2\/pages\/5386\/revisions\/17083"}],"up":[{"embeddable":true,"href":"https:\/\/cabol.eu\/de\/wp-json\/wp\/v2\/pages\/5410"}],"wp:featuredmedia":[{"embeddable":true,"href":"https:\/\/cabol.eu\/de\/wp-json\/wp\/v2\/media\/5353"}],"wp:attachment":[{"href":"https:\/\/cabol.eu\/de\/wp-json\/wp\/v2\/media?parent=5386"}],"wp:term":[{"taxonomy":"category","embeddable":true,"href":"https:\/\/cabol.eu\/de\/wp-json\/wp\/v2\/categories?post=5386"},{"taxonomy":"post_tag","embeddable":true,"href":"https:\/\/cabol.eu\/de\/wp-json\/wp\/v2\/tags?post=5386"}],"curies":[{"name":"wp","href":"https:\/\/api.w.org\/{rel}","templated":true}]}}