{"id":5392,"date":"2022-07-01T16:03:06","date_gmt":"2022-07-01T14:03:06","guid":{"rendered":"https:\/\/cabol.eu\/stability-elektrohydraulisches-system-zur-kontrolle-des-drucks-in-den-keramikformen\/"},"modified":"2025-08-07T11:51:09","modified_gmt":"2025-08-07T09:51:09","slug":"stability-elektrohydraulisches-system-zur-kontrolle-des-drucks-in-den-keramikformen","status":"publish","type":"page","link":"https:\/\/cabol.eu\/de\/produkte\/andere-hydraulische-und-elektrohydraulische-loesungen\/stability-elektrohydraulisches-system-zur-kontrolle-des-drucks-in-den-keramikformen\/","title":{"rendered":"Automatische Stability, automatisches elektrohydraulisches Kontrollsystem Innendruck in den isostatischen Pads auf den Keramikformen"},"content":{"rendered":"\n<p>Die automatische Stability \u00fcberwacht den hydraulischen Druck im Inneren isostatische Pads aus Keramikformen. Stellt Druckwerte wieder her eingestellt werden, wenn kleinere Verluste dies erforderlich machen. Das System wird an die in den Keramikformen vorhandenen Hydraulikanschl\u00fcsse angeschlossen. <\/p>\n\n\n\n<p>Automatische \u00dcberpr\u00fcfung der maximalen und minimalen Dr\u00fccke. Das System ist mit optischer und akustischer Signalisierung ausgestattet, Dar\u00fcber hinaus kann es \u00fcber einen Zubeh\u00f6ranschluss mit der Presse verbunden werden Stoppen des Betriebs bei Druckanomalien.<\/p>\n\n\n\n<p> <\/p>\n","protected":false},"excerpt":{"rendered":"<p>Die automatische Stability \u00fcberwacht den hydraulischen Druck im Inneren isostatische Pads aus Keramikformen. Stellt Druckwerte wieder her eingestellt werden, wenn kleinere Verluste dies erforderlich machen. Das System wird an die in den Keramikformen vorhandenen Hydraulikanschl\u00fcsse angeschlossen. Automatische \u00dcberpr\u00fcfung der maximalen und minimalen Dr\u00fccke. Das System ist mit optischer und akustischer Signalisierung ausgestattet, Dar\u00fcber hinaus kann [&hellip;]<\/p>\n","protected":false},"author":1,"featured_media":7240,"parent":5410,"menu_order":0,"comment_status":"closed","ping_status":"closed","template":"","meta":{"_et_pb_use_builder":"off","_et_pb_old_content":"","_et_gb_content_width":""},"categories":[58,67],"tags":[],"acf":[],"yoast_head":"<!-- This site is optimized with the Yoast SEO plugin v18.5.1 - https:\/\/yoast.com\/wordpress\/plugins\/seo\/ -->\n<title>Manuelle Stabilit\u00e4t, internes Druckkontrollsystem f\u00fcr Pads - Cabol<\/title>\n<meta name=\"description\" content=\"Manuelle Stabilit\u00e4t, elektrohydraulisches System zur Steuerung des Innendrucks in den Keramikpads\" \/>\n<meta name=\"robots\" content=\"index, follow, max-snippet:-1, max-image-preview:large, max-video-preview:-1\" \/>\n<link rel=\"canonical\" href=\"https:\/\/cabol.eu\/de\/produkte\/andere-hydraulische-und-elektrohydraulische-loesungen\/stability-elektrohydraulisches-system-zur-kontrolle-des-drucks-in-den-keramikformen\/\" \/>\n<meta property=\"og:locale\" content=\"de_DE\" \/>\n<meta property=\"og:type\" content=\"article\" \/>\n<meta property=\"og:title\" content=\"Manuelle Stabilit\u00e4t, internes Druckkontrollsystem f\u00fcr Pads - Cabol\" \/>\n<meta property=\"og:description\" content=\"Manuelle Stabilit\u00e4t, elektrohydraulisches System zur Steuerung des Innendrucks in den Keramikpads\" \/>\n<meta property=\"og:url\" content=\"https:\/\/cabol.eu\/de\/produkte\/andere-hydraulische-und-elektrohydraulische-loesungen\/stability-elektrohydraulisches-system-zur-kontrolle-des-drucks-in-den-keramikformen\/\" \/>\n<meta property=\"og:site_name\" content=\"Cabol\" \/>\n<meta property=\"article:modified_time\" content=\"2025-08-07T09:51:09+00:00\" \/>\n<meta property=\"og:image\" content=\"https:\/\/cabol.eu\/wp-content\/uploads\/2022\/09\/Stability-automatico.jpg\" \/>\n\t<meta property=\"og:image:width\" content=\"800\" \/>\n\t<meta property=\"og:image:height\" content=\"600\" \/>\n\t<meta property=\"og:image:type\" content=\"image\/jpeg\" \/>\n<meta name=\"twitter:card\" content=\"summary_large_image\" \/>\n<meta name=\"twitter:label1\" content=\"Est. reading time\" \/>\n\t<meta name=\"twitter:data1\" content=\"1 minute\" \/>\n<script type=\"application\/ld+json\" class=\"yoast-schema-graph\">{\"@context\":\"https:\/\/schema.org\",\"@graph\":[{\"@type\":\"Organization\",\"@id\":\"https:\/\/cabol.eu\/#organization\",\"name\":\"Cabol\",\"url\":\"https:\/\/cabol.eu\/\",\"sameAs\":[\"https:\/\/www.instagram.com\/cabolfluidengineering?igsh=MTVjYXUyb2ttcXg3bw==&amp;utm_source=qr\",\"https:\/\/www.linkedin.com\/company\/cabol-fluid-engineering\/?viewAsMember=true\",\"https:\/\/www.youtube.com\/@cabolfluidengineering9499\"],\"logo\":{\"@type\":\"ImageObject\",\"@id\":\"https:\/\/cabol.eu\/#logo\",\"inLanguage\":\"de-DE\",\"url\":\"https:\/\/cabol.eu\/cabol2021\/wp-content\/uploads\/2021\/03\/logo-cabol.png\",\"contentUrl\":\"https:\/\/cabol.eu\/cabol2021\/wp-content\/uploads\/2021\/03\/logo-cabol.png\",\"width\":800,\"height\":280,\"caption\":\"Cabol\"},\"image\":{\"@id\":\"https:\/\/cabol.eu\/#logo\"}},{\"@type\":\"WebSite\",\"@id\":\"https:\/\/cabol.eu\/#website\",\"url\":\"https:\/\/cabol.eu\/\",\"name\":\"Cabol\",\"description\":\"Fluid Engineering\",\"publisher\":{\"@id\":\"https:\/\/cabol.eu\/#organization\"},\"potentialAction\":[{\"@type\":\"SearchAction\",\"target\":{\"@type\":\"EntryPoint\",\"urlTemplate\":\"https:\/\/cabol.eu\/?s={search_term_string}\"},\"query-input\":\"required name=search_term_string\"}],\"inLanguage\":\"de-DE\"},{\"@type\":\"ImageObject\",\"@id\":\"https:\/\/cabol.eu\/de\/produkte\/andere-hydraulische-und-elektrohydraulische-loesungen\/stability-elektrohydraulisches-system-zur-kontrolle-des-drucks-in-den-keramikformen\/#primaryimage\",\"inLanguage\":\"de-DE\",\"url\":\"https:\/\/cabol.eu\/wp-content\/uploads\/2022\/09\/Stability-automatico.jpg\",\"contentUrl\":\"https:\/\/cabol.eu\/wp-content\/uploads\/2022\/09\/Stability-automatico.jpg\",\"width\":800,\"height\":600,\"caption\":\"Stability, sistema elettroidraulico automatico di controllo pressione interna ai tamponi isostatici\"},{\"@type\":\"WebPage\",\"@id\":\"https:\/\/cabol.eu\/de\/produkte\/andere-hydraulische-und-elektrohydraulische-loesungen\/stability-elektrohydraulisches-system-zur-kontrolle-des-drucks-in-den-keramikformen\/#webpage\",\"url\":\"https:\/\/cabol.eu\/de\/produkte\/andere-hydraulische-und-elektrohydraulische-loesungen\/stability-elektrohydraulisches-system-zur-kontrolle-des-drucks-in-den-keramikformen\/\",\"name\":\"Manuelle Stabilit\u00e4t, internes Druckkontrollsystem f\u00fcr Pads - Cabol\",\"isPartOf\":{\"@id\":\"https:\/\/cabol.eu\/#website\"},\"primaryImageOfPage\":{\"@id\":\"https:\/\/cabol.eu\/de\/produkte\/andere-hydraulische-und-elektrohydraulische-loesungen\/stability-elektrohydraulisches-system-zur-kontrolle-des-drucks-in-den-keramikformen\/#primaryimage\"},\"datePublished\":\"2022-07-01T14:03:06+00:00\",\"dateModified\":\"2025-08-07T09:51:09+00:00\",\"description\":\"Manuelle Stabilit\u00e4t, elektrohydraulisches System zur Steuerung des Innendrucks in den Keramikpads\",\"breadcrumb\":{\"@id\":\"https:\/\/cabol.eu\/de\/produkte\/andere-hydraulische-und-elektrohydraulische-loesungen\/stability-elektrohydraulisches-system-zur-kontrolle-des-drucks-in-den-keramikformen\/#breadcrumb\"},\"inLanguage\":\"de-DE\",\"potentialAction\":[{\"@type\":\"ReadAction\",\"target\":[\"https:\/\/cabol.eu\/de\/produkte\/andere-hydraulische-und-elektrohydraulische-loesungen\/stability-elektrohydraulisches-system-zur-kontrolle-des-drucks-in-den-keramikformen\/\"]}]},{\"@type\":\"BreadcrumbList\",\"@id\":\"https:\/\/cabol.eu\/de\/produkte\/andere-hydraulische-und-elektrohydraulische-loesungen\/stability-elektrohydraulisches-system-zur-kontrolle-des-drucks-in-den-keramikformen\/#breadcrumb\",\"itemListElement\":[{\"@type\":\"ListItem\",\"position\":1,\"name\":\"Home\",\"item\":\"https:\/\/cabol.eu\/de\/\"},{\"@type\":\"ListItem\",\"position\":2,\"name\":\"Produkte\",\"item\":\"https:\/\/cabol.eu\/de\/produkte\/\"},{\"@type\":\"ListItem\",\"position\":3,\"name\":\"Andere hydraulische und elektrohydraulische L\u00f6sungen\",\"item\":\"https:\/\/cabol.eu\/de\/produkte\/andere-hydraulische-und-elektrohydraulische-loesungen\/\"},{\"@type\":\"ListItem\",\"position\":4,\"name\":\"Automatische Stability, automatisches elektrohydraulisches Kontrollsystem Innendruck in den isostatischen Pads auf den Keramikformen\"}]}]}<\/script>\n<!-- \/ Yoast SEO plugin. -->","yoast_head_json":{"title":"Manuelle Stabilit\u00e4t, internes Druckkontrollsystem f\u00fcr Pads - Cabol","description":"Manuelle Stabilit\u00e4t, elektrohydraulisches System zur Steuerung des Innendrucks in den Keramikpads","robots":{"index":"index","follow":"follow","max-snippet":"max-snippet:-1","max-image-preview":"max-image-preview:large","max-video-preview":"max-video-preview:-1"},"canonical":"https:\/\/cabol.eu\/de\/produkte\/andere-hydraulische-und-elektrohydraulische-loesungen\/stability-elektrohydraulisches-system-zur-kontrolle-des-drucks-in-den-keramikformen\/","og_locale":"de_DE","og_type":"article","og_title":"Manuelle Stabilit\u00e4t, internes Druckkontrollsystem f\u00fcr Pads - Cabol","og_description":"Manuelle Stabilit\u00e4t, elektrohydraulisches System zur Steuerung des Innendrucks in den Keramikpads","og_url":"https:\/\/cabol.eu\/de\/produkte\/andere-hydraulische-und-elektrohydraulische-loesungen\/stability-elektrohydraulisches-system-zur-kontrolle-des-drucks-in-den-keramikformen\/","og_site_name":"Cabol","article_modified_time":"2025-08-07T09:51:09+00:00","og_image":[{"width":800,"height":600,"url":"https:\/\/cabol.eu\/wp-content\/uploads\/2022\/09\/Stability-automatico.jpg","type":"image\/jpeg"}],"twitter_card":"summary_large_image","twitter_misc":{"Est. reading time":"1 minute"},"schema":{"@context":"https:\/\/schema.org","@graph":[{"@type":"Organization","@id":"https:\/\/cabol.eu\/#organization","name":"Cabol","url":"https:\/\/cabol.eu\/","sameAs":["https:\/\/www.instagram.com\/cabolfluidengineering?igsh=MTVjYXUyb2ttcXg3bw==&amp;utm_source=qr","https:\/\/www.linkedin.com\/company\/cabol-fluid-engineering\/?viewAsMember=true","https:\/\/www.youtube.com\/@cabolfluidengineering9499"],"logo":{"@type":"ImageObject","@id":"https:\/\/cabol.eu\/#logo","inLanguage":"de-DE","url":"https:\/\/cabol.eu\/cabol2021\/wp-content\/uploads\/2021\/03\/logo-cabol.png","contentUrl":"https:\/\/cabol.eu\/cabol2021\/wp-content\/uploads\/2021\/03\/logo-cabol.png","width":800,"height":280,"caption":"Cabol"},"image":{"@id":"https:\/\/cabol.eu\/#logo"}},{"@type":"WebSite","@id":"https:\/\/cabol.eu\/#website","url":"https:\/\/cabol.eu\/","name":"Cabol","description":"Fluid Engineering","publisher":{"@id":"https:\/\/cabol.eu\/#organization"},"potentialAction":[{"@type":"SearchAction","target":{"@type":"EntryPoint","urlTemplate":"https:\/\/cabol.eu\/?s={search_term_string}"},"query-input":"required name=search_term_string"}],"inLanguage":"de-DE"},{"@type":"ImageObject","@id":"https:\/\/cabol.eu\/de\/produkte\/andere-hydraulische-und-elektrohydraulische-loesungen\/stability-elektrohydraulisches-system-zur-kontrolle-des-drucks-in-den-keramikformen\/#primaryimage","inLanguage":"de-DE","url":"https:\/\/cabol.eu\/wp-content\/uploads\/2022\/09\/Stability-automatico.jpg","contentUrl":"https:\/\/cabol.eu\/wp-content\/uploads\/2022\/09\/Stability-automatico.jpg","width":800,"height":600,"caption":"Stability, sistema elettroidraulico automatico di controllo pressione interna ai tamponi isostatici"},{"@type":"WebPage","@id":"https:\/\/cabol.eu\/de\/produkte\/andere-hydraulische-und-elektrohydraulische-loesungen\/stability-elektrohydraulisches-system-zur-kontrolle-des-drucks-in-den-keramikformen\/#webpage","url":"https:\/\/cabol.eu\/de\/produkte\/andere-hydraulische-und-elektrohydraulische-loesungen\/stability-elektrohydraulisches-system-zur-kontrolle-des-drucks-in-den-keramikformen\/","name":"Manuelle Stabilit\u00e4t, internes Druckkontrollsystem f\u00fcr Pads - Cabol","isPartOf":{"@id":"https:\/\/cabol.eu\/#website"},"primaryImageOfPage":{"@id":"https:\/\/cabol.eu\/de\/produkte\/andere-hydraulische-und-elektrohydraulische-loesungen\/stability-elektrohydraulisches-system-zur-kontrolle-des-drucks-in-den-keramikformen\/#primaryimage"},"datePublished":"2022-07-01T14:03:06+00:00","dateModified":"2025-08-07T09:51:09+00:00","description":"Manuelle Stabilit\u00e4t, elektrohydraulisches System zur Steuerung des Innendrucks in den Keramikpads","breadcrumb":{"@id":"https:\/\/cabol.eu\/de\/produkte\/andere-hydraulische-und-elektrohydraulische-loesungen\/stability-elektrohydraulisches-system-zur-kontrolle-des-drucks-in-den-keramikformen\/#breadcrumb"},"inLanguage":"de-DE","potentialAction":[{"@type":"ReadAction","target":["https:\/\/cabol.eu\/de\/produkte\/andere-hydraulische-und-elektrohydraulische-loesungen\/stability-elektrohydraulisches-system-zur-kontrolle-des-drucks-in-den-keramikformen\/"]}]},{"@type":"BreadcrumbList","@id":"https:\/\/cabol.eu\/de\/produkte\/andere-hydraulische-und-elektrohydraulische-loesungen\/stability-elektrohydraulisches-system-zur-kontrolle-des-drucks-in-den-keramikformen\/#breadcrumb","itemListElement":[{"@type":"ListItem","position":1,"name":"Home","item":"https:\/\/cabol.eu\/de\/"},{"@type":"ListItem","position":2,"name":"Produkte","item":"https:\/\/cabol.eu\/de\/produkte\/"},{"@type":"ListItem","position":3,"name":"Andere hydraulische und elektrohydraulische L\u00f6sungen","item":"https:\/\/cabol.eu\/de\/produkte\/andere-hydraulische-und-elektrohydraulische-loesungen\/"},{"@type":"ListItem","position":4,"name":"Automatische Stability, automatisches elektrohydraulisches Kontrollsystem Innendruck in den isostatischen Pads auf den Keramikformen"}]}]}},"_links":{"self":[{"href":"https:\/\/cabol.eu\/de\/wp-json\/wp\/v2\/pages\/5392"}],"collection":[{"href":"https:\/\/cabol.eu\/de\/wp-json\/wp\/v2\/pages"}],"about":[{"href":"https:\/\/cabol.eu\/de\/wp-json\/wp\/v2\/types\/page"}],"author":[{"embeddable":true,"href":"https:\/\/cabol.eu\/de\/wp-json\/wp\/v2\/users\/1"}],"replies":[{"embeddable":true,"href":"https:\/\/cabol.eu\/de\/wp-json\/wp\/v2\/comments?post=5392"}],"version-history":[{"count":4,"href":"https:\/\/cabol.eu\/de\/wp-json\/wp\/v2\/pages\/5392\/revisions"}],"predecessor-version":[{"id":11642,"href":"https:\/\/cabol.eu\/de\/wp-json\/wp\/v2\/pages\/5392\/revisions\/11642"}],"up":[{"embeddable":true,"href":"https:\/\/cabol.eu\/de\/wp-json\/wp\/v2\/pages\/5410"}],"wp:featuredmedia":[{"embeddable":true,"href":"https:\/\/cabol.eu\/de\/wp-json\/wp\/v2\/media\/7240"}],"wp:attachment":[{"href":"https:\/\/cabol.eu\/de\/wp-json\/wp\/v2\/media?parent=5392"}],"wp:term":[{"taxonomy":"category","embeddable":true,"href":"https:\/\/cabol.eu\/de\/wp-json\/wp\/v2\/categories?post=5392"},{"taxonomy":"post_tag","embeddable":true,"href":"https:\/\/cabol.eu\/de\/wp-json\/wp\/v2\/tags?post=5392"}],"curies":[{"name":"wp","href":"https:\/\/api.w.org\/{rel}","templated":true}]}}