{"id":5398,"date":"2022-07-01T16:05:26","date_gmt":"2022-07-01T14:05:26","guid":{"rendered":"https:\/\/cabol.eu\/produkte\/hydraulikbloecke\/manifold-blocks-for-hydraulic-servo-cylinders\/"},"modified":"2025-08-07T14:58:26","modified_gmt":"2025-08-07T12:58:26","slug":"verteilerbloecke-fuer-hydraulische-servo-zylinder","status":"publish","type":"page","link":"https:\/\/cabol.eu\/de\/produkte\/hydraulikbloecke\/verteilerbloecke-fuer-hydraulische-servo-zylinder\/","title":{"rendered":"Verteilerbl\u00f6cke f\u00fcr hydraulische Servo-Zylinder"},"content":{"rendered":"\n<p>Es handelt sich um kundenspezifische Bl\u00f6cke aus Gusseisen, verschiedenen Stahlsorten und Aluminiumlegierungen. Sie k\u00f6nnen Ventile verschiedener Typen aufnehmen, sowohl Platten- als auch Patronenventile. Nach jahrelanger Herstellung von Hydraulikbl\u00f6cken f\u00fcr eine Vielzahl von Branchen und f\u00fcr eine Vielzahl von Anwendungen auf Hydraulikzylindern hat Cabol eine solche Erfahrung erreicht, dass wir in der Lage sind, auf dem Markt die komplette Lieferung von Bl\u00f6cken anzubieten, die von uns entworfen oder einfach nach Kundenzeichnungen gebaut werden. <\/p>\n\n\n\n<div class=\"wp-block-buttons\">\n<div class=\"wp-block-button download-pdf\"><a class=\"wp-block-button__link\" target=\"_blank\" rel=\"noreferrer noopener\">Download PDF<\/a><\/div>\n<\/div>\n","protected":false},"excerpt":{"rendered":"<p>Es handelt sich um kundenspezifische Bl\u00f6cke aus Gusseisen, verschiedenen Stahlsorten und Aluminiumlegierungen. Sie k\u00f6nnen Ventile verschiedener Typen aufnehmen, sowohl Platten- als auch Patronenventile. Nach jahrelanger Herstellung von Hydraulikbl\u00f6cken f\u00fcr eine Vielzahl von Branchen und f\u00fcr eine Vielzahl von Anwendungen auf Hydraulikzylindern hat Cabol eine solche Erfahrung erreicht, dass wir in der Lage sind, auf dem [&hellip;]<\/p>\n","protected":false},"author":1,"featured_media":5346,"parent":2028,"menu_order":0,"comment_status":"closed","ping_status":"closed","template":"","meta":{"_et_pb_use_builder":"off","_et_pb_old_content":"","_et_gb_content_width":""},"categories":[59],"tags":[],"acf":[],"yoast_head":"<!-- This site is optimized with the Yoast SEO plugin v18.5.1 - https:\/\/yoast.com\/wordpress\/plugins\/seo\/ -->\n<title>Verteilerbl\u00f6cke f\u00fcr hydraulische Servo-Zylinder - Cabol<\/title>\n<meta name=\"description\" content=\"Verteilerbl\u00f6cke f\u00fcr hydraulische Servozylinder. Komplette Lieferung von Bl\u00f6cken, die von uns entworfen oder einfach nach Kundenspezifikation gebaut werden.\" \/>\n<meta name=\"robots\" content=\"index, follow, max-snippet:-1, max-image-preview:large, max-video-preview:-1\" \/>\n<link rel=\"canonical\" href=\"https:\/\/cabol.eu\/de\/produkte\/hydraulikbloecke\/verteilerbloecke-fuer-hydraulische-servo-zylinder\/\" \/>\n<meta property=\"og:locale\" content=\"de_DE\" \/>\n<meta property=\"og:type\" content=\"article\" \/>\n<meta property=\"og:title\" content=\"Verteilerbl\u00f6cke f\u00fcr hydraulische Servo-Zylinder - Cabol\" \/>\n<meta property=\"og:description\" content=\"Verteilerbl\u00f6cke f\u00fcr hydraulische Servozylinder. Komplette Lieferung von Bl\u00f6cken, die von uns entworfen oder einfach nach Kundenspezifikation gebaut werden.\" \/>\n<meta property=\"og:url\" content=\"https:\/\/cabol.eu\/de\/produkte\/hydraulikbloecke\/verteilerbloecke-fuer-hydraulische-servo-zylinder\/\" \/>\n<meta property=\"og:site_name\" content=\"Cabol\" \/>\n<meta property=\"article:modified_time\" content=\"2025-08-07T12:58:26+00:00\" \/>\n<meta property=\"og:image\" content=\"https:\/\/cabol.eu\/wp-content\/uploads\/2022\/07\/Blocchi-Manifold-per-cilindri-servocilindri-idraulici.jpg\" \/>\n\t<meta property=\"og:image:width\" content=\"800\" \/>\n\t<meta property=\"og:image:height\" content=\"600\" \/>\n\t<meta property=\"og:image:type\" content=\"image\/jpeg\" \/>\n<meta name=\"twitter:card\" content=\"summary_large_image\" \/>\n<meta name=\"twitter:label1\" content=\"Est. reading time\" \/>\n\t<meta name=\"twitter:data1\" content=\"1 minute\" \/>\n<script type=\"application\/ld+json\" class=\"yoast-schema-graph\">{\"@context\":\"https:\/\/schema.org\",\"@graph\":[{\"@type\":\"Organization\",\"@id\":\"https:\/\/cabol.eu\/#organization\",\"name\":\"Cabol\",\"url\":\"https:\/\/cabol.eu\/\",\"sameAs\":[\"https:\/\/www.instagram.com\/cabolfluidengineering?igsh=MTVjYXUyb2ttcXg3bw==&amp;utm_source=qr\",\"https:\/\/www.linkedin.com\/company\/cabol-fluid-engineering\/?viewAsMember=true\",\"https:\/\/www.youtube.com\/@cabolfluidengineering9499\"],\"logo\":{\"@type\":\"ImageObject\",\"@id\":\"https:\/\/cabol.eu\/#logo\",\"inLanguage\":\"de-DE\",\"url\":\"https:\/\/cabol.eu\/cabol2021\/wp-content\/uploads\/2021\/03\/logo-cabol.png\",\"contentUrl\":\"https:\/\/cabol.eu\/cabol2021\/wp-content\/uploads\/2021\/03\/logo-cabol.png\",\"width\":800,\"height\":280,\"caption\":\"Cabol\"},\"image\":{\"@id\":\"https:\/\/cabol.eu\/#logo\"}},{\"@type\":\"WebSite\",\"@id\":\"https:\/\/cabol.eu\/#website\",\"url\":\"https:\/\/cabol.eu\/\",\"name\":\"Cabol\",\"description\":\"Fluid Engineering\",\"publisher\":{\"@id\":\"https:\/\/cabol.eu\/#organization\"},\"potentialAction\":[{\"@type\":\"SearchAction\",\"target\":{\"@type\":\"EntryPoint\",\"urlTemplate\":\"https:\/\/cabol.eu\/?s={search_term_string}\"},\"query-input\":\"required name=search_term_string\"}],\"inLanguage\":\"de-DE\"},{\"@type\":\"ImageObject\",\"@id\":\"https:\/\/cabol.eu\/de\/produkte\/hydraulikbloecke\/verteilerbloecke-fuer-hydraulische-servo-zylinder\/#primaryimage\",\"inLanguage\":\"de-DE\",\"url\":\"https:\/\/cabol.eu\/wp-content\/uploads\/2022\/07\/Blocchi-Manifold-per-cilindri-servocilindri-idraulici.jpg\",\"contentUrl\":\"https:\/\/cabol.eu\/wp-content\/uploads\/2022\/07\/Blocchi-Manifold-per-cilindri-servocilindri-idraulici.jpg\",\"width\":800,\"height\":600},{\"@type\":\"WebPage\",\"@id\":\"https:\/\/cabol.eu\/de\/produkte\/hydraulikbloecke\/verteilerbloecke-fuer-hydraulische-servo-zylinder\/#webpage\",\"url\":\"https:\/\/cabol.eu\/de\/produkte\/hydraulikbloecke\/verteilerbloecke-fuer-hydraulische-servo-zylinder\/\",\"name\":\"Verteilerbl\u00f6cke f\u00fcr hydraulische Servo-Zylinder - Cabol\",\"isPartOf\":{\"@id\":\"https:\/\/cabol.eu\/#website\"},\"primaryImageOfPage\":{\"@id\":\"https:\/\/cabol.eu\/de\/produkte\/hydraulikbloecke\/verteilerbloecke-fuer-hydraulische-servo-zylinder\/#primaryimage\"},\"datePublished\":\"2022-07-01T14:05:26+00:00\",\"dateModified\":\"2025-08-07T12:58:26+00:00\",\"description\":\"Verteilerbl\u00f6cke f\u00fcr hydraulische Servozylinder. Komplette Lieferung von Bl\u00f6cken, die von uns entworfen oder einfach nach Kundenspezifikation gebaut werden.\",\"breadcrumb\":{\"@id\":\"https:\/\/cabol.eu\/de\/produkte\/hydraulikbloecke\/verteilerbloecke-fuer-hydraulische-servo-zylinder\/#breadcrumb\"},\"inLanguage\":\"de-DE\",\"potentialAction\":[{\"@type\":\"ReadAction\",\"target\":[\"https:\/\/cabol.eu\/de\/produkte\/hydraulikbloecke\/verteilerbloecke-fuer-hydraulische-servo-zylinder\/\"]}]},{\"@type\":\"BreadcrumbList\",\"@id\":\"https:\/\/cabol.eu\/de\/produkte\/hydraulikbloecke\/verteilerbloecke-fuer-hydraulische-servo-zylinder\/#breadcrumb\",\"itemListElement\":[{\"@type\":\"ListItem\",\"position\":1,\"name\":\"Home\",\"item\":\"https:\/\/cabol.eu\/de\/\"},{\"@type\":\"ListItem\",\"position\":2,\"name\":\"Produkte\",\"item\":\"https:\/\/cabol.eu\/de\/produkte\/\"},{\"@type\":\"ListItem\",\"position\":3,\"name\":\"Hydraulikbl\u00f6cke\",\"item\":\"https:\/\/cabol.eu\/de\/produkte\/hydraulikbloecke\/\"},{\"@type\":\"ListItem\",\"position\":4,\"name\":\"Verteilerbl\u00f6cke f\u00fcr hydraulische Servo-Zylinder\"}]}]}<\/script>\n<!-- \/ Yoast SEO plugin. -->","yoast_head_json":{"title":"Verteilerbl\u00f6cke f\u00fcr hydraulische Servo-Zylinder - Cabol","description":"Verteilerbl\u00f6cke f\u00fcr hydraulische Servozylinder. Komplette Lieferung von Bl\u00f6cken, die von uns entworfen oder einfach nach Kundenspezifikation gebaut werden.","robots":{"index":"index","follow":"follow","max-snippet":"max-snippet:-1","max-image-preview":"max-image-preview:large","max-video-preview":"max-video-preview:-1"},"canonical":"https:\/\/cabol.eu\/de\/produkte\/hydraulikbloecke\/verteilerbloecke-fuer-hydraulische-servo-zylinder\/","og_locale":"de_DE","og_type":"article","og_title":"Verteilerbl\u00f6cke f\u00fcr hydraulische Servo-Zylinder - Cabol","og_description":"Verteilerbl\u00f6cke f\u00fcr hydraulische Servozylinder. Komplette Lieferung von Bl\u00f6cken, die von uns entworfen oder einfach nach Kundenspezifikation gebaut werden.","og_url":"https:\/\/cabol.eu\/de\/produkte\/hydraulikbloecke\/verteilerbloecke-fuer-hydraulische-servo-zylinder\/","og_site_name":"Cabol","article_modified_time":"2025-08-07T12:58:26+00:00","og_image":[{"width":800,"height":600,"url":"https:\/\/cabol.eu\/wp-content\/uploads\/2022\/07\/Blocchi-Manifold-per-cilindri-servocilindri-idraulici.jpg","type":"image\/jpeg"}],"twitter_card":"summary_large_image","twitter_misc":{"Est. reading time":"1 minute"},"schema":{"@context":"https:\/\/schema.org","@graph":[{"@type":"Organization","@id":"https:\/\/cabol.eu\/#organization","name":"Cabol","url":"https:\/\/cabol.eu\/","sameAs":["https:\/\/www.instagram.com\/cabolfluidengineering?igsh=MTVjYXUyb2ttcXg3bw==&amp;utm_source=qr","https:\/\/www.linkedin.com\/company\/cabol-fluid-engineering\/?viewAsMember=true","https:\/\/www.youtube.com\/@cabolfluidengineering9499"],"logo":{"@type":"ImageObject","@id":"https:\/\/cabol.eu\/#logo","inLanguage":"de-DE","url":"https:\/\/cabol.eu\/cabol2021\/wp-content\/uploads\/2021\/03\/logo-cabol.png","contentUrl":"https:\/\/cabol.eu\/cabol2021\/wp-content\/uploads\/2021\/03\/logo-cabol.png","width":800,"height":280,"caption":"Cabol"},"image":{"@id":"https:\/\/cabol.eu\/#logo"}},{"@type":"WebSite","@id":"https:\/\/cabol.eu\/#website","url":"https:\/\/cabol.eu\/","name":"Cabol","description":"Fluid Engineering","publisher":{"@id":"https:\/\/cabol.eu\/#organization"},"potentialAction":[{"@type":"SearchAction","target":{"@type":"EntryPoint","urlTemplate":"https:\/\/cabol.eu\/?s={search_term_string}"},"query-input":"required name=search_term_string"}],"inLanguage":"de-DE"},{"@type":"ImageObject","@id":"https:\/\/cabol.eu\/de\/produkte\/hydraulikbloecke\/verteilerbloecke-fuer-hydraulische-servo-zylinder\/#primaryimage","inLanguage":"de-DE","url":"https:\/\/cabol.eu\/wp-content\/uploads\/2022\/07\/Blocchi-Manifold-per-cilindri-servocilindri-idraulici.jpg","contentUrl":"https:\/\/cabol.eu\/wp-content\/uploads\/2022\/07\/Blocchi-Manifold-per-cilindri-servocilindri-idraulici.jpg","width":800,"height":600},{"@type":"WebPage","@id":"https:\/\/cabol.eu\/de\/produkte\/hydraulikbloecke\/verteilerbloecke-fuer-hydraulische-servo-zylinder\/#webpage","url":"https:\/\/cabol.eu\/de\/produkte\/hydraulikbloecke\/verteilerbloecke-fuer-hydraulische-servo-zylinder\/","name":"Verteilerbl\u00f6cke f\u00fcr hydraulische Servo-Zylinder - Cabol","isPartOf":{"@id":"https:\/\/cabol.eu\/#website"},"primaryImageOfPage":{"@id":"https:\/\/cabol.eu\/de\/produkte\/hydraulikbloecke\/verteilerbloecke-fuer-hydraulische-servo-zylinder\/#primaryimage"},"datePublished":"2022-07-01T14:05:26+00:00","dateModified":"2025-08-07T12:58:26+00:00","description":"Verteilerbl\u00f6cke f\u00fcr hydraulische Servozylinder. Komplette Lieferung von Bl\u00f6cken, die von uns entworfen oder einfach nach Kundenspezifikation gebaut werden.","breadcrumb":{"@id":"https:\/\/cabol.eu\/de\/produkte\/hydraulikbloecke\/verteilerbloecke-fuer-hydraulische-servo-zylinder\/#breadcrumb"},"inLanguage":"de-DE","potentialAction":[{"@type":"ReadAction","target":["https:\/\/cabol.eu\/de\/produkte\/hydraulikbloecke\/verteilerbloecke-fuer-hydraulische-servo-zylinder\/"]}]},{"@type":"BreadcrumbList","@id":"https:\/\/cabol.eu\/de\/produkte\/hydraulikbloecke\/verteilerbloecke-fuer-hydraulische-servo-zylinder\/#breadcrumb","itemListElement":[{"@type":"ListItem","position":1,"name":"Home","item":"https:\/\/cabol.eu\/de\/"},{"@type":"ListItem","position":2,"name":"Produkte","item":"https:\/\/cabol.eu\/de\/produkte\/"},{"@type":"ListItem","position":3,"name":"Hydraulikbl\u00f6cke","item":"https:\/\/cabol.eu\/de\/produkte\/hydraulikbloecke\/"},{"@type":"ListItem","position":4,"name":"Verteilerbl\u00f6cke f\u00fcr hydraulische Servo-Zylinder"}]}]}},"_links":{"self":[{"href":"https:\/\/cabol.eu\/de\/wp-json\/wp\/v2\/pages\/5398"}],"collection":[{"href":"https:\/\/cabol.eu\/de\/wp-json\/wp\/v2\/pages"}],"about":[{"href":"https:\/\/cabol.eu\/de\/wp-json\/wp\/v2\/types\/page"}],"author":[{"embeddable":true,"href":"https:\/\/cabol.eu\/de\/wp-json\/wp\/v2\/users\/1"}],"replies":[{"embeddable":true,"href":"https:\/\/cabol.eu\/de\/wp-json\/wp\/v2\/comments?post=5398"}],"version-history":[{"count":4,"href":"https:\/\/cabol.eu\/de\/wp-json\/wp\/v2\/pages\/5398\/revisions"}],"predecessor-version":[{"id":17099,"href":"https:\/\/cabol.eu\/de\/wp-json\/wp\/v2\/pages\/5398\/revisions\/17099"}],"up":[{"embeddable":true,"href":"https:\/\/cabol.eu\/de\/wp-json\/wp\/v2\/pages\/2028"}],"wp:featuredmedia":[{"embeddable":true,"href":"https:\/\/cabol.eu\/de\/wp-json\/wp\/v2\/media\/5346"}],"wp:attachment":[{"href":"https:\/\/cabol.eu\/de\/wp-json\/wp\/v2\/media?parent=5398"}],"wp:term":[{"taxonomy":"category","embeddable":true,"href":"https:\/\/cabol.eu\/de\/wp-json\/wp\/v2\/categories?post=5398"},{"taxonomy":"post_tag","embeddable":true,"href":"https:\/\/cabol.eu\/de\/wp-json\/wp\/v2\/tags?post=5398"}],"curies":[{"name":"wp","href":"https:\/\/api.w.org\/{rel}","templated":true}]}}