{"id":5410,"date":"2022-07-01T16:13:43","date_gmt":"2022-07-01T14:13:43","guid":{"rendered":"https:\/\/cabol.eu\/produkte\/andere-hydraulische-und-elektrohydraulische-loesungen\/"},"modified":"2024-10-09T17:58:00","modified_gmt":"2024-10-09T15:58:00","slug":"andere-hydraulische-und-elektrohydraulische-loesungen","status":"publish","type":"page","link":"https:\/\/cabol.eu\/de\/produkte\/andere-hydraulische-und-elektrohydraulische-loesungen\/","title":{"rendered":"Andere hydraulische und elektrohydraulische L\u00f6sungen"},"content":{"rendered":"        <div class=\"wp-block-getwid-custom-post-type custom-post-type-page has-layout-grid has-spacing-medium\">\n            <div class=\"wp-block-getwid-custom-post-type__wrapper getwid-columns getwid-columns-3\">\n                \t\t\t\t\t\t\t\t<div class='wp-block-getwid-custom-post-type__post'>\n\t\t\t\t\t\t\t\t\t\r\n<div class=\"wp-block-getwid-custom-post-type__post-wrapper\">\r\n            <div class=\"wp-block-getwid-custom-post-type__post-thumbnail\">\r\n            <a href=\"https:\/\/cabol.eu\/de\/produkte\/andere-hydraulische-und-elektrohydraulische-loesungen\/bloecke-zur-schimmelbekaempfung\/\"><img width=\"800\" height=\"600\" src=\"https:\/\/cabol.eu\/wp-content\/uploads\/2024\/10\/Cabol-Ceramica-2024_Blocchi_Comando_Stampo.jpg\" class=\"attachment-post-thumbnail size-post-thumbnail wp-post-image\" alt=\"Blocchi per comando stampo caramica\" loading=\"lazy\" srcset=\"https:\/\/cabol.eu\/wp-content\/uploads\/2024\/10\/Cabol-Ceramica-2024_Blocchi_Comando_Stampo.jpg 800w, https:\/\/cabol.eu\/wp-content\/uploads\/2024\/10\/Cabol-Ceramica-2024_Blocchi_Comando_Stampo-480x360.jpg 480w\" sizes=\"(min-width: 0px) and (max-width: 480px) 480px, (min-width: 481px) 800px, 100vw\" \/><\/a>\r\n        <\/div>\r\n        <div class=\"wp-block-getwid-custom-post-type__content-wrapper\">\r\n        <div class=\"wp-block-getwid-custom-post-type__post-header\">\r\n            <h3 class=\"wp-block-getwid-custom-post-type__post-title\"><a href=\"https:\/\/cabol.eu\/de\/produkte\/andere-hydraulische-und-elektrohydraulische-loesungen\/bloecke-zur-schimmelbekaempfung\/\">Bl\u00f6cke zur Schimmelbek\u00e4mpfung<\/a><\/h3>        <\/div>\r\n        <div class=\"wp-block-getwid-custom-post-type__post-excerpt \"><p>Bl\u00f6cke zur Steuerung der unteren und oberen Form in Pressen, die nicht mit dieser Anwendung ausgestattet sind.<\/p>\n<\/div>\r\n    <\/div>\r\n<\/div>\r\n\t\t\t\t\t\t\t\t<\/div>\n\t\t\t\t\t\t\t\t\t\t\t\t\t\t\t<div class='wp-block-getwid-custom-post-type__post'>\n\t\t\t\t\t\t\t\t\t\r\n<div class=\"wp-block-getwid-custom-post-type__post-wrapper\">\r\n            <div class=\"wp-block-getwid-custom-post-type__post-thumbnail\">\r\n            <a href=\"https:\/\/cabol.eu\/de\/produkte\/andere-hydraulische-und-elektrohydraulische-loesungen\/kollektorblock-hydraulisch\/\"><img width=\"800\" height=\"600\" src=\"https:\/\/cabol.eu\/wp-content\/uploads\/2024\/10\/Cabol-Ceramica-2024_Blocco_Collettore_Idraulico.jpg\" class=\"attachment-post-thumbnail size-post-thumbnail wp-post-image\" alt=\"Blocco collettore idraulico\" loading=\"lazy\" srcset=\"https:\/\/cabol.eu\/wp-content\/uploads\/2024\/10\/Cabol-Ceramica-2024_Blocco_Collettore_Idraulico.jpg 800w, https:\/\/cabol.eu\/wp-content\/uploads\/2024\/10\/Cabol-Ceramica-2024_Blocco_Collettore_Idraulico-480x360.jpg 480w\" sizes=\"(min-width: 0px) and (max-width: 480px) 480px, (min-width: 481px) 800px, 100vw\" \/><\/a>\r\n        <\/div>\r\n        <div class=\"wp-block-getwid-custom-post-type__content-wrapper\">\r\n        <div class=\"wp-block-getwid-custom-post-type__post-header\">\r\n            <h3 class=\"wp-block-getwid-custom-post-type__post-title\"><a href=\"https:\/\/cabol.eu\/de\/produkte\/andere-hydraulische-und-elektrohydraulische-loesungen\/kollektorblock-hydraulisch\/\">Kollektorblock hydraulisch<\/a><\/h3>        <\/div>\r\n        <div class=\"wp-block-getwid-custom-post-type__post-excerpt \"><p>Passender hydraulischer Verteilerblock um unterschiedliche Armaturen zu verbinden f\u00fcr mehrere Verwendungszwecke.<\/p>\n<\/div>\r\n    <\/div>\r\n<\/div>\r\n\t\t\t\t\t\t\t\t<\/div>\n\t\t\t\t\t\t\t\t\t\t\t\t\t\t\t<div class='wp-block-getwid-custom-post-type__post'>\n\t\t\t\t\t\t\t\t\t\r\n<div class=\"wp-block-getwid-custom-post-type__post-wrapper\">\r\n            <div class=\"wp-block-getwid-custom-post-type__post-thumbnail\">\r\n            <a href=\"https:\/\/cabol.eu\/de\/produkte\/andere-hydraulische-und-elektrohydraulische-loesungen\/verstellbarer-kollektor-mehrere-ausgaenge\/\"><img width=\"800\" height=\"600\" src=\"https:\/\/cabol.eu\/wp-content\/uploads\/2024\/10\/Cabol-Ceramica-2024_Collettore_Orientabile.jpg\" class=\"attachment-post-thumbnail size-post-thumbnail wp-post-image\" alt=\"Collettore orientabile multi uscite\" loading=\"lazy\" srcset=\"https:\/\/cabol.eu\/wp-content\/uploads\/2024\/10\/Cabol-Ceramica-2024_Collettore_Orientabile.jpg 800w, https:\/\/cabol.eu\/wp-content\/uploads\/2024\/10\/Cabol-Ceramica-2024_Collettore_Orientabile-480x360.jpg 480w\" sizes=\"(min-width: 0px) and (max-width: 480px) 480px, (min-width: 481px) 800px, 100vw\" \/><\/a>\r\n        <\/div>\r\n        <div class=\"wp-block-getwid-custom-post-type__content-wrapper\">\r\n        <div class=\"wp-block-getwid-custom-post-type__post-header\">\r\n            <h3 class=\"wp-block-getwid-custom-post-type__post-title\"><a href=\"https:\/\/cabol.eu\/de\/produkte\/andere-hydraulische-und-elektrohydraulische-loesungen\/verstellbarer-kollektor-mehrere-ausgaenge\/\">Verstellbarer Kollektor mehrere Ausg\u00e4nge<\/a><\/h3>        <\/div>\r\n        <div class=\"wp-block-getwid-custom-post-type__post-excerpt \"><p>Starrer, verstellbarer Verteiler zum Anschluss aller Pads isostatische Elemente, die in der Form vorhanden sind, was erleichtert Baugruppe zum Ersetzen von flexiblen Schl\u00e4uchen. Garantiert weniger Mikro\u00f6lleckstellen und verbessert die Reaktion auf hydraulischen Druck.<\/p>\n<\/div>\r\n    <\/div>\r\n<\/div>\r\n\t\t\t\t\t\t\t\t<\/div>\n\t\t\t\t\t\t\t\t\t\t\t\t\t\t\t<div class='wp-block-getwid-custom-post-type__post'>\n\t\t\t\t\t\t\t\t\t\r\n<div class=\"wp-block-getwid-custom-post-type__post-wrapper\">\r\n            <div class=\"wp-block-getwid-custom-post-type__post-thumbnail\">\r\n            <a href=\"https:\/\/cabol.eu\/de\/produkte\/andere-hydraulische-und-elektrohydraulische-loesungen\/fuehrungsbuchsen-thermisch-kompensiert\/\"><img width=\"800\" height=\"600\" src=\"https:\/\/cabol.eu\/wp-content\/uploads\/2024\/10\/Cabol-Ceramica-2024_Boccole_Di_Guida.jpg\" class=\"attachment-post-thumbnail size-post-thumbnail wp-post-image\" alt=\"Boccole di Guida a compensazione termica\" loading=\"lazy\" srcset=\"https:\/\/cabol.eu\/wp-content\/uploads\/2024\/10\/Cabol-Ceramica-2024_Boccole_Di_Guida.jpg 800w, https:\/\/cabol.eu\/wp-content\/uploads\/2024\/10\/Cabol-Ceramica-2024_Boccole_Di_Guida-480x360.jpg 480w\" sizes=\"(min-width: 0px) and (max-width: 480px) 480px, (min-width: 481px) 800px, 100vw\" \/><\/a>\r\n        <\/div>\r\n        <div class=\"wp-block-getwid-custom-post-type__content-wrapper\">\r\n        <div class=\"wp-block-getwid-custom-post-type__post-header\">\r\n            <h3 class=\"wp-block-getwid-custom-post-type__post-title\"><a href=\"https:\/\/cabol.eu\/de\/produkte\/andere-hydraulische-und-elektrohydraulische-loesungen\/fuehrungsbuchsen-thermisch-kompensiert\/\">F\u00fchrungsbuchsen thermisch kompensiert<\/a><\/h3>        <\/div>\r\n        <div class=\"wp-block-getwid-custom-post-type__post-excerpt \"><p>F\u00fchrungsbuchsen im Block montiert oberen Teil der Keramikformen. Diese thermisch kompensierten Buchsen erm\u00f6glichen es Ihnen, die Bewegung des zu steuern Oberblock auch in Anwesenheit von Erweiterungen durch erh\u00f6hte Temperatur.<\/p>\n<\/div>\r\n    <\/div>\r\n<\/div>\r\n\t\t\t\t\t\t\t\t<\/div>\n\t\t\t\t\t\t\t\t\t\t\t\t\t\t\t<div class='wp-block-getwid-custom-post-type__post'>\n\t\t\t\t\t\t\t\t\t\r\n<div class=\"wp-block-getwid-custom-post-type__post-wrapper\">\r\n            <div class=\"wp-block-getwid-custom-post-type__post-thumbnail\">\r\n            <a href=\"https:\/\/cabol.eu\/de\/produkte\/andere-hydraulische-und-elektrohydraulische-loesungen\/manuelle-stability-elektrohydraulisches-steuersystem-innendruck-der-pads-in-den-keramikformen\/\"><img width=\"800\" height=\"600\" src=\"https:\/\/cabol.eu\/wp-content\/uploads\/2024\/10\/Cabol-Ceramica-2024_Stability-Manuale.jpg\" class=\"attachment-post-thumbnail size-post-thumbnail wp-post-image\" alt=\"Stability manuale, sistema elettroidraulico di controllo pressione interna ai tamponi\" loading=\"lazy\" srcset=\"https:\/\/cabol.eu\/wp-content\/uploads\/2024\/10\/Cabol-Ceramica-2024_Stability-Manuale.jpg 800w, https:\/\/cabol.eu\/wp-content\/uploads\/2024\/10\/Cabol-Ceramica-2024_Stability-Manuale-480x360.jpg 480w\" sizes=\"(min-width: 0px) and (max-width: 480px) 480px, (min-width: 481px) 800px, 100vw\" \/><\/a>\r\n        <\/div>\r\n        <div class=\"wp-block-getwid-custom-post-type__content-wrapper\">\r\n        <div class=\"wp-block-getwid-custom-post-type__post-header\">\r\n            <h3 class=\"wp-block-getwid-custom-post-type__post-title\"><a href=\"https:\/\/cabol.eu\/de\/produkte\/andere-hydraulische-und-elektrohydraulische-loesungen\/manuelle-stability-elektrohydraulisches-steuersystem-innendruck-der-pads-in-den-keramikformen\/\">Manuelle Stability \u2013 elektrohydraulisches Steuersystem Innendruck der Pads in den Keramikformen<\/a><\/h3>        <\/div>\r\n        <div class=\"wp-block-getwid-custom-post-type__post-excerpt \"><p>Manuelle Stability \u00fcberwacht den hydraulischen Druck in den Bremsbel\u00e4gen isostatische Elemente aus Keramikformen. Mit Intervention des Bedieners stellt die eingestellten Druckwerte wieder her, sollten kleinere Verluste es erforderlich machen. Das System wird an die vorhandenen Hydraulikanschl\u00fcsse angeschlossen in die Keramikformen legen und pr\u00fcfen maximale und minimale Dr\u00fccke. Das System ist mit optischer und akustischer Signalisierung [&hellip;]<\/p>\n<\/div>\r\n    <\/div>\r\n<\/div>\r\n\t\t\t\t\t\t\t\t<\/div>\n\t\t\t\t\t\t\t\t\t\t\t\t\t\t\t<div class='wp-block-getwid-custom-post-type__post'>\n\t\t\t\t\t\t\t\t\t\r\n<div class=\"wp-block-getwid-custom-post-type__post-wrapper\">\r\n            <div class=\"wp-block-getwid-custom-post-type__post-thumbnail\">\r\n            <a href=\"https:\/\/cabol.eu\/de\/produkte\/andere-hydraulische-und-elektrohydraulische-loesungen\/extractor\/\"><img width=\"1200\" height=\"800\" src=\"https:\/\/cabol.eu\/wp-content\/uploads\/2024\/09\/Cabol_Extractor-2024_copertina.jpg\" class=\"attachment-post-thumbnail size-post-thumbnail wp-post-image\" alt=\"Cabol Extractor\" loading=\"lazy\" srcset=\"https:\/\/cabol.eu\/wp-content\/uploads\/2024\/09\/Cabol_Extractor-2024_copertina.jpg 1200w, https:\/\/cabol.eu\/wp-content\/uploads\/2024\/09\/Cabol_Extractor-2024_copertina-980x653.jpg 980w, https:\/\/cabol.eu\/wp-content\/uploads\/2024\/09\/Cabol_Extractor-2024_copertina-480x320.jpg 480w\" sizes=\"(min-width: 0px) and (max-width: 480px) 480px, (min-width: 481px) and (max-width: 980px) 980px, (min-width: 981px) 1200px, 100vw\" \/><\/a>\r\n        <\/div>\r\n        <div class=\"wp-block-getwid-custom-post-type__content-wrapper\">\r\n        <div class=\"wp-block-getwid-custom-post-type__post-header\">\r\n            <h3 class=\"wp-block-getwid-custom-post-type__post-title\"><a href=\"https:\/\/cabol.eu\/de\/produkte\/andere-hydraulische-und-elektrohydraulische-loesungen\/extractor\/\">Extractor<\/a><\/h3>        <\/div>\r\n        <div class=\"wp-block-getwid-custom-post-type__post-excerpt \"><p>Der Extractor wurde entwickelt, um den Bediener bei Extraktionsarbeiten zu unterst\u00fctzen minderwertiges Pad\/Marke. Jede Art von Stromversorgung auf Anfrage. Die Verbindung zu den Hubzylindern erfolgt m\u00fchelos \u00fcber die Druckknopfleiste. Die R\u00fcckkehr in die Ausgangsposition wird \u00fcber das \u00d6lsteuerger\u00e4t gesteuert Druckknopfsteuerung oder manueller Verteiler, der den Vorgang beschleunigt.<\/p>\n<\/div>\r\n    <\/div>\r\n<\/div>\r\n\t\t\t\t\t\t\t\t<\/div>\n\t\t\t\t\t\t\t\t\t\t\t\t\t\t\t<div class='wp-block-getwid-custom-post-type__post'>\n\t\t\t\t\t\t\t\t\t\r\n<div class=\"wp-block-getwid-custom-post-type__post-wrapper\">\r\n            <div class=\"wp-block-getwid-custom-post-type__post-thumbnail\">\r\n            <a href=\"https:\/\/cabol.eu\/de\/produkte\/andere-hydraulische-und-elektrohydraulische-loesungen\/stability-elektrohydraulisches-system-zur-kontrolle-des-drucks-in-den-keramikformen\/\"><img width=\"800\" height=\"600\" src=\"https:\/\/cabol.eu\/wp-content\/uploads\/2022\/09\/Stability-automatico.jpg\" class=\"attachment-post-thumbnail size-post-thumbnail wp-post-image\" alt=\"Stability, sistema elettroidraulico automatico di controllo pressione interna ai tamponi isostatici\" loading=\"lazy\" srcset=\"https:\/\/cabol.eu\/wp-content\/uploads\/2022\/09\/Stability-automatico.jpg 800w, https:\/\/cabol.eu\/wp-content\/uploads\/2022\/09\/Stability-automatico-480x360.jpg 480w\" sizes=\"(min-width: 0px) and (max-width: 480px) 480px, (min-width: 481px) 800px, 100vw\" \/><\/a>\r\n        <\/div>\r\n        <div class=\"wp-block-getwid-custom-post-type__content-wrapper\">\r\n        <div class=\"wp-block-getwid-custom-post-type__post-header\">\r\n            <h3 class=\"wp-block-getwid-custom-post-type__post-title\"><a href=\"https:\/\/cabol.eu\/de\/produkte\/andere-hydraulische-und-elektrohydraulische-loesungen\/stability-elektrohydraulisches-system-zur-kontrolle-des-drucks-in-den-keramikformen\/\">Automatische Stability, automatisches elektrohydraulisches Kontrollsystem Innendruck in den isostatischen Pads auf den Keramikformen<\/a><\/h3>        <\/div>\r\n        <div class=\"wp-block-getwid-custom-post-type__post-excerpt \"><p>Die automatische Stability \u00fcberwacht den hydraulischen Druck im Inneren isostatische Pads aus Keramikformen. Stellt Druckwerte wieder her eingestellt werden, wenn kleinere Verluste dies erforderlich machen. Das System wird an die in den Keramikformen vorhandenen Hydraulikanschl\u00fcsse angeschlossen. Automatische \u00dcberpr\u00fcfung der maximalen und minimalen Dr\u00fccke. Das System ist mit optischer und akustischer Signalisierung ausgestattet, Dar\u00fcber hinaus kann [&hellip;]<\/p>\n<\/div>\r\n    <\/div>\r\n<\/div>\r\n\t\t\t\t\t\t\t\t<\/div>\n\t\t\t\t\t\t\t\t\t\t\t\t\t\t\t<div class='wp-block-getwid-custom-post-type__post'>\n\t\t\t\t\t\t\t\t\t\r\n<div class=\"wp-block-getwid-custom-post-type__post-wrapper\">\r\n            <div class=\"wp-block-getwid-custom-post-type__post-thumbnail\">\r\n            <a href=\"https:\/\/cabol.eu\/de\/produkte\/andere-hydraulische-und-elektrohydraulische-loesungen\/trolley-batteriebetriebenes-hydraulikaggregat-das-druck-erzeugt\/\"><img width=\"800\" height=\"600\" src=\"https:\/\/cabol.eu\/wp-content\/uploads\/2022\/07\/TrolleyVS1_unita-idraulica-a-batteria.jpg\" class=\"attachment-post-thumbnail size-post-thumbnail wp-post-image\" alt=\"Trolley, unit\u00e0 idraulica a batteria che genera pressione\" loading=\"lazy\" srcset=\"https:\/\/cabol.eu\/wp-content\/uploads\/2022\/07\/TrolleyVS1_unita-idraulica-a-batteria.jpg 800w, https:\/\/cabol.eu\/wp-content\/uploads\/2022\/07\/TrolleyVS1_unita-idraulica-a-batteria-480x360.jpg 480w\" sizes=\"(min-width: 0px) and (max-width: 480px) 480px, (min-width: 481px) 800px, 100vw\" \/><\/a>\r\n        <\/div>\r\n        <div class=\"wp-block-getwid-custom-post-type__content-wrapper\">\r\n        <div class=\"wp-block-getwid-custom-post-type__post-header\">\r\n            <h3 class=\"wp-block-getwid-custom-post-type__post-title\"><a href=\"https:\/\/cabol.eu\/de\/produkte\/andere-hydraulische-und-elektrohydraulische-loesungen\/trolley-batteriebetriebenes-hydraulikaggregat-das-druck-erzeugt\/\">Trolley, batteriebetriebenes Hydraulikaggregat, das Druck erzeugt<\/a><\/h3>        <\/div>\r\n        <div class=\"wp-block-getwid-custom-post-type__post-excerpt \"><p>Die batteriebetriebene Trolley-Einheit erzeugt Hydraulikdruck. Im Falle einer Wartung oder Instandhaltung kann die Trolley-Einheit n\u00fctzlich sein, um Zylinder und Servo-Zylinder durch tempor\u00e4re Verbindungen zu \u00fcberpr\u00fcfen, wo wir den erzeugten Druck eingeben.<\/p>\n<\/div>\r\n    <\/div>\r\n<\/div>\r\n\t\t\t\t\t\t\t\t<\/div>\n\t\t\t\t\t\t\t            <\/div>\n\n                    <\/div>\n        ","protected":false},"excerpt":{"rendered":"","protected":false},"author":1,"featured_media":5353,"parent":2002,"menu_order":0,"comment_status":"closed","ping_status":"closed","template":"","meta":{"_et_pb_use_builder":"off","_et_pb_old_content":"<!-- wp:getwid\/custom-post-type {\"postsToShow\":12,\"filterById\":\"\",\"childPagesCurrentPage\":true,\"parentPageId\":\"\",\"postType\":\"page\",\"order\":\"asc\",\"postLayout\":\"grid\",\"spacing\":\"medium\"} \/-->","_et_gb_content_width":""},"categories":[],"tags":[],"acf":[],"yoast_head":"<!-- This site is optimized with the Yoast SEO plugin v18.5.1 - https:\/\/yoast.com\/wordpress\/plugins\/seo\/ -->\n<title>Andere hydraulische und elektrohydraulische L\u00f6sungen - Cabol<\/title>\n<meta name=\"robots\" content=\"index, follow, max-snippet:-1, max-image-preview:large, max-video-preview:-1\" \/>\n<link rel=\"canonical\" href=\"https:\/\/cabol.eu\/de\/produkte\/andere-hydraulische-und-elektrohydraulische-loesungen\/\" \/>\n<meta property=\"og:locale\" content=\"de_DE\" \/>\n<meta property=\"og:type\" content=\"article\" \/>\n<meta property=\"og:title\" content=\"Andere hydraulische und elektrohydraulische L\u00f6sungen - Cabol\" \/>\n<meta property=\"og:url\" content=\"https:\/\/cabol.eu\/de\/produkte\/andere-hydraulische-und-elektrohydraulische-loesungen\/\" \/>\n<meta property=\"og:site_name\" content=\"Cabol\" \/>\n<meta property=\"article:modified_time\" content=\"2024-10-09T15:58:00+00:00\" \/>\n<meta property=\"og:image\" content=\"https:\/\/cabol.eu\/wp-content\/uploads\/2022\/07\/TrolleyVS1_unita-idraulica-a-batteria.jpg\" \/>\n\t<meta property=\"og:image:width\" content=\"800\" \/>\n\t<meta property=\"og:image:height\" content=\"600\" \/>\n\t<meta property=\"og:image:type\" content=\"image\/jpeg\" \/>\n<meta name=\"twitter:card\" content=\"summary_large_image\" \/>\n<script type=\"application\/ld+json\" class=\"yoast-schema-graph\">{\"@context\":\"https:\/\/schema.org\",\"@graph\":[{\"@type\":\"Organization\",\"@id\":\"https:\/\/cabol.eu\/#organization\",\"name\":\"Cabol\",\"url\":\"https:\/\/cabol.eu\/\",\"sameAs\":[\"https:\/\/www.instagram.com\/cabolfluidengineering?igsh=MTVjYXUyb2ttcXg3bw==&amp;utm_source=qr\",\"https:\/\/www.linkedin.com\/company\/cabol-fluid-engineering\/?viewAsMember=true\",\"https:\/\/www.youtube.com\/@cabolfluidengineering9499\"],\"logo\":{\"@type\":\"ImageObject\",\"@id\":\"https:\/\/cabol.eu\/#logo\",\"inLanguage\":\"de-DE\",\"url\":\"https:\/\/cabol.eu\/cabol2021\/wp-content\/uploads\/2021\/03\/logo-cabol.png\",\"contentUrl\":\"https:\/\/cabol.eu\/cabol2021\/wp-content\/uploads\/2021\/03\/logo-cabol.png\",\"width\":800,\"height\":280,\"caption\":\"Cabol\"},\"image\":{\"@id\":\"https:\/\/cabol.eu\/#logo\"}},{\"@type\":\"WebSite\",\"@id\":\"https:\/\/cabol.eu\/#website\",\"url\":\"https:\/\/cabol.eu\/\",\"name\":\"Cabol\",\"description\":\"Fluid Engineering\",\"publisher\":{\"@id\":\"https:\/\/cabol.eu\/#organization\"},\"potentialAction\":[{\"@type\":\"SearchAction\",\"target\":{\"@type\":\"EntryPoint\",\"urlTemplate\":\"https:\/\/cabol.eu\/?s={search_term_string}\"},\"query-input\":\"required name=search_term_string\"}],\"inLanguage\":\"de-DE\"},{\"@type\":\"ImageObject\",\"@id\":\"https:\/\/cabol.eu\/de\/produkte\/andere-hydraulische-und-elektrohydraulische-loesungen\/#primaryimage\",\"inLanguage\":\"de-DE\",\"url\":\"https:\/\/cabol.eu\/wp-content\/uploads\/2022\/07\/TrolleyVS1_unita-idraulica-a-batteria.jpg\",\"contentUrl\":\"https:\/\/cabol.eu\/wp-content\/uploads\/2022\/07\/TrolleyVS1_unita-idraulica-a-batteria.jpg\",\"width\":800,\"height\":600,\"caption\":\"Trolley, unit\u00e0 idraulica a batteria che genera pressione\"},{\"@type\":\"WebPage\",\"@id\":\"https:\/\/cabol.eu\/de\/produkte\/andere-hydraulische-und-elektrohydraulische-loesungen\/#webpage\",\"url\":\"https:\/\/cabol.eu\/de\/produkte\/andere-hydraulische-und-elektrohydraulische-loesungen\/\",\"name\":\"Andere hydraulische und elektrohydraulische L\u00f6sungen - Cabol\",\"isPartOf\":{\"@id\":\"https:\/\/cabol.eu\/#website\"},\"primaryImageOfPage\":{\"@id\":\"https:\/\/cabol.eu\/de\/produkte\/andere-hydraulische-und-elektrohydraulische-loesungen\/#primaryimage\"},\"datePublished\":\"2022-07-01T14:13:43+00:00\",\"dateModified\":\"2024-10-09T15:58:00+00:00\",\"breadcrumb\":{\"@id\":\"https:\/\/cabol.eu\/de\/produkte\/andere-hydraulische-und-elektrohydraulische-loesungen\/#breadcrumb\"},\"inLanguage\":\"de-DE\",\"potentialAction\":[{\"@type\":\"ReadAction\",\"target\":[\"https:\/\/cabol.eu\/de\/produkte\/andere-hydraulische-und-elektrohydraulische-loesungen\/\"]}]},{\"@type\":\"BreadcrumbList\",\"@id\":\"https:\/\/cabol.eu\/de\/produkte\/andere-hydraulische-und-elektrohydraulische-loesungen\/#breadcrumb\",\"itemListElement\":[{\"@type\":\"ListItem\",\"position\":1,\"name\":\"Home\",\"item\":\"https:\/\/cabol.eu\/de\/\"},{\"@type\":\"ListItem\",\"position\":2,\"name\":\"Produkte\",\"item\":\"https:\/\/cabol.eu\/de\/produkte\/\"},{\"@type\":\"ListItem\",\"position\":3,\"name\":\"Andere hydraulische und elektrohydraulische L\u00f6sungen\"}]}]}<\/script>\n<!-- \/ Yoast SEO plugin. -->","yoast_head_json":{"title":"Andere hydraulische und elektrohydraulische L\u00f6sungen - Cabol","robots":{"index":"index","follow":"follow","max-snippet":"max-snippet:-1","max-image-preview":"max-image-preview:large","max-video-preview":"max-video-preview:-1"},"canonical":"https:\/\/cabol.eu\/de\/produkte\/andere-hydraulische-und-elektrohydraulische-loesungen\/","og_locale":"de_DE","og_type":"article","og_title":"Andere hydraulische und elektrohydraulische L\u00f6sungen - Cabol","og_url":"https:\/\/cabol.eu\/de\/produkte\/andere-hydraulische-und-elektrohydraulische-loesungen\/","og_site_name":"Cabol","article_modified_time":"2024-10-09T15:58:00+00:00","og_image":[{"width":800,"height":600,"url":"https:\/\/cabol.eu\/wp-content\/uploads\/2022\/07\/TrolleyVS1_unita-idraulica-a-batteria.jpg","type":"image\/jpeg"}],"twitter_card":"summary_large_image","schema":{"@context":"https:\/\/schema.org","@graph":[{"@type":"Organization","@id":"https:\/\/cabol.eu\/#organization","name":"Cabol","url":"https:\/\/cabol.eu\/","sameAs":["https:\/\/www.instagram.com\/cabolfluidengineering?igsh=MTVjYXUyb2ttcXg3bw==&amp;utm_source=qr","https:\/\/www.linkedin.com\/company\/cabol-fluid-engineering\/?viewAsMember=true","https:\/\/www.youtube.com\/@cabolfluidengineering9499"],"logo":{"@type":"ImageObject","@id":"https:\/\/cabol.eu\/#logo","inLanguage":"de-DE","url":"https:\/\/cabol.eu\/cabol2021\/wp-content\/uploads\/2021\/03\/logo-cabol.png","contentUrl":"https:\/\/cabol.eu\/cabol2021\/wp-content\/uploads\/2021\/03\/logo-cabol.png","width":800,"height":280,"caption":"Cabol"},"image":{"@id":"https:\/\/cabol.eu\/#logo"}},{"@type":"WebSite","@id":"https:\/\/cabol.eu\/#website","url":"https:\/\/cabol.eu\/","name":"Cabol","description":"Fluid Engineering","publisher":{"@id":"https:\/\/cabol.eu\/#organization"},"potentialAction":[{"@type":"SearchAction","target":{"@type":"EntryPoint","urlTemplate":"https:\/\/cabol.eu\/?s={search_term_string}"},"query-input":"required name=search_term_string"}],"inLanguage":"de-DE"},{"@type":"ImageObject","@id":"https:\/\/cabol.eu\/de\/produkte\/andere-hydraulische-und-elektrohydraulische-loesungen\/#primaryimage","inLanguage":"de-DE","url":"https:\/\/cabol.eu\/wp-content\/uploads\/2022\/07\/TrolleyVS1_unita-idraulica-a-batteria.jpg","contentUrl":"https:\/\/cabol.eu\/wp-content\/uploads\/2022\/07\/TrolleyVS1_unita-idraulica-a-batteria.jpg","width":800,"height":600,"caption":"Trolley, unit\u00e0 idraulica a batteria che genera pressione"},{"@type":"WebPage","@id":"https:\/\/cabol.eu\/de\/produkte\/andere-hydraulische-und-elektrohydraulische-loesungen\/#webpage","url":"https:\/\/cabol.eu\/de\/produkte\/andere-hydraulische-und-elektrohydraulische-loesungen\/","name":"Andere hydraulische und elektrohydraulische L\u00f6sungen - Cabol","isPartOf":{"@id":"https:\/\/cabol.eu\/#website"},"primaryImageOfPage":{"@id":"https:\/\/cabol.eu\/de\/produkte\/andere-hydraulische-und-elektrohydraulische-loesungen\/#primaryimage"},"datePublished":"2022-07-01T14:13:43+00:00","dateModified":"2024-10-09T15:58:00+00:00","breadcrumb":{"@id":"https:\/\/cabol.eu\/de\/produkte\/andere-hydraulische-und-elektrohydraulische-loesungen\/#breadcrumb"},"inLanguage":"de-DE","potentialAction":[{"@type":"ReadAction","target":["https:\/\/cabol.eu\/de\/produkte\/andere-hydraulische-und-elektrohydraulische-loesungen\/"]}]},{"@type":"BreadcrumbList","@id":"https:\/\/cabol.eu\/de\/produkte\/andere-hydraulische-und-elektrohydraulische-loesungen\/#breadcrumb","itemListElement":[{"@type":"ListItem","position":1,"name":"Home","item":"https:\/\/cabol.eu\/de\/"},{"@type":"ListItem","position":2,"name":"Produkte","item":"https:\/\/cabol.eu\/de\/produkte\/"},{"@type":"ListItem","position":3,"name":"Andere hydraulische und elektrohydraulische L\u00f6sungen"}]}]}},"_links":{"self":[{"href":"https:\/\/cabol.eu\/de\/wp-json\/wp\/v2\/pages\/5410"}],"collection":[{"href":"https:\/\/cabol.eu\/de\/wp-json\/wp\/v2\/pages"}],"about":[{"href":"https:\/\/cabol.eu\/de\/wp-json\/wp\/v2\/types\/page"}],"author":[{"embeddable":true,"href":"https:\/\/cabol.eu\/de\/wp-json\/wp\/v2\/users\/1"}],"replies":[{"embeddable":true,"href":"https:\/\/cabol.eu\/de\/wp-json\/wp\/v2\/comments?post=5410"}],"version-history":[{"count":5,"href":"https:\/\/cabol.eu\/de\/wp-json\/wp\/v2\/pages\/5410\/revisions"}],"predecessor-version":[{"id":11640,"href":"https:\/\/cabol.eu\/de\/wp-json\/wp\/v2\/pages\/5410\/revisions\/11640"}],"up":[{"embeddable":true,"href":"https:\/\/cabol.eu\/de\/wp-json\/wp\/v2\/pages\/2002"}],"wp:featuredmedia":[{"embeddable":true,"href":"https:\/\/cabol.eu\/de\/wp-json\/wp\/v2\/media\/5353"}],"wp:attachment":[{"href":"https:\/\/cabol.eu\/de\/wp-json\/wp\/v2\/media?parent=5410"}],"wp:term":[{"taxonomy":"category","embeddable":true,"href":"https:\/\/cabol.eu\/de\/wp-json\/wp\/v2\/categories?post=5410"},{"taxonomy":"post_tag","embeddable":true,"href":"https:\/\/cabol.eu\/de\/wp-json\/wp\/v2\/tags?post=5410"}],"curies":[{"name":"wp","href":"https:\/\/api.w.org\/{rel}","templated":true}]}}