{"id":5509,"date":"2022-07-04T13:37:13","date_gmt":"2022-07-04T11:37:13","guid":{"rendered":"https:\/\/cabol.eu\/produkte\/hydraulische-zylinder\/hydraulische-plungerzylinder-fuer-keramikformen\/"},"modified":"2025-08-07T17:31:19","modified_gmt":"2025-08-07T15:31:19","slug":"hydraulische-plungerzylinder-fuer-keramikformen","status":"publish","type":"page","link":"https:\/\/cabol.eu\/de\/produkte\/hydraulische-zylinder\/hydraulische-plungerzylinder-fuer-keramikformen\/","title":{"rendered":"Hydraulische Plungerzylinder f\u00fcr Keramikformen"},"content":{"rendered":"\n<p>Diese einfachwirkenden Hydraulikzylinder werden f\u00fcr Pressformen in der keramischen Industrie verwendet und werden mit Durchmessern von 25 mm bis 600 mm und H\u00fcben von 1 mm bis 6000 mm hergestellt. Sie sind aus hochfesten St\u00e4hlen gefertigt und k\u00f6nnen in den Maschinenk\u00f6rper integriert werden. Es sind Sonderausf\u00fchrungen mit Federr\u00fcckzug erh\u00e4ltlich. Sie k\u00f6nnen mit einem Druck von bis zu 600 bar arbeiten und werden im Allgemeinen in Pressen und Formauswurfsystemen eingesetzt.<\/p>\n","protected":false},"excerpt":{"rendered":"<p>Diese einfachwirkenden Hydraulikzylinder werden f\u00fcr Pressformen in der keramischen Industrie verwendet und werden mit Durchmessern von 25 mm bis 600 mm und H\u00fcben von 1 mm bis 6000 mm hergestellt. Sie sind aus hochfesten St\u00e4hlen gefertigt und k\u00f6nnen in den Maschinenk\u00f6rper integriert werden. Es sind Sonderausf\u00fchrungen mit Federr\u00fcckzug erh\u00e4ltlich. Sie k\u00f6nnen mit einem Druck von [&hellip;]<\/p>\n","protected":false},"author":1,"featured_media":5236,"parent":2004,"menu_order":0,"comment_status":"closed","ping_status":"closed","template":"","meta":{"_et_pb_use_builder":"off","_et_pb_old_content":"","_et_gb_content_width":""},"categories":[58],"tags":[],"acf":[],"yoast_head":"<!-- This site is optimized with the Yoast SEO plugin v18.5.1 - https:\/\/yoast.com\/wordpress\/plugins\/seo\/ -->\n<title>Hydraulische Plungerzylinder f\u00fcr Keramikformen - Cabol<\/title>\n<meta name=\"description\" content=\"Tauchzylinder f\u00fcr Keramikpressformen aus hochfestem Stahl, mit Federr\u00fcckzug erh\u00e4ltlich\" \/>\n<meta name=\"robots\" content=\"index, follow, max-snippet:-1, max-image-preview:large, max-video-preview:-1\" \/>\n<link rel=\"canonical\" href=\"https:\/\/cabol.eu\/de\/produkte\/hydraulische-zylinder\/hydraulische-plungerzylinder-fuer-keramikformen\/\" \/>\n<meta property=\"og:locale\" content=\"de_DE\" \/>\n<meta property=\"og:type\" content=\"article\" \/>\n<meta property=\"og:title\" content=\"Hydraulische Plungerzylinder f\u00fcr Keramikformen - Cabol\" \/>\n<meta property=\"og:description\" content=\"Tauchzylinder f\u00fcr Keramikpressformen aus hochfestem Stahl, mit Federr\u00fcckzug erh\u00e4ltlich\" \/>\n<meta property=\"og:url\" content=\"https:\/\/cabol.eu\/de\/produkte\/hydraulische-zylinder\/hydraulische-plungerzylinder-fuer-keramikformen\/\" \/>\n<meta property=\"og:site_name\" content=\"Cabol\" \/>\n<meta property=\"article:modified_time\" content=\"2025-08-07T15:31:19+00:00\" \/>\n<meta property=\"og:image\" content=\"https:\/\/cabol.eu\/wp-content\/uploads\/2022\/06\/Cilindro-idraulico-tuffante-ceramica.jpg\" \/>\n\t<meta property=\"og:image:width\" content=\"800\" \/>\n\t<meta property=\"og:image:height\" content=\"600\" \/>\n\t<meta property=\"og:image:type\" content=\"image\/jpeg\" \/>\n<meta name=\"twitter:card\" content=\"summary_large_image\" \/>\n<meta name=\"twitter:label1\" content=\"Est. reading time\" \/>\n\t<meta name=\"twitter:data1\" content=\"1 minute\" \/>\n<script type=\"application\/ld+json\" class=\"yoast-schema-graph\">{\"@context\":\"https:\/\/schema.org\",\"@graph\":[{\"@type\":\"Organization\",\"@id\":\"https:\/\/cabol.eu\/#organization\",\"name\":\"Cabol\",\"url\":\"https:\/\/cabol.eu\/\",\"sameAs\":[\"https:\/\/www.instagram.com\/cabolfluidengineering?igsh=MTVjYXUyb2ttcXg3bw==&amp;utm_source=qr\",\"https:\/\/www.linkedin.com\/company\/cabol-fluid-engineering\/?viewAsMember=true\",\"https:\/\/www.youtube.com\/@cabolfluidengineering9499\"],\"logo\":{\"@type\":\"ImageObject\",\"@id\":\"https:\/\/cabol.eu\/#logo\",\"inLanguage\":\"de-DE\",\"url\":\"https:\/\/cabol.eu\/cabol2021\/wp-content\/uploads\/2021\/03\/logo-cabol.png\",\"contentUrl\":\"https:\/\/cabol.eu\/cabol2021\/wp-content\/uploads\/2021\/03\/logo-cabol.png\",\"width\":800,\"height\":280,\"caption\":\"Cabol\"},\"image\":{\"@id\":\"https:\/\/cabol.eu\/#logo\"}},{\"@type\":\"WebSite\",\"@id\":\"https:\/\/cabol.eu\/#website\",\"url\":\"https:\/\/cabol.eu\/\",\"name\":\"Cabol\",\"description\":\"Fluid Engineering\",\"publisher\":{\"@id\":\"https:\/\/cabol.eu\/#organization\"},\"potentialAction\":[{\"@type\":\"SearchAction\",\"target\":{\"@type\":\"EntryPoint\",\"urlTemplate\":\"https:\/\/cabol.eu\/?s={search_term_string}\"},\"query-input\":\"required name=search_term_string\"}],\"inLanguage\":\"de-DE\"},{\"@type\":\"ImageObject\",\"@id\":\"https:\/\/cabol.eu\/de\/produkte\/hydraulische-zylinder\/hydraulische-plungerzylinder-fuer-keramikformen\/#primaryimage\",\"inLanguage\":\"de-DE\",\"url\":\"https:\/\/cabol.eu\/wp-content\/uploads\/2022\/06\/Cilindro-idraulico-tuffante-ceramica.jpg\",\"contentUrl\":\"https:\/\/cabol.eu\/wp-content\/uploads\/2022\/06\/Cilindro-idraulico-tuffante-ceramica.jpg\",\"width\":800,\"height\":600,\"caption\":\"Cilindri idraulici tuffanti per stampi ceramica\"},{\"@type\":\"WebPage\",\"@id\":\"https:\/\/cabol.eu\/de\/produkte\/hydraulische-zylinder\/hydraulische-plungerzylinder-fuer-keramikformen\/#webpage\",\"url\":\"https:\/\/cabol.eu\/de\/produkte\/hydraulische-zylinder\/hydraulische-plungerzylinder-fuer-keramikformen\/\",\"name\":\"Hydraulische Plungerzylinder f\u00fcr Keramikformen - Cabol\",\"isPartOf\":{\"@id\":\"https:\/\/cabol.eu\/#website\"},\"primaryImageOfPage\":{\"@id\":\"https:\/\/cabol.eu\/de\/produkte\/hydraulische-zylinder\/hydraulische-plungerzylinder-fuer-keramikformen\/#primaryimage\"},\"datePublished\":\"2022-07-04T11:37:13+00:00\",\"dateModified\":\"2025-08-07T15:31:19+00:00\",\"description\":\"Tauchzylinder f\u00fcr Keramikpressformen aus hochfestem Stahl, mit Federr\u00fcckzug erh\u00e4ltlich\",\"breadcrumb\":{\"@id\":\"https:\/\/cabol.eu\/de\/produkte\/hydraulische-zylinder\/hydraulische-plungerzylinder-fuer-keramikformen\/#breadcrumb\"},\"inLanguage\":\"de-DE\",\"potentialAction\":[{\"@type\":\"ReadAction\",\"target\":[\"https:\/\/cabol.eu\/de\/produkte\/hydraulische-zylinder\/hydraulische-plungerzylinder-fuer-keramikformen\/\"]}]},{\"@type\":\"BreadcrumbList\",\"@id\":\"https:\/\/cabol.eu\/de\/produkte\/hydraulische-zylinder\/hydraulische-plungerzylinder-fuer-keramikformen\/#breadcrumb\",\"itemListElement\":[{\"@type\":\"ListItem\",\"position\":1,\"name\":\"Home\",\"item\":\"https:\/\/cabol.eu\/de\/\"},{\"@type\":\"ListItem\",\"position\":2,\"name\":\"Produkte\",\"item\":\"https:\/\/cabol.eu\/de\/produkte\/\"},{\"@type\":\"ListItem\",\"position\":3,\"name\":\"Hydraulische Zylinder\",\"item\":\"https:\/\/cabol.eu\/de\/produkte\/hydraulische-zylinder\/\"},{\"@type\":\"ListItem\",\"position\":4,\"name\":\"Hydraulische Plungerzylinder f\u00fcr Keramikformen\"}]}]}<\/script>\n<!-- \/ Yoast SEO plugin. -->","yoast_head_json":{"title":"Hydraulische Plungerzylinder f\u00fcr Keramikformen - Cabol","description":"Tauchzylinder f\u00fcr Keramikpressformen aus hochfestem Stahl, mit Federr\u00fcckzug erh\u00e4ltlich","robots":{"index":"index","follow":"follow","max-snippet":"max-snippet:-1","max-image-preview":"max-image-preview:large","max-video-preview":"max-video-preview:-1"},"canonical":"https:\/\/cabol.eu\/de\/produkte\/hydraulische-zylinder\/hydraulische-plungerzylinder-fuer-keramikformen\/","og_locale":"de_DE","og_type":"article","og_title":"Hydraulische Plungerzylinder f\u00fcr Keramikformen - Cabol","og_description":"Tauchzylinder f\u00fcr Keramikpressformen aus hochfestem Stahl, mit Federr\u00fcckzug erh\u00e4ltlich","og_url":"https:\/\/cabol.eu\/de\/produkte\/hydraulische-zylinder\/hydraulische-plungerzylinder-fuer-keramikformen\/","og_site_name":"Cabol","article_modified_time":"2025-08-07T15:31:19+00:00","og_image":[{"width":800,"height":600,"url":"https:\/\/cabol.eu\/wp-content\/uploads\/2022\/06\/Cilindro-idraulico-tuffante-ceramica.jpg","type":"image\/jpeg"}],"twitter_card":"summary_large_image","twitter_misc":{"Est. reading time":"1 minute"},"schema":{"@context":"https:\/\/schema.org","@graph":[{"@type":"Organization","@id":"https:\/\/cabol.eu\/#organization","name":"Cabol","url":"https:\/\/cabol.eu\/","sameAs":["https:\/\/www.instagram.com\/cabolfluidengineering?igsh=MTVjYXUyb2ttcXg3bw==&amp;utm_source=qr","https:\/\/www.linkedin.com\/company\/cabol-fluid-engineering\/?viewAsMember=true","https:\/\/www.youtube.com\/@cabolfluidengineering9499"],"logo":{"@type":"ImageObject","@id":"https:\/\/cabol.eu\/#logo","inLanguage":"de-DE","url":"https:\/\/cabol.eu\/cabol2021\/wp-content\/uploads\/2021\/03\/logo-cabol.png","contentUrl":"https:\/\/cabol.eu\/cabol2021\/wp-content\/uploads\/2021\/03\/logo-cabol.png","width":800,"height":280,"caption":"Cabol"},"image":{"@id":"https:\/\/cabol.eu\/#logo"}},{"@type":"WebSite","@id":"https:\/\/cabol.eu\/#website","url":"https:\/\/cabol.eu\/","name":"Cabol","description":"Fluid Engineering","publisher":{"@id":"https:\/\/cabol.eu\/#organization"},"potentialAction":[{"@type":"SearchAction","target":{"@type":"EntryPoint","urlTemplate":"https:\/\/cabol.eu\/?s={search_term_string}"},"query-input":"required name=search_term_string"}],"inLanguage":"de-DE"},{"@type":"ImageObject","@id":"https:\/\/cabol.eu\/de\/produkte\/hydraulische-zylinder\/hydraulische-plungerzylinder-fuer-keramikformen\/#primaryimage","inLanguage":"de-DE","url":"https:\/\/cabol.eu\/wp-content\/uploads\/2022\/06\/Cilindro-idraulico-tuffante-ceramica.jpg","contentUrl":"https:\/\/cabol.eu\/wp-content\/uploads\/2022\/06\/Cilindro-idraulico-tuffante-ceramica.jpg","width":800,"height":600,"caption":"Cilindri idraulici tuffanti per stampi ceramica"},{"@type":"WebPage","@id":"https:\/\/cabol.eu\/de\/produkte\/hydraulische-zylinder\/hydraulische-plungerzylinder-fuer-keramikformen\/#webpage","url":"https:\/\/cabol.eu\/de\/produkte\/hydraulische-zylinder\/hydraulische-plungerzylinder-fuer-keramikformen\/","name":"Hydraulische Plungerzylinder f\u00fcr Keramikformen - Cabol","isPartOf":{"@id":"https:\/\/cabol.eu\/#website"},"primaryImageOfPage":{"@id":"https:\/\/cabol.eu\/de\/produkte\/hydraulische-zylinder\/hydraulische-plungerzylinder-fuer-keramikformen\/#primaryimage"},"datePublished":"2022-07-04T11:37:13+00:00","dateModified":"2025-08-07T15:31:19+00:00","description":"Tauchzylinder f\u00fcr Keramikpressformen aus hochfestem Stahl, mit Federr\u00fcckzug erh\u00e4ltlich","breadcrumb":{"@id":"https:\/\/cabol.eu\/de\/produkte\/hydraulische-zylinder\/hydraulische-plungerzylinder-fuer-keramikformen\/#breadcrumb"},"inLanguage":"de-DE","potentialAction":[{"@type":"ReadAction","target":["https:\/\/cabol.eu\/de\/produkte\/hydraulische-zylinder\/hydraulische-plungerzylinder-fuer-keramikformen\/"]}]},{"@type":"BreadcrumbList","@id":"https:\/\/cabol.eu\/de\/produkte\/hydraulische-zylinder\/hydraulische-plungerzylinder-fuer-keramikformen\/#breadcrumb","itemListElement":[{"@type":"ListItem","position":1,"name":"Home","item":"https:\/\/cabol.eu\/de\/"},{"@type":"ListItem","position":2,"name":"Produkte","item":"https:\/\/cabol.eu\/de\/produkte\/"},{"@type":"ListItem","position":3,"name":"Hydraulische Zylinder","item":"https:\/\/cabol.eu\/de\/produkte\/hydraulische-zylinder\/"},{"@type":"ListItem","position":4,"name":"Hydraulische Plungerzylinder f\u00fcr Keramikformen"}]}]}},"_links":{"self":[{"href":"https:\/\/cabol.eu\/de\/wp-json\/wp\/v2\/pages\/5509"}],"collection":[{"href":"https:\/\/cabol.eu\/de\/wp-json\/wp\/v2\/pages"}],"about":[{"href":"https:\/\/cabol.eu\/de\/wp-json\/wp\/v2\/types\/page"}],"author":[{"embeddable":true,"href":"https:\/\/cabol.eu\/de\/wp-json\/wp\/v2\/users\/1"}],"replies":[{"embeddable":true,"href":"https:\/\/cabol.eu\/de\/wp-json\/wp\/v2\/comments?post=5509"}],"version-history":[{"count":5,"href":"https:\/\/cabol.eu\/de\/wp-json\/wp\/v2\/pages\/5509\/revisions"}],"predecessor-version":[{"id":17106,"href":"https:\/\/cabol.eu\/de\/wp-json\/wp\/v2\/pages\/5509\/revisions\/17106"}],"up":[{"embeddable":true,"href":"https:\/\/cabol.eu\/de\/wp-json\/wp\/v2\/pages\/2004"}],"wp:featuredmedia":[{"embeddable":true,"href":"https:\/\/cabol.eu\/de\/wp-json\/wp\/v2\/media\/5236"}],"wp:attachment":[{"href":"https:\/\/cabol.eu\/de\/wp-json\/wp\/v2\/media?parent=5509"}],"wp:term":[{"taxonomy":"category","embeddable":true,"href":"https:\/\/cabol.eu\/de\/wp-json\/wp\/v2\/categories?post=5509"},{"taxonomy":"post_tag","embeddable":true,"href":"https:\/\/cabol.eu\/de\/wp-json\/wp\/v2\/tags?post=5509"}],"curies":[{"name":"wp","href":"https:\/\/api.w.org\/{rel}","templated":true}]}}