{"id":5871,"date":"2022-07-08T11:46:03","date_gmt":"2022-07-08T09:46:03","guid":{"rendered":"https:\/\/cabol.eu\/produkte\/hydraulische-zylinder\/hydraulikzylinder-mit-druckuebersetzer\/"},"modified":"2025-08-07T15:34:26","modified_gmt":"2025-08-07T13:34:26","slug":"hydraulikzylinder-mit-druckuebersetzer","status":"publish","type":"page","link":"https:\/\/cabol.eu\/de\/produkte\/hydraulische-zylinder\/hydraulikzylinder-mit-druckuebersetzer\/","title":{"rendered":"Hydraulikzylinder mit Druck\u00fcbersetzer"},"content":{"rendered":"\n<p>Diese Modelle werden h\u00e4ufig beim Bau von Mechanismen f\u00fcr Fahrgesch\u00e4fte in Vergn\u00fcgungsparks verwendet. <br> Die betreffende Baureihe ist intern mit einem speziellen Druck\u00fcbersetzer ausgestattet, der die hohen Belastungen erm\u00f6glicht, denen sie ausgesetzt sein wird.<\/p>\n","protected":false},"excerpt":{"rendered":"<p>Diese Modelle werden h\u00e4ufig beim Bau von Mechanismen f\u00fcr Fahrgesch\u00e4fte in Vergn\u00fcgungsparks verwendet. Die betreffende Baureihe ist intern mit einem speziellen Druck\u00fcbersetzer ausgestattet, der die hohen Belastungen erm\u00f6glicht, denen sie ausgesetzt sein wird.<\/p>\n","protected":false},"author":1,"featured_media":5710,"parent":2004,"menu_order":0,"comment_status":"closed","ping_status":"closed","template":"","meta":{"_et_pb_use_builder":"off","_et_pb_old_content":"","_et_gb_content_width":""},"categories":[63],"tags":[],"acf":[],"yoast_head":"<!-- This site is optimized with the Yoast SEO plugin v18.5.1 - https:\/\/yoast.com\/wordpress\/plugins\/seo\/ -->\n<title>Hydraulikzylinder mit Druck\u00fcbersetzer - Cabol<\/title>\n<meta name=\"description\" content=\"Hydraulikzylinder mit Druckverst\u00e4rker von Cabol f\u00fcr Karussells und Vergn\u00fcgungsparks. Entworfen und hergestellt in Italien.\" \/>\n<meta name=\"robots\" content=\"index, follow, max-snippet:-1, max-image-preview:large, max-video-preview:-1\" \/>\n<link rel=\"canonical\" href=\"https:\/\/cabol.eu\/de\/produkte\/hydraulische-zylinder\/hydraulikzylinder-mit-druckuebersetzer\/\" \/>\n<meta property=\"og:locale\" content=\"de_DE\" \/>\n<meta property=\"og:type\" content=\"article\" \/>\n<meta property=\"og:title\" content=\"Hydraulikzylinder mit Druck\u00fcbersetzer - Cabol\" \/>\n<meta property=\"og:description\" content=\"Hydraulikzylinder mit Druckverst\u00e4rker von Cabol f\u00fcr Karussells und Vergn\u00fcgungsparks. Entworfen und hergestellt in Italien.\" \/>\n<meta property=\"og:url\" content=\"https:\/\/cabol.eu\/de\/produkte\/hydraulische-zylinder\/hydraulikzylinder-mit-druckuebersetzer\/\" \/>\n<meta property=\"og:site_name\" content=\"Cabol\" \/>\n<meta property=\"article:modified_time\" content=\"2025-08-07T13:34:26+00:00\" \/>\n<meta property=\"og:image\" content=\"https:\/\/cabol.eu\/wp-content\/uploads\/2022\/07\/Cilindro-idraulico-con-intensificatore-di-pressione-interno.jpg\" \/>\n\t<meta property=\"og:image:width\" content=\"800\" \/>\n\t<meta property=\"og:image:height\" content=\"600\" \/>\n\t<meta property=\"og:image:type\" content=\"image\/jpeg\" \/>\n<meta name=\"twitter:card\" content=\"summary_large_image\" \/>\n<meta name=\"twitter:label1\" content=\"Est. reading time\" \/>\n\t<meta name=\"twitter:data1\" content=\"1 minute\" \/>\n<script type=\"application\/ld+json\" class=\"yoast-schema-graph\">{\"@context\":\"https:\/\/schema.org\",\"@graph\":[{\"@type\":\"Organization\",\"@id\":\"https:\/\/cabol.eu\/#organization\",\"name\":\"Cabol\",\"url\":\"https:\/\/cabol.eu\/\",\"sameAs\":[\"https:\/\/www.instagram.com\/cabolfluidengineering?igsh=MTVjYXUyb2ttcXg3bw==&amp;utm_source=qr\",\"https:\/\/www.linkedin.com\/company\/cabol-fluid-engineering\/?viewAsMember=true\",\"https:\/\/www.youtube.com\/@cabolfluidengineering9499\"],\"logo\":{\"@type\":\"ImageObject\",\"@id\":\"https:\/\/cabol.eu\/#logo\",\"inLanguage\":\"de-DE\",\"url\":\"https:\/\/cabol.eu\/cabol2021\/wp-content\/uploads\/2021\/03\/logo-cabol.png\",\"contentUrl\":\"https:\/\/cabol.eu\/cabol2021\/wp-content\/uploads\/2021\/03\/logo-cabol.png\",\"width\":800,\"height\":280,\"caption\":\"Cabol\"},\"image\":{\"@id\":\"https:\/\/cabol.eu\/#logo\"}},{\"@type\":\"WebSite\",\"@id\":\"https:\/\/cabol.eu\/#website\",\"url\":\"https:\/\/cabol.eu\/\",\"name\":\"Cabol\",\"description\":\"Fluid Engineering\",\"publisher\":{\"@id\":\"https:\/\/cabol.eu\/#organization\"},\"potentialAction\":[{\"@type\":\"SearchAction\",\"target\":{\"@type\":\"EntryPoint\",\"urlTemplate\":\"https:\/\/cabol.eu\/?s={search_term_string}\"},\"query-input\":\"required name=search_term_string\"}],\"inLanguage\":\"de-DE\"},{\"@type\":\"ImageObject\",\"@id\":\"https:\/\/cabol.eu\/de\/produkte\/hydraulische-zylinder\/hydraulikzylinder-mit-druckuebersetzer\/#primaryimage\",\"inLanguage\":\"de-DE\",\"url\":\"https:\/\/cabol.eu\/wp-content\/uploads\/2022\/07\/Cilindro-idraulico-con-intensificatore-di-pressione-interno.jpg\",\"contentUrl\":\"https:\/\/cabol.eu\/wp-content\/uploads\/2022\/07\/Cilindro-idraulico-con-intensificatore-di-pressione-interno.jpg\",\"width\":800,\"height\":600,\"caption\":\"Cilindri idraulici con intensificatore di pressione per giostre\"},{\"@type\":\"WebPage\",\"@id\":\"https:\/\/cabol.eu\/de\/produkte\/hydraulische-zylinder\/hydraulikzylinder-mit-druckuebersetzer\/#webpage\",\"url\":\"https:\/\/cabol.eu\/de\/produkte\/hydraulische-zylinder\/hydraulikzylinder-mit-druckuebersetzer\/\",\"name\":\"Hydraulikzylinder mit Druck\u00fcbersetzer - Cabol\",\"isPartOf\":{\"@id\":\"https:\/\/cabol.eu\/#website\"},\"primaryImageOfPage\":{\"@id\":\"https:\/\/cabol.eu\/de\/produkte\/hydraulische-zylinder\/hydraulikzylinder-mit-druckuebersetzer\/#primaryimage\"},\"datePublished\":\"2022-07-08T09:46:03+00:00\",\"dateModified\":\"2025-08-07T13:34:26+00:00\",\"description\":\"Hydraulikzylinder mit Druckverst\u00e4rker von Cabol f\u00fcr Karussells und Vergn\u00fcgungsparks. Entworfen und hergestellt in Italien.\",\"breadcrumb\":{\"@id\":\"https:\/\/cabol.eu\/de\/produkte\/hydraulische-zylinder\/hydraulikzylinder-mit-druckuebersetzer\/#breadcrumb\"},\"inLanguage\":\"de-DE\",\"potentialAction\":[{\"@type\":\"ReadAction\",\"target\":[\"https:\/\/cabol.eu\/de\/produkte\/hydraulische-zylinder\/hydraulikzylinder-mit-druckuebersetzer\/\"]}]},{\"@type\":\"BreadcrumbList\",\"@id\":\"https:\/\/cabol.eu\/de\/produkte\/hydraulische-zylinder\/hydraulikzylinder-mit-druckuebersetzer\/#breadcrumb\",\"itemListElement\":[{\"@type\":\"ListItem\",\"position\":1,\"name\":\"Home\",\"item\":\"https:\/\/cabol.eu\/de\/\"},{\"@type\":\"ListItem\",\"position\":2,\"name\":\"Produkte\",\"item\":\"https:\/\/cabol.eu\/de\/produkte\/\"},{\"@type\":\"ListItem\",\"position\":3,\"name\":\"Hydraulische Zylinder\",\"item\":\"https:\/\/cabol.eu\/de\/produkte\/hydraulische-zylinder\/\"},{\"@type\":\"ListItem\",\"position\":4,\"name\":\"Hydraulikzylinder mit Druck\u00fcbersetzer\"}]}]}<\/script>\n<!-- \/ Yoast SEO plugin. -->","yoast_head_json":{"title":"Hydraulikzylinder mit Druck\u00fcbersetzer - Cabol","description":"Hydraulikzylinder mit Druckverst\u00e4rker von Cabol f\u00fcr Karussells und Vergn\u00fcgungsparks. Entworfen und hergestellt in Italien.","robots":{"index":"index","follow":"follow","max-snippet":"max-snippet:-1","max-image-preview":"max-image-preview:large","max-video-preview":"max-video-preview:-1"},"canonical":"https:\/\/cabol.eu\/de\/produkte\/hydraulische-zylinder\/hydraulikzylinder-mit-druckuebersetzer\/","og_locale":"de_DE","og_type":"article","og_title":"Hydraulikzylinder mit Druck\u00fcbersetzer - Cabol","og_description":"Hydraulikzylinder mit Druckverst\u00e4rker von Cabol f\u00fcr Karussells und Vergn\u00fcgungsparks. Entworfen und hergestellt in Italien.","og_url":"https:\/\/cabol.eu\/de\/produkte\/hydraulische-zylinder\/hydraulikzylinder-mit-druckuebersetzer\/","og_site_name":"Cabol","article_modified_time":"2025-08-07T13:34:26+00:00","og_image":[{"width":800,"height":600,"url":"https:\/\/cabol.eu\/wp-content\/uploads\/2022\/07\/Cilindro-idraulico-con-intensificatore-di-pressione-interno.jpg","type":"image\/jpeg"}],"twitter_card":"summary_large_image","twitter_misc":{"Est. reading time":"1 minute"},"schema":{"@context":"https:\/\/schema.org","@graph":[{"@type":"Organization","@id":"https:\/\/cabol.eu\/#organization","name":"Cabol","url":"https:\/\/cabol.eu\/","sameAs":["https:\/\/www.instagram.com\/cabolfluidengineering?igsh=MTVjYXUyb2ttcXg3bw==&amp;utm_source=qr","https:\/\/www.linkedin.com\/company\/cabol-fluid-engineering\/?viewAsMember=true","https:\/\/www.youtube.com\/@cabolfluidengineering9499"],"logo":{"@type":"ImageObject","@id":"https:\/\/cabol.eu\/#logo","inLanguage":"de-DE","url":"https:\/\/cabol.eu\/cabol2021\/wp-content\/uploads\/2021\/03\/logo-cabol.png","contentUrl":"https:\/\/cabol.eu\/cabol2021\/wp-content\/uploads\/2021\/03\/logo-cabol.png","width":800,"height":280,"caption":"Cabol"},"image":{"@id":"https:\/\/cabol.eu\/#logo"}},{"@type":"WebSite","@id":"https:\/\/cabol.eu\/#website","url":"https:\/\/cabol.eu\/","name":"Cabol","description":"Fluid Engineering","publisher":{"@id":"https:\/\/cabol.eu\/#organization"},"potentialAction":[{"@type":"SearchAction","target":{"@type":"EntryPoint","urlTemplate":"https:\/\/cabol.eu\/?s={search_term_string}"},"query-input":"required name=search_term_string"}],"inLanguage":"de-DE"},{"@type":"ImageObject","@id":"https:\/\/cabol.eu\/de\/produkte\/hydraulische-zylinder\/hydraulikzylinder-mit-druckuebersetzer\/#primaryimage","inLanguage":"de-DE","url":"https:\/\/cabol.eu\/wp-content\/uploads\/2022\/07\/Cilindro-idraulico-con-intensificatore-di-pressione-interno.jpg","contentUrl":"https:\/\/cabol.eu\/wp-content\/uploads\/2022\/07\/Cilindro-idraulico-con-intensificatore-di-pressione-interno.jpg","width":800,"height":600,"caption":"Cilindri idraulici con intensificatore di pressione per giostre"},{"@type":"WebPage","@id":"https:\/\/cabol.eu\/de\/produkte\/hydraulische-zylinder\/hydraulikzylinder-mit-druckuebersetzer\/#webpage","url":"https:\/\/cabol.eu\/de\/produkte\/hydraulische-zylinder\/hydraulikzylinder-mit-druckuebersetzer\/","name":"Hydraulikzylinder mit Druck\u00fcbersetzer - Cabol","isPartOf":{"@id":"https:\/\/cabol.eu\/#website"},"primaryImageOfPage":{"@id":"https:\/\/cabol.eu\/de\/produkte\/hydraulische-zylinder\/hydraulikzylinder-mit-druckuebersetzer\/#primaryimage"},"datePublished":"2022-07-08T09:46:03+00:00","dateModified":"2025-08-07T13:34:26+00:00","description":"Hydraulikzylinder mit Druckverst\u00e4rker von Cabol f\u00fcr Karussells und Vergn\u00fcgungsparks. Entworfen und hergestellt in Italien.","breadcrumb":{"@id":"https:\/\/cabol.eu\/de\/produkte\/hydraulische-zylinder\/hydraulikzylinder-mit-druckuebersetzer\/#breadcrumb"},"inLanguage":"de-DE","potentialAction":[{"@type":"ReadAction","target":["https:\/\/cabol.eu\/de\/produkte\/hydraulische-zylinder\/hydraulikzylinder-mit-druckuebersetzer\/"]}]},{"@type":"BreadcrumbList","@id":"https:\/\/cabol.eu\/de\/produkte\/hydraulische-zylinder\/hydraulikzylinder-mit-druckuebersetzer\/#breadcrumb","itemListElement":[{"@type":"ListItem","position":1,"name":"Home","item":"https:\/\/cabol.eu\/de\/"},{"@type":"ListItem","position":2,"name":"Produkte","item":"https:\/\/cabol.eu\/de\/produkte\/"},{"@type":"ListItem","position":3,"name":"Hydraulische Zylinder","item":"https:\/\/cabol.eu\/de\/produkte\/hydraulische-zylinder\/"},{"@type":"ListItem","position":4,"name":"Hydraulikzylinder mit Druck\u00fcbersetzer"}]}]}},"_links":{"self":[{"href":"https:\/\/cabol.eu\/de\/wp-json\/wp\/v2\/pages\/5871"}],"collection":[{"href":"https:\/\/cabol.eu\/de\/wp-json\/wp\/v2\/pages"}],"about":[{"href":"https:\/\/cabol.eu\/de\/wp-json\/wp\/v2\/types\/page"}],"author":[{"embeddable":true,"href":"https:\/\/cabol.eu\/de\/wp-json\/wp\/v2\/users\/1"}],"replies":[{"embeddable":true,"href":"https:\/\/cabol.eu\/de\/wp-json\/wp\/v2\/comments?post=5871"}],"version-history":[{"count":4,"href":"https:\/\/cabol.eu\/de\/wp-json\/wp\/v2\/pages\/5871\/revisions"}],"predecessor-version":[{"id":17113,"href":"https:\/\/cabol.eu\/de\/wp-json\/wp\/v2\/pages\/5871\/revisions\/17113"}],"up":[{"embeddable":true,"href":"https:\/\/cabol.eu\/de\/wp-json\/wp\/v2\/pages\/2004"}],"wp:featuredmedia":[{"embeddable":true,"href":"https:\/\/cabol.eu\/de\/wp-json\/wp\/v2\/media\/5710"}],"wp:attachment":[{"href":"https:\/\/cabol.eu\/de\/wp-json\/wp\/v2\/media?parent=5871"}],"wp:term":[{"taxonomy":"category","embeddable":true,"href":"https:\/\/cabol.eu\/de\/wp-json\/wp\/v2\/categories?post=5871"},{"taxonomy":"post_tag","embeddable":true,"href":"https:\/\/cabol.eu\/de\/wp-json\/wp\/v2\/tags?post=5871"}],"curies":[{"name":"wp","href":"https:\/\/api.w.org\/{rel}","templated":true}]}}