{"id":5897,"date":"2022-07-08T11:58:04","date_gmt":"2022-07-08T09:58:04","guid":{"rendered":"https:\/\/cabol.eu\/produkte\/hydraulische-zylinder\/iso-hydraulikzylinder-aus-edelstahl\/"},"modified":"2025-08-07T14:35:26","modified_gmt":"2025-08-07T12:35:26","slug":"iso-hydraulikzylinder-aus-edelstahl","status":"publish","type":"page","link":"https:\/\/cabol.eu\/de\/produkte\/hydraulische-zylinder\/iso-hydraulikzylinder-aus-edelstahl\/","title":{"rendered":"ISO-Hydraulikzylinder aus Edelstahl"},"content":{"rendered":"\n<p>Innerhalb des Produktprogramms befinden sich auch ISO-Normzylinder aus Edelstahl mit den verschiedenen vom Gesetzgeber geforderten Anschlussarten. Cabol kann jedoch auch f\u00fcr diese Zylinder Modelle mit kundenspezifischen Anschl\u00fcssen untersuchen und entwerfen und \/ oder die mit anderen als den in den Vorschriften angegebenen Dr\u00fccken arbeiten k\u00f6nnen. Die komplette Konstruktion des Hydraulikzylinders aus Edelstahlmaterial erm\u00f6glicht den perfekten Einsatz im Gesundheitswesen.<\/p>\n","protected":false},"excerpt":{"rendered":"<p>Innerhalb des Produktprogramms befinden sich auch ISO-Normzylinder aus Edelstahl mit den verschiedenen vom Gesetzgeber geforderten Anschlussarten. Cabol kann jedoch auch f\u00fcr diese Zylinder Modelle mit kundenspezifischen Anschl\u00fcssen untersuchen und entwerfen und \/ oder die mit anderen als den in den Vorschriften angegebenen Dr\u00fccken arbeiten k\u00f6nnen. Die komplette Konstruktion des Hydraulikzylinders aus Edelstahlmaterial erm\u00f6glicht den perfekten [&hellip;]<\/p>\n","protected":false},"author":1,"featured_media":5591,"parent":2004,"menu_order":0,"comment_status":"closed","ping_status":"closed","template":"","meta":{"_et_pb_use_builder":"off","_et_pb_old_content":"","_et_gb_content_width":""},"categories":[61,64],"tags":[],"acf":[],"yoast_head":"<!-- This site is optimized with the Yoast SEO plugin v18.5.1 - https:\/\/yoast.com\/wordpress\/plugins\/seo\/ -->\n<title>ISO-Hydraulikzylinder aus Edelstahl - Cabol<\/title>\n<meta name=\"description\" content=\"Hydraulikzylinder gem\u00e4\u00df ISO Cabol-Norm, aus Edelstahl mit anpassbaren Anschl\u00fcssen und Dr\u00fccken, auch f\u00fcr den Einsatz in sterilen Umgebungen geeignet.\" \/>\n<meta name=\"robots\" content=\"index, follow, max-snippet:-1, max-image-preview:large, max-video-preview:-1\" \/>\n<link rel=\"canonical\" href=\"https:\/\/cabol.eu\/de\/produkte\/hydraulische-zylinder\/iso-hydraulikzylinder-aus-edelstahl\/\" \/>\n<meta property=\"og:locale\" content=\"de_DE\" \/>\n<meta property=\"og:type\" content=\"article\" \/>\n<meta property=\"og:title\" content=\"ISO-Hydraulikzylinder aus Edelstahl - Cabol\" \/>\n<meta property=\"og:description\" content=\"Hydraulikzylinder gem\u00e4\u00df ISO Cabol-Norm, aus Edelstahl mit anpassbaren Anschl\u00fcssen und Dr\u00fccken, auch f\u00fcr den Einsatz in sterilen Umgebungen geeignet.\" \/>\n<meta property=\"og:url\" content=\"https:\/\/cabol.eu\/de\/produkte\/hydraulische-zylinder\/iso-hydraulikzylinder-aus-edelstahl\/\" \/>\n<meta property=\"og:site_name\" content=\"Cabol\" \/>\n<meta property=\"article:modified_time\" content=\"2025-08-07T12:35:26+00:00\" \/>\n<meta property=\"og:image\" content=\"https:\/\/cabol.eu\/wp-content\/uploads\/2022\/07\/Cilindri-idraulici-iso-inox.jpg\" \/>\n\t<meta property=\"og:image:width\" content=\"800\" \/>\n\t<meta property=\"og:image:height\" content=\"600\" \/>\n\t<meta property=\"og:image:type\" content=\"image\/jpeg\" \/>\n<meta name=\"twitter:card\" content=\"summary_large_image\" \/>\n<meta name=\"twitter:label1\" content=\"Est. reading time\" \/>\n\t<meta name=\"twitter:data1\" content=\"1 minute\" \/>\n<script type=\"application\/ld+json\" class=\"yoast-schema-graph\">{\"@context\":\"https:\/\/schema.org\",\"@graph\":[{\"@type\":\"Organization\",\"@id\":\"https:\/\/cabol.eu\/#organization\",\"name\":\"Cabol\",\"url\":\"https:\/\/cabol.eu\/\",\"sameAs\":[\"https:\/\/www.instagram.com\/cabolfluidengineering?igsh=MTVjYXUyb2ttcXg3bw==&amp;utm_source=qr\",\"https:\/\/www.linkedin.com\/company\/cabol-fluid-engineering\/?viewAsMember=true\",\"https:\/\/www.youtube.com\/@cabolfluidengineering9499\"],\"logo\":{\"@type\":\"ImageObject\",\"@id\":\"https:\/\/cabol.eu\/#logo\",\"inLanguage\":\"de-DE\",\"url\":\"https:\/\/cabol.eu\/cabol2021\/wp-content\/uploads\/2021\/03\/logo-cabol.png\",\"contentUrl\":\"https:\/\/cabol.eu\/cabol2021\/wp-content\/uploads\/2021\/03\/logo-cabol.png\",\"width\":800,\"height\":280,\"caption\":\"Cabol\"},\"image\":{\"@id\":\"https:\/\/cabol.eu\/#logo\"}},{\"@type\":\"WebSite\",\"@id\":\"https:\/\/cabol.eu\/#website\",\"url\":\"https:\/\/cabol.eu\/\",\"name\":\"Cabol\",\"description\":\"Fluid Engineering\",\"publisher\":{\"@id\":\"https:\/\/cabol.eu\/#organization\"},\"potentialAction\":[{\"@type\":\"SearchAction\",\"target\":{\"@type\":\"EntryPoint\",\"urlTemplate\":\"https:\/\/cabol.eu\/?s={search_term_string}\"},\"query-input\":\"required name=search_term_string\"}],\"inLanguage\":\"de-DE\"},{\"@type\":\"ImageObject\",\"@id\":\"https:\/\/cabol.eu\/de\/produkte\/hydraulische-zylinder\/iso-hydraulikzylinder-aus-edelstahl\/#primaryimage\",\"inLanguage\":\"de-DE\",\"url\":\"https:\/\/cabol.eu\/wp-content\/uploads\/2022\/07\/Cilindri-idraulici-iso-inox.jpg\",\"contentUrl\":\"https:\/\/cabol.eu\/wp-content\/uploads\/2022\/07\/Cilindri-idraulici-iso-inox.jpg\",\"width\":800,\"height\":600,\"caption\":\"gamma cilindri idraulici confermi ISO in acciaio inox\"},{\"@type\":\"WebPage\",\"@id\":\"https:\/\/cabol.eu\/de\/produkte\/hydraulische-zylinder\/iso-hydraulikzylinder-aus-edelstahl\/#webpage\",\"url\":\"https:\/\/cabol.eu\/de\/produkte\/hydraulische-zylinder\/iso-hydraulikzylinder-aus-edelstahl\/\",\"name\":\"ISO-Hydraulikzylinder aus Edelstahl - Cabol\",\"isPartOf\":{\"@id\":\"https:\/\/cabol.eu\/#website\"},\"primaryImageOfPage\":{\"@id\":\"https:\/\/cabol.eu\/de\/produkte\/hydraulische-zylinder\/iso-hydraulikzylinder-aus-edelstahl\/#primaryimage\"},\"datePublished\":\"2022-07-08T09:58:04+00:00\",\"dateModified\":\"2025-08-07T12:35:26+00:00\",\"description\":\"Hydraulikzylinder gem\u00e4\u00df ISO Cabol-Norm, aus Edelstahl mit anpassbaren Anschl\u00fcssen und Dr\u00fccken, auch f\u00fcr den Einsatz in sterilen Umgebungen geeignet.\",\"breadcrumb\":{\"@id\":\"https:\/\/cabol.eu\/de\/produkte\/hydraulische-zylinder\/iso-hydraulikzylinder-aus-edelstahl\/#breadcrumb\"},\"inLanguage\":\"de-DE\",\"potentialAction\":[{\"@type\":\"ReadAction\",\"target\":[\"https:\/\/cabol.eu\/de\/produkte\/hydraulische-zylinder\/iso-hydraulikzylinder-aus-edelstahl\/\"]}]},{\"@type\":\"BreadcrumbList\",\"@id\":\"https:\/\/cabol.eu\/de\/produkte\/hydraulische-zylinder\/iso-hydraulikzylinder-aus-edelstahl\/#breadcrumb\",\"itemListElement\":[{\"@type\":\"ListItem\",\"position\":1,\"name\":\"Home\",\"item\":\"https:\/\/cabol.eu\/de\/\"},{\"@type\":\"ListItem\",\"position\":2,\"name\":\"Produkte\",\"item\":\"https:\/\/cabol.eu\/de\/produkte\/\"},{\"@type\":\"ListItem\",\"position\":3,\"name\":\"Hydraulische Zylinder\",\"item\":\"https:\/\/cabol.eu\/de\/produkte\/hydraulische-zylinder\/\"},{\"@type\":\"ListItem\",\"position\":4,\"name\":\"ISO-Hydraulikzylinder aus Edelstahl\"}]}]}<\/script>\n<!-- \/ Yoast SEO plugin. -->","yoast_head_json":{"title":"ISO-Hydraulikzylinder aus Edelstahl - Cabol","description":"Hydraulikzylinder gem\u00e4\u00df ISO Cabol-Norm, aus Edelstahl mit anpassbaren Anschl\u00fcssen und Dr\u00fccken, auch f\u00fcr den Einsatz in sterilen Umgebungen geeignet.","robots":{"index":"index","follow":"follow","max-snippet":"max-snippet:-1","max-image-preview":"max-image-preview:large","max-video-preview":"max-video-preview:-1"},"canonical":"https:\/\/cabol.eu\/de\/produkte\/hydraulische-zylinder\/iso-hydraulikzylinder-aus-edelstahl\/","og_locale":"de_DE","og_type":"article","og_title":"ISO-Hydraulikzylinder aus Edelstahl - Cabol","og_description":"Hydraulikzylinder gem\u00e4\u00df ISO Cabol-Norm, aus Edelstahl mit anpassbaren Anschl\u00fcssen und Dr\u00fccken, auch f\u00fcr den Einsatz in sterilen Umgebungen geeignet.","og_url":"https:\/\/cabol.eu\/de\/produkte\/hydraulische-zylinder\/iso-hydraulikzylinder-aus-edelstahl\/","og_site_name":"Cabol","article_modified_time":"2025-08-07T12:35:26+00:00","og_image":[{"width":800,"height":600,"url":"https:\/\/cabol.eu\/wp-content\/uploads\/2022\/07\/Cilindri-idraulici-iso-inox.jpg","type":"image\/jpeg"}],"twitter_card":"summary_large_image","twitter_misc":{"Est. reading time":"1 minute"},"schema":{"@context":"https:\/\/schema.org","@graph":[{"@type":"Organization","@id":"https:\/\/cabol.eu\/#organization","name":"Cabol","url":"https:\/\/cabol.eu\/","sameAs":["https:\/\/www.instagram.com\/cabolfluidengineering?igsh=MTVjYXUyb2ttcXg3bw==&amp;utm_source=qr","https:\/\/www.linkedin.com\/company\/cabol-fluid-engineering\/?viewAsMember=true","https:\/\/www.youtube.com\/@cabolfluidengineering9499"],"logo":{"@type":"ImageObject","@id":"https:\/\/cabol.eu\/#logo","inLanguage":"de-DE","url":"https:\/\/cabol.eu\/cabol2021\/wp-content\/uploads\/2021\/03\/logo-cabol.png","contentUrl":"https:\/\/cabol.eu\/cabol2021\/wp-content\/uploads\/2021\/03\/logo-cabol.png","width":800,"height":280,"caption":"Cabol"},"image":{"@id":"https:\/\/cabol.eu\/#logo"}},{"@type":"WebSite","@id":"https:\/\/cabol.eu\/#website","url":"https:\/\/cabol.eu\/","name":"Cabol","description":"Fluid Engineering","publisher":{"@id":"https:\/\/cabol.eu\/#organization"},"potentialAction":[{"@type":"SearchAction","target":{"@type":"EntryPoint","urlTemplate":"https:\/\/cabol.eu\/?s={search_term_string}"},"query-input":"required name=search_term_string"}],"inLanguage":"de-DE"},{"@type":"ImageObject","@id":"https:\/\/cabol.eu\/de\/produkte\/hydraulische-zylinder\/iso-hydraulikzylinder-aus-edelstahl\/#primaryimage","inLanguage":"de-DE","url":"https:\/\/cabol.eu\/wp-content\/uploads\/2022\/07\/Cilindri-idraulici-iso-inox.jpg","contentUrl":"https:\/\/cabol.eu\/wp-content\/uploads\/2022\/07\/Cilindri-idraulici-iso-inox.jpg","width":800,"height":600,"caption":"gamma cilindri idraulici confermi ISO in acciaio inox"},{"@type":"WebPage","@id":"https:\/\/cabol.eu\/de\/produkte\/hydraulische-zylinder\/iso-hydraulikzylinder-aus-edelstahl\/#webpage","url":"https:\/\/cabol.eu\/de\/produkte\/hydraulische-zylinder\/iso-hydraulikzylinder-aus-edelstahl\/","name":"ISO-Hydraulikzylinder aus Edelstahl - Cabol","isPartOf":{"@id":"https:\/\/cabol.eu\/#website"},"primaryImageOfPage":{"@id":"https:\/\/cabol.eu\/de\/produkte\/hydraulische-zylinder\/iso-hydraulikzylinder-aus-edelstahl\/#primaryimage"},"datePublished":"2022-07-08T09:58:04+00:00","dateModified":"2025-08-07T12:35:26+00:00","description":"Hydraulikzylinder gem\u00e4\u00df ISO Cabol-Norm, aus Edelstahl mit anpassbaren Anschl\u00fcssen und Dr\u00fccken, auch f\u00fcr den Einsatz in sterilen Umgebungen geeignet.","breadcrumb":{"@id":"https:\/\/cabol.eu\/de\/produkte\/hydraulische-zylinder\/iso-hydraulikzylinder-aus-edelstahl\/#breadcrumb"},"inLanguage":"de-DE","potentialAction":[{"@type":"ReadAction","target":["https:\/\/cabol.eu\/de\/produkte\/hydraulische-zylinder\/iso-hydraulikzylinder-aus-edelstahl\/"]}]},{"@type":"BreadcrumbList","@id":"https:\/\/cabol.eu\/de\/produkte\/hydraulische-zylinder\/iso-hydraulikzylinder-aus-edelstahl\/#breadcrumb","itemListElement":[{"@type":"ListItem","position":1,"name":"Home","item":"https:\/\/cabol.eu\/de\/"},{"@type":"ListItem","position":2,"name":"Produkte","item":"https:\/\/cabol.eu\/de\/produkte\/"},{"@type":"ListItem","position":3,"name":"Hydraulische Zylinder","item":"https:\/\/cabol.eu\/de\/produkte\/hydraulische-zylinder\/"},{"@type":"ListItem","position":4,"name":"ISO-Hydraulikzylinder aus Edelstahl"}]}]}},"_links":{"self":[{"href":"https:\/\/cabol.eu\/de\/wp-json\/wp\/v2\/pages\/5897"}],"collection":[{"href":"https:\/\/cabol.eu\/de\/wp-json\/wp\/v2\/pages"}],"about":[{"href":"https:\/\/cabol.eu\/de\/wp-json\/wp\/v2\/types\/page"}],"author":[{"embeddable":true,"href":"https:\/\/cabol.eu\/de\/wp-json\/wp\/v2\/users\/1"}],"replies":[{"embeddable":true,"href":"https:\/\/cabol.eu\/de\/wp-json\/wp\/v2\/comments?post=5897"}],"version-history":[{"count":4,"href":"https:\/\/cabol.eu\/de\/wp-json\/wp\/v2\/pages\/5897\/revisions"}],"predecessor-version":[{"id":17091,"href":"https:\/\/cabol.eu\/de\/wp-json\/wp\/v2\/pages\/5897\/revisions\/17091"}],"up":[{"embeddable":true,"href":"https:\/\/cabol.eu\/de\/wp-json\/wp\/v2\/pages\/2004"}],"wp:featuredmedia":[{"embeddable":true,"href":"https:\/\/cabol.eu\/de\/wp-json\/wp\/v2\/media\/5591"}],"wp:attachment":[{"href":"https:\/\/cabol.eu\/de\/wp-json\/wp\/v2\/media?parent=5897"}],"wp:term":[{"taxonomy":"category","embeddable":true,"href":"https:\/\/cabol.eu\/de\/wp-json\/wp\/v2\/categories?post=5897"},{"taxonomy":"post_tag","embeddable":true,"href":"https:\/\/cabol.eu\/de\/wp-json\/wp\/v2\/tags?post=5897"}],"curies":[{"name":"wp","href":"https:\/\/api.w.org\/{rel}","templated":true}]}}