{"id":5905,"date":"2022-07-08T12:00:38","date_gmt":"2022-07-08T10:00:38","guid":{"rendered":"https:\/\/cabol.eu\/produkte\/hydraulische-zylinder\/hydraulikzylinder-fuer-fahrgeschaefte-in-vergnuegungsparks\/"},"modified":"2025-08-07T15:44:48","modified_gmt":"2025-08-07T13:44:48","slug":"hydraulikzylinder-fuer-fahrgeschaefte-in-vergnuegungsparks","status":"publish","type":"page","link":"https:\/\/cabol.eu\/de\/produkte\/hydraulische-zylinder\/hydraulikzylinder-fuer-fahrgeschaefte-in-vergnuegungsparks\/","title":{"rendered":"Hydraulikzylinder f\u00fcr Fahrgesch\u00e4fte in Vergn\u00fcgungsparks"},"content":{"rendered":"\n<p>Diese Modelle geh\u00f6ren zu den am h\u00e4ufigsten verwendeten beim Bau von Mechanismen f\u00fcr Fahrgesch\u00e4fte in Vergn\u00fcgungsparks. <br> Die betreffende Serie von Hydraulikzylindern ist eine der leistungsst\u00e4rksten, gerade wegen der hohen Belastungen, denen sie ausgesetzt sein wird.<\/p>\n","protected":false},"excerpt":{"rendered":"<p>Diese Modelle geh\u00f6ren zu den am h\u00e4ufigsten verwendeten beim Bau von Mechanismen f\u00fcr Fahrgesch\u00e4fte in Vergn\u00fcgungsparks. Die betreffende Serie von Hydraulikzylindern ist eine der leistungsst\u00e4rksten, gerade wegen der hohen Belastungen, denen sie ausgesetzt sein wird.<\/p>\n","protected":false},"author":1,"featured_media":5701,"parent":2004,"menu_order":0,"comment_status":"closed","ping_status":"closed","template":"","meta":{"_et_pb_use_builder":"off","_et_pb_old_content":"","_et_gb_content_width":""},"categories":[63],"tags":[],"acf":[],"yoast_head":"<!-- This site is optimized with the Yoast SEO plugin v18.5.1 - https:\/\/yoast.com\/wordpress\/plugins\/seo\/ -->\n<title>Hydraulikzylinder f\u00fcr Fahrgesch\u00e4fte in Vergn\u00fcgungsparks - Cabol<\/title>\n<meta name=\"description\" content=\"Cabol bietet robuste und leistungsstarke L\u00f6sungen, die sich ideal f\u00fcr den Dauerbetrieb in Vergn\u00fcgungsparks und auf Fahrgesch\u00e4ften eignen.\" \/>\n<meta name=\"robots\" content=\"index, follow, max-snippet:-1, max-image-preview:large, max-video-preview:-1\" \/>\n<link rel=\"canonical\" href=\"https:\/\/cabol.eu\/de\/produkte\/hydraulische-zylinder\/hydraulikzylinder-fuer-fahrgeschaefte-in-vergnuegungsparks\/\" \/>\n<meta property=\"og:locale\" content=\"de_DE\" \/>\n<meta property=\"og:type\" content=\"article\" \/>\n<meta property=\"og:title\" content=\"Hydraulikzylinder f\u00fcr Fahrgesch\u00e4fte in Vergn\u00fcgungsparks - Cabol\" \/>\n<meta property=\"og:description\" content=\"Cabol bietet robuste und leistungsstarke L\u00f6sungen, die sich ideal f\u00fcr den Dauerbetrieb in Vergn\u00fcgungsparks und auf Fahrgesch\u00e4ften eignen.\" \/>\n<meta property=\"og:url\" content=\"https:\/\/cabol.eu\/de\/produkte\/hydraulische-zylinder\/hydraulikzylinder-fuer-fahrgeschaefte-in-vergnuegungsparks\/\" \/>\n<meta property=\"og:site_name\" content=\"Cabol\" \/>\n<meta property=\"article:modified_time\" content=\"2025-08-07T13:44:48+00:00\" \/>\n<meta property=\"og:image\" content=\"https:\/\/cabol.eu\/wp-content\/uploads\/2022\/07\/Cilindro-idraulico-giostre-parchi-Cabol.jpg\" \/>\n\t<meta property=\"og:image:width\" content=\"800\" \/>\n\t<meta property=\"og:image:height\" content=\"600\" \/>\n\t<meta property=\"og:image:type\" content=\"image\/jpeg\" \/>\n<meta name=\"twitter:card\" content=\"summary_large_image\" \/>\n<meta name=\"twitter:label1\" content=\"Est. reading time\" \/>\n\t<meta name=\"twitter:data1\" content=\"1 minute\" \/>\n<script type=\"application\/ld+json\" class=\"yoast-schema-graph\">{\"@context\":\"https:\/\/schema.org\",\"@graph\":[{\"@type\":\"Organization\",\"@id\":\"https:\/\/cabol.eu\/#organization\",\"name\":\"Cabol\",\"url\":\"https:\/\/cabol.eu\/\",\"sameAs\":[\"https:\/\/www.instagram.com\/cabolfluidengineering?igsh=MTVjYXUyb2ttcXg3bw==&amp;utm_source=qr\",\"https:\/\/www.linkedin.com\/company\/cabol-fluid-engineering\/?viewAsMember=true\",\"https:\/\/www.youtube.com\/@cabolfluidengineering9499\"],\"logo\":{\"@type\":\"ImageObject\",\"@id\":\"https:\/\/cabol.eu\/#logo\",\"inLanguage\":\"de-DE\",\"url\":\"https:\/\/cabol.eu\/cabol2021\/wp-content\/uploads\/2021\/03\/logo-cabol.png\",\"contentUrl\":\"https:\/\/cabol.eu\/cabol2021\/wp-content\/uploads\/2021\/03\/logo-cabol.png\",\"width\":800,\"height\":280,\"caption\":\"Cabol\"},\"image\":{\"@id\":\"https:\/\/cabol.eu\/#logo\"}},{\"@type\":\"WebSite\",\"@id\":\"https:\/\/cabol.eu\/#website\",\"url\":\"https:\/\/cabol.eu\/\",\"name\":\"Cabol\",\"description\":\"Fluid Engineering\",\"publisher\":{\"@id\":\"https:\/\/cabol.eu\/#organization\"},\"potentialAction\":[{\"@type\":\"SearchAction\",\"target\":{\"@type\":\"EntryPoint\",\"urlTemplate\":\"https:\/\/cabol.eu\/?s={search_term_string}\"},\"query-input\":\"required name=search_term_string\"}],\"inLanguage\":\"de-DE\"},{\"@type\":\"ImageObject\",\"@id\":\"https:\/\/cabol.eu\/de\/produkte\/hydraulische-zylinder\/hydraulikzylinder-fuer-fahrgeschaefte-in-vergnuegungsparks\/#primaryimage\",\"inLanguage\":\"de-DE\",\"url\":\"https:\/\/cabol.eu\/wp-content\/uploads\/2022\/07\/Cilindro-idraulico-giostre-parchi-Cabol.jpg\",\"contentUrl\":\"https:\/\/cabol.eu\/wp-content\/uploads\/2022\/07\/Cilindro-idraulico-giostre-parchi-Cabol.jpg\",\"width\":800,\"height\":600,\"caption\":\"Cilindro idraulico per giostre e parchi divertimento\"},{\"@type\":\"WebPage\",\"@id\":\"https:\/\/cabol.eu\/de\/produkte\/hydraulische-zylinder\/hydraulikzylinder-fuer-fahrgeschaefte-in-vergnuegungsparks\/#webpage\",\"url\":\"https:\/\/cabol.eu\/de\/produkte\/hydraulische-zylinder\/hydraulikzylinder-fuer-fahrgeschaefte-in-vergnuegungsparks\/\",\"name\":\"Hydraulikzylinder f\u00fcr Fahrgesch\u00e4fte in Vergn\u00fcgungsparks - Cabol\",\"isPartOf\":{\"@id\":\"https:\/\/cabol.eu\/#website\"},\"primaryImageOfPage\":{\"@id\":\"https:\/\/cabol.eu\/de\/produkte\/hydraulische-zylinder\/hydraulikzylinder-fuer-fahrgeschaefte-in-vergnuegungsparks\/#primaryimage\"},\"datePublished\":\"2022-07-08T10:00:38+00:00\",\"dateModified\":\"2025-08-07T13:44:48+00:00\",\"description\":\"Cabol bietet robuste und leistungsstarke L\u00f6sungen, die sich ideal f\u00fcr den Dauerbetrieb in Vergn\u00fcgungsparks und auf Fahrgesch\u00e4ften eignen.\",\"breadcrumb\":{\"@id\":\"https:\/\/cabol.eu\/de\/produkte\/hydraulische-zylinder\/hydraulikzylinder-fuer-fahrgeschaefte-in-vergnuegungsparks\/#breadcrumb\"},\"inLanguage\":\"de-DE\",\"potentialAction\":[{\"@type\":\"ReadAction\",\"target\":[\"https:\/\/cabol.eu\/de\/produkte\/hydraulische-zylinder\/hydraulikzylinder-fuer-fahrgeschaefte-in-vergnuegungsparks\/\"]}]},{\"@type\":\"BreadcrumbList\",\"@id\":\"https:\/\/cabol.eu\/de\/produkte\/hydraulische-zylinder\/hydraulikzylinder-fuer-fahrgeschaefte-in-vergnuegungsparks\/#breadcrumb\",\"itemListElement\":[{\"@type\":\"ListItem\",\"position\":1,\"name\":\"Home\",\"item\":\"https:\/\/cabol.eu\/de\/\"},{\"@type\":\"ListItem\",\"position\":2,\"name\":\"Produkte\",\"item\":\"https:\/\/cabol.eu\/de\/produkte\/\"},{\"@type\":\"ListItem\",\"position\":3,\"name\":\"Hydraulische Zylinder\",\"item\":\"https:\/\/cabol.eu\/de\/produkte\/hydraulische-zylinder\/\"},{\"@type\":\"ListItem\",\"position\":4,\"name\":\"Hydraulikzylinder f\u00fcr Fahrgesch\u00e4fte in Vergn\u00fcgungsparks\"}]}]}<\/script>\n<!-- \/ Yoast SEO plugin. -->","yoast_head_json":{"title":"Hydraulikzylinder f\u00fcr Fahrgesch\u00e4fte in Vergn\u00fcgungsparks - Cabol","description":"Cabol bietet robuste und leistungsstarke L\u00f6sungen, die sich ideal f\u00fcr den Dauerbetrieb in Vergn\u00fcgungsparks und auf Fahrgesch\u00e4ften eignen.","robots":{"index":"index","follow":"follow","max-snippet":"max-snippet:-1","max-image-preview":"max-image-preview:large","max-video-preview":"max-video-preview:-1"},"canonical":"https:\/\/cabol.eu\/de\/produkte\/hydraulische-zylinder\/hydraulikzylinder-fuer-fahrgeschaefte-in-vergnuegungsparks\/","og_locale":"de_DE","og_type":"article","og_title":"Hydraulikzylinder f\u00fcr Fahrgesch\u00e4fte in Vergn\u00fcgungsparks - Cabol","og_description":"Cabol bietet robuste und leistungsstarke L\u00f6sungen, die sich ideal f\u00fcr den Dauerbetrieb in Vergn\u00fcgungsparks und auf Fahrgesch\u00e4ften eignen.","og_url":"https:\/\/cabol.eu\/de\/produkte\/hydraulische-zylinder\/hydraulikzylinder-fuer-fahrgeschaefte-in-vergnuegungsparks\/","og_site_name":"Cabol","article_modified_time":"2025-08-07T13:44:48+00:00","og_image":[{"width":800,"height":600,"url":"https:\/\/cabol.eu\/wp-content\/uploads\/2022\/07\/Cilindro-idraulico-giostre-parchi-Cabol.jpg","type":"image\/jpeg"}],"twitter_card":"summary_large_image","twitter_misc":{"Est. reading time":"1 minute"},"schema":{"@context":"https:\/\/schema.org","@graph":[{"@type":"Organization","@id":"https:\/\/cabol.eu\/#organization","name":"Cabol","url":"https:\/\/cabol.eu\/","sameAs":["https:\/\/www.instagram.com\/cabolfluidengineering?igsh=MTVjYXUyb2ttcXg3bw==&amp;utm_source=qr","https:\/\/www.linkedin.com\/company\/cabol-fluid-engineering\/?viewAsMember=true","https:\/\/www.youtube.com\/@cabolfluidengineering9499"],"logo":{"@type":"ImageObject","@id":"https:\/\/cabol.eu\/#logo","inLanguage":"de-DE","url":"https:\/\/cabol.eu\/cabol2021\/wp-content\/uploads\/2021\/03\/logo-cabol.png","contentUrl":"https:\/\/cabol.eu\/cabol2021\/wp-content\/uploads\/2021\/03\/logo-cabol.png","width":800,"height":280,"caption":"Cabol"},"image":{"@id":"https:\/\/cabol.eu\/#logo"}},{"@type":"WebSite","@id":"https:\/\/cabol.eu\/#website","url":"https:\/\/cabol.eu\/","name":"Cabol","description":"Fluid Engineering","publisher":{"@id":"https:\/\/cabol.eu\/#organization"},"potentialAction":[{"@type":"SearchAction","target":{"@type":"EntryPoint","urlTemplate":"https:\/\/cabol.eu\/?s={search_term_string}"},"query-input":"required name=search_term_string"}],"inLanguage":"de-DE"},{"@type":"ImageObject","@id":"https:\/\/cabol.eu\/de\/produkte\/hydraulische-zylinder\/hydraulikzylinder-fuer-fahrgeschaefte-in-vergnuegungsparks\/#primaryimage","inLanguage":"de-DE","url":"https:\/\/cabol.eu\/wp-content\/uploads\/2022\/07\/Cilindro-idraulico-giostre-parchi-Cabol.jpg","contentUrl":"https:\/\/cabol.eu\/wp-content\/uploads\/2022\/07\/Cilindro-idraulico-giostre-parchi-Cabol.jpg","width":800,"height":600,"caption":"Cilindro idraulico per giostre e parchi divertimento"},{"@type":"WebPage","@id":"https:\/\/cabol.eu\/de\/produkte\/hydraulische-zylinder\/hydraulikzylinder-fuer-fahrgeschaefte-in-vergnuegungsparks\/#webpage","url":"https:\/\/cabol.eu\/de\/produkte\/hydraulische-zylinder\/hydraulikzylinder-fuer-fahrgeschaefte-in-vergnuegungsparks\/","name":"Hydraulikzylinder f\u00fcr Fahrgesch\u00e4fte in Vergn\u00fcgungsparks - Cabol","isPartOf":{"@id":"https:\/\/cabol.eu\/#website"},"primaryImageOfPage":{"@id":"https:\/\/cabol.eu\/de\/produkte\/hydraulische-zylinder\/hydraulikzylinder-fuer-fahrgeschaefte-in-vergnuegungsparks\/#primaryimage"},"datePublished":"2022-07-08T10:00:38+00:00","dateModified":"2025-08-07T13:44:48+00:00","description":"Cabol bietet robuste und leistungsstarke L\u00f6sungen, die sich ideal f\u00fcr den Dauerbetrieb in Vergn\u00fcgungsparks und auf Fahrgesch\u00e4ften eignen.","breadcrumb":{"@id":"https:\/\/cabol.eu\/de\/produkte\/hydraulische-zylinder\/hydraulikzylinder-fuer-fahrgeschaefte-in-vergnuegungsparks\/#breadcrumb"},"inLanguage":"de-DE","potentialAction":[{"@type":"ReadAction","target":["https:\/\/cabol.eu\/de\/produkte\/hydraulische-zylinder\/hydraulikzylinder-fuer-fahrgeschaefte-in-vergnuegungsparks\/"]}]},{"@type":"BreadcrumbList","@id":"https:\/\/cabol.eu\/de\/produkte\/hydraulische-zylinder\/hydraulikzylinder-fuer-fahrgeschaefte-in-vergnuegungsparks\/#breadcrumb","itemListElement":[{"@type":"ListItem","position":1,"name":"Home","item":"https:\/\/cabol.eu\/de\/"},{"@type":"ListItem","position":2,"name":"Produkte","item":"https:\/\/cabol.eu\/de\/produkte\/"},{"@type":"ListItem","position":3,"name":"Hydraulische Zylinder","item":"https:\/\/cabol.eu\/de\/produkte\/hydraulische-zylinder\/"},{"@type":"ListItem","position":4,"name":"Hydraulikzylinder f\u00fcr Fahrgesch\u00e4fte in Vergn\u00fcgungsparks"}]}]}},"_links":{"self":[{"href":"https:\/\/cabol.eu\/de\/wp-json\/wp\/v2\/pages\/5905"}],"collection":[{"href":"https:\/\/cabol.eu\/de\/wp-json\/wp\/v2\/pages"}],"about":[{"href":"https:\/\/cabol.eu\/de\/wp-json\/wp\/v2\/types\/page"}],"author":[{"embeddable":true,"href":"https:\/\/cabol.eu\/de\/wp-json\/wp\/v2\/users\/1"}],"replies":[{"embeddable":true,"href":"https:\/\/cabol.eu\/de\/wp-json\/wp\/v2\/comments?post=5905"}],"version-history":[{"count":5,"href":"https:\/\/cabol.eu\/de\/wp-json\/wp\/v2\/pages\/5905\/revisions"}],"predecessor-version":[{"id":17116,"href":"https:\/\/cabol.eu\/de\/wp-json\/wp\/v2\/pages\/5905\/revisions\/17116"}],"up":[{"embeddable":true,"href":"https:\/\/cabol.eu\/de\/wp-json\/wp\/v2\/pages\/2004"}],"wp:featuredmedia":[{"embeddable":true,"href":"https:\/\/cabol.eu\/de\/wp-json\/wp\/v2\/media\/5701"}],"wp:attachment":[{"href":"https:\/\/cabol.eu\/de\/wp-json\/wp\/v2\/media?parent=5905"}],"wp:term":[{"taxonomy":"category","embeddable":true,"href":"https:\/\/cabol.eu\/de\/wp-json\/wp\/v2\/categories?post=5905"},{"taxonomy":"post_tag","embeddable":true,"href":"https:\/\/cabol.eu\/de\/wp-json\/wp\/v2\/tags?post=5905"}],"curies":[{"name":"wp","href":"https:\/\/api.w.org\/{rel}","templated":true}]}}