{"id":5935,"date":"2022-07-08T12:16:35","date_gmt":"2022-07-08T10:16:35","guid":{"rendered":"https:\/\/cabol.eu\/produkte\/doppeltwirkende-hydraulikzylinder\/hydraulische-servozylinder-aus-aluminium\/"},"modified":"2025-08-07T16:34:08","modified_gmt":"2025-08-07T14:34:08","slug":"hydraulische-servozylinder-aus-aluminium","status":"publish","type":"page","link":"https:\/\/cabol.eu\/de\/produkte\/doppeltwirkende-hydraulikzylinder\/hydraulische-servozylinder-aus-aluminium\/","title":{"rendered":"Hydraulische Servozylinder aus Aluminium"},"content":{"rendered":"\n<p>Cabol fertigt hydraulische Servozylinder f\u00fcr jede Art von Anwendung. Ihre Konzeption, ihr Design und ihre Konstruktion richten sich nach der erforderlichen Leistung: H\u00e4ufigkeit, Anzahl der Stangen, Art der Halterung, nutzbarer Hub, Art der Verbindung, Art der Dichtungen, maximal zul\u00e4ssige Reibung, sind einige der Variablen, die Cabol bei der Auswahl leiten des richtigen Servozylindertyps, der dem Kunden vorzuschlagen ist. Die Wahl des Materials richtet sich nach der Verwendung, die daraus gemacht werden soll. In diesem Fall ist es Aluminium. Die einzigen Konstanten, an denen Cabol festh\u00e4lt, sind die Qualit\u00e4t der verwendeten Materialien und die Qualit\u00e4t des Endprodukts unter allen betrieblichen Aspekten. Tats\u00e4chlich stellt Cabol, um seine Qualit\u00e4tsstandards zu erh\u00f6hen, Komponenten aus kontrollierten und Ultraschallmaterialien her, um die M\u00f6glichkeit von Unvollkommenheiten in den Komponenten des Servozylinders drastisch zu reduzieren. Dies erm\u00f6glicht es, qualitativ hochwertige Produkte zu erhalten, f\u00fcr eine dauerhaft hohe Leistung bei reduziertem Wartungsaufwand durch den Kunden.<\/p>\n","protected":false},"excerpt":{"rendered":"<p>Cabol fertigt hydraulische Servozylinder f\u00fcr jede Art von Anwendung. Ihre Konzeption, ihr Design und ihre Konstruktion richten sich nach der erforderlichen Leistung: H\u00e4ufigkeit, Anzahl der Stangen, Art der Halterung, nutzbarer Hub, Art der Verbindung, Art der Dichtungen, maximal zul\u00e4ssige Reibung, sind einige der Variablen, die Cabol bei der Auswahl leiten des richtigen Servozylindertyps, der dem [&hellip;]<\/p>\n","protected":false},"author":1,"featured_media":5595,"parent":2006,"menu_order":0,"comment_status":"closed","ping_status":"closed","template":"","meta":{"_et_pb_use_builder":"off","_et_pb_old_content":"","_et_gb_content_width":""},"categories":[67],"tags":[],"acf":[],"yoast_head":"<!-- This site is optimized with the Yoast SEO plugin v18.5.1 - https:\/\/yoast.com\/wordpress\/plugins\/seo\/ -->\n<title>Hydraulische Servozylinder aus Aluminium - Cabol<\/title>\n<meta name=\"description\" content=\"Industrielle hydraulische Servozylinder aus Aluminium, hergestellt unter Verwendung streng kontrollierter Materialien und Pr\u00fcfverfahren. Zuverl\u00e4ssigkeit, Pr\u00e4zision und lange Lebensdauer.\" \/>\n<meta name=\"robots\" content=\"index, follow, max-snippet:-1, max-image-preview:large, max-video-preview:-1\" \/>\n<link rel=\"canonical\" href=\"https:\/\/cabol.eu\/de\/produkte\/doppeltwirkende-hydraulikzylinder\/hydraulische-servozylinder-aus-aluminium\/\" \/>\n<meta property=\"og:locale\" content=\"de_DE\" \/>\n<meta property=\"og:type\" content=\"article\" \/>\n<meta property=\"og:title\" content=\"Hydraulische Servozylinder aus Aluminium - Cabol\" \/>\n<meta property=\"og:description\" content=\"Industrielle hydraulische Servozylinder aus Aluminium, hergestellt unter Verwendung streng kontrollierter Materialien und Pr\u00fcfverfahren. Zuverl\u00e4ssigkeit, Pr\u00e4zision und lange Lebensdauer.\" \/>\n<meta property=\"og:url\" content=\"https:\/\/cabol.eu\/de\/produkte\/doppeltwirkende-hydraulikzylinder\/hydraulische-servozylinder-aus-aluminium\/\" \/>\n<meta property=\"og:site_name\" content=\"Cabol\" \/>\n<meta property=\"article:modified_time\" content=\"2025-08-07T14:34:08+00:00\" \/>\n<meta property=\"og:image\" content=\"https:\/\/cabol.eu\/wp-content\/uploads\/2022\/07\/servocilindri-in-alluminio.jpg\" \/>\n\t<meta property=\"og:image:width\" content=\"800\" \/>\n\t<meta property=\"og:image:height\" content=\"600\" \/>\n\t<meta property=\"og:image:type\" content=\"image\/jpeg\" \/>\n<meta name=\"twitter:card\" content=\"summary_large_image\" \/>\n<meta name=\"twitter:label1\" content=\"Est. reading time\" \/>\n\t<meta name=\"twitter:data1\" content=\"1 minute\" \/>\n<script type=\"application\/ld+json\" class=\"yoast-schema-graph\">{\"@context\":\"https:\/\/schema.org\",\"@graph\":[{\"@type\":\"Organization\",\"@id\":\"https:\/\/cabol.eu\/#organization\",\"name\":\"Cabol\",\"url\":\"https:\/\/cabol.eu\/\",\"sameAs\":[\"https:\/\/www.instagram.com\/cabolfluidengineering?igsh=MTVjYXUyb2ttcXg3bw==&amp;utm_source=qr\",\"https:\/\/www.linkedin.com\/company\/cabol-fluid-engineering\/?viewAsMember=true\",\"https:\/\/www.youtube.com\/@cabolfluidengineering9499\"],\"logo\":{\"@type\":\"ImageObject\",\"@id\":\"https:\/\/cabol.eu\/#logo\",\"inLanguage\":\"de-DE\",\"url\":\"https:\/\/cabol.eu\/cabol2021\/wp-content\/uploads\/2021\/03\/logo-cabol.png\",\"contentUrl\":\"https:\/\/cabol.eu\/cabol2021\/wp-content\/uploads\/2021\/03\/logo-cabol.png\",\"width\":800,\"height\":280,\"caption\":\"Cabol\"},\"image\":{\"@id\":\"https:\/\/cabol.eu\/#logo\"}},{\"@type\":\"WebSite\",\"@id\":\"https:\/\/cabol.eu\/#website\",\"url\":\"https:\/\/cabol.eu\/\",\"name\":\"Cabol\",\"description\":\"Fluid Engineering\",\"publisher\":{\"@id\":\"https:\/\/cabol.eu\/#organization\"},\"potentialAction\":[{\"@type\":\"SearchAction\",\"target\":{\"@type\":\"EntryPoint\",\"urlTemplate\":\"https:\/\/cabol.eu\/?s={search_term_string}\"},\"query-input\":\"required name=search_term_string\"}],\"inLanguage\":\"de-DE\"},{\"@type\":\"ImageObject\",\"@id\":\"https:\/\/cabol.eu\/de\/produkte\/doppeltwirkende-hydraulikzylinder\/hydraulische-servozylinder-aus-aluminium\/#primaryimage\",\"inLanguage\":\"de-DE\",\"url\":\"https:\/\/cabol.eu\/wp-content\/uploads\/2022\/07\/servocilindri-in-alluminio.jpg\",\"contentUrl\":\"https:\/\/cabol.eu\/wp-content\/uploads\/2022\/07\/servocilindri-in-alluminio.jpg\",\"width\":800,\"height\":600,\"caption\":\"Servocilindro Idraulico Cabol\"},{\"@type\":\"WebPage\",\"@id\":\"https:\/\/cabol.eu\/de\/produkte\/doppeltwirkende-hydraulikzylinder\/hydraulische-servozylinder-aus-aluminium\/#webpage\",\"url\":\"https:\/\/cabol.eu\/de\/produkte\/doppeltwirkende-hydraulikzylinder\/hydraulische-servozylinder-aus-aluminium\/\",\"name\":\"Hydraulische Servozylinder aus Aluminium - Cabol\",\"isPartOf\":{\"@id\":\"https:\/\/cabol.eu\/#website\"},\"primaryImageOfPage\":{\"@id\":\"https:\/\/cabol.eu\/de\/produkte\/doppeltwirkende-hydraulikzylinder\/hydraulische-servozylinder-aus-aluminium\/#primaryimage\"},\"datePublished\":\"2022-07-08T10:16:35+00:00\",\"dateModified\":\"2025-08-07T14:34:08+00:00\",\"description\":\"Industrielle hydraulische Servozylinder aus Aluminium, hergestellt unter Verwendung streng kontrollierter Materialien und Pr\u00fcfverfahren. Zuverl\u00e4ssigkeit, Pr\u00e4zision und lange Lebensdauer.\",\"breadcrumb\":{\"@id\":\"https:\/\/cabol.eu\/de\/produkte\/doppeltwirkende-hydraulikzylinder\/hydraulische-servozylinder-aus-aluminium\/#breadcrumb\"},\"inLanguage\":\"de-DE\",\"potentialAction\":[{\"@type\":\"ReadAction\",\"target\":[\"https:\/\/cabol.eu\/de\/produkte\/doppeltwirkende-hydraulikzylinder\/hydraulische-servozylinder-aus-aluminium\/\"]}]},{\"@type\":\"BreadcrumbList\",\"@id\":\"https:\/\/cabol.eu\/de\/produkte\/doppeltwirkende-hydraulikzylinder\/hydraulische-servozylinder-aus-aluminium\/#breadcrumb\",\"itemListElement\":[{\"@type\":\"ListItem\",\"position\":1,\"name\":\"Home\",\"item\":\"https:\/\/cabol.eu\/de\/\"},{\"@type\":\"ListItem\",\"position\":2,\"name\":\"Produkte\",\"item\":\"https:\/\/cabol.eu\/de\/produkte\/\"},{\"@type\":\"ListItem\",\"position\":3,\"name\":\"Hydraulische Servozylinder\",\"item\":\"https:\/\/cabol.eu\/de\/produkte\/doppeltwirkende-hydraulikzylinder\/\"},{\"@type\":\"ListItem\",\"position\":4,\"name\":\"Hydraulische Servozylinder aus Aluminium\"}]}]}<\/script>\n<!-- \/ Yoast SEO plugin. -->","yoast_head_json":{"title":"Hydraulische Servozylinder aus Aluminium - Cabol","description":"Industrielle hydraulische Servozylinder aus Aluminium, hergestellt unter Verwendung streng kontrollierter Materialien und Pr\u00fcfverfahren. Zuverl\u00e4ssigkeit, Pr\u00e4zision und lange Lebensdauer.","robots":{"index":"index","follow":"follow","max-snippet":"max-snippet:-1","max-image-preview":"max-image-preview:large","max-video-preview":"max-video-preview:-1"},"canonical":"https:\/\/cabol.eu\/de\/produkte\/doppeltwirkende-hydraulikzylinder\/hydraulische-servozylinder-aus-aluminium\/","og_locale":"de_DE","og_type":"article","og_title":"Hydraulische Servozylinder aus Aluminium - Cabol","og_description":"Industrielle hydraulische Servozylinder aus Aluminium, hergestellt unter Verwendung streng kontrollierter Materialien und Pr\u00fcfverfahren. Zuverl\u00e4ssigkeit, Pr\u00e4zision und lange Lebensdauer.","og_url":"https:\/\/cabol.eu\/de\/produkte\/doppeltwirkende-hydraulikzylinder\/hydraulische-servozylinder-aus-aluminium\/","og_site_name":"Cabol","article_modified_time":"2025-08-07T14:34:08+00:00","og_image":[{"width":800,"height":600,"url":"https:\/\/cabol.eu\/wp-content\/uploads\/2022\/07\/servocilindri-in-alluminio.jpg","type":"image\/jpeg"}],"twitter_card":"summary_large_image","twitter_misc":{"Est. reading time":"1 minute"},"schema":{"@context":"https:\/\/schema.org","@graph":[{"@type":"Organization","@id":"https:\/\/cabol.eu\/#organization","name":"Cabol","url":"https:\/\/cabol.eu\/","sameAs":["https:\/\/www.instagram.com\/cabolfluidengineering?igsh=MTVjYXUyb2ttcXg3bw==&amp;utm_source=qr","https:\/\/www.linkedin.com\/company\/cabol-fluid-engineering\/?viewAsMember=true","https:\/\/www.youtube.com\/@cabolfluidengineering9499"],"logo":{"@type":"ImageObject","@id":"https:\/\/cabol.eu\/#logo","inLanguage":"de-DE","url":"https:\/\/cabol.eu\/cabol2021\/wp-content\/uploads\/2021\/03\/logo-cabol.png","contentUrl":"https:\/\/cabol.eu\/cabol2021\/wp-content\/uploads\/2021\/03\/logo-cabol.png","width":800,"height":280,"caption":"Cabol"},"image":{"@id":"https:\/\/cabol.eu\/#logo"}},{"@type":"WebSite","@id":"https:\/\/cabol.eu\/#website","url":"https:\/\/cabol.eu\/","name":"Cabol","description":"Fluid Engineering","publisher":{"@id":"https:\/\/cabol.eu\/#organization"},"potentialAction":[{"@type":"SearchAction","target":{"@type":"EntryPoint","urlTemplate":"https:\/\/cabol.eu\/?s={search_term_string}"},"query-input":"required name=search_term_string"}],"inLanguage":"de-DE"},{"@type":"ImageObject","@id":"https:\/\/cabol.eu\/de\/produkte\/doppeltwirkende-hydraulikzylinder\/hydraulische-servozylinder-aus-aluminium\/#primaryimage","inLanguage":"de-DE","url":"https:\/\/cabol.eu\/wp-content\/uploads\/2022\/07\/servocilindri-in-alluminio.jpg","contentUrl":"https:\/\/cabol.eu\/wp-content\/uploads\/2022\/07\/servocilindri-in-alluminio.jpg","width":800,"height":600,"caption":"Servocilindro Idraulico Cabol"},{"@type":"WebPage","@id":"https:\/\/cabol.eu\/de\/produkte\/doppeltwirkende-hydraulikzylinder\/hydraulische-servozylinder-aus-aluminium\/#webpage","url":"https:\/\/cabol.eu\/de\/produkte\/doppeltwirkende-hydraulikzylinder\/hydraulische-servozylinder-aus-aluminium\/","name":"Hydraulische Servozylinder aus Aluminium - Cabol","isPartOf":{"@id":"https:\/\/cabol.eu\/#website"},"primaryImageOfPage":{"@id":"https:\/\/cabol.eu\/de\/produkte\/doppeltwirkende-hydraulikzylinder\/hydraulische-servozylinder-aus-aluminium\/#primaryimage"},"datePublished":"2022-07-08T10:16:35+00:00","dateModified":"2025-08-07T14:34:08+00:00","description":"Industrielle hydraulische Servozylinder aus Aluminium, hergestellt unter Verwendung streng kontrollierter Materialien und Pr\u00fcfverfahren. Zuverl\u00e4ssigkeit, Pr\u00e4zision und lange Lebensdauer.","breadcrumb":{"@id":"https:\/\/cabol.eu\/de\/produkte\/doppeltwirkende-hydraulikzylinder\/hydraulische-servozylinder-aus-aluminium\/#breadcrumb"},"inLanguage":"de-DE","potentialAction":[{"@type":"ReadAction","target":["https:\/\/cabol.eu\/de\/produkte\/doppeltwirkende-hydraulikzylinder\/hydraulische-servozylinder-aus-aluminium\/"]}]},{"@type":"BreadcrumbList","@id":"https:\/\/cabol.eu\/de\/produkte\/doppeltwirkende-hydraulikzylinder\/hydraulische-servozylinder-aus-aluminium\/#breadcrumb","itemListElement":[{"@type":"ListItem","position":1,"name":"Home","item":"https:\/\/cabol.eu\/de\/"},{"@type":"ListItem","position":2,"name":"Produkte","item":"https:\/\/cabol.eu\/de\/produkte\/"},{"@type":"ListItem","position":3,"name":"Hydraulische Servozylinder","item":"https:\/\/cabol.eu\/de\/produkte\/doppeltwirkende-hydraulikzylinder\/"},{"@type":"ListItem","position":4,"name":"Hydraulische Servozylinder aus Aluminium"}]}]}},"_links":{"self":[{"href":"https:\/\/cabol.eu\/de\/wp-json\/wp\/v2\/pages\/5935"}],"collection":[{"href":"https:\/\/cabol.eu\/de\/wp-json\/wp\/v2\/pages"}],"about":[{"href":"https:\/\/cabol.eu\/de\/wp-json\/wp\/v2\/types\/page"}],"author":[{"embeddable":true,"href":"https:\/\/cabol.eu\/de\/wp-json\/wp\/v2\/users\/1"}],"replies":[{"embeddable":true,"href":"https:\/\/cabol.eu\/de\/wp-json\/wp\/v2\/comments?post=5935"}],"version-history":[{"count":4,"href":"https:\/\/cabol.eu\/de\/wp-json\/wp\/v2\/pages\/5935\/revisions"}],"predecessor-version":[{"id":17144,"href":"https:\/\/cabol.eu\/de\/wp-json\/wp\/v2\/pages\/5935\/revisions\/17144"}],"up":[{"embeddable":true,"href":"https:\/\/cabol.eu\/de\/wp-json\/wp\/v2\/pages\/2006"}],"wp:featuredmedia":[{"embeddable":true,"href":"https:\/\/cabol.eu\/de\/wp-json\/wp\/v2\/media\/5595"}],"wp:attachment":[{"href":"https:\/\/cabol.eu\/de\/wp-json\/wp\/v2\/media?parent=5935"}],"wp:term":[{"taxonomy":"category","embeddable":true,"href":"https:\/\/cabol.eu\/de\/wp-json\/wp\/v2\/categories?post=5935"},{"taxonomy":"post_tag","embeddable":true,"href":"https:\/\/cabol.eu\/de\/wp-json\/wp\/v2\/tags?post=5935"}],"curies":[{"name":"wp","href":"https:\/\/api.w.org\/{rel}","templated":true}]}}