{"id":5945,"date":"2022-07-08T12:20:42","date_gmt":"2022-07-08T10:20:42","guid":{"rendered":"https:\/\/cabol.eu\/produkte\/doppeltwirkende-hydraulikzylinder\/hydraulischer-servozylinder-mit-uebersetzungseinheit-fuer-kunststoffspritzmaschine\/"},"modified":"2025-08-07T16:45:17","modified_gmt":"2025-08-07T14:45:17","slug":"hydraulischer-servozylinder-mit-uebersetzungseinheit-fuer-kunststoffspritzmaschine","status":"publish","type":"page","link":"https:\/\/cabol.eu\/de\/produkte\/doppeltwirkende-hydraulikzylinder\/hydraulischer-servozylinder-mit-uebersetzungseinheit-fuer-kunststoffspritzmaschine\/","title":{"rendered":"Hydraulischer Servozylinder mit \u00dcbersetzungseinheit f\u00fcr Kunststoffspritzmaschine"},"content":{"rendered":"\n<p>Die<em> Cabol <\/em>-Serie hydraulischer Servozylinder mit \u00dcbersetzungseinheit f\u00fcr Kunststoffspritzmaschinen ist eine der am h\u00e4ufigsten verwendeten im Bereich der Kunststoffverarbeitungsmaschinen. Die \u00dcbersetzungsgruppe dieses Modells erm\u00f6glicht es, voll leistungsf\u00e4hig und produktiv zu sein.<\/p>\n","protected":false},"excerpt":{"rendered":"<p>Die Cabol -Serie hydraulischer Servozylinder mit \u00dcbersetzungseinheit f\u00fcr Kunststoffspritzmaschinen ist eine der am h\u00e4ufigsten verwendeten im Bereich der Kunststoffverarbeitungsmaschinen. Die \u00dcbersetzungsgruppe dieses Modells erm\u00f6glicht es, voll leistungsf\u00e4hig und produktiv zu sein.<\/p>\n","protected":false},"author":1,"featured_media":5741,"parent":2006,"menu_order":0,"comment_status":"closed","ping_status":"closed","template":"","meta":{"_et_pb_use_builder":"off","_et_pb_old_content":"","_et_gb_content_width":""},"categories":[66],"tags":[],"acf":[],"yoast_head":"<!-- This site is optimized with the Yoast SEO plugin v18.5.1 - https:\/\/yoast.com\/wordpress\/plugins\/seo\/ -->\n<title>Hydraulischer Servozylinder mit \u00dcbersetzungseinheit f\u00fcr Kunststoffspritzmaschine - Cabol<\/title>\n<meta name=\"description\" content=\"Hydraulische Servozylinder von Cabol mit Verfahrantrieb f\u00fcr Kunststoffspritzgie\u00dfmaschinen. Hohe Leistung und Produktivit\u00e4t.\" \/>\n<meta name=\"robots\" content=\"index, follow, max-snippet:-1, max-image-preview:large, max-video-preview:-1\" \/>\n<link rel=\"canonical\" href=\"https:\/\/cabol.eu\/de\/produkte\/doppeltwirkende-hydraulikzylinder\/hydraulischer-servozylinder-mit-uebersetzungseinheit-fuer-kunststoffspritzmaschine\/\" \/>\n<meta property=\"og:locale\" content=\"de_DE\" \/>\n<meta property=\"og:type\" content=\"article\" \/>\n<meta property=\"og:title\" content=\"Hydraulischer Servozylinder mit \u00dcbersetzungseinheit f\u00fcr Kunststoffspritzmaschine - Cabol\" \/>\n<meta property=\"og:description\" content=\"Hydraulische Servozylinder von Cabol mit Verfahrantrieb f\u00fcr Kunststoffspritzgie\u00dfmaschinen. Hohe Leistung und Produktivit\u00e4t.\" \/>\n<meta property=\"og:url\" content=\"https:\/\/cabol.eu\/de\/produkte\/doppeltwirkende-hydraulikzylinder\/hydraulischer-servozylinder-mit-uebersetzungseinheit-fuer-kunststoffspritzmaschine\/\" \/>\n<meta property=\"og:site_name\" content=\"Cabol\" \/>\n<meta property=\"article:modified_time\" content=\"2025-08-07T14:45:17+00:00\" \/>\n<meta property=\"og:image\" content=\"https:\/\/cabol.eu\/wp-content\/uploads\/2022\/07\/Cilindro-idraulico-completo-di-gruppo-traslazione-per-macchina-iniezione-plastica.jpg\" \/>\n\t<meta property=\"og:image:width\" content=\"800\" \/>\n\t<meta property=\"og:image:height\" content=\"600\" \/>\n\t<meta property=\"og:image:type\" content=\"image\/jpeg\" \/>\n<meta name=\"twitter:card\" content=\"summary_large_image\" \/>\n<meta name=\"twitter:label1\" content=\"Est. reading time\" \/>\n\t<meta name=\"twitter:data1\" content=\"1 minute\" \/>\n<script type=\"application\/ld+json\" class=\"yoast-schema-graph\">{\"@context\":\"https:\/\/schema.org\",\"@graph\":[{\"@type\":\"Organization\",\"@id\":\"https:\/\/cabol.eu\/#organization\",\"name\":\"Cabol\",\"url\":\"https:\/\/cabol.eu\/\",\"sameAs\":[\"https:\/\/www.instagram.com\/cabolfluidengineering?igsh=MTVjYXUyb2ttcXg3bw==&amp;utm_source=qr\",\"https:\/\/www.linkedin.com\/company\/cabol-fluid-engineering\/?viewAsMember=true\",\"https:\/\/www.youtube.com\/@cabolfluidengineering9499\"],\"logo\":{\"@type\":\"ImageObject\",\"@id\":\"https:\/\/cabol.eu\/#logo\",\"inLanguage\":\"de-DE\",\"url\":\"https:\/\/cabol.eu\/cabol2021\/wp-content\/uploads\/2021\/03\/logo-cabol.png\",\"contentUrl\":\"https:\/\/cabol.eu\/cabol2021\/wp-content\/uploads\/2021\/03\/logo-cabol.png\",\"width\":800,\"height\":280,\"caption\":\"Cabol\"},\"image\":{\"@id\":\"https:\/\/cabol.eu\/#logo\"}},{\"@type\":\"WebSite\",\"@id\":\"https:\/\/cabol.eu\/#website\",\"url\":\"https:\/\/cabol.eu\/\",\"name\":\"Cabol\",\"description\":\"Fluid Engineering\",\"publisher\":{\"@id\":\"https:\/\/cabol.eu\/#organization\"},\"potentialAction\":[{\"@type\":\"SearchAction\",\"target\":{\"@type\":\"EntryPoint\",\"urlTemplate\":\"https:\/\/cabol.eu\/?s={search_term_string}\"},\"query-input\":\"required name=search_term_string\"}],\"inLanguage\":\"de-DE\"},{\"@type\":\"ImageObject\",\"@id\":\"https:\/\/cabol.eu\/de\/produkte\/doppeltwirkende-hydraulikzylinder\/hydraulischer-servozylinder-mit-uebersetzungseinheit-fuer-kunststoffspritzmaschine\/#primaryimage\",\"inLanguage\":\"de-DE\",\"url\":\"https:\/\/cabol.eu\/wp-content\/uploads\/2022\/07\/Cilindro-idraulico-completo-di-gruppo-traslazione-per-macchina-iniezione-plastica.jpg\",\"contentUrl\":\"https:\/\/cabol.eu\/wp-content\/uploads\/2022\/07\/Cilindro-idraulico-completo-di-gruppo-traslazione-per-macchina-iniezione-plastica.jpg\",\"width\":800,\"height\":600,\"caption\":\"Servocilindri idraulici con gruppo traslazione macchine iniezione plastica\"},{\"@type\":\"WebPage\",\"@id\":\"https:\/\/cabol.eu\/de\/produkte\/doppeltwirkende-hydraulikzylinder\/hydraulischer-servozylinder-mit-uebersetzungseinheit-fuer-kunststoffspritzmaschine\/#webpage\",\"url\":\"https:\/\/cabol.eu\/de\/produkte\/doppeltwirkende-hydraulikzylinder\/hydraulischer-servozylinder-mit-uebersetzungseinheit-fuer-kunststoffspritzmaschine\/\",\"name\":\"Hydraulischer Servozylinder mit \u00dcbersetzungseinheit f\u00fcr Kunststoffspritzmaschine - Cabol\",\"isPartOf\":{\"@id\":\"https:\/\/cabol.eu\/#website\"},\"primaryImageOfPage\":{\"@id\":\"https:\/\/cabol.eu\/de\/produkte\/doppeltwirkende-hydraulikzylinder\/hydraulischer-servozylinder-mit-uebersetzungseinheit-fuer-kunststoffspritzmaschine\/#primaryimage\"},\"datePublished\":\"2022-07-08T10:20:42+00:00\",\"dateModified\":\"2025-08-07T14:45:17+00:00\",\"description\":\"Hydraulische Servozylinder von Cabol mit Verfahrantrieb f\u00fcr Kunststoffspritzgie\u00dfmaschinen. Hohe Leistung und Produktivit\u00e4t.\",\"breadcrumb\":{\"@id\":\"https:\/\/cabol.eu\/de\/produkte\/doppeltwirkende-hydraulikzylinder\/hydraulischer-servozylinder-mit-uebersetzungseinheit-fuer-kunststoffspritzmaschine\/#breadcrumb\"},\"inLanguage\":\"de-DE\",\"potentialAction\":[{\"@type\":\"ReadAction\",\"target\":[\"https:\/\/cabol.eu\/de\/produkte\/doppeltwirkende-hydraulikzylinder\/hydraulischer-servozylinder-mit-uebersetzungseinheit-fuer-kunststoffspritzmaschine\/\"]}]},{\"@type\":\"BreadcrumbList\",\"@id\":\"https:\/\/cabol.eu\/de\/produkte\/doppeltwirkende-hydraulikzylinder\/hydraulischer-servozylinder-mit-uebersetzungseinheit-fuer-kunststoffspritzmaschine\/#breadcrumb\",\"itemListElement\":[{\"@type\":\"ListItem\",\"position\":1,\"name\":\"Home\",\"item\":\"https:\/\/cabol.eu\/de\/\"},{\"@type\":\"ListItem\",\"position\":2,\"name\":\"Produkte\",\"item\":\"https:\/\/cabol.eu\/de\/produkte\/\"},{\"@type\":\"ListItem\",\"position\":3,\"name\":\"Hydraulische Servozylinder\",\"item\":\"https:\/\/cabol.eu\/de\/produkte\/doppeltwirkende-hydraulikzylinder\/\"},{\"@type\":\"ListItem\",\"position\":4,\"name\":\"Hydraulischer Servozylinder mit \u00dcbersetzungseinheit f\u00fcr Kunststoffspritzmaschine\"}]}]}<\/script>\n<!-- \/ Yoast SEO plugin. -->","yoast_head_json":{"title":"Hydraulischer Servozylinder mit \u00dcbersetzungseinheit f\u00fcr Kunststoffspritzmaschine - Cabol","description":"Hydraulische Servozylinder von Cabol mit Verfahrantrieb f\u00fcr Kunststoffspritzgie\u00dfmaschinen. Hohe Leistung und Produktivit\u00e4t.","robots":{"index":"index","follow":"follow","max-snippet":"max-snippet:-1","max-image-preview":"max-image-preview:large","max-video-preview":"max-video-preview:-1"},"canonical":"https:\/\/cabol.eu\/de\/produkte\/doppeltwirkende-hydraulikzylinder\/hydraulischer-servozylinder-mit-uebersetzungseinheit-fuer-kunststoffspritzmaschine\/","og_locale":"de_DE","og_type":"article","og_title":"Hydraulischer Servozylinder mit \u00dcbersetzungseinheit f\u00fcr Kunststoffspritzmaschine - Cabol","og_description":"Hydraulische Servozylinder von Cabol mit Verfahrantrieb f\u00fcr Kunststoffspritzgie\u00dfmaschinen. Hohe Leistung und Produktivit\u00e4t.","og_url":"https:\/\/cabol.eu\/de\/produkte\/doppeltwirkende-hydraulikzylinder\/hydraulischer-servozylinder-mit-uebersetzungseinheit-fuer-kunststoffspritzmaschine\/","og_site_name":"Cabol","article_modified_time":"2025-08-07T14:45:17+00:00","og_image":[{"width":800,"height":600,"url":"https:\/\/cabol.eu\/wp-content\/uploads\/2022\/07\/Cilindro-idraulico-completo-di-gruppo-traslazione-per-macchina-iniezione-plastica.jpg","type":"image\/jpeg"}],"twitter_card":"summary_large_image","twitter_misc":{"Est. reading time":"1 minute"},"schema":{"@context":"https:\/\/schema.org","@graph":[{"@type":"Organization","@id":"https:\/\/cabol.eu\/#organization","name":"Cabol","url":"https:\/\/cabol.eu\/","sameAs":["https:\/\/www.instagram.com\/cabolfluidengineering?igsh=MTVjYXUyb2ttcXg3bw==&amp;utm_source=qr","https:\/\/www.linkedin.com\/company\/cabol-fluid-engineering\/?viewAsMember=true","https:\/\/www.youtube.com\/@cabolfluidengineering9499"],"logo":{"@type":"ImageObject","@id":"https:\/\/cabol.eu\/#logo","inLanguage":"de-DE","url":"https:\/\/cabol.eu\/cabol2021\/wp-content\/uploads\/2021\/03\/logo-cabol.png","contentUrl":"https:\/\/cabol.eu\/cabol2021\/wp-content\/uploads\/2021\/03\/logo-cabol.png","width":800,"height":280,"caption":"Cabol"},"image":{"@id":"https:\/\/cabol.eu\/#logo"}},{"@type":"WebSite","@id":"https:\/\/cabol.eu\/#website","url":"https:\/\/cabol.eu\/","name":"Cabol","description":"Fluid Engineering","publisher":{"@id":"https:\/\/cabol.eu\/#organization"},"potentialAction":[{"@type":"SearchAction","target":{"@type":"EntryPoint","urlTemplate":"https:\/\/cabol.eu\/?s={search_term_string}"},"query-input":"required name=search_term_string"}],"inLanguage":"de-DE"},{"@type":"ImageObject","@id":"https:\/\/cabol.eu\/de\/produkte\/doppeltwirkende-hydraulikzylinder\/hydraulischer-servozylinder-mit-uebersetzungseinheit-fuer-kunststoffspritzmaschine\/#primaryimage","inLanguage":"de-DE","url":"https:\/\/cabol.eu\/wp-content\/uploads\/2022\/07\/Cilindro-idraulico-completo-di-gruppo-traslazione-per-macchina-iniezione-plastica.jpg","contentUrl":"https:\/\/cabol.eu\/wp-content\/uploads\/2022\/07\/Cilindro-idraulico-completo-di-gruppo-traslazione-per-macchina-iniezione-plastica.jpg","width":800,"height":600,"caption":"Servocilindri idraulici con gruppo traslazione macchine iniezione plastica"},{"@type":"WebPage","@id":"https:\/\/cabol.eu\/de\/produkte\/doppeltwirkende-hydraulikzylinder\/hydraulischer-servozylinder-mit-uebersetzungseinheit-fuer-kunststoffspritzmaschine\/#webpage","url":"https:\/\/cabol.eu\/de\/produkte\/doppeltwirkende-hydraulikzylinder\/hydraulischer-servozylinder-mit-uebersetzungseinheit-fuer-kunststoffspritzmaschine\/","name":"Hydraulischer Servozylinder mit \u00dcbersetzungseinheit f\u00fcr Kunststoffspritzmaschine - Cabol","isPartOf":{"@id":"https:\/\/cabol.eu\/#website"},"primaryImageOfPage":{"@id":"https:\/\/cabol.eu\/de\/produkte\/doppeltwirkende-hydraulikzylinder\/hydraulischer-servozylinder-mit-uebersetzungseinheit-fuer-kunststoffspritzmaschine\/#primaryimage"},"datePublished":"2022-07-08T10:20:42+00:00","dateModified":"2025-08-07T14:45:17+00:00","description":"Hydraulische Servozylinder von Cabol mit Verfahrantrieb f\u00fcr Kunststoffspritzgie\u00dfmaschinen. Hohe Leistung und Produktivit\u00e4t.","breadcrumb":{"@id":"https:\/\/cabol.eu\/de\/produkte\/doppeltwirkende-hydraulikzylinder\/hydraulischer-servozylinder-mit-uebersetzungseinheit-fuer-kunststoffspritzmaschine\/#breadcrumb"},"inLanguage":"de-DE","potentialAction":[{"@type":"ReadAction","target":["https:\/\/cabol.eu\/de\/produkte\/doppeltwirkende-hydraulikzylinder\/hydraulischer-servozylinder-mit-uebersetzungseinheit-fuer-kunststoffspritzmaschine\/"]}]},{"@type":"BreadcrumbList","@id":"https:\/\/cabol.eu\/de\/produkte\/doppeltwirkende-hydraulikzylinder\/hydraulischer-servozylinder-mit-uebersetzungseinheit-fuer-kunststoffspritzmaschine\/#breadcrumb","itemListElement":[{"@type":"ListItem","position":1,"name":"Home","item":"https:\/\/cabol.eu\/de\/"},{"@type":"ListItem","position":2,"name":"Produkte","item":"https:\/\/cabol.eu\/de\/produkte\/"},{"@type":"ListItem","position":3,"name":"Hydraulische Servozylinder","item":"https:\/\/cabol.eu\/de\/produkte\/doppeltwirkende-hydraulikzylinder\/"},{"@type":"ListItem","position":4,"name":"Hydraulischer Servozylinder mit \u00dcbersetzungseinheit f\u00fcr Kunststoffspritzmaschine"}]}]}},"_links":{"self":[{"href":"https:\/\/cabol.eu\/de\/wp-json\/wp\/v2\/pages\/5945"}],"collection":[{"href":"https:\/\/cabol.eu\/de\/wp-json\/wp\/v2\/pages"}],"about":[{"href":"https:\/\/cabol.eu\/de\/wp-json\/wp\/v2\/types\/page"}],"author":[{"embeddable":true,"href":"https:\/\/cabol.eu\/de\/wp-json\/wp\/v2\/users\/1"}],"replies":[{"embeddable":true,"href":"https:\/\/cabol.eu\/de\/wp-json\/wp\/v2\/comments?post=5945"}],"version-history":[{"count":4,"href":"https:\/\/cabol.eu\/de\/wp-json\/wp\/v2\/pages\/5945\/revisions"}],"predecessor-version":[{"id":17153,"href":"https:\/\/cabol.eu\/de\/wp-json\/wp\/v2\/pages\/5945\/revisions\/17153"}],"up":[{"embeddable":true,"href":"https:\/\/cabol.eu\/de\/wp-json\/wp\/v2\/pages\/2006"}],"wp:featuredmedia":[{"embeddable":true,"href":"https:\/\/cabol.eu\/de\/wp-json\/wp\/v2\/media\/5741"}],"wp:attachment":[{"href":"https:\/\/cabol.eu\/de\/wp-json\/wp\/v2\/media?parent=5945"}],"wp:term":[{"taxonomy":"category","embeddable":true,"href":"https:\/\/cabol.eu\/de\/wp-json\/wp\/v2\/categories?post=5945"},{"taxonomy":"post_tag","embeddable":true,"href":"https:\/\/cabol.eu\/de\/wp-json\/wp\/v2\/tags?post=5945"}],"curies":[{"name":"wp","href":"https:\/\/api.w.org\/{rel}","templated":true}]}}