{"id":5997,"date":"2022-07-08T15:09:34","date_gmt":"2022-07-08T13:09:34","guid":{"rendered":"https:\/\/cabol.eu\/produkte\/doppeltwirkende-hydraulikzylinder\/hydraulische-servozylinder-zum-oeffnen-schliessen-von-formen-fuer-kunststoffblasmaschinen\/"},"modified":"2025-08-07T16:43:31","modified_gmt":"2025-08-07T14:43:31","slug":"hydraulische-servozylinder-zum-oeffnen-schliessen-von-formen-fuer-kunststoffblasmaschinen","status":"publish","type":"page","link":"https:\/\/cabol.eu\/de\/produkte\/doppeltwirkende-hydraulikzylinder\/hydraulische-servozylinder-zum-oeffnen-schliessen-von-formen-fuer-kunststoffblasmaschinen\/","title":{"rendered":"Hydraulische Servozylinder zum \u00d6ffnen \/ Schlie\u00dfen von Formen f\u00fcr Kunststoffblasmaschinen"},"content":{"rendered":"\n<p>Die hydraulischen Servozylinder der Serie <em> Cabol <\/em> zur Steuerung des \u00d6ffnens\/Schlie\u00dfens von Formen geh\u00f6ren aufgrund ihres leistungsstarken Betriebs zu den meistgew\u00e4hlten im Bereich der Kunststoff-Blasformmaschinen.<\/p>\n","protected":false},"excerpt":{"rendered":"<p>Die hydraulischen Servozylinder der Serie Cabol zur Steuerung des \u00d6ffnens\/Schlie\u00dfens von Formen geh\u00f6ren aufgrund ihres leistungsstarken Betriebs zu den meistgew\u00e4hlten im Bereich der Kunststoff-Blasformmaschinen.<\/p>\n","protected":false},"author":1,"featured_media":5738,"parent":2006,"menu_order":0,"comment_status":"closed","ping_status":"closed","template":"","meta":{"_et_pb_use_builder":"off","_et_pb_old_content":"","_et_gb_content_width":""},"categories":[66],"tags":[],"acf":[],"yoast_head":"<!-- This site is optimized with the Yoast SEO plugin v18.5.1 - https:\/\/yoast.com\/wordpress\/plugins\/seo\/ -->\n<title>Hydraulische Servozylinder zum \u00d6ffnen \/ Schlie\u00dfen von Formen f\u00fcr Kunststoffblasmaschinen - Cabol<\/title>\n<meta name=\"description\" content=\"Hydraulische Servozylinder zum \u00d6ffnen\/Schlie\u00dfen von Formen f\u00fcr Kunststoffblasmaschinen von Cabol. Hohe Leistungsf\u00e4higkeit.\" \/>\n<meta name=\"robots\" content=\"index, follow, max-snippet:-1, max-image-preview:large, max-video-preview:-1\" \/>\n<link rel=\"canonical\" href=\"https:\/\/cabol.eu\/de\/produkte\/doppeltwirkende-hydraulikzylinder\/hydraulische-servozylinder-zum-oeffnen-schliessen-von-formen-fuer-kunststoffblasmaschinen\/\" \/>\n<meta property=\"og:locale\" content=\"de_DE\" \/>\n<meta property=\"og:type\" content=\"article\" \/>\n<meta property=\"og:title\" content=\"Hydraulische Servozylinder zum \u00d6ffnen \/ Schlie\u00dfen von Formen f\u00fcr Kunststoffblasmaschinen - Cabol\" \/>\n<meta property=\"og:description\" content=\"Hydraulische Servozylinder zum \u00d6ffnen\/Schlie\u00dfen von Formen f\u00fcr Kunststoffblasmaschinen von Cabol. Hohe Leistungsf\u00e4higkeit.\" \/>\n<meta property=\"og:url\" content=\"https:\/\/cabol.eu\/de\/produkte\/doppeltwirkende-hydraulikzylinder\/hydraulische-servozylinder-zum-oeffnen-schliessen-von-formen-fuer-kunststoffblasmaschinen\/\" \/>\n<meta property=\"og:site_name\" content=\"Cabol\" \/>\n<meta property=\"article:modified_time\" content=\"2025-08-07T14:43:31+00:00\" \/>\n<meta property=\"og:image\" content=\"https:\/\/cabol.eu\/wp-content\/uploads\/2022\/07\/Cilindro-idraulico-comando-apertura-chiusura-stampi-macchina-soffiaggio-plastica.jpg\" \/>\n\t<meta property=\"og:image:width\" content=\"800\" \/>\n\t<meta property=\"og:image:height\" content=\"600\" \/>\n\t<meta property=\"og:image:type\" content=\"image\/jpeg\" \/>\n<meta name=\"twitter:card\" content=\"summary_large_image\" \/>\n<meta name=\"twitter:label1\" content=\"Est. reading time\" \/>\n\t<meta name=\"twitter:data1\" content=\"1 minute\" \/>\n<script type=\"application\/ld+json\" class=\"yoast-schema-graph\">{\"@context\":\"https:\/\/schema.org\",\"@graph\":[{\"@type\":\"Organization\",\"@id\":\"https:\/\/cabol.eu\/#organization\",\"name\":\"Cabol\",\"url\":\"https:\/\/cabol.eu\/\",\"sameAs\":[\"https:\/\/www.instagram.com\/cabolfluidengineering?igsh=MTVjYXUyb2ttcXg3bw==&amp;utm_source=qr\",\"https:\/\/www.linkedin.com\/company\/cabol-fluid-engineering\/?viewAsMember=true\",\"https:\/\/www.youtube.com\/@cabolfluidengineering9499\"],\"logo\":{\"@type\":\"ImageObject\",\"@id\":\"https:\/\/cabol.eu\/#logo\",\"inLanguage\":\"de-DE\",\"url\":\"https:\/\/cabol.eu\/cabol2021\/wp-content\/uploads\/2021\/03\/logo-cabol.png\",\"contentUrl\":\"https:\/\/cabol.eu\/cabol2021\/wp-content\/uploads\/2021\/03\/logo-cabol.png\",\"width\":800,\"height\":280,\"caption\":\"Cabol\"},\"image\":{\"@id\":\"https:\/\/cabol.eu\/#logo\"}},{\"@type\":\"WebSite\",\"@id\":\"https:\/\/cabol.eu\/#website\",\"url\":\"https:\/\/cabol.eu\/\",\"name\":\"Cabol\",\"description\":\"Fluid Engineering\",\"publisher\":{\"@id\":\"https:\/\/cabol.eu\/#organization\"},\"potentialAction\":[{\"@type\":\"SearchAction\",\"target\":{\"@type\":\"EntryPoint\",\"urlTemplate\":\"https:\/\/cabol.eu\/?s={search_term_string}\"},\"query-input\":\"required name=search_term_string\"}],\"inLanguage\":\"de-DE\"},{\"@type\":\"ImageObject\",\"@id\":\"https:\/\/cabol.eu\/de\/produkte\/doppeltwirkende-hydraulikzylinder\/hydraulische-servozylinder-zum-oeffnen-schliessen-von-formen-fuer-kunststoffblasmaschinen\/#primaryimage\",\"inLanguage\":\"de-DE\",\"url\":\"https:\/\/cabol.eu\/wp-content\/uploads\/2022\/07\/Cilindro-idraulico-comando-apertura-chiusura-stampi-macchina-soffiaggio-plastica.jpg\",\"contentUrl\":\"https:\/\/cabol.eu\/wp-content\/uploads\/2022\/07\/Cilindro-idraulico-comando-apertura-chiusura-stampi-macchina-soffiaggio-plastica.jpg\",\"width\":800,\"height\":600,\"caption\":\"Servocilindri idraulici comando apertura\/chiusura stampi macchina soffiaggio plastica\"},{\"@type\":\"WebPage\",\"@id\":\"https:\/\/cabol.eu\/de\/produkte\/doppeltwirkende-hydraulikzylinder\/hydraulische-servozylinder-zum-oeffnen-schliessen-von-formen-fuer-kunststoffblasmaschinen\/#webpage\",\"url\":\"https:\/\/cabol.eu\/de\/produkte\/doppeltwirkende-hydraulikzylinder\/hydraulische-servozylinder-zum-oeffnen-schliessen-von-formen-fuer-kunststoffblasmaschinen\/\",\"name\":\"Hydraulische Servozylinder zum \u00d6ffnen \/ Schlie\u00dfen von Formen f\u00fcr Kunststoffblasmaschinen - Cabol\",\"isPartOf\":{\"@id\":\"https:\/\/cabol.eu\/#website\"},\"primaryImageOfPage\":{\"@id\":\"https:\/\/cabol.eu\/de\/produkte\/doppeltwirkende-hydraulikzylinder\/hydraulische-servozylinder-zum-oeffnen-schliessen-von-formen-fuer-kunststoffblasmaschinen\/#primaryimage\"},\"datePublished\":\"2022-07-08T13:09:34+00:00\",\"dateModified\":\"2025-08-07T14:43:31+00:00\",\"description\":\"Hydraulische Servozylinder zum \u00d6ffnen\/Schlie\u00dfen von Formen f\u00fcr Kunststoffblasmaschinen von Cabol. Hohe Leistungsf\u00e4higkeit.\",\"breadcrumb\":{\"@id\":\"https:\/\/cabol.eu\/de\/produkte\/doppeltwirkende-hydraulikzylinder\/hydraulische-servozylinder-zum-oeffnen-schliessen-von-formen-fuer-kunststoffblasmaschinen\/#breadcrumb\"},\"inLanguage\":\"de-DE\",\"potentialAction\":[{\"@type\":\"ReadAction\",\"target\":[\"https:\/\/cabol.eu\/de\/produkte\/doppeltwirkende-hydraulikzylinder\/hydraulische-servozylinder-zum-oeffnen-schliessen-von-formen-fuer-kunststoffblasmaschinen\/\"]}]},{\"@type\":\"BreadcrumbList\",\"@id\":\"https:\/\/cabol.eu\/de\/produkte\/doppeltwirkende-hydraulikzylinder\/hydraulische-servozylinder-zum-oeffnen-schliessen-von-formen-fuer-kunststoffblasmaschinen\/#breadcrumb\",\"itemListElement\":[{\"@type\":\"ListItem\",\"position\":1,\"name\":\"Home\",\"item\":\"https:\/\/cabol.eu\/de\/\"},{\"@type\":\"ListItem\",\"position\":2,\"name\":\"Produkte\",\"item\":\"https:\/\/cabol.eu\/de\/produkte\/\"},{\"@type\":\"ListItem\",\"position\":3,\"name\":\"Hydraulische Servozylinder\",\"item\":\"https:\/\/cabol.eu\/de\/produkte\/doppeltwirkende-hydraulikzylinder\/\"},{\"@type\":\"ListItem\",\"position\":4,\"name\":\"Hydraulische Servozylinder zum \u00d6ffnen \/ Schlie\u00dfen von Formen f\u00fcr Kunststoffblasmaschinen\"}]}]}<\/script>\n<!-- \/ Yoast SEO plugin. -->","yoast_head_json":{"title":"Hydraulische Servozylinder zum \u00d6ffnen \/ Schlie\u00dfen von Formen f\u00fcr Kunststoffblasmaschinen - Cabol","description":"Hydraulische Servozylinder zum \u00d6ffnen\/Schlie\u00dfen von Formen f\u00fcr Kunststoffblasmaschinen von Cabol. Hohe Leistungsf\u00e4higkeit.","robots":{"index":"index","follow":"follow","max-snippet":"max-snippet:-1","max-image-preview":"max-image-preview:large","max-video-preview":"max-video-preview:-1"},"canonical":"https:\/\/cabol.eu\/de\/produkte\/doppeltwirkende-hydraulikzylinder\/hydraulische-servozylinder-zum-oeffnen-schliessen-von-formen-fuer-kunststoffblasmaschinen\/","og_locale":"de_DE","og_type":"article","og_title":"Hydraulische Servozylinder zum \u00d6ffnen \/ Schlie\u00dfen von Formen f\u00fcr Kunststoffblasmaschinen - Cabol","og_description":"Hydraulische Servozylinder zum \u00d6ffnen\/Schlie\u00dfen von Formen f\u00fcr Kunststoffblasmaschinen von Cabol. Hohe Leistungsf\u00e4higkeit.","og_url":"https:\/\/cabol.eu\/de\/produkte\/doppeltwirkende-hydraulikzylinder\/hydraulische-servozylinder-zum-oeffnen-schliessen-von-formen-fuer-kunststoffblasmaschinen\/","og_site_name":"Cabol","article_modified_time":"2025-08-07T14:43:31+00:00","og_image":[{"width":800,"height":600,"url":"https:\/\/cabol.eu\/wp-content\/uploads\/2022\/07\/Cilindro-idraulico-comando-apertura-chiusura-stampi-macchina-soffiaggio-plastica.jpg","type":"image\/jpeg"}],"twitter_card":"summary_large_image","twitter_misc":{"Est. reading time":"1 minute"},"schema":{"@context":"https:\/\/schema.org","@graph":[{"@type":"Organization","@id":"https:\/\/cabol.eu\/#organization","name":"Cabol","url":"https:\/\/cabol.eu\/","sameAs":["https:\/\/www.instagram.com\/cabolfluidengineering?igsh=MTVjYXUyb2ttcXg3bw==&amp;utm_source=qr","https:\/\/www.linkedin.com\/company\/cabol-fluid-engineering\/?viewAsMember=true","https:\/\/www.youtube.com\/@cabolfluidengineering9499"],"logo":{"@type":"ImageObject","@id":"https:\/\/cabol.eu\/#logo","inLanguage":"de-DE","url":"https:\/\/cabol.eu\/cabol2021\/wp-content\/uploads\/2021\/03\/logo-cabol.png","contentUrl":"https:\/\/cabol.eu\/cabol2021\/wp-content\/uploads\/2021\/03\/logo-cabol.png","width":800,"height":280,"caption":"Cabol"},"image":{"@id":"https:\/\/cabol.eu\/#logo"}},{"@type":"WebSite","@id":"https:\/\/cabol.eu\/#website","url":"https:\/\/cabol.eu\/","name":"Cabol","description":"Fluid Engineering","publisher":{"@id":"https:\/\/cabol.eu\/#organization"},"potentialAction":[{"@type":"SearchAction","target":{"@type":"EntryPoint","urlTemplate":"https:\/\/cabol.eu\/?s={search_term_string}"},"query-input":"required name=search_term_string"}],"inLanguage":"de-DE"},{"@type":"ImageObject","@id":"https:\/\/cabol.eu\/de\/produkte\/doppeltwirkende-hydraulikzylinder\/hydraulische-servozylinder-zum-oeffnen-schliessen-von-formen-fuer-kunststoffblasmaschinen\/#primaryimage","inLanguage":"de-DE","url":"https:\/\/cabol.eu\/wp-content\/uploads\/2022\/07\/Cilindro-idraulico-comando-apertura-chiusura-stampi-macchina-soffiaggio-plastica.jpg","contentUrl":"https:\/\/cabol.eu\/wp-content\/uploads\/2022\/07\/Cilindro-idraulico-comando-apertura-chiusura-stampi-macchina-soffiaggio-plastica.jpg","width":800,"height":600,"caption":"Servocilindri idraulici comando apertura\/chiusura stampi macchina soffiaggio plastica"},{"@type":"WebPage","@id":"https:\/\/cabol.eu\/de\/produkte\/doppeltwirkende-hydraulikzylinder\/hydraulische-servozylinder-zum-oeffnen-schliessen-von-formen-fuer-kunststoffblasmaschinen\/#webpage","url":"https:\/\/cabol.eu\/de\/produkte\/doppeltwirkende-hydraulikzylinder\/hydraulische-servozylinder-zum-oeffnen-schliessen-von-formen-fuer-kunststoffblasmaschinen\/","name":"Hydraulische Servozylinder zum \u00d6ffnen \/ Schlie\u00dfen von Formen f\u00fcr Kunststoffblasmaschinen - Cabol","isPartOf":{"@id":"https:\/\/cabol.eu\/#website"},"primaryImageOfPage":{"@id":"https:\/\/cabol.eu\/de\/produkte\/doppeltwirkende-hydraulikzylinder\/hydraulische-servozylinder-zum-oeffnen-schliessen-von-formen-fuer-kunststoffblasmaschinen\/#primaryimage"},"datePublished":"2022-07-08T13:09:34+00:00","dateModified":"2025-08-07T14:43:31+00:00","description":"Hydraulische Servozylinder zum \u00d6ffnen\/Schlie\u00dfen von Formen f\u00fcr Kunststoffblasmaschinen von Cabol. Hohe Leistungsf\u00e4higkeit.","breadcrumb":{"@id":"https:\/\/cabol.eu\/de\/produkte\/doppeltwirkende-hydraulikzylinder\/hydraulische-servozylinder-zum-oeffnen-schliessen-von-formen-fuer-kunststoffblasmaschinen\/#breadcrumb"},"inLanguage":"de-DE","potentialAction":[{"@type":"ReadAction","target":["https:\/\/cabol.eu\/de\/produkte\/doppeltwirkende-hydraulikzylinder\/hydraulische-servozylinder-zum-oeffnen-schliessen-von-formen-fuer-kunststoffblasmaschinen\/"]}]},{"@type":"BreadcrumbList","@id":"https:\/\/cabol.eu\/de\/produkte\/doppeltwirkende-hydraulikzylinder\/hydraulische-servozylinder-zum-oeffnen-schliessen-von-formen-fuer-kunststoffblasmaschinen\/#breadcrumb","itemListElement":[{"@type":"ListItem","position":1,"name":"Home","item":"https:\/\/cabol.eu\/de\/"},{"@type":"ListItem","position":2,"name":"Produkte","item":"https:\/\/cabol.eu\/de\/produkte\/"},{"@type":"ListItem","position":3,"name":"Hydraulische Servozylinder","item":"https:\/\/cabol.eu\/de\/produkte\/doppeltwirkende-hydraulikzylinder\/"},{"@type":"ListItem","position":4,"name":"Hydraulische Servozylinder zum \u00d6ffnen \/ Schlie\u00dfen von Formen f\u00fcr Kunststoffblasmaschinen"}]}]}},"_links":{"self":[{"href":"https:\/\/cabol.eu\/de\/wp-json\/wp\/v2\/pages\/5997"}],"collection":[{"href":"https:\/\/cabol.eu\/de\/wp-json\/wp\/v2\/pages"}],"about":[{"href":"https:\/\/cabol.eu\/de\/wp-json\/wp\/v2\/types\/page"}],"author":[{"embeddable":true,"href":"https:\/\/cabol.eu\/de\/wp-json\/wp\/v2\/users\/1"}],"replies":[{"embeddable":true,"href":"https:\/\/cabol.eu\/de\/wp-json\/wp\/v2\/comments?post=5997"}],"version-history":[{"count":5,"href":"https:\/\/cabol.eu\/de\/wp-json\/wp\/v2\/pages\/5997\/revisions"}],"predecessor-version":[{"id":17152,"href":"https:\/\/cabol.eu\/de\/wp-json\/wp\/v2\/pages\/5997\/revisions\/17152"}],"up":[{"embeddable":true,"href":"https:\/\/cabol.eu\/de\/wp-json\/wp\/v2\/pages\/2006"}],"wp:featuredmedia":[{"embeddable":true,"href":"https:\/\/cabol.eu\/de\/wp-json\/wp\/v2\/media\/5738"}],"wp:attachment":[{"href":"https:\/\/cabol.eu\/de\/wp-json\/wp\/v2\/media?parent=5997"}],"wp:term":[{"taxonomy":"category","embeddable":true,"href":"https:\/\/cabol.eu\/de\/wp-json\/wp\/v2\/categories?post=5997"},{"taxonomy":"post_tag","embeddable":true,"href":"https:\/\/cabol.eu\/de\/wp-json\/wp\/v2\/tags?post=5997"}],"curies":[{"name":"wp","href":"https:\/\/api.w.org\/{rel}","templated":true}]}}